{"id":8831,"date":"2018-12-20T23:50:40","date_gmt":"2018-12-21T01:50:40","guid":{"rendered":"https:\/\/fjsp.org.br\/biblioteca\/?page_id=8831"},"modified":"2025-02-11T16:16:42","modified_gmt":"2025-02-11T19:16:42","slug":"biblioteca","status":"publish","type":"page","link":"https:\/\/fjsp.org.br\/biblioteca\/","title":{"rendered":"Biblioteca"},"content":{"rendered":"<p>A biblioteca da <strong>Funda\u00e7\u00e3o Jap\u00e3o<\/strong> iniciou suas atividades em julho de 1994, com o objetivo de dar suporte \u00e0 pesquisa na \u00e1rea de cultura e l\u00edngua japonesa.O acervo re\u00fane diversos materiais bibliogr\u00e1ficos sobre o Jap\u00e3o (literatura, hist\u00f3ria, artes e cultura em geral), al\u00e9m de livros sobre o ensino da l\u00edngua japonesa, revistas, jornais e audiovisuais.<\/p>\n<p>&nbsp;<\/p>\n<h4><strong>HOR\u00c1RIO DE FUNCIONAMENTO<\/strong><\/h4>\n<p><strong>Ter\u00e7a a Sexta, das 10:30 \u00e0s 19:30<\/strong><\/p>\n<p><strong>S\u00e1bados (alternados), das 9:00 \u00e0s 14:00<\/strong><\/p>\n<p><em><span style=\"color: #ff0000;\"><strong>\u203bFECHADO:<\/strong><\/span> segundas, s\u00e1bados (alternados), domingos e feriados<\/em><\/p>\n<p>&nbsp;<\/p>\n<h4><strong>SERVI\u00c7OS<\/strong><\/h4>\n<p>\u30fbAcesso \u00e0 biblioteca liberado (sem necessidade de agendamento pr\u00e9vio)<\/p>\n<p>\u30fbConsulta e sele\u00e7\u00e3o de materiais para empr\u00e9stimo diretamente na biblioteca<\/p>\n","protected":false},"excerpt":{"rendered":"<p>A biblioteca da Funda\u00e7\u00e3o Jap\u00e3o iniciou suas atividades em julho de 1994, com o objetivo de dar suporte \u00e0 pesquisa na \u00e1rea de cultura e l\u00edngua japonesa.O acervo re\u00fane diversos materiais bibliogr\u00e1ficos sobre o Jap\u00e3o (literatura, hist\u00f3ria, artes e cultura em geral), al\u00e9m de livros sobre o ensino da l\u00edngua japonesa, revistas, jornais e audiovisuais. [&hellip;]<\/p>\n","protected":false},"author":1,"featured_media":0,"parent":0,"menu_order":0,"comment_status":"closed","ping_status":"closed","template":"","meta":{"_acf_changed":false,"footnotes":""},"class_list":["post-8831","page","type-page","status-publish","hentry"],"acf":[],"_links":{"self":[{"href":"https:\/\/fjsp.org.br\/biblioteca\/wp-json\/wp\/v2\/pages\/8831","targetHints":{"allow":["GET"]}}],"collection":[{"href":"https:\/\/fjsp.org.br\/biblioteca\/wp-json\/wp\/v2\/pages"}],"about":[{"href":"https:\/\/fjsp.org.br\/biblioteca\/wp-json\/wp\/v2\/types\/page"}],"author":[{"embeddable":true,"href":"https:\/\/fjsp.org.br\/biblioteca\/wp-json\/wp\/v2\/users\/1"}],"replies":[{"embeddable":true,"href":"https:\/\/fjsp.org.br\/biblioteca\/wp-json\/wp\/v2\/comments?post=8831"}],"version-history":[{"count":4,"href":"https:\/\/fjsp.org.br\/biblioteca\/wp-json\/wp\/v2\/pages\/8831\/revisions"}],"predecessor-version":[{"id":9070,"href":"https:\/\/fjsp.org.br\/biblioteca\/wp-json\/wp\/v2\/pages\/8831\/revisions\/9070"}],"wp:attachment":[{"href":"https:\/\/fjsp.org.br\/biblioteca\/wp-json\/wp\/v2\/media?parent=8831"}],"curies":[{"name":"wp","href":"https:\/\/api.w.org\/{rel}","templated":true}]}}