{"id":8836,"date":"2018-12-20T23:54:00","date_gmt":"2018-12-21T01:54:00","guid":{"rendered":"https:\/\/fjsp.org.br\/biblioteca\/?page_id=8836"},"modified":"2025-02-11T16:18:06","modified_gmt":"2025-02-11T19:18:06","slug":"consulta","status":"publish","type":"page","link":"https:\/\/fjsp.org.br\/biblioteca\/biblioteca\/regras-da-biblioteca\/consulta\/","title":{"rendered":"Consulta"},"content":{"rendered":"<ol>\n<li>\u00c9 necess\u00e1rio deixar as bolsas, sacolas, pastas e etc, nos arm\u00e1rios localizados na recep\u00e7\u00e3o, antes de entrar na biblioteca.<\/li>\n<li>Os materiais consultados n\u00e3o dever\u00e3o ser recolocados nas estantes, mas deixados nos carrinhos indicados.<\/li>\n<li>Dentro da biblioteca \u00e9 PROIBIDO:<br \/>\n&#8211; fumar;<br \/>\n&#8211; consumir comidas e bebidas;<br \/>\n&#8211; usar o celular.<\/li>\n<li>Pede-se para conversar em voz baixa para n\u00e3o perturbar os outros usu\u00e1rios.<\/li>\n<\/ol>\n","protected":false},"excerpt":{"rendered":"<p>\u00c9 necess\u00e1rio deixar as bolsas, sacolas, pastas e etc, nos arm\u00e1rios localizados na recep\u00e7\u00e3o, antes de entrar na biblioteca. Os materiais consultados n\u00e3o dever\u00e3o ser recolocados nas estantes, mas deixados nos carrinhos indicados. Dentro da biblioteca \u00e9 PROIBIDO: &#8211; fumar; &#8211; consumir comidas e bebidas; &#8211; usar o celular. Pede-se para conversar em voz baixa [&hellip;]<\/p>\n","protected":false},"author":1,"featured_media":0,"parent":8834,"menu_order":1,"comment_status":"closed","ping_status":"closed","template":"","meta":{"_acf_changed":false,"footnotes":""},"class_list":["post-8836","page","type-page","status-publish","hentry"],"acf":[],"_links":{"self":[{"href":"https:\/\/fjsp.org.br\/biblioteca\/wp-json\/wp\/v2\/pages\/8836","targetHints":{"allow":["GET"]}}],"collection":[{"href":"https:\/\/fjsp.org.br\/biblioteca\/wp-json\/wp\/v2\/pages"}],"about":[{"href":"https:\/\/fjsp.org.br\/biblioteca\/wp-json\/wp\/v2\/types\/page"}],"author":[{"embeddable":true,"href":"https:\/\/fjsp.org.br\/biblioteca\/wp-json\/wp\/v2\/users\/1"}],"replies":[{"embeddable":true,"href":"https:\/\/fjsp.org.br\/biblioteca\/wp-json\/wp\/v2\/comments?post=8836"}],"version-history":[{"count":2,"href":"https:\/\/fjsp.org.br\/biblioteca\/wp-json\/wp\/v2\/pages\/8836\/revisions"}],"predecessor-version":[{"id":9071,"href":"https:\/\/fjsp.org.br\/biblioteca\/wp-json\/wp\/v2\/pages\/8836\/revisions\/9071"}],"up":[{"embeddable":true,"href":"https:\/\/fjsp.org.br\/biblioteca\/wp-json\/wp\/v2\/pages\/8834"}],"wp:attachment":[{"href":"https:\/\/fjsp.org.br\/biblioteca\/wp-json\/wp\/v2\/media?parent=8836"}],"curies":[{"name":"wp","href":"https:\/\/api.w.org\/{rel}","templated":true}]}}