{"id":8842,"date":"2018-12-20T23:55:25","date_gmt":"2018-12-21T01:55:25","guid":{"rendered":"https:\/\/fjsp.org.br\/biblioteca\/?page_id=8842"},"modified":"2025-02-14T22:56:03","modified_gmt":"2025-02-15T01:56:03","slug":"outros","status":"publish","type":"page","link":"https:\/\/fjsp.org.br\/biblioteca\/biblioteca\/regras-da-biblioteca\/outros\/","title":{"rendered":"Outros"},"content":{"rendered":"<ol>\n<li>\u00a0O atraso na devolu\u00e7\u00e3o do material acarretar\u00e1 na suspens\u00e3o do empr\u00e9stimo de materiais pelo mesmo n\u00famero de dias de atraso.<\/li>\n<li>Ap\u00f3s 5 (cinco) atrasos na devolu\u00e7\u00e3o de materiais, o cadastro do usu\u00e1rio ser\u00e1 suspenso por 1 (um) ano.<\/li>\n<li>Em caso de dano ou extravio do material emprestado, dever\u00e1 haver a reposi\u00e7\u00e3o de um exemplar id\u00eantico ou pagamento do valor em dinheiro.<\/li>\n<\/ol>\n","protected":false},"excerpt":{"rendered":"<p>\u00a0O atraso na devolu\u00e7\u00e3o do material acarretar\u00e1 na suspens\u00e3o do empr\u00e9stimo de materiais pelo mesmo n\u00famero de dias de atraso. Ap\u00f3s 5 (cinco) atrasos na devolu\u00e7\u00e3o de materiais, o cadastro do usu\u00e1rio ser\u00e1 suspenso por 1 (um) ano. Em caso de dano ou extravio do material emprestado, dever\u00e1 haver a reposi\u00e7\u00e3o de um exemplar id\u00eantico [&hellip;]<\/p>\n","protected":false},"author":1,"featured_media":0,"parent":8834,"menu_order":4,"comment_status":"closed","ping_status":"closed","template":"","meta":{"_acf_changed":false,"footnotes":""},"class_list":["post-8842","page","type-page","status-publish","hentry"],"acf":[],"_links":{"self":[{"href":"https:\/\/fjsp.org.br\/biblioteca\/wp-json\/wp\/v2\/pages\/8842","targetHints":{"allow":["GET"]}}],"collection":[{"href":"https:\/\/fjsp.org.br\/biblioteca\/wp-json\/wp\/v2\/pages"}],"about":[{"href":"https:\/\/fjsp.org.br\/biblioteca\/wp-json\/wp\/v2\/types\/page"}],"author":[{"embeddable":true,"href":"https:\/\/fjsp.org.br\/biblioteca\/wp-json\/wp\/v2\/users\/1"}],"replies":[{"embeddable":true,"href":"https:\/\/fjsp.org.br\/biblioteca\/wp-json\/wp\/v2\/comments?post=8842"}],"version-history":[{"count":2,"href":"https:\/\/fjsp.org.br\/biblioteca\/wp-json\/wp\/v2\/pages\/8842\/revisions"}],"predecessor-version":[{"id":9076,"href":"https:\/\/fjsp.org.br\/biblioteca\/wp-json\/wp\/v2\/pages\/8842\/revisions\/9076"}],"up":[{"embeddable":true,"href":"https:\/\/fjsp.org.br\/biblioteca\/wp-json\/wp\/v2\/pages\/8834"}],"wp:attachment":[{"href":"https:\/\/fjsp.org.br\/biblioteca\/wp-json\/wp\/v2\/media?parent=8842"}],"curies":[{"name":"wp","href":"https:\/\/api.w.org\/{rel}","templated":true}]}}