{"id":8838,"date":"2018-12-20T23:54:26","date_gmt":"2018-12-21T01:54:26","guid":{"rendered":"https:\/\/fjsp.org.br\/fjsp\/biblioteca\/?page_id=8838"},"modified":"2018-12-20T23:54:34","modified_gmt":"2018-12-21T01:54:34","slug":"cadastro","status":"publish","type":"page","link":"https:\/\/fjsp.org.br\/fjsp\/biblioteca\/biblioteca\/regras-da-biblioteca\/cadastro\/","title":{"rendered":"Cadastro"},"content":{"rendered":"<p><span style=\"color: #666699;\"><strong>INDIVIDUAL<\/strong><\/span><\/p>\n<p>\u2022 Maiores de 18 anos residentes na cidade de S\u00e3o Paulo e Grande S\u00e3o Paulo.<br \/>\n\u2022 Estrangeiros que permanecer\u00e3o por no m\u00ednimo 1 ano);<\/p>\n<p><strong>Documentos necess\u00e1rios:<\/strong><\/p>\n<ol>\n<li>Carteira de identidade ou carteira de motorista ou passaporte;<\/li>\n<li>Comprovante de resid\u00eancia;<\/li>\n<\/ol>\n<p>&nbsp;<\/p>\n<p><span style=\"color: #666699;\"><strong>INSTITUCIONAL<\/strong><\/span><\/p>\n<p>Moradores do interior de S\u00e3o Paulo e outros estados poder\u00e3o fazer o cadastro desde que estejam ligados a alguma institui\u00e7\u00e3o.<\/p>\n<p><strong>Documentos necess\u00e1rios:<\/strong><\/p>\n<ol>\n<li>Carta de apresenta\u00e7\u00e3o em papel timbrado da institui\u00e7\u00e3o contendo nome do interessado, endere\u00e7o, telefone, fax, e-mail, assinatura do diretor ou presidente, conforme modelo fornecido pela biblioteca;<\/li>\n<li><strong>01<\/strong> (uma) foto 3&#215;4 recente digitalizada.<\/li>\n<\/ol>\n","protected":false},"excerpt":{"rendered":"<p>INDIVIDUAL \u2022 Maiores de 18 anos residentes na cidade de S\u00e3o Paulo e Grande S\u00e3o Paulo. \u2022 Estrangeiros que permanecer\u00e3o por no m\u00ednimo 1 ano); Documentos necess\u00e1rios: Carteira de identidade ou carteira de motorista ou passaporte; Comprovante de resid\u00eancia; &nbsp; INSTITUCIONAL Moradores do interior de S\u00e3o Paulo e outros estados poder\u00e3o fazer o cadastro desde [&hellip;]<\/p>\n","protected":false},"author":1,"featured_media":0,"parent":8834,"menu_order":2,"comment_status":"closed","ping_status":"closed","template":"","meta":{"_acf_changed":false,"footnotes":""},"class_list":["post-8838","page","type-page","status-publish","hentry"],"acf":[],"_links":{"self":[{"href":"https:\/\/fjsp.org.br\/fjsp\/biblioteca\/wp-json\/wp\/v2\/pages\/8838","targetHints":{"allow":["GET"]}}],"collection":[{"href":"https:\/\/fjsp.org.br\/fjsp\/biblioteca\/wp-json\/wp\/v2\/pages"}],"about":[{"href":"https:\/\/fjsp.org.br\/fjsp\/biblioteca\/wp-json\/wp\/v2\/types\/page"}],"author":[{"embeddable":true,"href":"https:\/\/fjsp.org.br\/fjsp\/biblioteca\/wp-json\/wp\/v2\/users\/1"}],"replies":[{"embeddable":true,"href":"https:\/\/fjsp.org.br\/fjsp\/biblioteca\/wp-json\/wp\/v2\/comments?post=8838"}],"version-history":[{"count":1,"href":"https:\/\/fjsp.org.br\/fjsp\/biblioteca\/wp-json\/wp\/v2\/pages\/8838\/revisions"}],"predecessor-version":[{"id":8839,"href":"https:\/\/fjsp.org.br\/fjsp\/biblioteca\/wp-json\/wp\/v2\/pages\/8838\/revisions\/8839"}],"up":[{"embeddable":true,"href":"https:\/\/fjsp.org.br\/fjsp\/biblioteca\/wp-json\/wp\/v2\/pages\/8834"}],"wp:attachment":[{"href":"https:\/\/fjsp.org.br\/fjsp\/biblioteca\/wp-json\/wp\/v2\/media?parent=8838"}],"curies":[{"name":"wp","href":"https:\/\/api.w.org\/{rel}","templated":true}]}}