{"id":8840,"date":"2018-12-20T23:55:02","date_gmt":"2018-12-21T01:55:02","guid":{"rendered":"https:\/\/fjsp.org.br\/fjsp\/biblioteca\/?page_id=8840"},"modified":"2018-12-20T23:55:02","modified_gmt":"2018-12-21T01:55:02","slug":"servico-de-emprestimo","status":"publish","type":"page","link":"https:\/\/fjsp.org.br\/fjsp\/biblioteca\/biblioteca\/regras-da-biblioteca\/servico-de-emprestimo\/","title":{"rendered":"Servi\u00e7o de Empr\u00e9stimo"},"content":{"rendered":"<p>Para efetuar o empr\u00e9stimo dos materiais \u00e9 necess\u00e1ria a apresenta\u00e7\u00e3o da <strong>carteira do usu\u00e1rio<\/strong>. Esta carteira \u00e9 PESSOAL E INTRASFER\u00cdVEL; ou seja, somente seu titular poder\u00e1 utiliz\u00e1-lo.<br \/>\nO prazo de empr\u00e9stimo \u00e9 de 2 (duas) semanas. Por empr\u00e9stimo, o usu\u00e1rio ter\u00e1 o direito de levar at\u00e9 7 materiais, sendo eles:<\/p>\n<ul>\n<li>04 (quatro) livros;<\/li>\n<li>02 (duas) revistas, menos o \u00faltimo n\u00famero;<\/li>\n<li>03 (tr\u00eas) audiovisuais (CD e DVD), Ex.: 2 CD e 1 DVD;<\/li>\n<li>01 (um) jogo de cart\u00f5es (cards), somente para professores.<\/li>\n<\/ul>\n<p>&nbsp;<\/p>\n<p>&#8211; O empr\u00e9stimo poder\u00e1 ser feito pelo correio. Neste caso, a biblioteca arcar\u00e1 com as despesas de envio, enquanto que a devolu\u00e7\u00e3o ficar\u00e1 a cargo do usu\u00e1rio.<\/p>\n<p>&#8211; O prazo de empr\u00e9stimo ser\u00e1 contado a partir do envio at\u00e9 a data de chegada do material \u00e0 biblioteca.<\/p>\n<p>&#8211; A devolu\u00e7\u00e3o deve ser feita via SEDEX.<\/p>\n<p>&#8211; Caso o material desejado j\u00e1 esteja emprestado, o usu\u00e1rio poder\u00e1 reserv\u00e1-lo diretamente com o funcion\u00e1rio da biblioteca.<\/p>\n<p>&#8211; O usu\u00e1rio poder\u00e1 renovar o material emprestado por mais duas vezes, desde que o material n\u00e3o esteja reservado.<\/p>\n<p>&#8211; A renova\u00e7\u00e3o pode ser feita por telefone, pessoalmente ou por e-mail.<\/p>\n<p>&nbsp;<\/p>\n<p><span style=\"color: #ff0000;\"><strong>ATEN\u00c7\u00c3O<\/strong><\/span><\/p>\n<ul>\n<li>Obras de refer\u00eancia, como dicion\u00e1rios, enciclop\u00e9dias, bibliografias e outros, n\u00e3o est\u00e3o dispon\u00edveis para o empr\u00e9stimo. Elas est\u00e3o sinalizadas com etiquetas redondas na cor vermelha ou azul.<\/li>\n<li>O empr\u00e9stimo de materiais audiovisuais est\u00e1 restrito ao uso did\u00e1tico e domiciliar. N\u00e3o \u00e9 permitida a apresenta\u00e7\u00e3o em eventos, assim como a c\u00f3pia do material.<\/li>\n<\/ul>\n","protected":false},"excerpt":{"rendered":"<p>Para efetuar o empr\u00e9stimo dos materiais \u00e9 necess\u00e1ria a apresenta\u00e7\u00e3o da carteira do usu\u00e1rio. Esta carteira \u00e9 PESSOAL E INTRASFER\u00cdVEL; ou seja, somente seu titular poder\u00e1 utiliz\u00e1-lo. O prazo de empr\u00e9stimo \u00e9 de 2 (duas) semanas. Por empr\u00e9stimo, o usu\u00e1rio ter\u00e1 o direito de levar at\u00e9 7 materiais, sendo eles: 04 (quatro) livros; 02 (duas) [&hellip;]<\/p>\n","protected":false},"author":1,"featured_media":0,"parent":8834,"menu_order":3,"comment_status":"closed","ping_status":"closed","template":"","meta":{"_acf_changed":false,"footnotes":""},"class_list":["post-8840","page","type-page","status-publish","hentry"],"acf":[],"_links":{"self":[{"href":"https:\/\/fjsp.org.br\/fjsp\/biblioteca\/wp-json\/wp\/v2\/pages\/8840","targetHints":{"allow":["GET"]}}],"collection":[{"href":"https:\/\/fjsp.org.br\/fjsp\/biblioteca\/wp-json\/wp\/v2\/pages"}],"about":[{"href":"https:\/\/fjsp.org.br\/fjsp\/biblioteca\/wp-json\/wp\/v2\/types\/page"}],"author":[{"embeddable":true,"href":"https:\/\/fjsp.org.br\/fjsp\/biblioteca\/wp-json\/wp\/v2\/users\/1"}],"replies":[{"embeddable":true,"href":"https:\/\/fjsp.org.br\/fjsp\/biblioteca\/wp-json\/wp\/v2\/comments?post=8840"}],"version-history":[{"count":1,"href":"https:\/\/fjsp.org.br\/fjsp\/biblioteca\/wp-json\/wp\/v2\/pages\/8840\/revisions"}],"predecessor-version":[{"id":8841,"href":"https:\/\/fjsp.org.br\/fjsp\/biblioteca\/wp-json\/wp\/v2\/pages\/8840\/revisions\/8841"}],"up":[{"embeddable":true,"href":"https:\/\/fjsp.org.br\/fjsp\/biblioteca\/wp-json\/wp\/v2\/pages\/8834"}],"wp:attachment":[{"href":"https:\/\/fjsp.org.br\/fjsp\/biblioteca\/wp-json\/wp\/v2\/media?parent=8840"}],"curies":[{"name":"wp","href":"https:\/\/api.w.org\/{rel}","templated":true}]}}