{"id":48,"date":"2021-04-01T06:15:56","date_gmt":"2021-04-01T09:15:56","guid":{"rendered":"https:\/\/fjsp.org.br\/fjsp\/lingua-japonesa-teste\/?page_id=48"},"modified":"2021-04-01T06:16:09","modified_gmt":"2021-04-01T09:16:09","slug":"pesquisa-de-dados","status":"publish","type":"page","link":"https:\/\/fjsp.org.br\/fjsp\/lingua-japonesa\/pesquisa-de-dados\/","title":{"rendered":"Pesquisa de dados referentes ao ensino de l\u00edngua japonesa"},"content":{"rendered":"<p>&nbsp;<\/p>\n<h1 style=\"text-align: center;\"><span style=\"color: #800080;\"><strong><em>Pesquisa de dados referentes ao ensino de l\u00edngua japonesa<\/em><\/strong><\/span><\/h1>\n<h1 style=\"text-align: center;\"><span style=\"color: #800080;\"><strong>\u65e5\u672c\u8a9e\u6559\u80b2\u306b\u95a2\u3059\u308b\u8abf\u67fb\u5831\u544a\u66f8<\/strong><\/span><\/h1>\n<p>&nbsp;<\/p>\n<p><a href=\"https:\/\/fjsp.org.br\/fjsp\/wp-content\/uploads\/2017\/08\/BANNER_Catalogo_e_Pesquisa.png\"><img fetchpriority=\"high\" decoding=\"async\" class=\"img-responsive wp-image-7276 size-full aligncenter\" src=\"https:\/\/fjsp.org.br\/fjsp\/wp-content\/uploads\/2017\/08\/BANNER_Catalogo_e_Pesquisa.png\" alt=\"\" width=\"475\" height=\"283\" \/><\/a><\/p>\n<p>&nbsp;<\/p>\n<p><span style=\"font-size: 16px;\">A \u201cThe Japan Foundation\u201d realiza a <\/span><strong>\u201cPesquisa de dados de institui\u00e7\u00f5es de ensino de l\u00edngua japonesa no mundo\u201d<\/strong><span style=\"font-size: 16px;\"> a cada 3 anos. As seguintes pesquisas de dados, no entanto, s\u00e3o resultados de pesquisas realizadas pela Funda\u00e7\u00e3o Jap\u00e3o em S\u00e3o Paulo.<\/span><\/p>\n<h3><span style=\"color: #800080;\"><strong>1) \u201cEnsino de l\u00edngua japonesa &#8211; escolas e cursos: ensino fundamental, m\u00e9dio e superior&#8221; <\/strong>(publicado em 2017.)<\/span><\/h3>\n<p>Conte\u00fado: Esta pesquisa fornece dados minuciosos sobre o ensino de l\u00edngua japonesa no Brasil. Como exemplo, poderemos citar o nome dos professores que atuam em cada institui\u00e7\u00e3o e o nome dos materiais utilizados.<br \/>\n\u203bOs dados em PDF podem ser baixados pelo link abaixo:<\/p>\n<p><strong>Pesquisa de dados 2017<\/strong> <strong>\u3010<a href=\"https:\/\/fjsp.org.br\/fjsp\/wp-content\/uploads\/2017\/12\/LIVRETO_Dados_ensino_lingua_japonesa_v10.pdf\" target=\"_blank\" rel=\"noopener noreferrer\">PDF: 7.3MB<\/a>\u3011<br \/>\n<\/strong>* atualizado em 03\/10\/2017<strong><br \/>\n<\/strong><\/p>\n<p><strong>Pesquisa de dados 2014<\/strong> <strong>\u3010<a href=\"https:\/\/fjsp.org.br\/fjsp\/wp-content\/uploads\/2018\/01\/Dados_ensino_lingua_japonesa_2014.pdf\" target=\"_blank\" rel=\"noopener noreferrer\">PDF: 5.5MB<\/a>\u3011<br \/>\n<\/strong>* atualizado em 10\/06\/2015<\/p>\n<p>&nbsp;<\/p>\n<h3><span style=\"color: #800080;\"><strong>2) \u201cPesquisa sobre a situa\u00e7\u00e3o do ensino de l\u00edngua japonesa nos pa\u00edses hispano-falantes da Am\u00e9rica do Sul 2017\u201d<br \/>\n<\/strong>(Somente em japon\u00eas. Vide <a href=\"https:\/\/fjsp.org.br\/fjsp\/lingua-japonesa\/pesquisa-de-dados\/#nambei2017\">texto abaixo<\/a>.)<\/span><\/h3>\n<p>&nbsp;<\/p>\n<p>Sugest\u00f5es, comunica\u00e7\u00e3o de dados novos ou altera\u00e7\u00f5es: <a href=\"mailto:clj@fjsp.org.br\">clj@fjsp.org.br<\/a><\/p>\n<p>&nbsp;<\/p>\n<hr \/>\n<p>&nbsp;<\/p>\n<p>\u56fd\u969b\u4ea4\u6d41\u57fa\u91d1\u3067\u306f3\u5e74\u3054\u3068\u306b\u6d77\u5916\u306e\u65e5\u672c\u8a9e\u6559\u80b2\u6a5f\u95a2\u3092\u5bfe\u8c61\u306b<strong>\u300c<a href=\"https:\/\/www.jpf.go.jp\/j\/project\/japanese\/survey\/result\/index.html\" target=\"_blank\" rel=\"noopener noreferrer\">\u6d77\u5916\u65e5\u672c\u8a9e\u6559\u80b2\u6a5f\u95a2\u8abf\u67fb<\/a>\u300d<\/strong>\u3092\u884c\u3063\u3066\u3044\u307e\u3059\u304c\u3001\u4ee5\u4e0b\u306e\u8abf\u67fb\u5831\u544a\u66f8\u306f\u30b5\u30f3\u30d1\u30a6\u30ed\u65e5\u672c\u6587\u5316\u30bb\u30f3\u30bf\u30fc\u304c\u5225\u9014\u8abf\u67fb\u3092\u5b9f\u65bd\u3057\u3001\u4f5c\u6210\u3057\u305f\u3082\u306e\u3067\u3059\u3002<\/p>\n<h3><span style=\"color: #800080;\"><strong>\uff11\uff09 \u300e\u30d6\u30e9\u30b8\u30eb\u306e\u65e5\u672c\u8a9e\u6559\u80b2\u3000\u2015\u521d\u7b49\u30fb\u4e2d\u7b49\u30fb\u9ad8\u7b49\u6559\u80b2\u306e\u5b66\u6821\u3068\u8b1b\u5ea7\u2015\u300f<\/strong>2017\u5e74\u767a\u884c\uff08\u8a00\u8a9e\uff1a\u65e5\u672c\u8a9e\u3001\u30dd\u30eb\u30c8\u30ac\u30eb\u8a9e\uff09<\/span><\/h3>\n<p><strong>\u3010\u5185\u5bb9\u3011<\/strong>\u3053\u306e\u8abf\u67fb\u3067\u306f\u30d6\u30e9\u30b8\u30eb\u306e\u5404\u65e5\u672c\u8a9e\u6559\u80b2\u6a5f\u95a2\u3067\u6559\u3048\u3066\u3044\u308b\u5148\u751f\u65b9\u306e\u304a\u540d\u524d\u3001\u6388\u696d\u3067\u4f7f\u3063\u3066\u3044\u308b\u6559\u79d1\u66f8\u306a\u3069\u3001\u3088\u308a\u8a73\u7d30\u306a\u60c5\u5831\u3092\u77e5\u308b\u3053\u3068\u304c\u3067\u304d\u307e\u3059\u3002<br \/>\n\u203b\u4ee5\u4e0b\u3088\u308aPDF\u30d5\u30a1\u30a4\u30eb\u3092\u30c0\u30a6\u30f3\u30ed\u30fc\u30c9\u3059\u308b\u3053\u3068\u304c\u3067\u304d\u307e\u3059\u3002<\/p>\n<p><strong>\uff12\uff10\uff11\uff17 \u6a5f\u95a2\u30c7\u30fc\u30bf <\/strong><strong>\u3010<a href=\"https:\/\/fjsp.org.br\/fjsp\/wp-content\/uploads\/2017\/12\/LIVRETO_Dados_ensino_lingua_japonesa_v10.pdf\" target=\"_blank\" rel=\"noopener noreferrer\">PDF: 7.3MB<\/a>\u3011<br \/>\n<\/strong>* \u66f4\u65b0\u65e5\uff1a\uff12\uff10\uff11\uff17\u5e74\uff11\uff10\u6708\uff13\u65e5<strong><br \/>\n<\/strong><\/p>\n<p><strong>\uff12\uff10\uff11\uff14 \u6a5f\u95a2\u30c7\u30fc\u30bf <\/strong><strong>\u3010<a href=\"https:\/\/fjsp.org.br\/fjsp\/wp-content\/uploads\/2018\/01\/Dados_ensino_lingua_japonesa_2014.pdf\" target=\"_blank\" rel=\"noopener noreferrer\">PDF: 5.5MB<\/a>\u3011<br \/>\n<\/strong>* \u66f4\u65b0\u65e5\uff1a\uff12\uff10\uff11\uff15\u5e74\uff10\uff16\u6708\uff11\uff10\u65e5<\/p>\n<p><span id=\"nambei2017\" style=\"color: #800080;\"><strong>\uff12\uff09\u300e\u5357\u7c73\u30b9\u30da\u30a4\u30f3\u8a9e\u570f\u65e5\u672c\u8a9e\u6559\u80b2\u5b9f\u614b\u8abf\u67fb\u5831\u544a\u66f82017\u300f<\/strong>\uff08\u8a00\u8a9e\uff1a\u65e5\u672c\u8a9e\u306e\u307f\uff09<\/span><\/p>\n<p><strong>\u3010\u5185\u5bb9\u3011<\/strong>\u5357\u7c73\u30b9\u30da\u30a4\u30f3\u8a9e\u570f9\u304b\u56fd\u5168\u4f53\u306e\u65e5\u672c\u8a9e\u6559\u80b2\u3092\u6982\u89b3\u3059\u308b\u3068\u3068\u3082\u306b\u5404\u56fd\u306e\u73fe\u72b6\u304a\u3088\u3073\u884c\u52d5\u8a08\u753b\u3092\u3001\u8a2a\u554f\u8abf\u67fb\u304a\u3088\u3073\u3055\u307e\u3056\u307e\u306a\u8cc7\u6599\u3092\u3082\u3068\u306b\u307e\u3068\u3081\u307e\u3057\u305f\u3002<br \/>\n\u203b\u4ee5\u4e0b\u3088\u308aPDF\u30d5\u30a1\u30a4\u30eb\u3092\u30c0\u30a6\u30f3\u30ed\u30fc\u30c9\u3059\u308b\u3053\u3068\u304c\u3067\u304d\u307e\u3059\u3002<\/p>\n<p>&nbsp;<\/p>\n<p><strong>\u5168212 \u30da\u30fc\u30b8 <\/strong>&#8230;&#8230;&#8230;&#8230;&#8230;&#8230;&#8230;&#8230;&#8230;&#8230;&#8230;&#8230;&#8230;&#8230;&#8230;&#8230;&#8230;&#8230;.. <strong>\u3010<a href=\"https:\/\/fjsp.org.br\/fjsp\/wp-content\/uploads\/2018\/03\/00_\u5357\u7c73\u30b9\u30d8\u309a\u30a4\u30f3\u8a9e\u570f\u65e5\u672c\u8a9e\u6559\u80b2\u5b9f\u614b\u8abf\u67fb\u5831\u544a\u66f82017_v45.pdf\" target=\"_blank\" rel=\"noopener noreferrer\">PDF: 11.7MB<\/a>\u3011<br \/>\n<\/strong><\/p>\n<p><strong>\u672c\u5831\u544a\u66f8\u306b\u3064\u3044\u3066\u00a0 <\/strong>&#8230;&#8230;&#8230;&#8230;&#8230;&#8230;&#8230;&#8230;&#8230;&#8230;&#8230;&#8230;&#8230;&#8230;&#8230;&#8230;.<strong>\u3010<a href=\"https:\/\/fjsp.org.br\/fjsp\/wp-content\/uploads\/2017\/08\/01_\u672c\u5831\u544a\u66f8\u306b\u3064\u3044\u3066.pdf\" target=\"_blank\" rel=\"noopener noreferrer\">PDF: 1.9MB<\/a>\u3011<\/strong><\/p>\n<p><strong>\u7b2c\u4e00\u90e8\u00a0 <\/strong><strong>\u5357\u7c73\u30b9\u30da\u30a4\u30f3\u8a9e\u570f\u65e5\u672c\u8a9e\u6559\u80b2\u4e8b\u60c5<\/strong> &#8230;&#8230;&#8230;..<strong>\u3010<a href=\"https:\/\/fjsp.org.br\/fjsp\/wp-content\/uploads\/2017\/08\/02_\u7b2c\u4e00\u90e8-\u5357\u7c73\u30b9\u30d8\u309a\u30a4\u30f3\u8a9e\u570f\u65e5\u672c\u8a9e\u6559\u80b2\u4e8b\u60c5.pdf\" target=\"_blank\" rel=\"noopener noreferrer\">PDF: 2.3MB<\/a>\u3011<\/strong><\/p>\n<p><strong>\u7b2c\u4e8c\u90e8\u00a0 <\/strong><strong>\u5404\u56fd\u306e\u65e5\u672c\u8a9e\u6559\u80b2\u4e8b\u60c5\u3068\u884c\u52d5\u8a08\u753b <\/strong>&#8230;&#8230;&#8230;..<strong>\u3010<a href=\"https:\/\/fjsp.org.br\/fjsp\/wp-content\/uploads\/2018\/03\/03_\u7b2c\u4e8c\u90e8-\u5404\u56fd\u306e\u65e5\u672c\u8a9e\u6559\u80b2\u4e8b\u60c5\u3068\u884c\u52d5\u8a08\u753b\uff09_v45.pdf\" target=\"_blank\" rel=\"noopener noreferrer\">PDF: 7.2MB<\/a>\u3011<\/strong><\/p>\n<p><strong>\u3000\u3000\u3000\u7b2c 1\u7ae0\u3000\u30a2\u30eb\u30bc\u30f3\u30c1\u30f3 <\/strong>&#8230;&#8230;&#8230;&#8230;&#8230;&#8230;&#8230;&#8230;&#8230;&#8230;&#8230;<strong>\u3010<a href=\"https:\/\/fjsp.org.br\/fjsp\/wp-content\/uploads\/2018\/02\/04_\u30a2\u30eb\u30bb\u3099\u30f3\u30c1\u30f3_.pdf\" target=\"_blank\" rel=\"noopener noreferrer\">PDF: 1.2MB<\/a>\u3011<br \/>\n<\/strong><\/p>\n<p><strong>\u3000\u3000\u3000\u7b2c 2\u7ae0\u3000\u30a6\u30eb\u30b0\u30a2\u30a4 <\/strong>&#8230;&#8230;&#8230;&#8230;&#8230;&#8230;&#8230;&#8230;&#8230;&#8230;&#8230;&#8230;<strong>\u3010<a href=\"https:\/\/fjsp.org.br\/fjsp\/wp-content\/uploads\/2017\/09\/05_\u30a6\u30eb\u30af\u3099\u30a2\u30a4_v2.pdf\" target=\"_blank\" rel=\"noopener noreferrer\">PDF: 1.2MB<\/a>\u3011<br \/>\n<\/strong><\/p>\n<p><strong>\u3000\u3000\u3000\u7b2c 3\u7ae0\u3000\u30a8\u30af\u30a2\u30c9\u30eb<\/strong> &#8230;&#8230;&#8230;&#8230;&#8230;&#8230;&#8230;&#8230;&#8230;&#8230;&#8230;&#8230;<strong>\u3010<\/strong><strong><a href=\"https:\/\/fjsp.org.br\/fjsp\/wp-content\/uploads\/2017\/08\/06_\u30a8\u30af\u30a2\u30c8\u3099\u30eb.pdf\" target=\"_blank\" rel=\"noopener noreferrer\">PDF: 1.2MB<\/a>\u3011<br \/>\n<\/strong><\/p>\n<p><strong>\u3000\u3000\u3000\u7b2c 4\u7ae0\u3000\u30b3\u30ed\u30f3\u30d3\u30a2\u00a0 <\/strong>&#8230;&#8230;&#8230;&#8230;&#8230;&#8230;&#8230;&#8230;&#8230;&#8230;&#8230;..<strong>\u3010<a href=\"https:\/\/fjsp.org.br\/fjsp\/wp-content\/uploads\/2017\/09\/07_\u30b3\u30ed\u30f3\u30d2\u3099\u30a2_v2.pdf\" target=\"_blank\" rel=\"noopener noreferrer\">PDF: 1.2MB<\/a>\u3011<br \/>\n<\/strong><\/p>\n<p><strong>\u3000\u3000\u3000\u7b2c 5\u7ae0\u3000\u30c1\u30ea\u00a0\u00a0 <\/strong>&#8230;&#8230;&#8230;&#8230;&#8230;&#8230;&#8230;&#8230;&#8230;&#8230;&#8230;&#8230;&#8230;&#8230;&#8230;<strong>\u3010<a href=\"https:\/\/fjsp.org.br\/fjsp\/wp-content\/uploads\/2017\/08\/08_\u30c1\u30ea.pdf\" target=\"_blank\" rel=\"noopener noreferrer\">PDF: 1.2MB<\/a>\u3011<br \/>\n<\/strong><\/p>\n<p><strong>\u3000\u3000\u3000\u7b2c 6\u7ae0\u3000\u30d1\u30e9\u30b0\u30a2\u30a4\u00a0 <\/strong>&#8230;&#8230;&#8230;&#8230;&#8230;&#8230;&#8230;&#8230;&#8230;&#8230;&#8230;..<strong>\u3010<a href=\"https:\/\/fjsp.org.br\/fjsp\/wp-content\/uploads\/2018\/03\/09_\u30cf\u309a\u30e9\u30af\u3099\u30a2\u30a4_v2.pdf\" target=\"_blank\" rel=\"noopener noreferrer\">PDF: 1.2MB<\/a>\u3011<br \/>\n<\/strong><\/p>\n<p><strong>\u3000\u3000\u3000\u7b2c 7\u7ae0\u3000\u30d9\u30cd\u30ba\u30a8\u30e9\u00a0 <\/strong>&#8230;&#8230;&#8230;&#8230;&#8230;&#8230;&#8230;&#8230;&#8230;&#8230;&#8230;..<strong>\u3010<a href=\"https:\/\/fjsp.org.br\/fjsp\/wp-content\/uploads\/2017\/08\/10_\u30d8\u3099\u30cd\u30b9\u3099\u30a8\u30e9.pdf\" target=\"_blank\" rel=\"noopener noreferrer\">PDF: 1.2MB<\/a>\u3011<br \/>\n<\/strong><\/p>\n<p><strong>\u3000\u3000\u3000\u7b2c 8\u7ae0\u3000\u30da\u30eb\u30fc<\/strong>\u00a0 &#8230;&#8230;&#8230;&#8230;&#8230;&#8230;&#8230;&#8230;&#8230;&#8230;&#8230;&#8230;&#8230;&#8230;<strong>\u3010<a href=\"https:\/\/fjsp.org.br\/fjsp\/wp-content\/uploads\/2018\/02\/11_\u30d8\u309a\u30eb\u30fc_.pdf\" target=\"_blank\" rel=\"noopener noreferrer\">PDF: 1.2MB<\/a>\u3011<br \/>\n<\/strong><\/p>\n<p><strong>\u3000\u3000\u3000\u7b2c 9\u7ae0\u3000\u30dc\u30ea\u30d3\u30a2<\/strong> &#8230;&#8230;&#8230;&#8230;&#8230;&#8230;&#8230;&#8230;&#8230;&#8230;&#8230;&#8230;&#8230;<strong>\u3010<a href=\"https:\/\/fjsp.org.br\/fjsp\/wp-content\/uploads\/2017\/08\/12_\u30db\u3099\u30ea\u30d2\u3099\u30a2.pdf\" target=\"_blank\" rel=\"noopener noreferrer\">PDF: 1.2MB<\/a>\u3011<\/strong><\/p>\n<p><strong>\u5dfb\u672b\u8cc7\u6599\uff08\u53c2\u8003\u6587\u732e\uff09 <\/strong>&#8230;&#8230;&#8230;&#8230;&#8230;&#8230;&#8230;&#8230;&#8230;&#8230;&#8230;&#8230;&#8230;&#8230;<strong>\u3010<a href=\"https:\/\/fjsp.org.br\/fjsp\/wp-content\/uploads\/2017\/08\/13_\u5dfb\u672b\u8cc7\u6599\uff08\u53c2\u8003\u6587\u732e\uff09.pdf\" target=\"_blank\" rel=\"noopener noreferrer\">PDF: 4.3MB<\/a>\u3011<\/strong><\/p>\n<p>&nbsp;<\/p>\n<p><strong>\uff08\u6ce8\uff09<\/strong><br \/>\n\u4e0a\u8a18\u30d5\u30a1\u30a4\u30eb\u306f\u9069\u5b9c\u66f4\u65b0\u3057\u3066\u304a\u308a\u307e\u3059\u3002\uff08\u6700\u7d42\u66f4\u65b0\u65e5\uff1a2018\u5e743\u670831\u65e5\uff09<br \/>\n\u5370\u5237\u7248\u3092\u304a\u6301\u3061\u306e\u65b9\u306f <a href=\"https:\/\/fjsp.org.br\/fjsp\/wp-content\/uploads\/2018\/04\/20180326_seigohyou.pdf\"><strong><span style=\"color: #ff0000;\">\u6b63\u8aa4\u8868<\/span><\/strong><\/a> \u3092\u3054\u5229\u7528\u304f\u3060\u3055\u3044\u3002<\/p>\n<p>&nbsp;<\/p>\n<p>\u554f\u3044\u5408\u308f\u305b\u3001\u65b0\u898f\u30fb\u5909\u66f4\u60c5\u5831\u306f <a href=\"mailto:clj@fjsp.org.br\">clj@fjsp.org.br<\/a> \u307e\u3067\u3002<\/p>\n","protected":false},"excerpt":{"rendered":"<p>&nbsp; Pesquisa de dados referentes ao ensino de l\u00edngua japonesa \u65e5\u672c\u8a9e\u6559\u80b2\u306b\u95a2\u3059\u308b\u8abf\u67fb\u5831\u544a\u66f8 &nbsp; &nbsp; A \u201cThe Japan Foundation\u201d realiza a \u201cPesquisa de dados de institui\u00e7\u00f5es de ensino de l\u00edngua japonesa no mundo\u201d a cada 3 anos. As seguintes pesquisas de dados, no entanto, s\u00e3o resultados de pesquisas realizadas pela Funda\u00e7\u00e3o Jap\u00e3o em S\u00e3o Paulo. 1) \u201cEnsino [&hellip;]<\/p>\n","protected":false},"author":1,"featured_media":0,"parent":0,"menu_order":0,"comment_status":"closed","ping_status":"closed","template":"","meta":{"_acf_changed":false,"footnotes":""},"class_list":["post-48","page","type-page","status-publish","hentry"],"acf":[],"_links":{"self":[{"href":"https:\/\/fjsp.org.br\/fjsp\/lingua-japonesa\/wp-json\/wp\/v2\/pages\/48","targetHints":{"allow":["GET"]}}],"collection":[{"href":"https:\/\/fjsp.org.br\/fjsp\/lingua-japonesa\/wp-json\/wp\/v2\/pages"}],"about":[{"href":"https:\/\/fjsp.org.br\/fjsp\/lingua-japonesa\/wp-json\/wp\/v2\/types\/page"}],"author":[{"embeddable":true,"href":"https:\/\/fjsp.org.br\/fjsp\/lingua-japonesa\/wp-json\/wp\/v2\/users\/1"}],"replies":[{"embeddable":true,"href":"https:\/\/fjsp.org.br\/fjsp\/lingua-japonesa\/wp-json\/wp\/v2\/comments?post=48"}],"version-history":[{"count":1,"href":"https:\/\/fjsp.org.br\/fjsp\/lingua-japonesa\/wp-json\/wp\/v2\/pages\/48\/revisions"}],"predecessor-version":[{"id":49,"href":"https:\/\/fjsp.org.br\/fjsp\/lingua-japonesa\/wp-json\/wp\/v2\/pages\/48\/revisions\/49"}],"wp:attachment":[{"href":"https:\/\/fjsp.org.br\/fjsp\/lingua-japonesa\/wp-json\/wp\/v2\/media?parent=48"}],"curies":[{"name":"wp","href":"https:\/\/api.w.org\/{rel}","templated":true}]}}