{"id":10747,"date":"2020-05-28T03:56:21","date_gmt":"2020-05-28T06:56:21","guid":{"rendered":"https:\/\/fjsp.org.br\/fjsp\/?page_id=10747"},"modified":"2020-06-05T03:13:58","modified_gmt":"2020-06-05T06:13:58","slug":"resenhas-criticas","status":"publish","type":"page","link":"https:\/\/fjsp.org.br\/fjsp\/resenhas-criticas\/","title":{"rendered":"RESENHAS CR\u00cdTICAS"},"content":{"rendered":"<h3>Rela\u00e7\u00f5es Internacionais<\/h3>\n<p>A Funda\u00e7\u00e3o Jap\u00e3o em S\u00e3o Paulo, em parceria com o Grupo de Estudos sobre \u00c1sia (Geasia) do N\u00facleo de Pesquisa em Rela\u00e7\u00f5es Internacionais da Universidade de S\u00e3o Paulo (NUPRI-USP) e coordena\u00e7\u00e3o do Prof. Dr. Alexandre Ratsuo Uehara, apresenta o Projeto de Resenhas Cr\u00edticas em Estudos Japoneses.<\/p>\n<p>O projeto ser\u00e1 composto pela divulga\u00e7\u00e3o de uma s\u00e9rie de resenhas cr\u00edticas de livros sobre Rela\u00e7\u00f5es Internacionais, priorizando-se livros recentes e livros considerados essenciais para o entendimento da \u00e1rea. Todos os livros ser\u00e3o disponibilizados na Biblioteca da Funda\u00e7\u00e3o Jap\u00e3o em S\u00e3o Paulo.<\/p>\n<p>O objetivo principal \u00e9 o de servir de instrumento de pesquisa e divulga\u00e7\u00e3o de temas atuais ou relevantes da \u00e1rea de Rela\u00e7\u00f5es Internacionais do Jap\u00e3o no Brasil. Pretende ainda ser um incentivo \u00e0 discuss\u00f5es e debates sobre os temas, aproximando os pesquisadores acad\u00eamicos do p\u00fablico em geral.<\/p>\n<p>Num momento no qual o tempo \u00e9 escasso e a bibliografia \u00e9 extensa, o projeto lan\u00e7a uma ferramenta de apoio n\u00e3o apenas para os pesquisadores acad\u00eamicos, mas para todo p\u00fablico interessado nos temas abordados.<\/p>\n<p>Boa leitura!<\/p>\n<p>&nbsp;<\/p>\n<hr \/>\n<p><img fetchpriority=\"high\" decoding=\"async\" class=\"img-responsive alignnone wp-image-10782\" src=\"https:\/\/fjsp.org.br\/fjsp\/wp-content\/uploads\/2020\/05\/capa-thehistoryjapan.jpg\" alt=\"\" width=\"214\" height=\"339\" \/><\/p>\n<p>IOKIBE, Makoto (Ed.).<strong> The History of US-Japan Relations<\/strong>: From Perry to the Present. Palgrave MacMillan. 2017. 352 p.<\/p>\n<p>&nbsp;<\/p>\n<p><strong>ALEXANDRE RATSUO UEHARA<br \/>\n<\/strong>Coordenador Acad\u00eamico do Centro Brasileiro de Estudos sobre Neg\u00f3cios\u00a0Internacionais &amp; Diplomacia Corporativa (CBENI &amp; DiC \/ ESPM). Mestre (1995) e Doutor em Ci\u00eancia Pol\u00edtica pela Universidade de S\u00e3o Paulo (2001). Foi\u00a0pesquisador visitante na Universidade Keio (1993) e na Universidade Sophia\u00a0(1999-2000) como bolsista da Funda\u00e7\u00e3o Jap\u00e3o. Membro do Corpo Docente\u00a0do Programa de P\u00f3s-Gradua\u00e7\u00e3o em L\u00edngua, Literatura e Cultura Japonesa da\u00a0Universidade de S\u00e3o Paulo. Coordenador do Grupo de Estudos sobre \u00c1sia no\u00a0N\u00facleo de Pesquisa em Rela\u00e7\u00f5es Internacionais da USP.<\/p>\n<p><strong>CONTATO<br \/>\n<\/strong>E-mail:\u00a0<a href=\"mailto:aruehara@usp.br\">aruehara@usp.br<\/a><\/p>\n<p><strong>RESUMO<br \/>\n<\/strong>O livro enfoca a hist\u00f3ria das intera\u00e7\u00f5es entre o Jap\u00e3o e os Estados Unidos desde a reinser\u00e7\u00e3o japonesa \u00e0s rela\u00e7\u00f5es internacionais, que ocorreu em meados do s\u00e9culo XIX, at\u00e9 a meados da segunda d\u00e9cada do s\u00e9culo XXI. Um dos interessantes aspectos presentes nessa publica\u00e7\u00e3o e a abordagem da altern\u00e2ncia dos diferentes momentos de converg\u00eancia e diverg\u00eancia de interesses, na hist\u00f3ria entre esses dois pa\u00edses. Nota-se que h\u00e1 uma grande riqueza de abordagem e informa\u00e7\u00f5es que s\u00e3o trazidas pelo livro, por isso, \u00e9 recomendado para todos que queiram ter uma ampla vis\u00e3o do relacionamento entre esses dois pa\u00edses.<\/p>\n<p>&nbsp;<\/p>\n<div class='cleaner'><\/div>\n<div class='videoWrapper embed-responsive embed-responsive-16by9 ratio ratio-16x9'><iframe title=\"05.2020 Resenha cr\u00edtica  -  Alexandre Ratsuo Uehara\" width=\"700\" height=\"394\" src=\"https:\/\/www.youtube.com\/embed\/ZtV0273iBuA?feature=oembed\" frameborder=\"0\" allow=\"accelerometer; autoplay; encrypted-media; gyroscope; picture-in-picture\" allowfullscreen><\/iframe><\/div>\n<h4><a href=\"https:\/\/fjsp.org.br\/fjsp\/the-history-of-us-japan-relations\/\"><strong>Leia a resenha &gt;<\/strong><\/a><\/h4>\n<p>&nbsp;<\/p>\n<hr \/>\n<p><img decoding=\"async\" class=\"img-responsive alignnone wp-image-10749\" src=\"https:\/\/fjsp.org.br\/fjsp\/wp-content\/uploads\/2020\/05\/capa-fifteen.jpg\" alt=\"\" width=\"215\" height=\"325\" \/><\/p>\n<p>TSUTSUI, Kiyotada (Ed.). <strong>Fifteen Lectures on Showa Japan: <\/strong>Road to the Pacific War in recent historiography. Tradu\u00e7\u00e3o Matiko Noda, Paul Narum. T\u00f3quio: Japan Publishing Industry for Culture (JPIC). 2018. 301 p.<\/p>\n<p>&nbsp;<\/p>\n<p><strong>ANTONIO GENIVALDO C. DE OLIVEIRA<br \/>\n<\/strong>Pesquisador bolsista do est\u00e1gio p\u00f3s-doutoral &#8211; PNPD\/CAPES &#8211; no Programa de Ci\u00eancia da Religi\u00e3o da PUC-SP e pesquisador associado do NUPRI-GEASIA da USP com pesquisa sobre as interfaces entre Ci\u00eancia da Religi\u00e3o e Rela\u00e7\u00f5es Internacionais focando especialmente o contexto japon\u00eas do per\u00edodo abordado nesta obra.<\/p>\n<p><strong>CONTATO<br \/>\n<\/strong>E-mail: <a href=\"mailto:genomijp@hotmail.com\">genomijp@hotmail.com<\/a> ou \u00a0<a href=\"mailto:genoli73@gmail.com\">genoli73@gmail.com<\/a><\/p>\n<p><strong>RESUMO<br \/>\n<\/strong>A presente edi\u00e7\u00e3o organizada em quinze temas, parte das diferentes percep\u00e7\u00f5es que se tornaram focos de problemas diplom\u00e1ticos do Jap\u00e3o com a China, Estados Unidos e Coreia. Entre os pesquisadores h\u00e1 uma vis\u00e3o fragmentada dos eventos em virtude das especializa\u00e7\u00f5es de cada um tornando dif\u00edcil o di\u00e1logo entre os autores que pesquisam eventos do in\u00edcio da Era Showa e os que pesquisam seus \u00faltimos anos. Outras publica\u00e7\u00f5es continuam a repetir erros passados sem a revis\u00e3o necess\u00e1ria que as pesquisas recentes, classificadas como \u201cpublica\u00e7\u00f5es irrespons\u00e1veis\u201d e \u201cperigosas\u201d que incorrem na simplifica\u00e7\u00e3o da hist\u00f3ria. Com as abordagens presentes no livro, tanto o pesquisador como o leitor comum poder\u00e3o ter uma vis\u00e3o geral da Era Showa e dos diferentes cen\u00e1rios e motiva\u00e7\u00f5es que levaram o Jap\u00e3o a se lan\u00e7ar em d\u00e9cadas de guerra e a derrota que deixaram profundas marcas ainda presentes no imagin\u00e1rio japon\u00eas. Al\u00e9m de reunir historiadores que conhecem profundamente os temas abordados, h\u00e1 no final de cada cap\u00edtulo uma lista de obras indicadas para o aprofundamento da quest\u00e3o abordada. Leitura valiosa para quem busca entender a hist\u00f3ria do Jap\u00e3o e parte da problem\u00e1tica contempor\u00e2nea de sua pol\u00edtica externa no Sudeste Asi\u00e1tico.<\/p>\n<h4><a href=\"https:\/\/fjsp.org.br\/fjsp\/fifteen-lectures-on-showa-japan\/\"><span style=\"color: #3366ff;\"><strong>Leia a resenha &gt;\u00a0<\/strong><\/span><\/a><\/h4>\n<p>&nbsp;<\/p>\n<hr \/>\n<p><img decoding=\"async\" class=\"img-responsive alignnone wp-image-10783\" src=\"https:\/\/fjsp.org.br\/fjsp\/wp-content\/uploads\/2020\/05\/capa-toward.jpg\" alt=\"\" width=\"215\" height=\"348\" \/><\/p>\n<p>CANNON, Tara. <strong>Toward the Abe Statement on 70th Anniversary of the End of World War II: <\/strong>Lessons from the 20th Century and a Vision for the 21st Century for Japan. T\u00f3quio: Japan Publishing Industry Foundation for Culture (JPIC), 2019. 332 p.<\/p>\n<p>&nbsp;<\/p>\n<p><strong>LAIS SANTOS BELINI<br \/>\n<\/strong>Bacharela em Rela\u00e7\u00f5es Internacionais pela Faculdade de Campinas e Mestra em L\u00edngua, Literatura e Cultura japonesa pela Faculdade de Filosofia, Letras e Ci\u00eancias Humanas da Universidade de S\u00e3o Paulo. \u00c9 membra-pesquisadora do N\u00facleo de Pesquisa em Rela\u00e7\u00f5es Internacionais com \u00eanfase em \u00c1sia (Nupri\/Geasia) desde 2016. Foi bolsista-pesquisadora do <em>The Ryoichi Sasakawa Young Leaders Fellowship Fund<\/em> (Sylff) e uma das selecionadas para o interc\u00e2mbio cultural <em>Juntos!! Japan-Latin America and the Caribbean Exchange Program<\/em>, realizado pela<em> Japan International Cooperation Center <\/em>(JICE) em 2017.<\/p>\n<p><strong>CONTATO<br \/>\n<\/strong>E-mail: <a href=\"mailto:laisbelini@gmail.com\">laisbelini@gmail.com<\/a><\/p>\n<p><strong>RESUMO<br \/>\n<\/strong>O livro<em> Toward the Abe Statement on the 70th Anniversary of the End of World War II: Lessons From the 20th Century and a Vision for the 21st Century for Japan<\/em> transcreve o conte\u00fado discutido nas sete reuni\u00f5es que ocorreram entre fevereiro e junho de 2015, evento esse intitulado de <em>Painel consultivo sobre a hist\u00f3ria do s\u00e9culo XX e sobre o papel do Jap\u00e3o e da ordem mundial no s\u00e9culo XXI<\/em>. Essa cerim\u00f4nia foi realizada com o objetivo de explorar as quest\u00f5es-chave contempor\u00e2neas a serem consideradas pelo ent\u00e3o Primeiro-Ministro, Shinzo Abe, ao formular suas futuras declara\u00e7\u00f5es oficiais, al\u00e9m de ser uma excelente introdu\u00e7\u00e3o para compreender quais s\u00e3o os lit\u00edgios pol\u00edticos que o Jap\u00e3o ter\u00e1 que lidar nas pr\u00f3ximas d\u00e9cadas.<\/p>\n<h4><a href=\"https:\/\/fjsp.org.br\/fjsp\/toward-the-abe-statement-on-70th-anniversary-of-the-end-of-world-war-ii\/\"><strong>Leia a resenha &gt;<\/strong><\/a><\/h4>\n<p>&nbsp;<\/p>\n<hr \/>\n<p><img loading=\"lazy\" decoding=\"async\" class=\"img-responsive alignnone wp-image-10780\" src=\"https:\/\/fjsp.org.br\/fjsp\/wp-content\/uploads\/2020\/05\/capa-japaninasia.jpg\" alt=\"\" width=\"215\" height=\"343\" \/><\/p>\n<p>TANAKA, Akihiko. <strong>Japan in Asia:<\/strong> Post-Cold-War Diplomacy. Tradu\u00e7\u00e3o Jean Connell Hoff. T\u00f3quio: Japan Publishing Industry Foundation for Culture, 2017. 464 p.<\/p>\n<p>&nbsp;<\/p>\n<p><strong>ERNANI ODA<br \/>\n<\/strong>Formado em direito pela Universidade de S\u00e3o Paulo, tem mestrado e doutorado em sociologia pela Universidade de Kyoto. \u00c9 pesquisador do NUPRI (N\u00facleo de Pesquisa em Rela\u00e7\u00f5es Internacionais) da Universidade de S\u00e3o Paulo.<\/p>\n<p><strong>CONTATO<br \/>\n<\/strong>E-mail: <a href=\"mailto:ernanioda@yahoo.com.br\">ernanioda@yahoo.com.br<\/a><\/p>\n<p><strong>RESUMO<br \/>\n<\/strong>Al\u00e9m de trazer um bom panorama das rela\u00e7\u00f5es diplom\u00e1ticas do Jap\u00e3o na \u00c1sia desde a d\u00e9cada de 1970, o livro de Akihiko Tanaka tamb\u00e9m oferece aos leitores que n\u00e3o dominam o idioma japon\u00eas a oportunidade de tomar contato com o trabalho de um dos mais renomados internacionalistas japoneses da atualidade, com uma longa carreira acad\u00eamica desenvolvida na Universidade de T\u00f3quio e no National Graduate Institute for Policy Studies (GRIPS). Trata-se da tradu\u00e7\u00e3o para o ingl\u00eas de uma obra publicada originalmente em 2007, mas para esta edi\u00e7\u00e3o o autor redigiu cap\u00edtulos adicionais discutindo quest\u00f5es mais recentes, at\u00e9 cerca de 2015.<\/p>\n<h4><a href=\"https:\/\/fjsp.org.br\/fjsp\/japan-in-asia\/\"><strong>Leia a resenha &gt;<\/strong><\/a><\/h4>\n<p>&nbsp;<\/p>\n<hr \/>\n<h4><img loading=\"lazy\" decoding=\"async\" class=\"img-responsive alignnone wp-image-10781\" src=\"https:\/\/fjsp.org.br\/fjsp\/wp-content\/uploads\/2020\/05\/capa-japansquest.jpg\" alt=\"\" width=\"215\" height=\"376\" \/><\/h4>\n<p>MIYAGI, Taizo. <strong>Japan\u2019s Quest for Stability in Southeast Asia:<\/strong> Navigating the Turning Points in Postwar Asia. Traduzido por Midori Hanabusa. Abingdon: Routledge, 2018. 134 p.<\/p>\n<p>&nbsp;<\/p>\n<p><strong>HENOCH GABRIEL MANDELBAUM<br \/>\n<\/strong>Mestrando em Ci\u00eancia Pol\u00edtica da Universidade de S\u00e3o Paulo (USP). Integra o Grupo de Estudos sobre a \u00c1sia (GEASIA), do N\u00facleo de Pesquisa em Rela\u00e7\u00f5es Internacionais da Universidade de S\u00e3o Paulo (NUPRI-USP). Membro da Midwest Political Science Association (MPSA).<\/p>\n<p><strong>CONTATO<br \/>\n<\/strong>E-mail: <a href=\"mailto:henoch@usp.br\">henoch@usp.br<\/a><strong><br \/>\n<\/strong><\/p>\n<p><strong>RESUMO<br \/>\n<\/strong>O livro procura responder \u00e0 quest\u00e3o acerca da forma como a \u00c1sia, um continente moldado por movimentos pr\u00f3-independ\u00eancia, revolu\u00e7\u00f5es e guerras civis durante a Guerra Fria, converteu-se na regi\u00e3o economicamente mais din\u00e2mica do planeta. Para faz\u00ea-lo, o autor analisa a hist\u00f3ria da \u00c1sia mar\u00edtima desde 1945, conferindo especial aten\u00e7\u00e3o \u00e0s rela\u00e7\u00f5es entre o Jap\u00e3o e o Sudeste Asi\u00e1tico no contexto das transforma\u00e7\u00f5es do cen\u00e1rio internacional no per\u00edodo: a estrat\u00e9gia dos Estados Unidos da Am\u00e9rica durante a Guerra Fria, a dissolu\u00e7\u00e3o do Imp\u00e9rio Brit\u00e2nico na \u00c1sia e a ascens\u00e3o da China.<\/p>\n<h4><a href=\"https:\/\/fjsp.org.br\/fjsp\/japans-quest-for-stability-in-southeast-asia\/\"><strong>Leia a resenha &gt;<\/strong><\/a><\/h4>\n<p>&nbsp;<\/p>\n","protected":false},"excerpt":{"rendered":"<p>Rela\u00e7\u00f5es Internacionais A Funda\u00e7\u00e3o Jap\u00e3o em S\u00e3o Paulo, em parceria com o Grupo de Estudos sobre \u00c1sia (Geasia) do N\u00facleo de Pesquisa em Rela\u00e7\u00f5es Internacionais da Universidade de S\u00e3o Paulo (NUPRI-USP) e coordena\u00e7\u00e3o do Prof. Dr. Alexandre Ratsuo Uehara, apresenta o Projeto de Resenhas Cr\u00edticas em Estudos Japoneses. O projeto ser\u00e1 composto pela divulga\u00e7\u00e3o de [&hellip;]<\/p>\n","protected":false},"author":33,"featured_media":0,"parent":0,"menu_order":0,"comment_status":"closed","ping_status":"closed","template":"","meta":{"_acf_changed":false,"footnotes":""},"class_list":["post-10747","page","type-page","status-publish","hentry"],"acf":[],"_links":{"self":[{"href":"https:\/\/fjsp.org.br\/fjsp\/wp-json\/wp\/v2\/pages\/10747","targetHints":{"allow":["GET"]}}],"collection":[{"href":"https:\/\/fjsp.org.br\/fjsp\/wp-json\/wp\/v2\/pages"}],"about":[{"href":"https:\/\/fjsp.org.br\/fjsp\/wp-json\/wp\/v2\/types\/page"}],"author":[{"embeddable":true,"href":"https:\/\/fjsp.org.br\/fjsp\/wp-json\/wp\/v2\/users\/33"}],"replies":[{"embeddable":true,"href":"https:\/\/fjsp.org.br\/fjsp\/wp-json\/wp\/v2\/comments?post=10747"}],"version-history":[{"count":3,"href":"https:\/\/fjsp.org.br\/fjsp\/wp-json\/wp\/v2\/pages\/10747\/revisions"}],"predecessor-version":[{"id":10849,"href":"https:\/\/fjsp.org.br\/fjsp\/wp-json\/wp\/v2\/pages\/10747\/revisions\/10849"}],"wp:attachment":[{"href":"https:\/\/fjsp.org.br\/fjsp\/wp-json\/wp\/v2\/media?parent=10747"}],"curies":[{"name":"wp","href":"https:\/\/api.w.org\/{rel}","templated":true}]}}