{"id":10753,"date":"2020-05-28T03:54:44","date_gmt":"2020-05-28T06:54:44","guid":{"rendered":"https:\/\/fjsp.org.br\/fjsp\/?page_id=10753"},"modified":"2020-06-01T15:23:31","modified_gmt":"2020-06-01T18:23:31","slug":"fifteen-lectures-on-showa-japan","status":"publish","type":"page","link":"https:\/\/fjsp.org.br\/fjsp\/fifteen-lectures-on-showa-japan\/","title":{"rendered":"Fifteen Lectures on Showa Japan"},"content":{"rendered":"<p>A presente edi\u00e7\u00e3o organizada em quinze temas, parte das diferentes percep\u00e7\u00f5es de eventos que se tornaram focos de problemas diplom\u00e1ticos do Jap\u00e3o com a China, Estados Unidos e Coreia. Entre os pesquisadores h\u00e1 uma vis\u00e3o fragmentada dos eventos em virtude das especializa\u00e7\u00f5es de cada um tornando dif\u00edcil o di\u00e1logo entre os autores que pesquisam eventos do in\u00edcio da Era Showa e os que pesquisam seus \u00faltimos anos. Muitas publica\u00e7\u00f5es simplistas, classificadas como \u201cpublica\u00e7\u00f5es irrespons\u00e1veis\u201d e \u201cperigosas\u201d, continuam a repetir erros passados sem a revis\u00e3o necess\u00e1ria das pesquisas recentes.<\/p>\n<p>&nbsp;<\/p>\n<p><strong>Watanabe Kota<\/strong>\u00a0faz uma an\u00e1lise alternativa do sistema resultante do\u00a0<strong><em>Tratado Naval de Washington<\/em><\/strong>\u00a0finalizado em 1922 e a chamada \u201cNova diplomacia\u201d liderada pelo ent\u00e3o ministro das rela\u00e7\u00f5es exteriores Shideraha Kijuro. Na tentativa de reduzir a corrida armamentista, o tratado visava restringir a capacidade ou tonelagem dos navios de Guerra das pot\u00eancias. O colapso do balan\u00e7o de poder gerado pela Primeira Guerra mundial e a rejei\u00e7\u00e3o da antiga diplomacia marcada pela competi\u00e7\u00e3o das pot\u00eancias pelos seus dom\u00ednios coloniais e segredos diplom\u00e1ticos passariam a ser impulsionadas por um internacionalismo ideal\u00edstico propugnado inicialmente por Woodrow Wilson, Presidente dos Estados Unidos. Shidehara liderou a revis\u00e3o dos tratados desiguais impostos anteriormente ao Jap\u00e3o, fomentou uma rela\u00e7\u00e3o est\u00e1vel com a China e buscou manter uma posi\u00e7\u00e3o politicamente neutra, apesar das press\u00f5es internas e das diferentes percep\u00e7\u00f5es sobre a situa\u00e7\u00e3o na China. Muitos defendiam o envio de tropas japonesas para conter o avan\u00e7o do nacionalismo e a amea\u00e7a aos interesses e cidad\u00e3os japoneses na regi\u00e3o. Shidehara manteve o foco na para manter a pol\u00edtica de n\u00e3o interfer\u00eancia nos assuntos internos da China. No entanto, as mudan\u00e7as no cen\u00e1rio internacional e a oposi\u00e7\u00e3o interna dos burocratas levaram ao fim desse modelo diplom\u00e1tico.<\/p>\n<p>&nbsp;<\/p>\n<p><strong>Koyama Toshiki<\/strong>\u00a0trata da\u00a0<strong><em>promulga\u00e7\u00e3o da lei das elei\u00e7\u00f5es gerais e o come\u00e7o dos partidos pol\u00edticos<\/em><\/strong>\u00a0a partir do segundo movimento em defesa da Constitui\u00e7\u00e3o marco da d\u00e9cada de 1920. A defesa do sufr\u00e1gio universal, com os limites de ent\u00e3o, serviu de bandeira para garantir a participa\u00e7\u00e3o popular nos rumos do governo de modo a n\u00e3o se restringir a elite. O cen\u00e1rio interno foi marcado pelo surgimento de v\u00e1rios movimentos populares de inspira\u00e7\u00e3o socialista al\u00e9m da crescente influ\u00eancia da m\u00eddia contra os pol\u00edticos com a exposi\u00e7\u00e3o dos esc\u00e2ndalos de corrup\u00e7\u00e3o e o fortalecimento da imagem do Imperador. O relaxamento tempor\u00e1rio das tens\u00f5es internacionais e as press\u00f5es por austeridade fiscal levaram \u00e0 diminui\u00e7\u00e3o da influ\u00eancia dos militares e o fortalecimento de dois partidos pol\u00edticos que contavam com o suporte das grandes corpora\u00e7\u00f5es \u2013\u00a0<em>zaibatsu<\/em>. No entanto, tais partidos inclu\u00edam uma grande diversidade de fac\u00e7\u00f5es internas que tornariam a governabilidade imposs\u00edvel nos anos seguintes. Esse can\u00e1rio se agravou ainda mais com as viola\u00e7\u00f5es das regras eleitorais no sufr\u00e1gio de 1928 deixando uma imagem negativa dos partidos. A grande depress\u00e3o econ\u00f4mica mundial do ano seguinte aumentou a desilus\u00e3o do povo japon\u00eas que come\u00e7ou a acreditar mais nos rumos desejados pelos militares.<\/p>\n<p>&nbsp;<\/p>\n<p><strong>Iechika Ryoko<\/strong>\u00a0descreve\u00a0<em>a\u00a0<strong>expedi\u00e7\u00e3o ao Norte da China e o assassinato de Zhang Zuolin<\/strong><\/em>. A Revolu\u00e7\u00e3o Xinhai tinha posto um fim ao governo da Dinastia Quing. Por\u00e9m, o cen\u00e1rio inicial para a forma\u00e7\u00e3o de uma rep\u00fablica era bastante complicado pelas diferen\u00e7as de entendimento entre os tr\u00eas principais grupos revolucion\u00e1rios. Al\u00e9m da defesa da distribui\u00e7\u00e3o de terra entre o povo, tamb\u00e9m come\u00e7a a se levantar a bandeira da expuls\u00e3o dos estrangeiros que detinham v\u00e1rias \u00e1reas do pa\u00eds, sob as quais tinham jurisdi\u00e7\u00e3o pr\u00f3prias. As divis\u00f5es internas, favoreceram o fortalecimento do controle japon\u00eas na regi\u00e3o da Manch\u00faria baseada nos acordos internacionais vigentes. No entanto, o incidente de Nanjing em 1927 come\u00e7ava a p\u00f4r em risco os interesses do Reino Unido, dos Estados Unidos e do Jap\u00e3o. A press\u00e3o dos militares junto ao novo gabinete liderado por Tanaka Giichi resultou em uma pol\u00edtica mais agressiva suplantando a diplomacia de n\u00e3o interven\u00e7\u00e3o defendida por Shidehara. O crescimento da oposi\u00e7\u00e3o aos japoneses e o avan\u00e7o do comunismo levaram a expedi\u00e7\u00e3o ao norte da China na tentativa de defender os investimentos japoneses na regi\u00e3o. O come\u00e7o das a\u00e7\u00f5es militares do Jap\u00e3o foi seguido pelo assassinato do Zhang Zuolin, l\u00edder chin\u00eas na regi\u00e3o que passou a ser visto como obst\u00e1culo. A explos\u00e3o do trem em Huanggutun planejada e executada por oficiais japoneses resultou na unifica\u00e7\u00e3o dos nacionalistas e comunistas chineses que passaram a representar amea\u00e7a aos interesses japoneses na Manch\u00faria e na Mong\u00f3lia.<\/p>\n<p>&nbsp;<\/p>\n<p><strong>Hatano Isamu<\/strong>\u00a0analisa a\u00a0<strong><em>Confer\u00eancia Naval de Londres<\/em><\/strong>\u00a0partindo do fracasso do Tratado de Washington em nova tentativa de restringir o crescente armamento naval das pot\u00eancias. Apesar da oposi\u00e7\u00e3o da Marinha Imperial, o Jap\u00e3o assinou o tratado em 1930 se comprometendo com as exig\u00eancias de p\u00f4r uma pausa no fortalecimento de sua frota. Internamente, as diverg\u00eancias de posi\u00e7\u00f5es levariam a v\u00e1rias disputas pol\u00edticas que terminaram em assassinatos e planos de golpes que marcaram a d\u00e9cada de 1930. Apesar dos limites impostos \u00e0 constru\u00e7\u00e3o naval, o aumento do seu or\u00e7amento militar representou um ganho para a influ\u00eancia dos militares que passaram a ditar os rumos das a\u00e7\u00f5es na Manch\u00faria em detrimento das medidas diplom\u00e1ticas adotadas. O autor finaliza mostrando como as diferen\u00e7as de vis\u00e3o, os erros de estrat\u00e9gias e a falta de comunica\u00e7\u00e3o entre os principais atores internos levar<span style=\"text-decoration: line-through;\">i<\/span>am o Jap\u00e3o a entrar em novos conflitos b\u00e9licos.<\/p>\n<p>&nbsp;<\/p>\n<p><strong>Tohmatsu Haruo<\/strong>\u00a0aborda o\u00a0<strong><em>Incidente da Manch\u00faria<\/em><\/strong>\u00a0e a consequente sa\u00edda do Jap\u00e3o da Ligas das Na\u00e7\u00f5es. O envolvimento do Jap\u00e3o na regi\u00e3o da Manch\u00faria tinha come\u00e7ado com a Guerra Russo-japonesa sendo aos poucos assumida como parte informal do imp\u00e9rio. Paralelamente, o conflito Sino-Sovi\u00e9tico de 1929 terminou com o controle sovi\u00e9tico e a instala\u00e7\u00e3o de um governo fantoche na regi\u00e3o da Mong\u00f3lia. O Jap\u00e3o fortaleceu a presen\u00e7a militar e instalou Estado Sat\u00e9lite da Manch\u00faria vista como \u201csalva\u00e7\u00e3o\u201d para a recess\u00e3o que o pa\u00eds enfrentava.\u00a0 A Rep\u00fablica da China fez uma reclama\u00e7\u00e3o formal \u00e0 Liga das Na\u00e7\u00f5es que enviou uma delega\u00e7\u00e3o para averiguar a situa\u00e7\u00e3o que declarou a situa\u00e7\u00e3o como \u201clegal e politicamente problem\u00e1tica\u201d para os dois lados. No entanto, a press\u00e3o interna no Jap\u00e3o levou ao acirramento da situa\u00e7\u00e3o tornando o novo Estado um Protetorado japon\u00eas e a sa\u00edda da Liga das Na\u00e7\u00f5es, sinal do fortalecimento do poder militar em detrimento das negocia\u00e7\u00f5es diplom\u00e1ticas.<\/p>\n<p>&nbsp;<\/p>\n<p><strong>Shibata Shin\u2019ichi<\/strong>\u00a0aborda as discuss\u00f5es em torno da\u00a0<strong><em>teoria sobre o Imperador como um \u00f3rg\u00e3o<\/em><\/strong>\u00a0(<em>Tenno kikantsu jiken<\/em>). A teoria proposta por Minobe Tatsukichi buscava tornar compat\u00edvel a imagem do imperador com a democracia expressa na Constitui\u00e7\u00e3o, definindo-o como \u00f3rg\u00e3o supremo do Estado. No entanto, de uma discuss\u00e3o te\u00f3rica passou-se a um incidente pol\u00edtico, uma vez que burocratas e militares defendiam a imagem do Imperador como superior ou \u201cdivino\u201d. As organiza\u00e7\u00f5es ultra-nacionalistas se mobilizaram contra a teoria condenando-a apesar do pr\u00f3prio imperador se mostrar favor\u00e1vel \u00e0 teoria. Os livros que tratavam da mesma foram banidos e os que a defendiam foram tirados de seus postos de trabalho. O autor mostra como a afirma\u00e7\u00e3o da autoridade suprema e m\u00edstica do imperador, levou tamb\u00e9m aos abusos por parte de burocratas e militares dessa autoridade divinizada.<\/p>\n<p>&nbsp;<\/p>\n<p><strong>Tsutsui Kiyotada<\/strong>\u00a0versa sobre o\u00a0<strong><em>movimento ultranacionalista<\/em><\/strong>\u00a0(<em>cho-kokkashugi<\/em>) e do <strong><em>incidente de 26 de fevereiro<\/em><\/strong>\u00a0de 1936 com a tentativa de Golpe de Estado. A tentativa de assassinato do Primeiro Ministro Okada e do Ministro das Finan\u00e7as Takahashi Korekiyo visava neutralizar todos os que pudessem ser obst\u00e1culo para a fac\u00e7\u00e3o\u00a0<em>Kodoha<\/em>. Essa buscava reagir ao fortalecimento da\u00a0<em>Toseiha<\/em>, outra fac\u00e7\u00e3o que defendia o maior controle do Estado sobre o capital. Seguindo as ideias de Kita Ikki, entre outros socialistas, muitos jovens militares decepcionados com a corrup\u00e7\u00e3o dos pol\u00edticos acreditavam em uma sociedade mais igualit\u00e1ria. Uma vez que se eliminasse os privil\u00e9gios da elite japonesa, o pa\u00eds poderia liderar a luta pela liberta\u00e7\u00e3o dos demais pa\u00edses da regi\u00e3o do dom\u00ednio colonial. Embora o golpe n\u00e3o se tenha concretizado, e as fac\u00e7\u00f5es enfraquecidas, o assassinato do Ministro das finan\u00e7as deixou o espa\u00e7o aberto para o aumento da influ\u00eancia dos militares de inspira\u00e7\u00e3o ultranacionalista. Todavia, assumiram o discurso de liberta\u00e7\u00e3o da \u00c1sia dos dom\u00ednios coloniais.<\/p>\n<p>&nbsp;<\/p>\n<p><strong>Iwatani Nobu<\/strong>\u00a0explana o\u00a0<strong><em>Incidente da Ponte Marco Polo<\/em><\/strong>. A atmosfera amig\u00e1vel entre japoneses e chineses do in\u00edcio da d\u00e9cada de 1930, come\u00e7ou a mudar com o avan\u00e7o comunista na China e o fortalecimento dos ultranacionalistas no Jap\u00e3o. Em 1937, com o aumento das tens\u00f5es, as desconfian\u00e7as de ataque eminente deixavam os dois lados em alerta. Alguns tiros e o desaparecimento tempor\u00e1rio de um soldado japon\u00eas resultaram em um combate inicial de duas horas. O incidente local, apaziguado com um cessar fogo, foi o suficiente para fomentar mais desconfian\u00e7as m\u00fatuas. Falhas de comunica\u00e7\u00e3o entre as tropas chinesas dividas em seu comando levaram a um <em>ultimatum<\/em> das tropas japonesas sem que o cessar-fogo acordado fosse conhecido. Embora a diplomacia japonesa defendesse que a evacua\u00e7\u00e3o dos civis japoneses e sua posterior indeniza\u00e7\u00e3o pelos danos seria menos custosa que a guerra, a press\u00e3o interna com o aumento do poder dos militares levou a deflagra\u00e7\u00e3o do segundo conflito Sino-Japon\u00eas.<\/p>\n<p>&nbsp;<\/p>\n<p><strong>Tobe Ryoichi<\/strong>\u00a0aprofunda o tema da\u00a0<strong><em>Guerra Sino-japonesa<\/em><\/strong>\u00a0e a declara\u00e7\u00e3o do projeto de uma\u00a0<strong><em>Nova Ordem para o Extremo-Oriente<\/em><\/strong>. O esclarecimento inicial que a n\u00e3o declara\u00e7\u00e3o oficial do estado de guerra entre os dois pa\u00edses do ponto de vista da lei internacional \u00e9 relevante para o debate sobre onde estaria de fato o come\u00e7o da II Guerra Mundial. As tentativas de negocia\u00e7\u00f5es diplom\u00e1ticas logo foram deixadas de lado pelas a\u00e7\u00f5es militares com a pol\u00edtica de expans\u00e3o cada vez mais agressiva indo ao limite da capacidade japonesa. Internamente, no entanto, os cidad\u00e3os japoneses precisaram ser convencidos das motiva\u00e7\u00f5es para continua\u00e7\u00e3o do conflito. Para tanto, o discurso da implanta\u00e7\u00e3o de uma Nova Ordem pol\u00edtica, econ\u00f4mica e cultural na \u00c1sia liderada pelo Jap\u00e3o garantiu o apoio necess\u00e1rio. As tropas japonesas venceram quase todas as batalhas travadas, mas n\u00e3o eram suficientes para impor a submiss\u00e3o aos chineses gerando um impasse dois lados e ao prolongamento do conflito. Em 1939, com o in\u00edcio da II Guerra Mundial na Europa, o foco do Jap\u00e3o se voltou para o Sudeste Asi\u00e1tico encampando de vez o discurso de combate \u00e0s pot\u00eancias coloniais ocidentais.<\/p>\n<p>&nbsp;<\/p>\n<p><strong>Hanada Tomoyuki<\/strong>\u00a0trata do\u00a0<strong><em>Nomonhan Incidente<\/em><\/strong>\u00a0que levou ao Pacto de neutralidade Sovi\u00e9tico-japon\u00eas em vigor at\u00e9 os \u00faltimos dias da II Guerra Mundial. O dom\u00ednio japon\u00eas na Manch\u00faria e o sovi\u00e9tico na Mong\u00f3lia punha os dois pa\u00edses em constante tens\u00e3o. Apesar dos incidentes pelos limites territoriais, os dois pa\u00edses firmaram um pacto de n\u00e3o agress\u00e3o. Isso permitiu manter o territ\u00f3rio conquistado ao norte e avan\u00e7ar para o Sul com a deflagra\u00e7\u00e3o da Guerra do Pac\u00edfico.<\/p>\n<p>&nbsp;<\/p>\n<p><strong>Takeda Tomoki<\/strong>\u00a0aborda a\u00a0<strong><em>Alian\u00e7a entre Jap\u00e3o, Alemanha e It\u00e1lia<\/em><\/strong>\u00a0mais conhecida como Pacto anti-comintern. O complicado cen\u00e1rio internacional dos anos 1930 apresentava in\u00fameros desafios \u00e0 diplomacia de todos os pa\u00edses. Tanto a Alemanha quanto o Jap\u00e3o tinham interesse em diminuir a influ\u00eancia Brit\u00e2nica na \u00c1sia. Apesar de ter treinado boa parte dos soldados chineses, a Alemanha favoreceu a aproxima\u00e7\u00e3o com o Jap\u00e3o. O ponto comum da \u201cdiplomacia anticomunista\u201d agregou tamb\u00e9m a It\u00e1lia, por\u00e9m era marcado por desconfian\u00e7as constantes, diferen\u00e7as de interpreta\u00e7\u00f5es, percep\u00e7\u00f5es e estrat\u00e9gias entre seus signat\u00e1rios<strong>.\u00a0<\/strong><\/p>\n<p><strong>\u00a0<\/strong><\/p>\n<p><strong>Makino Kuniaki<\/strong>\u00a0ocupa-se da\u00a0<strong><em>Nova Ordem<\/em><\/strong>\u00a0defendida pelos\u00a0<strong><em>Burocratas reformistas do segundo gabinete Konoe<\/em>.<\/strong>\u00a0O v\u00e1cuo de poder interno e o isolamento internacional do Jap\u00e3o permitiram a volta de Konoe Fumimaro como Primeiro Ministro. Dessa vez, era apoiado por um grupo de burocratas reformistas que defendiam a separa\u00e7\u00e3o entre o capital e administra\u00e7\u00e3o com maior controle do Estado. Os oponentes dessa pol\u00edtica, a acusavam de comunista e levantavam a bandeira de defesa da Constitui\u00e7\u00e3o. O resulto desse per\u00edodo foi uma pol\u00edtica de consumo que permaneceu como aprendizado ajudando a mover a economia no p\u00f3s-Guerra.<\/p>\n<p>&nbsp;<\/p>\n<p><strong>Moriyama Atsushi<\/strong>\u00a0apresenta\u00a0<strong><em>as negocia\u00e7\u00f5es entre os Estados Unidos e o Jap\u00e3o at\u00e9 deflagra\u00e7\u00e3o da Guerra do Pac\u00edfico<\/em><\/strong>. A expira\u00e7\u00e3o do Tratado de Com\u00e9rcio e Navega\u00e7\u00e3o entre os dois pa\u00edses em 1940 e as considera\u00e7\u00f5es sobre o balan\u00e7o de poder na regi\u00e3o, levaram os Estados Unidos a se afastar do Jap\u00e3o impondo embargos que afetaram sua navega\u00e7\u00e3o e a avia\u00e7\u00e3o de guerra. A diplomacia japonesa \u00e9 apontada como respons\u00e1vel pelo mau direcionamento e por sabotagens das negocia\u00e7\u00f5es. Al\u00e9m disso, as dificuldades de entendimento entre o ex\u00e9rcito e marinha pioraram o cen\u00e1rio. As interpreta\u00e7\u00f5es dos pesquisadores no desenrolar dessas negocia\u00e7\u00f5es s\u00e3o variadas. Moriyama, destaca que a oposi\u00e7\u00e3o brit\u00e2nica e chinesa a um poss\u00edvel acordo entre Jap\u00e3o e Estados Unidos foi um fator relevante; outro fato destacado \u00e9 que ambos os lados, tentavam ganhar tempo com as negocia\u00e7\u00f5es enquanto se preparavam para a Guerra que se mostrava inevit\u00e1vel. Os v\u00e1rios elementos levantados pelos especialistas sobre as poss\u00edveis conspira\u00e7\u00f5es dif\u00edceis de serem provadas, apontam mais para a possibilidade de que os Estados Unidos teriam desistido de usar as negocia\u00e7\u00f5es deixando ao Jap\u00e3o a oportunidade de iniciar as hostilidades. Fica ainda a quest\u00e3o: at\u00e9 onde tinham conhecimento dos planos japoneses?<\/p>\n<p>&nbsp;<\/p>\n<p><strong>Suzuki Tamon<\/strong>\u00a0aborda\u00a0<em>a\u00a0<strong>\u201cdecis\u00e3o sagrada\u201d do imperador <\/strong><\/em><strong><em>para a rendi\u00e7\u00e3o do Jap\u00e3o<\/em><\/strong>\u00a0ap\u00f3s os ataques de Hiroshima e Nagasaki. O cen\u00e1rio de guerra apontava para uma invas\u00e3o por terra do territ\u00f3rio japon\u00eas. Antes, por\u00e9m, a declara\u00e7\u00e3o de Potsdam exigindo a rendi\u00e7\u00e3o incondicional do pa\u00eds foi entregue em 27 de julho de 1945. A declara\u00e7\u00e3o \u201cignorada\u201d incialmente pelo Premier, foi seguido pelo bombardeio de Hiroshima em 6 de agosto e de Nagasaki tr\u00eas dias ap\u00f3s. Concomitantemente, a Uni\u00e3o Sovi\u00e9tica declarou guerra pondo fim ao pacto de n\u00e3o agress\u00e3o com o Jap\u00e3o. O autor destaca os desgastes psicol\u00f3gicos resultantes dos cen\u00e1rios catastr\u00f3ficos que se projetavam levou a tomada de consci\u00eancia dos fatos por partes das autoridades. O primeiro Ministro Suzuki teria declarado: \u201cA entrada dos militares na esfera pol\u00edtica \u00e9 o come\u00e7o da ru\u00edna de um pa\u00eds\u201d (p. 259). No entanto, a falta de consenso entre os militares e os riscos de um golpe, levantam o Imperador a tomar as decis\u00f5es sagradas (<em>seidan<\/em>) que permitiriam a rendi\u00e7\u00e3o \u201cincondicional\u201d. Apesar disso, foi poss\u00edvel manter as prerrogativas de soberano do pa\u00eds. O autor destaca a import\u00e2ncia do papel pol\u00edtico que o imperador tinha e sua responsabilidade na tomada de decis\u00f5es crucias como esta, ponto de muita diverg\u00eancia pol\u00edtica e de discuss\u00f5es acad\u00eamicas ainda hoje. Entre as quest\u00f5es ainda em debate, est\u00e1 a pergunta sobre qual evento teria sido decisivo para a rendi\u00e7\u00e3o: as bombas at\u00f4micas ou a entrada da Uni\u00e3o Sovi\u00e9tica no conflito?<\/p>\n<p>&nbsp;<\/p>\n<p><strong>Iguchi Haruo<\/strong>\u00a0tra\u00e7a o\u00a0<strong><em>cen\u00e1rio internacional por tr\u00e1s da pol\u00edtica de ocupa\u00e7\u00e3o do Jap\u00e3o<\/em><\/strong>. O autor parte do questionamento sobre as raz\u00f5es que possibilitaram a recupera\u00e7\u00e3o econ\u00f4mica do pa\u00eds nos anos p\u00f3s-guerra. Para al\u00e9m dos fatores internos destaca o cen\u00e1rio pol\u00edtico internacional como parte das raz\u00f5es que levaram os Estados unidos a favorecer o Jap\u00e3o a partir de 1948. O enfraquecimento do governo nacionalista chin\u00eas e a alian\u00e7a entre os comunistas chineses e sovi\u00e9ticos, aumentaram a percep\u00e7\u00e3o de perigo em rela\u00e7\u00e3o ao crescente poder da Uni\u00e3o Sovi\u00e9tica. Com isso, o Jap\u00e3o passou a ser visto como \u00fatil aos interesses norte-americanos na regi\u00e3o. Apesar das hesita\u00e7\u00f5es locais, a pol\u00edtica externa estadunidense ajudou o Jap\u00e3o a aceitar investimentos estrangeiros. A guerra da Coreia, por sua vez, permitiu a recupera\u00e7\u00e3o da ind\u00fastria qu\u00edmica japonesa entre outras. Essas mudan\u00e7as permitiram a assinatura do Tratado de Paz de S\u00e3o Francisco e, posteriormente, a permiss\u00e3o para a organiza\u00e7\u00e3o das For\u00e7as de Autodefesa do Jap\u00e3o.<\/p>\n<p>&nbsp;<\/p>\n<p>Estas \u201cli\u00e7\u00f5es\u201d ajudam tanto o pesquisador quanto o leitor comum a ter uma vis\u00e3o geral da Era Showa e dos diferentes cen\u00e1rios e motiva\u00e7\u00f5es que levaram o Jap\u00e3o a se lan\u00e7ar em v\u00e1rios conflitos b\u00e9licos e a tr\u00e1gica derrota que deixaram profundas marcas ainda presentes no imagin\u00e1rio japon\u00eas. Al\u00e9m de reunir historiadores que conhecem profundamente os temas abordados, h\u00e1 no final de cada cap\u00edtulo uma lista de outras obras para o aprofundamento da quest\u00e3o analisada. Leitura valiosa para quem busca entender a hist\u00f3ria do Jap\u00e3o e parte da problem\u00e1tica contempor\u00e2nea de sua pol\u00edtica externa no Sudeste Asi\u00e1tico.<\/p>\n","protected":false},"excerpt":{"rendered":"<p>A presente edi\u00e7\u00e3o organizada em quinze temas, parte das diferentes percep\u00e7\u00f5es de eventos que se tornaram focos de problemas diplom\u00e1ticos do Jap\u00e3o com a China, Estados Unidos e Coreia. Entre os pesquisadores h\u00e1 uma vis\u00e3o fragmentada dos eventos em virtude das especializa\u00e7\u00f5es de cada um tornando dif\u00edcil o di\u00e1logo entre os autores que pesquisam eventos [&hellip;]<\/p>\n","protected":false},"author":33,"featured_media":0,"parent":0,"menu_order":0,"comment_status":"closed","ping_status":"closed","template":"","meta":{"_acf_changed":false,"footnotes":""},"class_list":["post-10753","page","type-page","status-publish","hentry"],"acf":[],"_links":{"self":[{"href":"https:\/\/fjsp.org.br\/fjsp\/wp-json\/wp\/v2\/pages\/10753","targetHints":{"allow":["GET"]}}],"collection":[{"href":"https:\/\/fjsp.org.br\/fjsp\/wp-json\/wp\/v2\/pages"}],"about":[{"href":"https:\/\/fjsp.org.br\/fjsp\/wp-json\/wp\/v2\/types\/page"}],"author":[{"embeddable":true,"href":"https:\/\/fjsp.org.br\/fjsp\/wp-json\/wp\/v2\/users\/33"}],"replies":[{"embeddable":true,"href":"https:\/\/fjsp.org.br\/fjsp\/wp-json\/wp\/v2\/comments?post=10753"}],"version-history":[{"count":2,"href":"https:\/\/fjsp.org.br\/fjsp\/wp-json\/wp\/v2\/pages\/10753\/revisions"}],"predecessor-version":[{"id":10830,"href":"https:\/\/fjsp.org.br\/fjsp\/wp-json\/wp\/v2\/pages\/10753\/revisions\/10830"}],"wp:attachment":[{"href":"https:\/\/fjsp.org.br\/fjsp\/wp-json\/wp\/v2\/media?parent=10753"}],"curies":[{"name":"wp","href":"https:\/\/api.w.org\/{rel}","templated":true}]}}