{"id":10759,"date":"2020-05-28T04:19:32","date_gmt":"2020-05-28T07:19:32","guid":{"rendered":"https:\/\/fjsp.org.br\/fjsp\/?page_id=10759"},"modified":"2020-05-28T11:59:34","modified_gmt":"2020-05-28T14:59:34","slug":"toward-the-abe-statement-on-70th-anniversary-of-the-end-of-world-war-ii","status":"publish","type":"page","link":"https:\/\/fjsp.org.br\/fjsp\/toward-the-abe-statement-on-70th-anniversary-of-the-end-of-world-war-ii\/","title":{"rendered":"Toward the Abe Statement on 70th Anniversary of the End of World War II"},"content":{"rendered":"<p><strong>AS QUEST\u00d5ES-CHAVE QUE ADVEM DO S\u00c9CULO XX E INFLUENCIAM OS DISCURSOS OFICIAIS JAPONESES NO S\u00c9CULO XXI<\/strong><\/p>\n<p>INTRODU\u00c7\u00c3O<\/p>\n<p>O livro<em> Toward the Abe Statement on the 70th Anniversary of the End of World War II: Lessons From the 20th Century and a Vision for the 21st Century for Japan<\/em> transcreve o conte\u00fado discutido nas sete reuni\u00f5es que ocorreram entre fevereiro e junho de 2015, evento esse intitulado de <em>Painel consultivo sobre a hist\u00f3ria do s\u00e9culo XX e sobre o papel do Jap\u00e3o e da ordem mundial no s\u00e9culo XXI<\/em>. Essa cerim\u00f4nia foi realizada com o objetivo de explorar as quest\u00f5es-chave contempor\u00e2neas a serem consideradas pelo ent\u00e3o Primeiro-Ministro, Shinzo Abe, ao formular suas futuras declara\u00e7\u00f5es oficiais, al\u00e9m de ser uma excelente introdu\u00e7\u00e3o para compreender quais s\u00e3o os lit\u00edgios pol\u00edticos que o Jap\u00e3o ter\u00e1 que lidar nas pr\u00f3ximas d\u00e9cadas.<\/p>\n<p>Participaram desse evento membros oficiais do governo japon\u00eas, bem como integrantes de v\u00e1rias gera\u00e7\u00f5es e campos de atua\u00e7\u00e3o diversos, incluindo acad\u00eamicos, jornalistas, empres\u00e1rios, entre outros; cujos t\u00f3picos de discuss\u00e3o situaram-se em cinco debates, que ser\u00e3o desenvolvidos a seguir. Al\u00e9m disso, ao final de cada discuss\u00e3o, h\u00e1 a reprodu\u00e7\u00e3o de v\u00e1rias perguntas realizadas em cada debate, em que podem ser constatadas as variadas quest\u00f5es relacionadas aos rumos que o pa\u00eds deve tomar, especialmente nos assuntos mais conflituosos, como a quest\u00e3o do artigo 9\u00ba da Constitui\u00e7\u00e3o Pacifista.<\/p>\n<p>&nbsp;<\/p>\n<p>O JAP\u00c3O DO S\u00c9CULO XX E SUAS EXPERI\u00caNCIAS PARA O FUTURO<\/p>\n<p>Inicialmente, as discuss\u00f5es se concentram nos aprendizados adquiridos pelo Jap\u00e3o ap\u00f3s o conturbado s\u00e9culo XX, uma era marcada pelo auge das pr\u00e1ticas colonizadoras provindas da Europa. O presidente da <em>Universidade Internacional do Jap\u00e3o<\/em>, Shinichi Kitaoka, aponta que a vit\u00f3ria conquistada pelo Jap\u00e3o na guerra sino-japonesa, torna-o igualmente um Estado colonizador, gra\u00e7as \u00e0s ideias de autarquia e do <em>Lebensraum<\/em> emergidas no \u00faltimo s\u00e9culo.<\/p>\n<p>Embora muitos pa\u00edses asi\u00e1ticos tenham se tornado independentes por meio das guerras realizadas pelo Jap\u00e3o entre 1930-1945, Kitaoka frisa que o pa\u00eds n\u00e3o estava interessado em libert\u00e1-los das influ\u00eancias externas (ocidente), mas que o expansionismo japon\u00eas se deu por v\u00e1rios outros fatores: foi aspirado por v\u00e1rios setores da sociedade, o posto de Primeiro-Ministro era uma institui\u00e7\u00e3o fr\u00e1gil a \u00e9poca, al\u00e9m disso, o Jap\u00e3o n\u00e3o possu\u00eda adequada liberdade de express\u00e3o. Conclui-se que a li\u00e7\u00e3o assimilada, ap\u00f3s o s\u00e9culo passado, \u00e9 a necessidade da manuten\u00e7\u00e3o de um sistema pol\u00edtico e econ\u00f4mico liberal para um futuro pr\u00f3spero e de paz ao Jap\u00e3o.<\/p>\n<p>J\u00e1 no segundo debate, as discuss\u00f5es se concentram sobre o comprometimento do pa\u00eds com a paz, o desenvolvimento econ\u00f4mico e as contribui\u00e7\u00f5es internacionais do Jap\u00e3o p\u00f3s-guerra. Primeiramente, o ent\u00e3o presidente da <em>Ag\u00eancia de Coopera\u00e7\u00e3o Internacional do Jap\u00e3o<\/em> (JICA), Akihiko Tanaka, aponta que o Jap\u00e3o p\u00f3s-guerra cursou um caminho que demonstra arrependimento com as a\u00e7\u00f5es praticadas pelo Jap\u00e3o Imperial, gra\u00e7as as repara\u00e7\u00f5es de guerra e coopera\u00e7\u00f5es internacionais (ODA), mas, sobretudo, que n\u00e3o h\u00e1 nenhum caso de a\u00e7\u00e3o militar agressiva nesses setenta anos ap\u00f3s o fim da Segunda Guerra Mundial.<\/p>\n<p>Ainda sobre esse tema, o presidente da <em>Okamoto Associates Inc., <\/em>Yukio Okamoto, disserta sobre os arranjos de seguran\u00e7a nos setenta anos ap\u00f3s o fim da Segunda Guerra Mundial. Segundo o orador, as <em>For\u00e7as de Autodefesa do Jap\u00e3o<\/em> necessitam, atualmente, de fortalecimento substancial, gra\u00e7as as altera\u00e7\u00f5es regionais. Tamb\u00e9m discorre sobre o <em>Acordo de Seguran\u00e7a entre Jap\u00e3o e Estados Unidos<\/em> (EUA) e a percep\u00e7\u00e3o de dissuas\u00e3o que cria \u00e0s outras na\u00e7\u00f5es, sendo, ent\u00e3o, imperativo manter rela\u00e7\u00f5es pr\u00f3ximas aos EUA para exibir consist\u00eancia defensiva \u00e0s na\u00e7\u00f5es vizinhas.<\/p>\n<p>Com rela\u00e7\u00e3o ao terceiro e quarto debates, h\u00e1 argumenta\u00e7\u00f5es sobre os setenta anos de reconcilia\u00e7\u00e3o com os Estados Unidos, Austr\u00e1lia, Europa, e \u00c1sia. Fumiaki Kubo, professor da Faculdade de Direito da <em>Universidade de T\u00f3quio<\/em>, concentra-se na reconcilia\u00e7\u00e3o realizada com os EUA, a qual demandou paci\u00eancia e compromisso dos dois lados, tanto na esfera pol\u00edtica quanto na p\u00fablica, uma vez que s\u00e3o um raro exemplo de oponentes que se tornaram aliados. V\u00e1rios fatores contribu\u00edram para essa alian\u00e7a: desmilitariza\u00e7\u00e3o e democratiza\u00e7\u00e3o do Jap\u00e3o, Guerra Fria, <em>Tratado de Seguran\u00e7a entre Jap\u00e3o e EUA<\/em> e a <em>Confer\u00eancia entre EUA e Jap\u00e3o para interc\u00e2mbio educacional e cultural (CULCON).<\/em><\/p>\n<p>Com rela\u00e7\u00e3o as reconcilia\u00e7\u00f5es do Jap\u00e3o com os pa\u00edses asi\u00e1ticos, Shin Kawashima, graduado na <em>Escola de Artes e Ci\u00eancias<\/em> da <em>Universidade de T\u00f3quio<\/em>, aborda as rela\u00e7\u00f5es com China e Taiwan. Num primeiro momento, a c\u00fapula chinesa via a responsabilidade da guerra realizada pelo Jap\u00e3o como \u201cdualismo militar-civil\u201d, cuja culpa reca\u00eda sobre um seleto grupo de militares e n\u00e3o sobre os civis. Entretanto, ap\u00f3s a queda dos pa\u00edses socialistas, viu-se a necessidade de fazer uma educa\u00e7\u00e3o patri\u00f3tica, na qual a vit\u00f3ria contra o Jap\u00e3o se torna um componente importante apresentado nos livros did\u00e1ticos das escolas chinesas, contribuindo para que haja uma opini\u00e3o negativa da popula\u00e7\u00e3o chinesa em rela\u00e7\u00e3o ao Jap\u00e3o; o que n\u00e3o acontece com Taiwan, tendo em vista que \u00e9 um pa\u00eds democr\u00e1tico com livre circula\u00e7\u00e3o de ideias.<\/p>\n<p>Shunji Horaiwa, professor da <em>Universidade Kwansei Gakuin<\/em>, dedica-se aos esfor\u00e7os do Jap\u00e3o em reconciliar-se com a Coreia do Sul. Ainda que a normaliza\u00e7\u00e3o das rela\u00e7\u00f5es diplom\u00e1ticas entre os pa\u00edses seja de 1965, h\u00e1 um dilema entre raz\u00e3o e emo\u00e7\u00e3o nessa rela\u00e7\u00e3o ao longo dos anos. Segundo o professor, durante a ditadura militar de Chung-hee, imperou-se a racionalidade, uma vez que possu\u00eda autoritarismo para suprimir sentimentos p\u00fablicos; no entanto, esse cen\u00e1rio muda com o fim da Guerra Fria e a democratiza\u00e7\u00e3o conquistada pela Coreia do Sul que, embora trouxesse aspectos positivos como o crescimento da influ\u00eancia da cultura pop coreana no Jap\u00e3o, a c\u00fapula administrativa sul-coreana tem tend\u00eancia em responder ativamente ao sentimento da popula\u00e7\u00e3o contra o Jap\u00e3o, utilizando essa como\u00e7\u00e3o como uma ferramenta pol\u00edtica.<\/p>\n<p>Por fim, Takashi Shiraishi, presidente do<em> Instituto Nacional de P\u00f3s-Gradua\u00e7\u00e3o para Estudos Pol\u00edticos<\/em>, discorre sobre a hist\u00f3ria da \u00c1sia, com \u00eanfase no Sudoeste Asi\u00e1tico. Nessa regi\u00e3o, a pol\u00edtica de reconcilia\u00e7\u00e3o com o Jap\u00e3o \u00e9 considerada bem-sucedida, pois embora seja v\u00edvida a mem\u00f3ria da coloniza\u00e7\u00e3o japonesa, a hist\u00f3ria narrada para esses pa\u00edses \u00e9 a de que o pa\u00eds n\u00e3o desempenhou o papel principal, diferen\u00e7a crucial entre o entendimento que China e Coreia do Sul fazem sobre o mesmo assunto.<\/p>\n<p>Finalmente, no quinto debate, centrou-se nas medidas espec\u00edficas que o Jap\u00e3o deve tomar na ocasi\u00e3o do 70\u00ba anivers\u00e1rio do fim da Segunda Guerra Mundial, sendo que ambas as discuss\u00f5es se concentraram no revisionismo hist\u00f3rico, assunto atual e delicado aos japoneses e outros asi\u00e1ticos. O professor da <em>Universidade de T\u00f3quio<\/em> e da <em>Universidade Meiji<\/em>, Masayuki Yamauchi, exp\u00f5e que, atualmente, para a Coreia do Sul e a China h\u00e1 uma divis\u00e3o clara entre o Jap\u00e3o como perpetrador e ambos como v\u00edtima, n\u00e3o reconhecendo nesses setenta anos os esfor\u00e7os do Jap\u00e3o p\u00f3s-guerra como amante da paz.<\/p>\n<p>Masashi Hanada, tamb\u00e9m professor da <em>Universidade de T\u00f3quio<\/em>, contribui ainda mais sobre o reconhecimento da hist\u00f3ria, expondo que esta n\u00e3o se limita ao conhecimento emp\u00edrico sobre o assunto, mas que existem v\u00e1rios outros elementos n\u00e3o tradicionais como: experi\u00eancias e cren\u00e7as das pessoas e grupos; valores; educa\u00e7\u00e3o; bem como novelas e televis\u00e3o, nos quais as vis\u00f5es e pontos de vista sobre o passado podem se alterar.<\/p>\n<p>Sendo assim, n\u00e3o h\u00e1 um reconhecimento da hist\u00f3ria absoluto e universal, no entanto, isso n\u00e3o \u00e9 verdade quando se analisa esse reconhecimento por parte do Estado soberano. De acordo com o professor, \u00e9 necess\u00e1rio buscar a reconcilia\u00e7\u00e3o com os outros pa\u00edses de todas as formas poss\u00edveis: usando da avan\u00e7ada educa\u00e7\u00e3o japonesa t\u00e9cnica industrial e de infraestrutura, da cultura popular contempor\u00e2nea para promover entendimento e compreens\u00e3o sobre o pa\u00eds, do interc\u00e2mbio entre estudantes, entre outros.<\/p>\n<p>&nbsp;<\/p>\n<p>CONCLUS\u00c3O<\/p>\n<p>O livro discorre sobre a supera\u00e7\u00e3o e os aprendizados adquiridos pelo Jap\u00e3o ap\u00f3s a era de extremos que foi o s\u00e9culo XX, uma vez que passou de Jap\u00e3o Imperial desestabilizador do sistema internacional para um Estado democr\u00e1tico, liberal e amante da paz que abdicou do seu direito a guerra.<\/p>\n<p>Entretanto, se com pa\u00edses ocidentais e do sudoeste asi\u00e1tico as reconcilia\u00e7\u00f5es foram bem-sucedidas, o mesmo n\u00e3o pode ser dito da Coreia do Sul e China, pois h\u00e1 quest\u00f5es hist\u00f3ricas sens\u00edveis que fazem com que haja lit\u00edgios pol\u00edticos entre o Jap\u00e3o e esses dois pa\u00edses, cujos discursos oficiais necessitam de dedica\u00e7\u00e3o especial e aten\u00e7\u00e3o para n\u00e3o causar maiores adversidades.<\/p>\n","protected":false},"excerpt":{"rendered":"<p>AS QUEST\u00d5ES-CHAVE QUE ADVEM DO S\u00c9CULO XX E INFLUENCIAM OS DISCURSOS OFICIAIS JAPONESES NO S\u00c9CULO XXI INTRODU\u00c7\u00c3O O livro Toward the Abe Statement on the 70th Anniversary of the End of World War II: Lessons From the 20th Century and a Vision for the 21st Century for Japan transcreve o conte\u00fado discutido nas sete reuni\u00f5es [&hellip;]<\/p>\n","protected":false},"author":33,"featured_media":0,"parent":0,"menu_order":0,"comment_status":"closed","ping_status":"closed","template":"","meta":{"_acf_changed":false,"footnotes":""},"class_list":["post-10759","page","type-page","status-publish","hentry"],"acf":[],"_links":{"self":[{"href":"https:\/\/fjsp.org.br\/fjsp\/wp-json\/wp\/v2\/pages\/10759","targetHints":{"allow":["GET"]}}],"collection":[{"href":"https:\/\/fjsp.org.br\/fjsp\/wp-json\/wp\/v2\/pages"}],"about":[{"href":"https:\/\/fjsp.org.br\/fjsp\/wp-json\/wp\/v2\/types\/page"}],"author":[{"embeddable":true,"href":"https:\/\/fjsp.org.br\/fjsp\/wp-json\/wp\/v2\/users\/33"}],"replies":[{"embeddable":true,"href":"https:\/\/fjsp.org.br\/fjsp\/wp-json\/wp\/v2\/comments?post=10759"}],"version-history":[{"count":2,"href":"https:\/\/fjsp.org.br\/fjsp\/wp-json\/wp\/v2\/pages\/10759\/revisions"}],"predecessor-version":[{"id":10794,"href":"https:\/\/fjsp.org.br\/fjsp\/wp-json\/wp\/v2\/pages\/10759\/revisions\/10794"}],"wp:attachment":[{"href":"https:\/\/fjsp.org.br\/fjsp\/wp-json\/wp\/v2\/media?parent=10759"}],"curies":[{"name":"wp","href":"https:\/\/api.w.org\/{rel}","templated":true}]}}