{"id":10851,"date":"2020-06-09T05:53:44","date_gmt":"2020-06-09T08:53:44","guid":{"rendered":"https:\/\/fjsp.org.br\/fjsp\/?page_id=10851"},"modified":"2020-06-09T06:30:06","modified_gmt":"2020-06-09T09:30:06","slug":"todos-juntos-masa","status":"publish","type":"page","link":"https:\/\/fjsp.org.br\/fjsp\/todos-juntos-masa\/","title":{"rendered":"MASA"},"content":{"rendered":"<p><img fetchpriority=\"high\" decoding=\"async\" class=\"img-responsive alignnone wp-image-10745\" src=\"https:\/\/fjsp.org.br\/fjsp\/wp-content\/uploads\/2020\/05\/masa-todos-juntos.jpg\" alt=\"\" width=\"450\" height=\"450\" srcset=\"https:\/\/fjsp.org.br\/fjsp\/wp-content\/uploads\/2020\/05\/masa-todos-juntos.jpg 600w, https:\/\/fjsp.org.br\/fjsp\/wp-content\/uploads\/2020\/05\/masa-todos-juntos-280x280.jpg 280w, https:\/\/fjsp.org.br\/fjsp\/wp-content\/uploads\/2020\/05\/masa-todos-juntos-340x340.jpg 340w, https:\/\/fjsp.org.br\/fjsp\/wp-content\/uploads\/2020\/05\/masa-todos-juntos-220x220.jpg 220w, https:\/\/fjsp.org.br\/fjsp\/wp-content\/uploads\/2020\/05\/masa-todos-juntos-100x100.jpg 100w, https:\/\/fjsp.org.br\/fjsp\/wp-content\/uploads\/2020\/05\/masa-todos-juntos-130x130.jpg 130w, https:\/\/fjsp.org.br\/fjsp\/wp-content\/uploads\/2020\/05\/masa-todos-juntos-460x460.jpg 460w, https:\/\/fjsp.org.br\/fjsp\/wp-content\/uploads\/2020\/05\/masa-todos-juntos-150x150.jpg 150w\" sizes=\"(max-width: 450px) 100vw, 450px\" \/><\/p>\n<p>&nbsp;<\/p>\n<div class='cleaner'><\/div>\n<div class='videoWrapper embed-responsive embed-responsive-16by9 ratio ratio-16x9'><iframe title=\"Projeto TODOS JUNTOS - Bucket Drummer Masa\" width=\"700\" height=\"394\" src=\"https:\/\/www.youtube.com\/embed\/ysuXO77BgZo?feature=oembed\" frameborder=\"0\" allow=\"accelerometer; autoplay; encrypted-media; gyroscope; picture-in-picture\" allowfullscreen><\/iframe><\/div>\n<p>&nbsp;<\/p>\n<h3><strong>Quem \u00e9 MASA?<\/strong><\/h3>\n<p>Nascido em 1\u00ba de abril de 1988, em Kanagawa, no Jap\u00e3o, Masamichi Kato tinha o sonho de fazer uma turn\u00ea dormindo em barraca, sem gastar muito dinheiro. Mas uma bateria seria pesada demais para carregar na mochila.<\/p>\n<p>Inspirado nos bateristas de balde na internet e em m\u00fasicos de rua, que improvisam instrumentos de percuss\u00e3o, encontrou uma forma de desenvolver seu projeto. Conseguiu alguns baldes de pl\u00e1stico em um posto de gasolina e come\u00e7ou a experimentar os diferentes sons, percebendo uma grande variedade a partir do posicionamento dos instrumentos, com os baldes invertidos, sobrepostos, cheios e vazios.<br \/>\nTamb\u00e9m adquiriu um longo tubo de PVC em uma loja de ferramentas e moldou um didgeridoo. O instrumento de sopro, provavelmente o mais antigo do mundo, \u00e9 tocado por abor\u00edgenes australianos h\u00e1 pelo menos 1500 anos.<\/p>\n<p>Com sua bateria de baldes e seu didgeridoo, surgiu o m\u00fasico MASA, com seu show de percuss\u00e3o incomum, misturando g\u00eaneros e instrumentos. MASA pode ser encontrado nas esquinas das regi\u00f5es de Shibuya ou Shinjuku, no Jap\u00e3o, que s\u00e3o \u00e1reas muito movimentadas da capital japonesa. Suas apresenta\u00e7\u00f5es misturam baixa tecnologia, resist\u00eancia e o prazer de compartilhar, sempre cercadas por espectadores encantados com seu som.<br \/>\nAl\u00e9m das apresenta\u00e7\u00f5es, realiza workshops e, em ocasi\u00f5es especiais, leva a sua m\u00fasica para crian\u00e7as de escolas prim\u00e1rias e jardins de inf\u00e2ncia.<\/p>\n<p>Ele se tornou bastante pr\u00f3ximo da Funda\u00e7\u00e3o Jap\u00e3o e do p\u00fablico brasileiro ap\u00f3s sua vinda ao pa\u00eds em janeiro de 2019. Na ocasi\u00e3o, realizou apresenta\u00e7\u00f5es em S\u00e3o Paulo e no Rio de Janeiro. <a href=\"https:\/\/fjsp.org.br\/fjsp\/agenda\/bucket_drummer_masa\/\" target=\"_blank\" rel=\"noopener noreferrer\">Veja como foi a divulga\u00e7\u00e3o do evento no nosso site.<\/a><\/p>\n<p><strong>CANAIS OFICIAIS<\/strong><br \/>\n<a href=\"https:\/\/www.bucketdrummermasa.com\/\" target=\"_blank\" rel=\"noopener noreferrer\">Site<\/a><br \/>\n<a href=\"https:\/\/www.facebook.com\/bucketdrummermasa\/\" target=\"_blank\" rel=\"noopener noreferrer\">Facebook<\/a><br \/>\n<a href=\"https:\/\/twitter.com\/masamichi_kato?ref_src=twsrc%5Egoogle%7Ctwcamp%5Eserp%7Ctwgr%5Eauthor\" target=\"_blank\" rel=\"noopener noreferrer\">Twitter<\/a><br \/>\n<a href=\"https:\/\/www.instagram.com\/bucket_drummer_masa\/\" target=\"_blank\" rel=\"noopener noreferrer\">Instagram<\/a><br \/>\n<a href=\"https:\/\/www.youtube.com\/channel\/UCa5mxsjeP4SgDKBUKNizERQ\/about\" target=\"_blank\" rel=\"noopener noreferrer\">YouTube<\/a><\/p>\n<p>&nbsp;<\/p>\n<p><a href=\"https:\/\/fjsp.org.br\/fjsp\/agenda\/todos-juntos\/\"><span style=\"color: #993366;\"><strong>&lt;&lt; voltar<\/strong><\/span><\/a><\/p>\n","protected":false},"excerpt":{"rendered":"<p>&nbsp; &nbsp; Quem \u00e9 MASA? Nascido em 1\u00ba de abril de 1988, em Kanagawa, no Jap\u00e3o, Masamichi Kato tinha o sonho de fazer uma turn\u00ea dormindo em barraca, sem gastar muito dinheiro. Mas uma bateria seria pesada demais para carregar na mochila. Inspirado nos bateristas de balde na internet e em m\u00fasicos de rua, que [&hellip;]<\/p>\n","protected":false},"author":33,"featured_media":0,"parent":0,"menu_order":0,"comment_status":"closed","ping_status":"closed","template":"","meta":{"_acf_changed":false,"footnotes":""},"class_list":["post-10851","page","type-page","status-publish","hentry"],"acf":[],"_links":{"self":[{"href":"https:\/\/fjsp.org.br\/fjsp\/wp-json\/wp\/v2\/pages\/10851","targetHints":{"allow":["GET"]}}],"collection":[{"href":"https:\/\/fjsp.org.br\/fjsp\/wp-json\/wp\/v2\/pages"}],"about":[{"href":"https:\/\/fjsp.org.br\/fjsp\/wp-json\/wp\/v2\/types\/page"}],"author":[{"embeddable":true,"href":"https:\/\/fjsp.org.br\/fjsp\/wp-json\/wp\/v2\/users\/33"}],"replies":[{"embeddable":true,"href":"https:\/\/fjsp.org.br\/fjsp\/wp-json\/wp\/v2\/comments?post=10851"}],"version-history":[{"count":2,"href":"https:\/\/fjsp.org.br\/fjsp\/wp-json\/wp\/v2\/pages\/10851\/revisions"}],"predecessor-version":[{"id":10878,"href":"https:\/\/fjsp.org.br\/fjsp\/wp-json\/wp\/v2\/pages\/10851\/revisions\/10878"}],"wp:attachment":[{"href":"https:\/\/fjsp.org.br\/fjsp\/wp-json\/wp\/v2\/media?parent=10851"}],"curies":[{"name":"wp","href":"https:\/\/api.w.org\/{rel}","templated":true}]}}