{"id":10860,"date":"2020-06-09T06:07:07","date_gmt":"2020-06-09T09:07:07","guid":{"rendered":"https:\/\/fjsp.org.br\/fjsp\/?page_id=10860"},"modified":"2020-06-09T06:30:52","modified_gmt":"2020-06-09T09:30:52","slug":"todos-juntos-sofia-nanka-kamatani","status":"publish","type":"page","link":"https:\/\/fjsp.org.br\/fjsp\/todos-juntos-sofia-nanka-kamatani\/","title":{"rendered":"Sofia Nanka Kamatani"},"content":{"rendered":"<p><img fetchpriority=\"high\" decoding=\"async\" class=\"img-responsive alignnone wp-image-10776\" src=\"https:\/\/fjsp.org.br\/fjsp\/wp-content\/uploads\/2020\/05\/sofia-todos-juntos.jpg\" alt=\"\" width=\"450\" height=\"450\" srcset=\"https:\/\/fjsp.org.br\/fjsp\/wp-content\/uploads\/2020\/05\/sofia-todos-juntos.jpg 600w, https:\/\/fjsp.org.br\/fjsp\/wp-content\/uploads\/2020\/05\/sofia-todos-juntos-280x280.jpg 280w, https:\/\/fjsp.org.br\/fjsp\/wp-content\/uploads\/2020\/05\/sofia-todos-juntos-340x340.jpg 340w, https:\/\/fjsp.org.br\/fjsp\/wp-content\/uploads\/2020\/05\/sofia-todos-juntos-220x220.jpg 220w, https:\/\/fjsp.org.br\/fjsp\/wp-content\/uploads\/2020\/05\/sofia-todos-juntos-100x100.jpg 100w, https:\/\/fjsp.org.br\/fjsp\/wp-content\/uploads\/2020\/05\/sofia-todos-juntos-130x130.jpg 130w, https:\/\/fjsp.org.br\/fjsp\/wp-content\/uploads\/2020\/05\/sofia-todos-juntos-460x460.jpg 460w, https:\/\/fjsp.org.br\/fjsp\/wp-content\/uploads\/2020\/05\/sofia-todos-juntos-150x150.jpg 150w\" sizes=\"(max-width: 450px) 100vw, 450px\" \/><\/p>\n<p>&nbsp;<\/p>\n<div class='cleaner'><\/div>\n<div class='videoWrapper embed-responsive embed-responsive-16by9 ratio ratio-16x9'><iframe title=\"Projeto TODOS JUNTOS - Sofia Nanka Kamatani, professora e pesquisadora do FUROSHIKI\" width=\"700\" height=\"394\" src=\"https:\/\/www.youtube.com\/embed\/rod95svL7-U?feature=oembed\" frameborder=\"0\" allow=\"accelerometer; autoplay; encrypted-media; gyroscope; picture-in-picture\" allowfullscreen><\/iframe><\/div>\n<p>&nbsp;<\/p>\n<h3><strong>Quem \u00e9 Sofia Nanka Kamatani?<\/strong><\/h3>\n<p>Brasileira de nascimento, no entanto seu cora\u00e7\u00e3o \u00e9 metade Made in Japan, designer de forma\u00e7\u00e3o pela Universidade Presbiteriana Mackenzie, apaixonada pelo Universo das Embalagens Japonesas fez sua especializa\u00e7\u00e3o no Jap\u00e3o:\u00a0 Kobe Design University em 1995-1996.<\/p>\n<p>No Mestrado pela Universidade Presbiteriana Mackenzie (2000), defendeu sua disserta\u00e7\u00e3o \u201cA influ\u00eancia do ideograma no dezengn da embalagem japonesa\u201d.<\/p>\n<p>Atuou durante 18 anos como Professora Acad\u00eamica nos Cursos de Design Gr\u00e1fico e Design de Moda.<\/p>\n<p>\u00c9 professora, pesquisadora e autora do e-book do Furoshiki: o n\u00f3 m\u00e1gico do cora\u00e7\u00e3o e da raz\u00e3o do Brasil da Editora e-gal\u00e1xia, lan\u00e7ado no ano de 2018.<\/p>\n<p>Para conhecer mais sobre o Universo M\u00e1gico do Furoshiki acesse o Instagram: <a href=\"https:\/\/www.instagram.com\/ecofuroshiki\/\" target=\"_blank\" rel=\"noopener noreferrer\">@ecofuroshiki<\/a><\/p>\n<p>Para desatar o N\u00f3 do conhecimento do Furoshiki clique <strong><a href=\"http:\/\/www.e-galaxia.com.br\/produto\/furoshiki\" target=\"_blank\" rel=\"noopener noreferrer\">aqui<\/a><\/strong>.<\/p>\n<p><strong>Instagram<\/strong><br \/>\n<a href=\"https:\/\/instagram.com\/ecofuroshiki\/\" target=\"_blank\" rel=\"noopener noreferrer\">@ecofuroshiki<\/a><br \/>\n<a href=\"https:\/\/www.instagram.com\/sofiananka\/\" target=\"_blank\" rel=\"noopener noreferrer\">@sofiananka<\/a><\/p>\n<p>&nbsp;<\/p>\n<p><a href=\"https:\/\/fjsp.org.br\/fjsp\/agenda\/todos-juntos\/\"><span style=\"color: #993366;\"><strong>&lt;&lt; voltar<\/strong><\/span><\/a><\/p>\n","protected":false},"excerpt":{"rendered":"<p>&nbsp; &nbsp; Quem \u00e9 Sofia Nanka Kamatani? Brasileira de nascimento, no entanto seu cora\u00e7\u00e3o \u00e9 metade Made in Japan, designer de forma\u00e7\u00e3o pela Universidade Presbiteriana Mackenzie, apaixonada pelo Universo das Embalagens Japonesas fez sua especializa\u00e7\u00e3o no Jap\u00e3o:\u00a0 Kobe Design University em 1995-1996. No Mestrado pela Universidade Presbiteriana Mackenzie (2000), defendeu sua disserta\u00e7\u00e3o \u201cA influ\u00eancia do [&hellip;]<\/p>\n","protected":false},"author":33,"featured_media":0,"parent":0,"menu_order":0,"comment_status":"closed","ping_status":"closed","template":"","meta":{"_acf_changed":false,"footnotes":""},"class_list":["post-10860","page","type-page","status-publish","hentry"],"acf":[],"_links":{"self":[{"href":"https:\/\/fjsp.org.br\/fjsp\/wp-json\/wp\/v2\/pages\/10860","targetHints":{"allow":["GET"]}}],"collection":[{"href":"https:\/\/fjsp.org.br\/fjsp\/wp-json\/wp\/v2\/pages"}],"about":[{"href":"https:\/\/fjsp.org.br\/fjsp\/wp-json\/wp\/v2\/types\/page"}],"author":[{"embeddable":true,"href":"https:\/\/fjsp.org.br\/fjsp\/wp-json\/wp\/v2\/users\/33"}],"replies":[{"embeddable":true,"href":"https:\/\/fjsp.org.br\/fjsp\/wp-json\/wp\/v2\/comments?post=10860"}],"version-history":[{"count":2,"href":"https:\/\/fjsp.org.br\/fjsp\/wp-json\/wp\/v2\/pages\/10860\/revisions"}],"predecessor-version":[{"id":10879,"href":"https:\/\/fjsp.org.br\/fjsp\/wp-json\/wp\/v2\/pages\/10860\/revisions\/10879"}],"wp:attachment":[{"href":"https:\/\/fjsp.org.br\/fjsp\/wp-json\/wp\/v2\/media?parent=10860"}],"curies":[{"name":"wp","href":"https:\/\/api.w.org\/{rel}","templated":true}]}}