{"id":10863,"date":"2020-06-09T06:09:40","date_gmt":"2020-06-09T09:09:40","guid":{"rendered":"https:\/\/fjsp.org.br\/fjsp\/?page_id=10863"},"modified":"2020-07-01T15:43:24","modified_gmt":"2020-07-01T18:43:24","slug":"todos-juntos-hiroyuki-hashiguchi","status":"publish","type":"page","link":"https:\/\/fjsp.org.br\/fjsp\/todos-juntos-hiroyuki-hashiguchi\/","title":{"rendered":"Hiroyuki Hashiguchi\uff08\u6a4b\u53e3\u535a\u5e78\uff09"},"content":{"rendered":"<p><img fetchpriority=\"high\" decoding=\"async\" class=\"img-responsive alignnone wp-image-10833\" src=\"https:\/\/fjsp.org.br\/fjsp\/wp-content\/uploads\/2020\/05\/hashiguchi-todos.jpg\" alt=\"\" width=\"450\" height=\"450\" srcset=\"https:\/\/fjsp.org.br\/fjsp\/wp-content\/uploads\/2020\/05\/hashiguchi-todos.jpg 600w, https:\/\/fjsp.org.br\/fjsp\/wp-content\/uploads\/2020\/05\/hashiguchi-todos-280x280.jpg 280w, https:\/\/fjsp.org.br\/fjsp\/wp-content\/uploads\/2020\/05\/hashiguchi-todos-340x340.jpg 340w, https:\/\/fjsp.org.br\/fjsp\/wp-content\/uploads\/2020\/05\/hashiguchi-todos-220x220.jpg 220w, https:\/\/fjsp.org.br\/fjsp\/wp-content\/uploads\/2020\/05\/hashiguchi-todos-100x100.jpg 100w, https:\/\/fjsp.org.br\/fjsp\/wp-content\/uploads\/2020\/05\/hashiguchi-todos-130x130.jpg 130w, https:\/\/fjsp.org.br\/fjsp\/wp-content\/uploads\/2020\/05\/hashiguchi-todos-460x460.jpg 460w, https:\/\/fjsp.org.br\/fjsp\/wp-content\/uploads\/2020\/05\/hashiguchi-todos-150x150.jpg 150w\" sizes=\"(max-width: 450px) 100vw, 450px\" \/><\/p>\n<p>&nbsp;<\/p>\n<div class='cleaner'><\/div>\n<div class='videoWrapper embed-responsive embed-responsive-16by9 ratio ratio-16x9'><iframe title=\"Projeto TODOS JUNTOS - Hiroyuki Hashiguchi, pesquisador da cultura de bambu.\" width=\"700\" height=\"394\" src=\"https:\/\/www.youtube.com\/embed\/30A-M4xJtD8?feature=oembed\" frameborder=\"0\" allow=\"accelerometer; autoplay; encrypted-media; gyroscope; picture-in-picture\" allowfullscreen><\/iframe><\/div>\n<p>&nbsp;<\/p>\n<h3><strong>Quem \u00e9 Hiroyuki Hashiguchi?<\/strong><\/h3>\n<p>Nasceu na cidade de Kagoshima em 1982, e \u00e9 formado em Design na Musashino Art University. Seu primeiro contato com bambu foi no projeto EDS Bamboo Design Project, realizado em conjunto com o Bandung Institute of Technology (ITB), na Indon\u00e9sia. Desde ent\u00e3o, iniciou pesquisas\/produ\u00e7\u00f5es sobre a cultura do bambu, do sudeste da \u00c1sia ao Jap\u00e3o. Em 2013, mudou-se para Kagoshima, como freelancer, deixando o trabalho na Musashino Art University, onde atuou desde 2007. A partir de 2016, tem colaborado na realiza\u00e7\u00e3o de \u201cTake Akari\u201c (Festival de Lanternas de Bambu) com a empresa CHIKAKEN, da prov\u00edncia de Kumamoto, participando em eventos nacionais e cerim\u00f4nias memoriais, e prossegue com seus projetos que envolvem o bambu. Em 2017, foi co-curador da exposi\u00e7\u00e3o Bambu \u2013 Hist\u00f3rias de um Jap\u00e3o, realizada na abertura da JAPAN HOUSE em S\u00e3o Paulo.<\/p>\n<p>Em fevereiro deste ano, retornou ao Brasil, a convite da Funda\u00e7\u00e3o Jap\u00e3o em S\u00e3o Paulo, para participar no projeto \u201cForma\u00e7\u00e3o de Novos Facilitadores para o Interc\u00e2mbio Jap\u00e3o-Brasil \u2013 Bambu: a revitaliza\u00e7\u00e3o de uma comunidade\u201d, na cidade de Bauru. Ministrou a palestra \u201cDiversidade da Utiliza\u00e7\u00e3o de Bambu\u201d, participou na Roda de Conversa, e ao lado de outro especialista em bambu, Kenshi Mishiro da empresa CHIKAKEN, realizou oficinas de lanternas de bambu. As cria\u00e7\u00f5es que resultaram das oficinas foram mostradas ao p\u00fablico da cidade em forma de exposi\u00e7\u00e3o. O projeto contou com o apoio do Sesc \u2013 Bauru, Clube Cultural Nipo Brasileiro de Bauru, e Projeto Bambu da Unesp- Bauru.<\/p>\n<p>Veja como foi a divulga\u00e7\u00e3o do workshop e da palestra:<\/p>\n<p><a href=\"https:\/\/fjsp.org.br\/fjsp\/agenda\/workshop_lanterna_bambu\/\">WORKSHOP<\/a><br \/>\n<a href=\"https:\/\/fjsp.org.br\/fjsp\/agenda\/palestra_diversidade_bambu_hiroyuki_hashiguchi\/\">PALESTRA<\/a><\/p>\n<p><strong>CANAIS OFICIAIS<\/strong><br \/>\n<a href=\"https:\/\/www.facebook.com\/hiroyuki.hashiguchi.5\" target=\"_blank\" rel=\"noopener noreferrer\">Facebook<\/a><br \/>\n<a href=\"https:\/\/twitter.com\/hiro_hashiguchi?ref_src=twsrc%5Egoogle%7Ctwcamp%5Eserp%7Ctwgr%5Eauthor\" target=\"_blank\" rel=\"noopener noreferrer\">Twitter<\/a><br \/>\n<a href=\"https:\/\/www.instagram.com\/hiro_hashiguchi\/\" target=\"_blank\" rel=\"noopener noreferrer\">Instagram<\/a><\/p>\n<p>&nbsp;<\/p>\n<p style=\"text-align: left;\"><a href=\"https:\/\/fjsp.org.br\/fjsp\/agenda\/todos-juntos\/\"><span style=\"color: #993366;\"><strong>&lt;&lt; voltar<\/strong><\/span><\/a><\/p>\n","protected":false},"excerpt":{"rendered":"<p>&nbsp; &nbsp; Quem \u00e9 Hiroyuki Hashiguchi? Nasceu na cidade de Kagoshima em 1982, e \u00e9 formado em Design na Musashino Art University. Seu primeiro contato com bambu foi no projeto EDS Bamboo Design Project, realizado em conjunto com o Bandung Institute of Technology (ITB), na Indon\u00e9sia. Desde ent\u00e3o, iniciou pesquisas\/produ\u00e7\u00f5es sobre a cultura do bambu, [&hellip;]<\/p>\n","protected":false},"author":33,"featured_media":0,"parent":0,"menu_order":0,"comment_status":"closed","ping_status":"closed","template":"","meta":{"_acf_changed":false,"footnotes":""},"class_list":["post-10863","page","type-page","status-publish","hentry"],"acf":[],"_links":{"self":[{"href":"https:\/\/fjsp.org.br\/fjsp\/wp-json\/wp\/v2\/pages\/10863","targetHints":{"allow":["GET"]}}],"collection":[{"href":"https:\/\/fjsp.org.br\/fjsp\/wp-json\/wp\/v2\/pages"}],"about":[{"href":"https:\/\/fjsp.org.br\/fjsp\/wp-json\/wp\/v2\/types\/page"}],"author":[{"embeddable":true,"href":"https:\/\/fjsp.org.br\/fjsp\/wp-json\/wp\/v2\/users\/33"}],"replies":[{"embeddable":true,"href":"https:\/\/fjsp.org.br\/fjsp\/wp-json\/wp\/v2\/comments?post=10863"}],"version-history":[{"count":2,"href":"https:\/\/fjsp.org.br\/fjsp\/wp-json\/wp\/v2\/pages\/10863\/revisions"}],"predecessor-version":[{"id":11533,"href":"https:\/\/fjsp.org.br\/fjsp\/wp-json\/wp\/v2\/pages\/10863\/revisions\/11533"}],"wp:attachment":[{"href":"https:\/\/fjsp.org.br\/fjsp\/wp-json\/wp\/v2\/media?parent=10863"}],"curies":[{"name":"wp","href":"https:\/\/api.w.org\/{rel}","templated":true}]}}