{"id":10871,"date":"2020-06-09T06:20:30","date_gmt":"2020-06-09T09:20:30","guid":{"rendered":"https:\/\/fjsp.org.br\/fjsp\/?page_id=10871"},"modified":"2020-06-09T06:20:30","modified_gmt":"2020-06-09T09:20:30","slug":"todos-juntos-danilo-tomic-baikyo-e-cris-miguel","status":"publish","type":"page","link":"https:\/\/fjsp.org.br\/fjsp\/todos-juntos-danilo-tomic-baikyo-e-cris-miguel\/","title":{"rendered":"Danilo Tomic Baikyo e Cris Miguel"},"content":{"rendered":"<p><img fetchpriority=\"high\" decoding=\"async\" class=\"img-responsive alignnone  wp-image-10847\" src=\"https:\/\/fjsp.org.br\/fjsp\/wp-content\/uploads\/2020\/05\/sns-todos-juntos-2-danilo.jpg\" alt=\"\" width=\"450\" height=\"450\" srcset=\"https:\/\/fjsp.org.br\/fjsp\/wp-content\/uploads\/2020\/05\/sns-todos-juntos-2-danilo.jpg 600w, https:\/\/fjsp.org.br\/fjsp\/wp-content\/uploads\/2020\/05\/sns-todos-juntos-2-danilo-280x280.jpg 280w, https:\/\/fjsp.org.br\/fjsp\/wp-content\/uploads\/2020\/05\/sns-todos-juntos-2-danilo-340x340.jpg 340w, https:\/\/fjsp.org.br\/fjsp\/wp-content\/uploads\/2020\/05\/sns-todos-juntos-2-danilo-220x220.jpg 220w, https:\/\/fjsp.org.br\/fjsp\/wp-content\/uploads\/2020\/05\/sns-todos-juntos-2-danilo-100x100.jpg 100w, https:\/\/fjsp.org.br\/fjsp\/wp-content\/uploads\/2020\/05\/sns-todos-juntos-2-danilo-130x130.jpg 130w, https:\/\/fjsp.org.br\/fjsp\/wp-content\/uploads\/2020\/05\/sns-todos-juntos-2-danilo-460x460.jpg 460w, https:\/\/fjsp.org.br\/fjsp\/wp-content\/uploads\/2020\/05\/sns-todos-juntos-2-danilo-150x150.jpg 150w\" sizes=\"(max-width: 450px) 100vw, 450px\" \/><\/p>\n<p>&nbsp;<\/p>\n<div class='cleaner'><\/div>\n<div class='videoWrapper embed-responsive embed-responsive-16by9 ratio ratio-16x9'><iframe title=\"Projeto TODOS JUNTOS - Danilo Tomic Baikyo (M\u00fasico) e Cris Miguel (Artista)\" width=\"700\" height=\"394\" src=\"https:\/\/www.youtube.com\/embed\/3s70z4IQ8ss?feature=oembed\" frameborder=\"0\" allow=\"accelerometer; autoplay; encrypted-media; gyroscope; picture-in-picture\" allowfullscreen><\/iframe><\/div>\n<p>&nbsp;<\/p>\n<h3><strong>Quem \u00e9 Danilo Tomic <em>Baikyo?<\/em><\/strong><\/h3>\n<p>Nascido em S\u00e3o Paulo, \u00e9 maestro, compositor, mestre em shakuhachi (flauta de bambu cl\u00e1ssica japonesa), pianista e educador.<br \/>\nBacharel em composi\u00e7\u00e3o pela ECA \u2013 USP com licenciatura em M\u00fasica pela Faculdade Paulista de Artes, S\u00e3o Paulo. Realizou cursos de composi\u00e7\u00e3o, reg\u00eancia e musicologia na Alemanha.<br \/>\n\u00c9 diplomado em shakuhachi, disc\u00edpulo do gr\u00e3o-mestre Tsuna Baikyoku Iwami, da escola Kinko, de quem recebeu o pseud\u00f4nimo Baikyo.<br \/>\nRepresentou o Brasil, desde 2004, em todos os encontros internacionais de shakuhachi do WSF (World Shakuhachi Festival), em Nova Iorque (2004), Sydney (2008), Kyoto (2012) e Londres (2018), nos quais se apresentou tocando suas cria\u00e7\u00f5es para o instrumento, em diversas forma\u00e7\u00f5es.<br \/>\n\u00c9 o atual presidente da Hougaku \u2013 Associa\u00e7\u00e3o de M\u00fasica Cl\u00e1ssica Japonesa.<br \/>\nComo educador, leciona M\u00fasica em escolas de S\u00e3o Paulo h\u00e1 mais de 20 anos, tendo tido experi\u00eancia em todos os n\u00edveis, da Educa\u00e7\u00e3o Infantil ao Ensino M\u00e9dio.<br \/>\nIdealizou, criou e coordenou por sete anos (2011 a 2018) o Projeto Passarim, de pr\u00e1ticas musicais coletivas (orquestra, coral e grupo de percuss\u00e3o) para popula\u00e7\u00f5es de alta vulnerabilidade social na regi\u00e3o do Butant\u00e3.<\/p>\n<p>&nbsp;<\/p>\n<h3><strong>Quem \u00e9 Cris Miguel?<\/strong><\/h3>\n<p>Bonequeira, autora e contadora de hist\u00f3rias, instrumentista, cantora e dan\u00e7arina.<br \/>\nDesde 97 integra o grupo de m\u00fasicas \u00e9tnicas Mawaca, que desenvolve uma pesquisa com m\u00fasicas de v\u00e1rios povos.<br \/>\nFundadora da Companhia \u00d3pera na Mala, \u00e9 autora e atriz dos programas Ba\u00fa de Hist\u00f3rias e Caderninho Verde da TV Ratimbum e TV Cultura.<br \/>\nParticipou de diversas turn\u00eas e festivais internacionais na \u00c1ustria, It\u00e1lia, Su\u00ed\u00e7a, Cro\u00e1cia, B\u00f3snia, S\u00e9rvia, Turquia, China, Bol\u00edvia, Argentina, Portugal, Bulg\u00e1ria, Hungria, Gr\u00e9cia, Montenegro, R\u00fassia e Ucr\u00e2nia.<br \/>\nAo lado de Danilo Tomic \u00e9 fundadora do espa\u00e7o cultural \u201cCasa Passarinho\u201d em S\u00e3o Paulo, onde administram cursos de bonecos e m\u00fasica, shows, teatros e um mini-museu de bonecos.<br \/>\nAtualmente tem em seu repert\u00f3rio 13 espet\u00e1culos de hist\u00f3rias, bonecos e m\u00fasica,\u00a0 apresentando-se em teatros, bibliotecas, escolas e unidades do SESC no Brasil e pelo exterior.<\/p>\n<p>&nbsp;<\/p>\n<p><a href=\"https:\/\/fjsp.org.br\/fjsp\/agenda\/todos-juntos\/\"><strong><span style=\"color: #993366;\">&lt;&lt; voltar<\/span><\/strong><\/a><\/p>\n","protected":false},"excerpt":{"rendered":"<p>&nbsp; &nbsp; Quem \u00e9 Danilo Tomic Baikyo? Nascido em S\u00e3o Paulo, \u00e9 maestro, compositor, mestre em shakuhachi (flauta de bambu cl\u00e1ssica japonesa), pianista e educador. Bacharel em composi\u00e7\u00e3o pela ECA \u2013 USP com licenciatura em M\u00fasica pela Faculdade Paulista de Artes, S\u00e3o Paulo. Realizou cursos de composi\u00e7\u00e3o, reg\u00eancia e musicologia na Alemanha. \u00c9 diplomado em [&hellip;]<\/p>\n","protected":false},"author":33,"featured_media":0,"parent":0,"menu_order":0,"comment_status":"closed","ping_status":"closed","template":"","meta":{"_acf_changed":false,"footnotes":""},"class_list":["post-10871","page","type-page","status-publish","hentry"],"acf":[],"_links":{"self":[{"href":"https:\/\/fjsp.org.br\/fjsp\/wp-json\/wp\/v2\/pages\/10871","targetHints":{"allow":["GET"]}}],"collection":[{"href":"https:\/\/fjsp.org.br\/fjsp\/wp-json\/wp\/v2\/pages"}],"about":[{"href":"https:\/\/fjsp.org.br\/fjsp\/wp-json\/wp\/v2\/types\/page"}],"author":[{"embeddable":true,"href":"https:\/\/fjsp.org.br\/fjsp\/wp-json\/wp\/v2\/users\/33"}],"replies":[{"embeddable":true,"href":"https:\/\/fjsp.org.br\/fjsp\/wp-json\/wp\/v2\/comments?post=10871"}],"version-history":[{"count":1,"href":"https:\/\/fjsp.org.br\/fjsp\/wp-json\/wp\/v2\/pages\/10871\/revisions"}],"predecessor-version":[{"id":10872,"href":"https:\/\/fjsp.org.br\/fjsp\/wp-json\/wp\/v2\/pages\/10871\/revisions\/10872"}],"wp:attachment":[{"href":"https:\/\/fjsp.org.br\/fjsp\/wp-json\/wp\/v2\/media?parent=10871"}],"curies":[{"name":"wp","href":"https:\/\/api.w.org\/{rel}","templated":true}]}}