{"id":10873,"date":"2020-06-09T06:29:42","date_gmt":"2020-06-09T09:29:42","guid":{"rendered":"https:\/\/fjsp.org.br\/fjsp\/?page_id=10873"},"modified":"2020-06-29T02:44:15","modified_gmt":"2020-06-29T05:44:15","slug":"todos-juntos-reison-kuroda","status":"publish","type":"page","link":"https:\/\/fjsp.org.br\/fjsp\/todos-juntos-reison-kuroda\/","title":{"rendered":"Reison Kuroda\uff08\u9ed2\u7530\u9234\u5c0a\uff09"},"content":{"rendered":"<p><img fetchpriority=\"high\" decoding=\"async\" class=\"img-responsive alignnone wp-image-11356\" src=\"https:\/\/fjsp.org.br\/fjsp\/wp-content\/uploads\/2020\/06\/sns-todos-juntos-4-reison-kuroda-novo.jpg\" alt=\"\" width=\"450\" height=\"450\" srcset=\"https:\/\/fjsp.org.br\/fjsp\/wp-content\/uploads\/2020\/06\/sns-todos-juntos-4-reison-kuroda-novo.jpg 600w, https:\/\/fjsp.org.br\/fjsp\/wp-content\/uploads\/2020\/06\/sns-todos-juntos-4-reison-kuroda-novo-280x280.jpg 280w, https:\/\/fjsp.org.br\/fjsp\/wp-content\/uploads\/2020\/06\/sns-todos-juntos-4-reison-kuroda-novo-340x340.jpg 340w, https:\/\/fjsp.org.br\/fjsp\/wp-content\/uploads\/2020\/06\/sns-todos-juntos-4-reison-kuroda-novo-220x220.jpg 220w, https:\/\/fjsp.org.br\/fjsp\/wp-content\/uploads\/2020\/06\/sns-todos-juntos-4-reison-kuroda-novo-100x100.jpg 100w, https:\/\/fjsp.org.br\/fjsp\/wp-content\/uploads\/2020\/06\/sns-todos-juntos-4-reison-kuroda-novo-130x130.jpg 130w, https:\/\/fjsp.org.br\/fjsp\/wp-content\/uploads\/2020\/06\/sns-todos-juntos-4-reison-kuroda-novo-460x460.jpg 460w, https:\/\/fjsp.org.br\/fjsp\/wp-content\/uploads\/2020\/06\/sns-todos-juntos-4-reison-kuroda-novo-150x150.jpg 150w\" sizes=\"(max-width: 450px) 100vw, 450px\" \/><\/p>\n<h3><strong>\u00a0<\/strong><\/h3>\n<div class='cleaner'><\/div>\n<div class='videoWrapper embed-responsive embed-responsive-16by9 ratio ratio-16x9'><iframe title=\"Projeto TODOS JUNTOS - Reison Kuroda, m\u00fasico de Shakuhachi.\" width=\"700\" height=\"394\" src=\"https:\/\/www.youtube.com\/embed\/EIpq0uZajrA?feature=oembed\" frameborder=\"0\" allow=\"accelerometer; autoplay; encrypted-media; gyroscope; picture-in-picture\" allowfullscreen><\/iframe><\/div>\n<p>&nbsp;<\/p>\n<h3><strong>Quem \u00e9 Reison Kuroda?<\/strong><\/h3>\n<p>M\u00fasico de talento raro, trabalha pela expans\u00e3o das possibilidades do shakuhachi, percorrendo uma ampla variedade de g\u00eaneros musicais, do cl\u00e1ssico ao moderno, passando pelo jazz e at\u00e9 mesmo pelo improviso.<\/p>\n<p>Iniciou os estudos com o professor Reibo Aoki, considerado Tesouro Nacional Vivo de shakuhachi, e Shoji Aoki, no Jap\u00e3o. Graduado em Ci\u00eancias Humanas pela Universidade de Waseda, em 2007, concluiu mestrado no Departamento de M\u00fasica Tradicional Japonesa da Universidade de Artes de T\u00f3quio, em 2013.<\/p>\n<p>Iniciou sua carreira integrando o grupo Hogaku Quartet, em 2011, com o qual se apresentou ao lado de jovens compositores, revitalizando a m\u00fasica japonesa dos anos 70 e 80 e interpretando cl\u00e1ssicos do per\u00edodo Edo. \u00c9 tamb\u00e9m integrante do grupo Muromachi, vencedor do Pr\u00eamio Keizo Saji, em 2013.<\/p>\n<p>Em 2014, participou do Park Bum-Hoon\u2019s Shakuhachi Concert, no Korea Kudara Festival, e em Gongju, na Coreia.<\/p>\n<p>Sua primeira performance para o p\u00fablico aconteceu no Kazutomo Yamamoto\u2019s Shakuhachi Concert, com \u201cRoaming Liquid for Shakuhachi and Orchestra\u201d.<\/p>\n<p>Com o Hogaku Quartet, participou de diversas apresenta\u00e7\u00f5es e performances independentes, entre elas o programa \u201cHogaku no Hitotoki\u201d, da emissora de r\u00e1dio japonesa NHK FM. Tamb\u00e9m foi capa da revista \u201cHogaku Journal\u201d, em 2015. Passou em audi\u00e7\u00e3o para m\u00fasicas japonesas do canal NHK, em 2015, e realizou uma apresenta\u00e7\u00e3o solo no \u201cHogaku no Hitotoki\u201d, do NHK FM.<\/p>\n<p>Em 2016, foi premiado no concurso de Instrumentos Tradicionais Japoneses Hidenori Tone, transmitido pelo programa Nippon no Geinoh, da NHK Educational TV. Tamb\u00e9m participou do festival de m\u00fasica moderna na B\u00e9lgica, em 2016; e venceu o principal concurso mundial de shakuhachi, em Londres.<\/p>\n<p>Em julho de 2019, realizou a apresenta\u00e7\u00e3o, <em><strong>Encontros: \u201cReison Kuroda\u201d toca m\u00fasica brasileira e japonesa ao shakuhachi,<\/strong><\/em> com a participa\u00e7\u00e3o especial de dois m\u00fasicos brasileiros, Shen Ribeiro (shakuhachi) e Gabriel Levy (piano), no Espa\u00e7o Cachuera!, na cidade de S\u00e3o Paulo. E ainda, ministrou um workshop de shakuhachi, contando com o apoio da\u00a0Alian\u00e7a Cultural Brasil-Jap\u00e3o.<\/p>\n<p>No m\u00eas de janeiro \u00faltimo, retornou ao Brasil para se apresentar no concerto \u201cO Encontro da M\u00fasica dos Ventos\u201d e realizar a oficina de shakuhachi, na 37\u00ba Oficina de M\u00fasica de Curitiba.<\/p>\n<p><a href=\"https:\/\/fjsp.org.br\/fjsp\/agenda\/shakuhachi_reison_kuroda\/\"><strong><em>Veja como foi a divulga\u00e7\u00e3o do evento realizado em julho de 2019.<\/em><\/strong><\/a><\/p>\n<p>&nbsp;<\/p>\n<p><strong>CANAIS OFICIAIS<br \/>\n<\/strong><a href=\"https:\/\/www.reisonkuroda.com\/\" target=\"_blank\" rel=\"noopener noreferrer\">Site<\/a><br \/>\n<a href=\"https:\/\/www.facebook.com\/kei.kuroda.35\" target=\"_blank\" rel=\"noopener noreferrer\">Facebook<\/a><br \/>\n<a href=\"https:\/\/twitter.com\/keikuroda88\" target=\"_blank\" rel=\"noopener noreferrer\">Twitter<\/a><br \/>\n<a href=\"https:\/\/www.instagram.com\/reisonkuroda\/?igshid=huwpwqtcwhgp\" target=\"_blank\" rel=\"noopener noreferrer\">Instagram<\/a><\/p>\n<p>&nbsp;<\/p>\n<p><a href=\"https:\/\/fjsp.org.br\/fjsp\/agenda\/todos-juntos\/\"><strong><span style=\"color: #993366;\">&lt;&lt; voltar<\/span><\/strong><\/a><\/p>\n","protected":false},"excerpt":{"rendered":"<p>\u00a0 &nbsp; Quem \u00e9 Reison Kuroda? M\u00fasico de talento raro, trabalha pela expans\u00e3o das possibilidades do shakuhachi, percorrendo uma ampla variedade de g\u00eaneros musicais, do cl\u00e1ssico ao moderno, passando pelo jazz e at\u00e9 mesmo pelo improviso. Iniciou os estudos com o professor Reibo Aoki, considerado Tesouro Nacional Vivo de shakuhachi, e Shoji Aoki, no Jap\u00e3o. [&hellip;]<\/p>\n","protected":false},"author":33,"featured_media":0,"parent":0,"menu_order":0,"comment_status":"closed","ping_status":"closed","template":"","meta":{"_acf_changed":false,"footnotes":""},"class_list":["post-10873","page","type-page","status-publish","hentry"],"acf":[],"_links":{"self":[{"href":"https:\/\/fjsp.org.br\/fjsp\/wp-json\/wp\/v2\/pages\/10873","targetHints":{"allow":["GET"]}}],"collection":[{"href":"https:\/\/fjsp.org.br\/fjsp\/wp-json\/wp\/v2\/pages"}],"about":[{"href":"https:\/\/fjsp.org.br\/fjsp\/wp-json\/wp\/v2\/types\/page"}],"author":[{"embeddable":true,"href":"https:\/\/fjsp.org.br\/fjsp\/wp-json\/wp\/v2\/users\/33"}],"replies":[{"embeddable":true,"href":"https:\/\/fjsp.org.br\/fjsp\/wp-json\/wp\/v2\/comments?post=10873"}],"version-history":[{"count":2,"href":"https:\/\/fjsp.org.br\/fjsp\/wp-json\/wp\/v2\/pages\/10873\/revisions"}],"predecessor-version":[{"id":11358,"href":"https:\/\/fjsp.org.br\/fjsp\/wp-json\/wp\/v2\/pages\/10873\/revisions\/11358"}],"wp:attachment":[{"href":"https:\/\/fjsp.org.br\/fjsp\/wp-json\/wp\/v2\/media?parent=10873"}],"curies":[{"name":"wp","href":"https:\/\/api.w.org\/{rel}","templated":true}]}}