{"id":10888,"date":"2020-06-10T15:02:09","date_gmt":"2020-06-10T18:02:09","guid":{"rendered":"https:\/\/fjsp.org.br\/fjsp\/?page_id=10888"},"modified":"2020-06-11T09:28:56","modified_gmt":"2020-06-11T12:28:56","slug":"todos-juntos-mari-kanegae","status":"publish","type":"page","link":"https:\/\/fjsp.org.br\/fjsp\/todos-juntos-mari-kanegae\/","title":{"rendered":"Mari Kanegae"},"content":{"rendered":"<p><img fetchpriority=\"high\" decoding=\"async\" class=\"img-responsive alignnone wp-image-10893\" src=\"https:\/\/fjsp.org.br\/fjsp\/wp-content\/uploads\/2020\/06\/sns-todos-juntos-8-mari-kanegae.jpg\" alt=\"\" width=\"450\" height=\"450\" srcset=\"https:\/\/fjsp.org.br\/fjsp\/wp-content\/uploads\/2020\/06\/sns-todos-juntos-8-mari-kanegae.jpg 600w, https:\/\/fjsp.org.br\/fjsp\/wp-content\/uploads\/2020\/06\/sns-todos-juntos-8-mari-kanegae-280x280.jpg 280w, https:\/\/fjsp.org.br\/fjsp\/wp-content\/uploads\/2020\/06\/sns-todos-juntos-8-mari-kanegae-340x340.jpg 340w, https:\/\/fjsp.org.br\/fjsp\/wp-content\/uploads\/2020\/06\/sns-todos-juntos-8-mari-kanegae-220x220.jpg 220w, https:\/\/fjsp.org.br\/fjsp\/wp-content\/uploads\/2020\/06\/sns-todos-juntos-8-mari-kanegae-100x100.jpg 100w, https:\/\/fjsp.org.br\/fjsp\/wp-content\/uploads\/2020\/06\/sns-todos-juntos-8-mari-kanegae-130x130.jpg 130w, https:\/\/fjsp.org.br\/fjsp\/wp-content\/uploads\/2020\/06\/sns-todos-juntos-8-mari-kanegae-460x460.jpg 460w, https:\/\/fjsp.org.br\/fjsp\/wp-content\/uploads\/2020\/06\/sns-todos-juntos-8-mari-kanegae-150x150.jpg 150w\" sizes=\"(max-width: 450px) 100vw, 450px\" \/><\/p>\n<p>&nbsp;<\/p>\n<div class='cleaner'><\/div>\n<div class='videoWrapper embed-responsive embed-responsive-16by9 ratio ratio-16x9'><iframe title=\"Projeto TODOS JUNTOS - Mari Kanegae, professora de Origami e Kirie.\" width=\"700\" height=\"394\" src=\"https:\/\/www.youtube.com\/embed\/JlDgjImtW2I?feature=oembed\" frameborder=\"0\" allow=\"accelerometer; autoplay; encrypted-media; gyroscope; picture-in-picture\" allowfullscreen><\/iframe><\/div>\n<p>&nbsp;<\/p>\n<h3><strong>Quem \u00e9 Mari Kanegae?<\/strong><\/h3>\n<p>Mari Kanegae nasceu em Londrina, no Estado do Paran\u00e1. \u00c9 formada pela Escola de Comunica\u00e7\u00f5es e Artes da Universidade de S\u00e3o Paulo, licenciatura em Educa\u00e7\u00e3o Art\u00edstica com habilita\u00e7\u00e3o em Artes Pl\u00e1sticas.<\/p>\n<p>Em 1984 foi para o Jap\u00e3o onde aprimorou os seus conhecimentos em rela\u00e7\u00e3o ao Origami, com o mestre Toyoaki Kawai e conheceu outras t\u00e9cnicas que utilizam o papel como suporte: Kirie, Chiguirie e Paper Kraft, al\u00e9m de visitar as regi\u00f5es onde se confeccionam Washi (papel artesanal japon\u00eas).<\/p>\n<p>Voltou ao Jap\u00e3o em 1991 e 1996 onde recebeu orienta\u00e7\u00f5es dos mestres Toyoaki Kawai, Kunihiko Kasahara e Akira Yoshizawa.<\/p>\n<p>Em 1997, participou da Conven\u00e7\u00e3o da Origami USA, em Nova Iorque, como palestrante e participou de oficinas orientadas pelos artistas americanos John Montroll, Robert Lang, Marc Kirschenbaum e Chris Palmer.<\/p>\n<p>Em julho e agosto de 2000 participou do Simp\u00f3sio de Origami da NOA (Nippon Origami Association) e do Simp\u00f3sio da JOAS (Japan Origami Academic Society). Em setembro de 1998 e 2000, esteve em Charlotte, na Carolina do Norte, nos Estados Unidos, onde aconteceu o Southern Origami Festival. Juntamente com outros professores visitou escolas da regi\u00e3o para divulgar a arte do Origami e participou de oficinas dirigidas pelos artistas Eric Joisel e Vicent Floderer da Fran\u00e7a, Jos\u00e9 An\u00edbal Voyer da Espanha, Tomoko Fuse do Jap\u00e3o, David Brill e Paul Jackson da Inglaterra e Chris Palmer dos Estados Unidos.<\/p>\n<p>De setembro a novembro de 2002, voltou ao Jap\u00e3o como estagi\u00e1ria da JICA, onde participou de aulas com os mestres Akira Yoshizawa, Saburo Kase, Toyoaki Kawai, Isamu Asahi, com os historiadores Satoshi Takagi e Masao Okamura, entre outros. Encontrou-se tamb\u00e9m com os artistas Kunihiko Kasahara, Tomoko Fuse e Jun Maekawa. Recebeu pr\u00eamio especial com o trabalho &#8220;Feliz Encontro&#8221; em exposi\u00e7\u00e3o de origami promovida pela NOA, assim como certificado de reconhecimento como instrutor de origami pela mesma Associa\u00e7\u00e3o.<\/p>\n<p>\u00c9 coordenadora do GEO (Grupo de Estudos de Origami) de S\u00e3o Paulo que realizou as exposi\u00e7\u00f5es com os temas: \u201cHist\u00f3ria da Imigra\u00e7\u00e3o Japonesa no Brasil\u201d, \u201c5 S\u00e9culos de Hist\u00f3ria do Brasil\u201d e \u201cCarnaval em Origami\u201d. \u00c9 professora de origami e kirie da Alian\u00e7a Cultural Brasil-Jap\u00e3o desde 1985. Tem 3 livros publicados: \u201cBrincando com Papel\u201d co-autoria com Alice Haga, editora Global, \u201cOrigami, Arte e T\u00e9cnica da Dobradura de Papel\u201d co-autoria com Paulo Imamura e organizadora do livro \u201cA Arte dos Mestres de Origami\u201d, publicados pela ACBJ. Respons\u00e1vel pelo ateli\u00ea Kamiarte onde ministra cursos. \u00c9 tamb\u00e9m volunt\u00e1ria da AADA (Associa\u00e7\u00e3o de Apoio \u00e0 Dermatite At\u00f3pica) onde utiliza o origami para fins terap\u00eauticos em pacientes e seus familiares.<\/p>\n<p><strong>Projeto Mil Tsurus<\/strong><\/p>\n<p>Conhe\u00e7a o Projeto Mil Tsurus organizado pela AADA &#8211; Associa\u00e7\u00e3o de Apoio \u00e0 Dermatite At\u00f3pica, e participe da exposi\u00e7\u00e3o virtual, enviando uma foto do seu tsuru para o email <a href=\"mailto:origami@aada.org.br\">origami@aada.org.br<\/a>, informando nome, profiss\u00e3o e local.<br \/>\nPara iniciantes na arte do Origami, acompanhe o passo-a-passo da professora Mari Kanegae de como dobrar o tsuru, no v\u00eddeo disponibilizado no site da <a href=\"http:\/\/www.aada.org.br\" target=\"_blank\" rel=\"noopener noreferrer\">AADA<\/a>.<\/p>\n<p>&nbsp;<\/p>\n<p><strong>Contato para cursos com Mari Kanegae:<\/strong><br \/>\nCelular: (11) 99154-7867<br \/>\n<a href=\"http:\/\/www.kamiarte.com.br\" target=\"_blank\" rel=\"noopener noreferrer\">Ateli\u00ea Kamiarte<\/a><br \/>\n<a href=\"http:\/\/www.aliancacultural.org.br\" target=\"_blank\" rel=\"noopener noreferrer\">ACBJ \u2013 Alian\u00e7a Cultural Brasil-Jap\u00e3o<\/a><\/p>\n<p>&nbsp;<\/p>\n<p><span style=\"color: #993366;\"><a style=\"color: #993366;\" href=\"https:\/\/fjsp.org.br\/fjsp\/agenda\/todos-juntos\/\"><strong>&lt;&lt; voltar<\/strong><\/a><\/span><\/p>\n<script type=\"text\/javascript\"> toolTips('.classtoolTips76','A palavra <em><span class='tooltipsall tooltipsincontent classtoolTips76'>kami<\/span><\/em> significa \u201cm\u00edstico\u201d, \u201csuperior\u201d, \u201cdivino\u201d, estando normalmente ligada ao poder sagrado ou divino.'); <\/script>","protected":false},"excerpt":{"rendered":"<p>&nbsp; &nbsp; Quem \u00e9 Mari Kanegae? Mari Kanegae nasceu em Londrina, no Estado do Paran\u00e1. \u00c9 formada pela Escola de Comunica\u00e7\u00f5es e Artes da Universidade de S\u00e3o Paulo, licenciatura em Educa\u00e7\u00e3o Art\u00edstica com habilita\u00e7\u00e3o em Artes Pl\u00e1sticas. Em 1984 foi para o Jap\u00e3o onde aprimorou os seus conhecimentos em rela\u00e7\u00e3o ao Origami, com o mestre [&hellip;]<\/p>\n","protected":false},"author":33,"featured_media":0,"parent":0,"menu_order":0,"comment_status":"closed","ping_status":"closed","template":"","meta":{"_acf_changed":false,"footnotes":""},"class_list":["post-10888","page","type-page","status-publish","hentry"],"acf":[],"_links":{"self":[{"href":"https:\/\/fjsp.org.br\/fjsp\/wp-json\/wp\/v2\/pages\/10888","targetHints":{"allow":["GET"]}}],"collection":[{"href":"https:\/\/fjsp.org.br\/fjsp\/wp-json\/wp\/v2\/pages"}],"about":[{"href":"https:\/\/fjsp.org.br\/fjsp\/wp-json\/wp\/v2\/types\/page"}],"author":[{"embeddable":true,"href":"https:\/\/fjsp.org.br\/fjsp\/wp-json\/wp\/v2\/users\/33"}],"replies":[{"embeddable":true,"href":"https:\/\/fjsp.org.br\/fjsp\/wp-json\/wp\/v2\/comments?post=10888"}],"version-history":[{"count":2,"href":"https:\/\/fjsp.org.br\/fjsp\/wp-json\/wp\/v2\/pages\/10888\/revisions"}],"predecessor-version":[{"id":10898,"href":"https:\/\/fjsp.org.br\/fjsp\/wp-json\/wp\/v2\/pages\/10888\/revisions\/10898"}],"wp:attachment":[{"href":"https:\/\/fjsp.org.br\/fjsp\/wp-json\/wp\/v2\/media?parent=10888"}],"curies":[{"name":"wp","href":"https:\/\/api.w.org\/{rel}","templated":true}]}}