{"id":10923,"date":"2020-06-17T16:49:59","date_gmt":"2020-06-17T19:49:59","guid":{"rendered":"https:\/\/fjsp.org.br\/fjsp\/?page_id=10923"},"modified":"2020-06-18T09:14:26","modified_gmt":"2020-06-18T12:14:26","slug":"todos-juntos-wadaiko-sho","status":"publish","type":"page","link":"https:\/\/fjsp.org.br\/fjsp\/todos-juntos-wadaiko-sho\/","title":{"rendered":"Wadaiko Sho"},"content":{"rendered":"<p><img fetchpriority=\"high\" decoding=\"async\" class=\"img-responsive alignnone wp-image-10925\" src=\"https:\/\/fjsp.org.br\/fjsp\/wp-content\/uploads\/2020\/06\/sns-todos-juntos-9-wadaikosho.jpg\" alt=\"\" width=\"450\" height=\"450\" srcset=\"https:\/\/fjsp.org.br\/fjsp\/wp-content\/uploads\/2020\/06\/sns-todos-juntos-9-wadaikosho.jpg 600w, https:\/\/fjsp.org.br\/fjsp\/wp-content\/uploads\/2020\/06\/sns-todos-juntos-9-wadaikosho-280x280.jpg 280w, https:\/\/fjsp.org.br\/fjsp\/wp-content\/uploads\/2020\/06\/sns-todos-juntos-9-wadaikosho-340x340.jpg 340w, https:\/\/fjsp.org.br\/fjsp\/wp-content\/uploads\/2020\/06\/sns-todos-juntos-9-wadaikosho-220x220.jpg 220w, https:\/\/fjsp.org.br\/fjsp\/wp-content\/uploads\/2020\/06\/sns-todos-juntos-9-wadaikosho-100x100.jpg 100w, https:\/\/fjsp.org.br\/fjsp\/wp-content\/uploads\/2020\/06\/sns-todos-juntos-9-wadaikosho-130x130.jpg 130w, https:\/\/fjsp.org.br\/fjsp\/wp-content\/uploads\/2020\/06\/sns-todos-juntos-9-wadaikosho-460x460.jpg 460w, https:\/\/fjsp.org.br\/fjsp\/wp-content\/uploads\/2020\/06\/sns-todos-juntos-9-wadaikosho-150x150.jpg 150w\" sizes=\"(max-width: 450px) 100vw, 450px\" \/><\/p>\n<p>&nbsp;<\/p>\n<div class='cleaner'><\/div>\n<div class='videoWrapper embed-responsive embed-responsive-16by9 ratio ratio-16x9'><iframe title=\"Projeto TODOS JUNTOS - Wadaiko Sho, grupo de tambores japoneses.\" width=\"700\" height=\"394\" src=\"https:\/\/www.youtube.com\/embed\/s488SwpElTA?feature=oembed\" frameborder=\"0\" allow=\"accelerometer; autoplay; encrypted-media; gyroscope; picture-in-picture\" allowfullscreen><\/iframe><\/div>\n<h3><\/h3>\n<h3><strong>Conhe\u00e7a o Wadaiko Sho<br \/>\n<\/strong><\/h3>\n<p>\u201cWadaiko\u201d, em japon\u00eas, significa arte dos tambores japoneses. \u201cSho\u201d significa viver. \u201cWadaiko Sho\u201d \u00e9 viver tendo como base a arte dos tambores japoneses. Uma terapia que visa desenvolver a sa\u00fade f\u00edsica, mental e social atrav\u00e9s do taiko.<\/p>\n<p>Formado em 2002 pelo musicoterapeuta Setsuo Kinoshita e pela soci\u00f3loga Mitsue Iwamoto, tem seu est\u00fadio na Vila Mariana, em S\u00e3o Paulo, e busca harmonizar a genialidade das culturas do Brasil e Jap\u00e3o e as diferen\u00e7as existentes entre elas, tanto em seu repert\u00f3rio, quanto nas atividades do grupo.<\/p>\n<p>O grupo criou composi\u00e7\u00f5es in\u00e9ditas, exclusivamente para as apresenta\u00e7\u00f5es no Jap\u00e3o Digital, evento realizado pela Funda\u00e7\u00e3o Jap\u00e3o em S\u00e3o Paulo, em mar\u00e7o \u00faltimo, no Pavilh\u00e3o Japon\u00eas, no Parque do Ibirapuera. No repert\u00f3rio, m\u00fasicas tradicionais do Jap\u00e3o, com um toque contempor\u00e2neo, se misturaram ao samba tocado por instrumentos tradicionais japoneses, em sincronia perfeita com as proje\u00e7\u00f5es na fachada do Pavilh\u00e3o. O resultado n\u00e3o poderia ser diferente: um p\u00fablico totalmente contagiado, que vibrava a cada apresenta\u00e7\u00e3o.<\/p>\n<p>Para mais informa\u00e7\u00f5es sobre o Wadaiko Sho e cursos de taiko, acesse o <strong><a href=\"https:\/\/www.taiko.com.br\/\" target=\"_blank\" rel=\"noopener noreferrer\">site<\/a><\/strong>.<\/p>\n<p>Conhe\u00e7a os detalhes da participa\u00e7\u00e3o especial do Wadaiko Sho no evento Jap\u00e3o Digital, que aconteceu em mar\u00e7o \u00faltimo no Pavilh\u00e3o Japon\u00eas, no Parque do Ibirapuera. Veja <a href=\"https:\/\/fjsp.org.br\/fjsp\/agenda\/japao-digital-pos-evento\/\"><strong>aqui<\/strong><\/a>.<\/p>\n<p>&nbsp;<\/p>\n<p><a href=\"https:\/\/fjsp.org.br\/fjsp\/agenda\/todos-juntos\/\"><span style=\"color: #993366;\"><strong>&lt;&lt; voltar<\/strong><\/span><\/a><\/p>\n","protected":false},"excerpt":{"rendered":"<p>&nbsp; Conhe\u00e7a o Wadaiko Sho \u201cWadaiko\u201d, em japon\u00eas, significa arte dos tambores japoneses. \u201cSho\u201d significa viver. \u201cWadaiko Sho\u201d \u00e9 viver tendo como base a arte dos tambores japoneses. Uma terapia que visa desenvolver a sa\u00fade f\u00edsica, mental e social atrav\u00e9s do taiko. Formado em 2002 pelo musicoterapeuta Setsuo Kinoshita e pela soci\u00f3loga Mitsue Iwamoto, tem [&hellip;]<\/p>\n","protected":false},"author":33,"featured_media":0,"parent":0,"menu_order":0,"comment_status":"closed","ping_status":"closed","template":"","meta":{"_acf_changed":false,"footnotes":""},"class_list":["post-10923","page","type-page","status-publish","hentry"],"acf":[],"_links":{"self":[{"href":"https:\/\/fjsp.org.br\/fjsp\/wp-json\/wp\/v2\/pages\/10923","targetHints":{"allow":["GET"]}}],"collection":[{"href":"https:\/\/fjsp.org.br\/fjsp\/wp-json\/wp\/v2\/pages"}],"about":[{"href":"https:\/\/fjsp.org.br\/fjsp\/wp-json\/wp\/v2\/types\/page"}],"author":[{"embeddable":true,"href":"https:\/\/fjsp.org.br\/fjsp\/wp-json\/wp\/v2\/users\/33"}],"replies":[{"embeddable":true,"href":"https:\/\/fjsp.org.br\/fjsp\/wp-json\/wp\/v2\/comments?post=10923"}],"version-history":[{"count":2,"href":"https:\/\/fjsp.org.br\/fjsp\/wp-json\/wp\/v2\/pages\/10923\/revisions"}],"predecessor-version":[{"id":10947,"href":"https:\/\/fjsp.org.br\/fjsp\/wp-json\/wp\/v2\/pages\/10923\/revisions\/10947"}],"wp:attachment":[{"href":"https:\/\/fjsp.org.br\/fjsp\/wp-json\/wp\/v2\/media?parent=10923"}],"curies":[{"name":"wp","href":"https:\/\/api.w.org\/{rel}","templated":true}]}}