{"id":11132,"date":"2020-06-29T09:45:19","date_gmt":"2020-06-29T12:45:19","guid":{"rendered":"https:\/\/fjsp.org.br\/fjsp\/?page_id=11132"},"modified":"2020-12-29T18:20:51","modified_gmt":"2020-12-29T21:20:51","slug":"novos_facilitadores_2020_bambu_palestra_diversidade_utilizacao_bambu","status":"publish","type":"page","link":"https:\/\/fjsp.org.br\/fjsp\/novos_facilitadores_2020_bambu_palestra_diversidade_utilizacao_bambu\/","title":{"rendered":"Bambu: a revitaliza\u00e7\u00e3o de uma comunidade &#8211; Palestra Complementar"},"content":{"rendered":"<h5 style=\"text-align: center\"><a href=\"https:\/\/fjsp.org.br\/fjsp\/novos_facilitadores_2020_bambu_palestra_diversidade_utilizacao_bambu_jp\/\"><span style=\"color: #0000ff\"><strong>[\u65e5\u672c\u8a9e]<\/strong><\/span><\/a><\/h5>\n<p style=\"text-align: left\"><strong><a href=\"https:\/\/fjsp.org.br\/fjsp\/novos_facilitadores_2020_bambu\/\">P\u00e1gina inicial do projeto &gt;<\/a> Palestra Diversidade da Utiliza\u00e7\u00e3o de Bambu<\/strong><\/p>\n<p><img fetchpriority=\"high\" decoding=\"async\" class=\"img-responsive size-full wp-image-11405 alignleft\" src=\"https:\/\/fjsp.org.br\/fjsp\/wp-content\/uploads\/2020\/06\/200617-digital-palestra-hiroyuki.jpg\" alt=\"\" width=\"1080\" height=\"1000\" srcset=\"https:\/\/fjsp.org.br\/fjsp\/wp-content\/uploads\/2020\/06\/200617-digital-palestra-hiroyuki.jpg 1080w, https:\/\/fjsp.org.br\/fjsp\/wp-content\/uploads\/2020\/06\/200617-digital-palestra-hiroyuki-280x259.jpg 280w, https:\/\/fjsp.org.br\/fjsp\/wp-content\/uploads\/2020\/06\/200617-digital-palestra-hiroyuki-768x711.jpg 768w, https:\/\/fjsp.org.br\/fjsp\/wp-content\/uploads\/2020\/06\/200617-digital-palestra-hiroyuki-340x315.jpg 340w, https:\/\/fjsp.org.br\/fjsp\/wp-content\/uploads\/2020\/06\/200617-digital-palestra-hiroyuki-220x204.jpg 220w, https:\/\/fjsp.org.br\/fjsp\/wp-content\/uploads\/2020\/06\/200617-digital-palestra-hiroyuki-100x93.jpg 100w, https:\/\/fjsp.org.br\/fjsp\/wp-content\/uploads\/2020\/06\/200617-digital-palestra-hiroyuki-130x120.jpg 130w, https:\/\/fjsp.org.br\/fjsp\/wp-content\/uploads\/2020\/06\/200617-digital-palestra-hiroyuki-460x426.jpg 460w\" sizes=\"(max-width: 1080px) 100vw, 1080px\" \/> <img decoding=\"async\" class=\"img-responsive alignnone size-full wp-image-11406\" src=\"https:\/\/fjsp.org.br\/fjsp\/wp-content\/uploads\/2020\/06\/200617-digital-palestra-hiroyuki2-new.jpg\" alt=\"\" width=\"1080\" height=\"3700\" srcset=\"https:\/\/fjsp.org.br\/fjsp\/wp-content\/uploads\/2020\/06\/200617-digital-palestra-hiroyuki2-new.jpg 1080w, https:\/\/fjsp.org.br\/fjsp\/wp-content\/uploads\/2020\/06\/200617-digital-palestra-hiroyuki2-new-280x959.jpg 280w, https:\/\/fjsp.org.br\/fjsp\/wp-content\/uploads\/2020\/06\/200617-digital-palestra-hiroyuki2-new-768x2631.jpg 768w, https:\/\/fjsp.org.br\/fjsp\/wp-content\/uploads\/2020\/06\/200617-digital-palestra-hiroyuki2-new-292x1000.jpg 292w, https:\/\/fjsp.org.br\/fjsp\/wp-content\/uploads\/2020\/06\/200617-digital-palestra-hiroyuki2-new-220x754.jpg 220w, https:\/\/fjsp.org.br\/fjsp\/wp-content\/uploads\/2020\/06\/200617-digital-palestra-hiroyuki2-new-100x343.jpg 100w, https:\/\/fjsp.org.br\/fjsp\/wp-content\/uploads\/2020\/06\/200617-digital-palestra-hiroyuki2-new-130x445.jpg 130w\" sizes=\"(max-width: 1080px) 100vw, 1080px\" \/> <img decoding=\"async\" class=\"img-responsive alignnone size-full wp-image-11407\" src=\"https:\/\/fjsp.org.br\/fjsp\/wp-content\/uploads\/2020\/06\/200617-digital-palestra-hiroyuki3.jpg\" alt=\"\" width=\"1080\" height=\"800\" srcset=\"https:\/\/fjsp.org.br\/fjsp\/wp-content\/uploads\/2020\/06\/200617-digital-palestra-hiroyuki3.jpg 1080w, https:\/\/fjsp.org.br\/fjsp\/wp-content\/uploads\/2020\/06\/200617-digital-palestra-hiroyuki3-280x207.jpg 280w, https:\/\/fjsp.org.br\/fjsp\/wp-content\/uploads\/2020\/06\/200617-digital-palestra-hiroyuki3-768x569.jpg 768w, https:\/\/fjsp.org.br\/fjsp\/wp-content\/uploads\/2020\/06\/200617-digital-palestra-hiroyuki3-340x252.jpg 340w, https:\/\/fjsp.org.br\/fjsp\/wp-content\/uploads\/2020\/06\/200617-digital-palestra-hiroyuki3-220x163.jpg 220w, https:\/\/fjsp.org.br\/fjsp\/wp-content\/uploads\/2020\/06\/200617-digital-palestra-hiroyuki3-100x74.jpg 100w, https:\/\/fjsp.org.br\/fjsp\/wp-content\/uploads\/2020\/06\/200617-digital-palestra-hiroyuki3-130x96.jpg 130w, https:\/\/fjsp.org.br\/fjsp\/wp-content\/uploads\/2020\/06\/200617-digital-palestra-hiroyuki3-460x341.jpg 460w\" sizes=\"(max-width: 1080px) 100vw, 1080px\" \/><\/p>\n<p>&nbsp;<\/p>\n<h3 style=\"text-align: center\"><a href=\"https:\/\/fjsp.org.br\/fjsp\/novos_facilitadores_2020_bambu_workshop\/\">&lt;&lt; Workshop de Lanternas de Bambu<\/a> \/ <a href=\"https:\/\/fjsp.org.br\/fjsp\/novos_facilitadores_2020_bambu\/\">Retornar a p\u00e1gina inicial do projeto &gt;&gt;<\/a><\/h3>\n","protected":false},"excerpt":{"rendered":"<p>[\u65e5\u672c\u8a9e] P\u00e1gina inicial do projeto &gt; Palestra Diversidade da Utiliza\u00e7\u00e3o de Bambu &nbsp; &lt;&lt; Workshop de Lanternas de Bambu \/ Retornar a p\u00e1gina inicial do projeto &gt;&gt;<\/p>\n","protected":false},"author":34,"featured_media":0,"parent":0,"menu_order":0,"comment_status":"closed","ping_status":"closed","template":"","meta":{"_acf_changed":false,"footnotes":""},"class_list":["post-11132","page","type-page","status-publish","hentry"],"acf":[],"_links":{"self":[{"href":"https:\/\/fjsp.org.br\/fjsp\/wp-json\/wp\/v2\/pages\/11132","targetHints":{"allow":["GET"]}}],"collection":[{"href":"https:\/\/fjsp.org.br\/fjsp\/wp-json\/wp\/v2\/pages"}],"about":[{"href":"https:\/\/fjsp.org.br\/fjsp\/wp-json\/wp\/v2\/types\/page"}],"author":[{"embeddable":true,"href":"https:\/\/fjsp.org.br\/fjsp\/wp-json\/wp\/v2\/users\/34"}],"replies":[{"embeddable":true,"href":"https:\/\/fjsp.org.br\/fjsp\/wp-json\/wp\/v2\/comments?post=11132"}],"version-history":[{"count":3,"href":"https:\/\/fjsp.org.br\/fjsp\/wp-json\/wp\/v2\/pages\/11132\/revisions"}],"predecessor-version":[{"id":14536,"href":"https:\/\/fjsp.org.br\/fjsp\/wp-json\/wp\/v2\/pages\/11132\/revisions\/14536"}],"wp:attachment":[{"href":"https:\/\/fjsp.org.br\/fjsp\/wp-json\/wp\/v2\/media?parent=11132"}],"curies":[{"name":"wp","href":"https:\/\/api.w.org\/{rel}","templated":true}]}}