{"id":11404,"date":"2020-06-30T14:29:36","date_gmt":"2020-06-30T17:29:36","guid":{"rendered":"https:\/\/fjsp.org.br\/fjsp\/?page_id=11404"},"modified":"2020-07-01T15:42:26","modified_gmt":"2020-07-01T18:42:26","slug":"todos-juntos-reatmo","status":"publish","type":"page","link":"https:\/\/fjsp.org.br\/fjsp\/todos-juntos-reatmo\/","title":{"rendered":"REATMO\uff08\u30ea\u30c8\u30e2\uff09"},"content":{"rendered":"<p><img fetchpriority=\"high\" decoding=\"async\" class=\"img-responsive alignnone wp-image-11355\" src=\"https:\/\/fjsp.org.br\/fjsp\/wp-content\/uploads\/2020\/06\/sns-todos-juntos-12-reatmo.jpg\" alt=\"\" width=\"450\" height=\"450\" srcset=\"https:\/\/fjsp.org.br\/fjsp\/wp-content\/uploads\/2020\/06\/sns-todos-juntos-12-reatmo.jpg 600w, https:\/\/fjsp.org.br\/fjsp\/wp-content\/uploads\/2020\/06\/sns-todos-juntos-12-reatmo-280x280.jpg 280w, https:\/\/fjsp.org.br\/fjsp\/wp-content\/uploads\/2020\/06\/sns-todos-juntos-12-reatmo-340x340.jpg 340w, https:\/\/fjsp.org.br\/fjsp\/wp-content\/uploads\/2020\/06\/sns-todos-juntos-12-reatmo-220x220.jpg 220w, https:\/\/fjsp.org.br\/fjsp\/wp-content\/uploads\/2020\/06\/sns-todos-juntos-12-reatmo-100x100.jpg 100w, https:\/\/fjsp.org.br\/fjsp\/wp-content\/uploads\/2020\/06\/sns-todos-juntos-12-reatmo-130x130.jpg 130w, https:\/\/fjsp.org.br\/fjsp\/wp-content\/uploads\/2020\/06\/sns-todos-juntos-12-reatmo-460x460.jpg 460w, https:\/\/fjsp.org.br\/fjsp\/wp-content\/uploads\/2020\/06\/sns-todos-juntos-12-reatmo-150x150.jpg 150w\" sizes=\"(max-width: 450px) 100vw, 450px\" \/><\/p>\n<p>&nbsp;<\/p>\n<div class='cleaner'><\/div>\n<div class='videoWrapper embed-responsive embed-responsive-16by9 ratio ratio-16x9'><iframe title=\"Projeto TODOS JUNTOS - REATMO, Beatboxer\" width=\"700\" height=\"394\" src=\"https:\/\/www.youtube.com\/embed\/fpPxh4okrag?feature=oembed\" frameborder=\"0\" allow=\"accelerometer; autoplay; encrypted-media; gyroscope; picture-in-picture\" allowfullscreen><\/iframe><\/div>\n<p>&nbsp;<\/p>\n<h3><strong>Quem \u00e9 REATMO?<\/strong><\/h3>\n<p>REATMO \u00e9 human beatboxer, ou seja, consegue interpretar v\u00e1rios instrumentos e sons atrav\u00e9s da boca. Isso se chama beatbox.<br \/>\nEle possui uma t\u00e9cnica \u00fanica e particular de construir e reproduzir m\u00fasicas, fazendo sequ\u00eancias de beatbox e vozes, mesclando elas utilizando equipamentos eletr\u00f4nicos como o iPad. Aos 19 anos, ele venceu o torneio de beatbox nos Estados Unidos, em Paris fez uma live performance no desfile do estilista MIHARAYASUHIRO, realizou uma turn\u00ea pelos EUA estreando em Texas participando do Festival SXSW, e sua performance foi aclamadado pela banda americana Maroon 5. Ele atua no Jap\u00e3o e no exterior.<\/p>\n<p>Veio pela primeira vez ao Brasil em julho de 2016 acompanhando os dan\u00e7arinos da dupla <a href=\"https:\/\/fjsp.org.br\/fjsp\/agenda\/hilty-bosch-brasil\/\">HILTY &amp; BOSCH<\/a> para apresenta\u00e7\u00f5es em S\u00e3o Paulo. E em 2018, foi atra\u00e7\u00e3o internacional do <span class=\"st\"><a href=\"https:\/\/www.facebook.com\/BonOdoriSalvador\/photos\/a.1530411400505965\/2117254281821671\/?type=3&amp;theater\" target=\"_blank\" rel=\"noopener noreferrer\">XIII Festival da Cultura Japonesa de Salvador<\/a>, na Bahia.<\/span><\/p>\n<p><strong>CANAIS OFICIAIS<\/strong><br \/>\n<a href=\"https:\/\/reatmo.net\/\" target=\"_blank\" rel=\"noopener noreferrer\">Site<\/a><br \/>\n<a href=\"https:\/\/www.facebook.com\/REATMO-168288056555988\/\" target=\"_blank\" rel=\"noopener noreferrer\">Facebook<\/a><br \/>\n<a href=\"https:\/\/twitter.com\/REATMO_beatbox\" target=\"_blank\" rel=\"noopener noreferrer\">Twitter<\/a><br \/>\n<a href=\"https:\/\/www.instagram.com\/reatmo\/\" target=\"_blank\" rel=\"noopener noreferrer\">Instagram<\/a><br \/>\n<a href=\"https:\/\/www.tiktok.com\/@reatmo\" target=\"_blank\" rel=\"noopener noreferrer\">TikTok<\/a><\/p>\n<p>&nbsp;<\/p>\n<p><a href=\"https:\/\/fjsp.org.br\/fjsp\/agenda\/todos-juntos\/\"><strong><span style=\"color: #993366;\">&lt;&lt; voltar<\/span><\/strong><\/a><\/p>\n","protected":false},"excerpt":{"rendered":"<p>&nbsp; &nbsp; Quem \u00e9 REATMO? REATMO \u00e9 human beatboxer, ou seja, consegue interpretar v\u00e1rios instrumentos e sons atrav\u00e9s da boca. Isso se chama beatbox. Ele possui uma t\u00e9cnica \u00fanica e particular de construir e reproduzir m\u00fasicas, fazendo sequ\u00eancias de beatbox e vozes, mesclando elas utilizando equipamentos eletr\u00f4nicos como o iPad. Aos 19 anos, ele venceu [&hellip;]<\/p>\n","protected":false},"author":33,"featured_media":0,"parent":0,"menu_order":0,"comment_status":"closed","ping_status":"closed","template":"","meta":{"_acf_changed":false,"footnotes":""},"class_list":["post-11404","page","type-page","status-publish","hentry"],"acf":[],"_links":{"self":[{"href":"https:\/\/fjsp.org.br\/fjsp\/wp-json\/wp\/v2\/pages\/11404","targetHints":{"allow":["GET"]}}],"collection":[{"href":"https:\/\/fjsp.org.br\/fjsp\/wp-json\/wp\/v2\/pages"}],"about":[{"href":"https:\/\/fjsp.org.br\/fjsp\/wp-json\/wp\/v2\/types\/page"}],"author":[{"embeddable":true,"href":"https:\/\/fjsp.org.br\/fjsp\/wp-json\/wp\/v2\/users\/33"}],"replies":[{"embeddable":true,"href":"https:\/\/fjsp.org.br\/fjsp\/wp-json\/wp\/v2\/comments?post=11404"}],"version-history":[{"count":2,"href":"https:\/\/fjsp.org.br\/fjsp\/wp-json\/wp\/v2\/pages\/11404\/revisions"}],"predecessor-version":[{"id":11532,"href":"https:\/\/fjsp.org.br\/fjsp\/wp-json\/wp\/v2\/pages\/11404\/revisions\/11532"}],"wp:attachment":[{"href":"https:\/\/fjsp.org.br\/fjsp\/wp-json\/wp\/v2\/media?parent=11404"}],"curies":[{"name":"wp","href":"https:\/\/api.w.org\/{rel}","templated":true}]}}