{"id":11510,"date":"2020-07-02T11:23:23","date_gmt":"2020-07-02T14:23:23","guid":{"rendered":"https:\/\/fjsp.org.br\/fjsp\/?page_id=11510"},"modified":"2020-10-08T17:00:22","modified_gmt":"2020-10-08T20:00:22","slug":"dossie_natsume_soseki_1_natsume_soseki","status":"publish","type":"page","link":"https:\/\/fjsp.org.br\/fjsp\/dossie_natsume_soseki_1_natsume_soseki\/","title":{"rendered":"1. Natsume Soseki"},"content":{"rendered":"<p style=\"text-align: right;\"><strong><a href=\"https:\/\/fjsp.org.br\/fjsp\/dossie_literario\/\">Dossi\u00ea Liter\u00e1rio<\/a> &gt; <a href=\"https:\/\/fjsp.org.br\/fjsp\/dossie_natsume_soseki\/\">Dossi\u00ea Natsume Soseki<\/a> &gt; 1. Natsume Soseki<\/strong><\/p>\n<p><img fetchpriority=\"high\" decoding=\"async\" class=\"img-responsive alignnone wp-image-11642 size-full\" src=\"https:\/\/fjsp.org.br\/fjsp\/wp-content\/uploads\/2020\/07\/pattern-v1-03-1.png\" alt=\"\" width=\"4032\" height=\"223\" srcset=\"https:\/\/fjsp.org.br\/fjsp\/wp-content\/uploads\/2020\/07\/pattern-v1-03-1.png 4032w, https:\/\/fjsp.org.br\/fjsp\/wp-content\/uploads\/2020\/07\/pattern-v1-03-1-280x15.png 280w, https:\/\/fjsp.org.br\/fjsp\/wp-content\/uploads\/2020\/07\/pattern-v1-03-1-768x42.png 768w, https:\/\/fjsp.org.br\/fjsp\/wp-content\/uploads\/2020\/07\/pattern-v1-03-1-340x19.png 340w, https:\/\/fjsp.org.br\/fjsp\/wp-content\/uploads\/2020\/07\/pattern-v1-03-1-220x12.png 220w, https:\/\/fjsp.org.br\/fjsp\/wp-content\/uploads\/2020\/07\/pattern-v1-03-1-100x6.png 100w, https:\/\/fjsp.org.br\/fjsp\/wp-content\/uploads\/2020\/07\/pattern-v1-03-1-130x7.png 130w, https:\/\/fjsp.org.br\/fjsp\/wp-content\/uploads\/2020\/07\/pattern-v1-03-1-460x25.png 460w\" sizes=\"(max-width: 4032px) 100vw, 4032px\" \/><\/p>\n<p>Podemos dizer que Natsume Soseki \u00e9, a seu modo, POP, um \u00edcone. Suas obras foram relidas diversas vezes pelo cinema, foram transformadas em mang\u00e1s e anim\u00eas, e numa simples busca no YouTube pululam resenhas liter\u00e1rias, audiolivros, anima\u00e7\u00f5es, em diferentes idiomas. Seu rosto estampa a nota de 1.000 ienes e sua vida e obra inspiram in\u00fameros roteiros de turismo liter\u00e1rio pelo Jap\u00e3o.<\/p>\n<p>&nbsp;<\/p>\n<p>Mas, o que o torna t\u00e3o popular e estudado no Jap\u00e3o?<\/p>\n<p>Por \u00f3bvio, n\u00e3o \u00e9 errado dizer que seu refinamento liter\u00e1rio \u00e9 um dos principais fatores. Mas, a sua alma cr\u00edtica e sarc\u00e1stica que tra\u00e7a o retrato de uma \u00e9poca na qual o Jap\u00e3o passava por uma intensa transforma\u00e7\u00e3o estrutural, da social \u00e0 econ\u00f4mica, que por vezes gerava desorienta\u00e7\u00e3o e ansiedade na sociedade do per\u00edodo Meiji (1868-1912), \u00e9 sem d\u00favida uma das caracter\u00edsticas mais importantes.<\/p>\n<p>Soseki simboliza o surgimento do Jap\u00e3o como uma na\u00e7\u00e3o moderna, e a literatura era seu ve\u00edculo criativo, que ajudou a moldar uma compreens\u00e3o da condi\u00e7\u00e3o moderna da sociedade japonesa, e retratou como poucos o importantes aspectos da Era Meiji. E, al\u00e9m de autor de obras de fic\u00e7\u00e3o, foi poeta, ensa\u00edsta, redator de jornal.<\/p>\n<p>Nascido em 9 de fevereiro de 1867, em Edo, atual T\u00f3quio, sob o nome de registro Natsume Kinnosuke, e falecido em 9 de dezembro de 1916, em T\u00f3quio, sua vida praticamente coincide com o per\u00edodo Meiji, que foi instaurado em 1868 e terminou em 1912.<\/p>\n<p>Seu romance de estreia, <em>Wagahai wa neko de aru<\/em> [Eu sou um gato] \u00e9 um grande exemplo de sua sagacidade. Foi publicado nos anos 1905-1906, inicialmente em forma de cap\u00edtulos na <em>Hototogisu<\/em>, importante publica\u00e7\u00e3o liter\u00e1ria da \u00e9poca. \u00c9 narrado sob o ponto de vista de um sarc\u00e1stico gato sem nome, que tra\u00e7a cr\u00edticas \u00e0 sociedade do per\u00edodo Meiji.<\/p>\n<p>Segundo a editora Esta\u00e7\u00e3o Liberdade, <em>todos os personagens passam pelo crivo do felino que leva o leitor a uma jocosa aventura, convidando-o para ser seu c\u00famplice na tarefa de desvendar o tr\u00e1gico cinismo interior de cada personagem e seu mundo repleto de mesquinhez, mentiras, vaidades e desola\u00e7\u00e3o.<\/em><\/p>\n<p>&nbsp;<\/p>\n<div id=\"attachment_11541\" style=\"width: 210px\" class=\"wp-caption alignleft\"><img decoding=\"async\" aria-describedby=\"caption-attachment-11541\" class=\"img-responsive wp-image-11541 \" src=\"https:\/\/fjsp.org.br\/fjsp\/wp-content\/uploads\/2020\/07\/imagem2-gato-original.jpg\" alt=\"\" width=\"200\" height=\"292\" srcset=\"https:\/\/fjsp.org.br\/fjsp\/wp-content\/uploads\/2020\/07\/imagem2-gato-original.jpg 171w, https:\/\/fjsp.org.br\/fjsp\/wp-content\/uploads\/2020\/07\/imagem2-gato-original-100x146.jpg 100w, https:\/\/fjsp.org.br\/fjsp\/wp-content\/uploads\/2020\/07\/imagem2-gato-original-130x190.jpg 130w\" sizes=\"(max-width: 200px) 100vw, 200px\" \/><p id=\"caption-attachment-11541\" class=\"wp-caption-text\">Imagem 2 &#8211; Ilustra\u00e7\u00e3o de \u201cEu sou um gato\u201d (1905) Por Hashiguchi Goyo (1881-1921)<\/p><\/div>\n<p>Seria a encaderna\u00e7\u00e3o de<em> Wagahai wa neko de aru <\/em>uma met\u00e1fora da \u00e9poca?<\/p>\n<p>Na busca por um livro com encaderna\u00e7\u00e3o sofisticada, que incorporasse v\u00e1rios elementos dos livros ocidentais, com os quais se familiarizou em sua estada na Inglaterra, Soseki mostrou \u00e0 editora in\u00fameros exemplares trazidos da Europa. As ilustra\u00e7\u00f5es e encaderna\u00e7\u00e3o ficaram a cargo de Hashiguchi Goyo (1881-1921), um jovem artista vinculado \u00e0 <em>Hototogisu<\/em> na \u00e9poca. Al\u00e9m de Soseki, Hashiguchi trabalhou com muito sucesso nas encaderna\u00e7\u00f5es de publica\u00e7\u00f5es de Mori Ogai, Tanizaki Junichiro, Izumi Kyoka, entre outros. Era especializado em ukiyoe, sobretudo, na vertente <em>bijinga<\/em>, retratos de beldades.<\/p>\n<p>A obra est\u00e1 dispon\u00edvel em l\u00edngua portuguesa, traduzida por Jefferson Jos\u00e9 Teixeira, e publicada em 2008 pela editora <a href=\"https:\/\/www.estacaoliberdade.com.br\/\" target=\"_blank\" rel=\"noopener noreferrer\"><strong>Esta\u00e7\u00e3o Liberdade<\/strong><\/a>. \u00c9 poss\u00edvel ter acesso facilmente \u00e0 obra, dispon\u00edvel em nossa biblioteca.<\/p>\n<p><a href=\"https:\/\/teses.usp.br\/teses\/disponiveis\/8\/8157\/tde-03082011-140731\/pt-br.php\" target=\"_blank\" rel=\"noopener noreferrer\"><img decoding=\"async\" class=\"img-responsive aligncenter wp-image-11981\" src=\"https:\/\/fjsp.org.br\/fjsp\/wp-content\/uploads\/2020\/07\/botao-curiosidade-5-prancheta-1-prancheta-1.png\" alt=\"\" width=\"750\" height=\"156\" srcset=\"https:\/\/fjsp.org.br\/fjsp\/wp-content\/uploads\/2020\/07\/botao-curiosidade-5-prancheta-1-prancheta-1.png 1704w, https:\/\/fjsp.org.br\/fjsp\/wp-content\/uploads\/2020\/07\/botao-curiosidade-5-prancheta-1-prancheta-1-280x58.png 280w, https:\/\/fjsp.org.br\/fjsp\/wp-content\/uploads\/2020\/07\/botao-curiosidade-5-prancheta-1-prancheta-1-768x160.png 768w, https:\/\/fjsp.org.br\/fjsp\/wp-content\/uploads\/2020\/07\/botao-curiosidade-5-prancheta-1-prancheta-1-340x71.png 340w, https:\/\/fjsp.org.br\/fjsp\/wp-content\/uploads\/2020\/07\/botao-curiosidade-5-prancheta-1-prancheta-1-220x46.png 220w, https:\/\/fjsp.org.br\/fjsp\/wp-content\/uploads\/2020\/07\/botao-curiosidade-5-prancheta-1-prancheta-1-100x21.png 100w, https:\/\/fjsp.org.br\/fjsp\/wp-content\/uploads\/2020\/07\/botao-curiosidade-5-prancheta-1-prancheta-1-130x27.png 130w, https:\/\/fjsp.org.br\/fjsp\/wp-content\/uploads\/2020\/07\/botao-curiosidade-5-prancheta-1-prancheta-1-460x96.png 460w\" sizes=\"(max-width: 750px) 100vw, 750px\" \/><\/a><\/p>\n<div id=\"attachment_11542\" style=\"width: 210px\" class=\"wp-caption alignright\"><img loading=\"lazy\" decoding=\"async\" aria-describedby=\"caption-attachment-11542\" class=\"img-responsive wp-image-11542\" src=\"https:\/\/fjsp.org.br\/fjsp\/wp-content\/uploads\/2020\/07\/imagem3-manuscripts-of-sanshiro-original.jpg\" alt=\"\" width=\"200\" height=\"254\" srcset=\"https:\/\/fjsp.org.br\/fjsp\/wp-content\/uploads\/2020\/07\/imagem3-manuscripts-of-sanshiro-original.jpg 1721w, https:\/\/fjsp.org.br\/fjsp\/wp-content\/uploads\/2020\/07\/imagem3-manuscripts-of-sanshiro-original-280x355.jpg 280w, https:\/\/fjsp.org.br\/fjsp\/wp-content\/uploads\/2020\/07\/imagem3-manuscripts-of-sanshiro-original-768x973.jpg 768w, https:\/\/fjsp.org.br\/fjsp\/wp-content\/uploads\/2020\/07\/imagem3-manuscripts-of-sanshiro-original-340x431.jpg 340w, https:\/\/fjsp.org.br\/fjsp\/wp-content\/uploads\/2020\/07\/imagem3-manuscripts-of-sanshiro-original-220x279.jpg 220w, https:\/\/fjsp.org.br\/fjsp\/wp-content\/uploads\/2020\/07\/imagem3-manuscripts-of-sanshiro-original-100x127.jpg 100w, https:\/\/fjsp.org.br\/fjsp\/wp-content\/uploads\/2020\/07\/imagem3-manuscripts-of-sanshiro-original-130x165.jpg 130w, https:\/\/fjsp.org.br\/fjsp\/wp-content\/uploads\/2020\/07\/imagem3-manuscripts-of-sanshiro-original-460x583.jpg 460w\" sizes=\"(max-width: 200px) 100vw, 200px\" \/><p id=\"caption-attachment-11542\" class=\"wp-caption-text\">Imagem 3 &#8211; Parte dos manuscritos da obra \u201cSanshiro\u201d<br \/>Soseki Zenshu Kankokai. Soseki Zenshu 5. 10\/6\/1936<br \/>Cole\u00e7\u00e3o Digital da National Diet Library Japan<\/p><\/div>\n<p>&nbsp;<\/p>\n<p>Ap\u00f3s essa fase inicial de sua carreira, Soseki amadurece como escritor com o surgimento de uma trilogia escrita entre 1908 e 1910. O primeiro deles, Sanshiro (1908) [Sanshiro], refere-se a um jovem ansioso, mas ing\u00eanuo das prov\u00edncias, Ogawa Sanshiro, e suas experi\u00eancias como estudante na Universidade de T\u00f3quio; Sorekara (1909) [E depois], considerado o seu primeiro romance psicol\u00f3gico em que se destaca a constru\u00e7\u00e3o da interioridade dos personagens; e por fim, Mon (1910) [O portal] acompanha o relacionamento do casal de meia idade Sosuke e Oyone.<\/p>\n<p>&nbsp;<\/p>\n<p>Ainda sem tradu\u00e7\u00e3o para o portugu\u00eas, <em>Garasudo no uchi<\/em>, que poderia ser traduzido como <em>No aposento com portas de vidro<\/em>, seria sem d\u00favida uma grande contribui\u00e7\u00e3o para os estudos sobre Soseki no Brasil:<\/p>\n<p><img loading=\"lazy\" decoding=\"async\" class=\"img-responsive wp-image-11814 alignleft\" src=\"https:\/\/fjsp.org.br\/fjsp\/wp-content\/uploads\/2020\/07\/garasudonouchi-1.jpg\" alt=\"\" width=\"155\" height=\"217\" srcset=\"https:\/\/fjsp.org.br\/fjsp\/wp-content\/uploads\/2020\/07\/garasudonouchi-1.jpg 357w, https:\/\/fjsp.org.br\/fjsp\/wp-content\/uploads\/2020\/07\/garasudonouchi-1-280x391.jpg 280w, https:\/\/fjsp.org.br\/fjsp\/wp-content\/uploads\/2020\/07\/garasudonouchi-1-340x475.jpg 340w, https:\/\/fjsp.org.br\/fjsp\/wp-content\/uploads\/2020\/07\/garasudonouchi-1-220x308.jpg 220w, https:\/\/fjsp.org.br\/fjsp\/wp-content\/uploads\/2020\/07\/garasudonouchi-1-100x140.jpg 100w, https:\/\/fjsp.org.br\/fjsp\/wp-content\/uploads\/2020\/07\/garasudonouchi-1-130x182.jpg 130w\" sizes=\"(max-width: 155px) 100vw, 155px\" \/><\/p>\n<p>Publicado originalmente em formato de s\u00e9rie di\u00e1ria no Jornal Asahi, em 1915, <em>Garasudo no uchi<\/em> \u00e9 uma cole\u00e7\u00e3o de trinta e nove ensaios autobiogr\u00e1ficos escritos um ano antes da morte de Soseki, que fornecem uma vis\u00e3o multidimensional do mundo particular de Soseki e lan\u00e7am luz sobre suas preocupa\u00e7\u00f5es como romancista. Um conjunto de reminisc\u00eancias que ajudam a entender a sua vida e obra.<\/p>\n<p><strong>Dispon\u00edvel na biblioteca:<br \/>\n<\/strong>Japon\u00eas: <em>Garasudo no uchi<\/em>, Iwanami shoten, 1990.<br \/>\nIngl\u00eas: <em>Inside my Glass Doors<\/em>, Tuttle Publishing, 2002.<\/p>\n<p>&nbsp;<\/p>\n<hr \/>\n<p>&nbsp;<\/p>\n<p style=\"text-align: center;\"><strong><a href=\"https:\/\/fjsp.org.br\/fjsp\/dossie_natsume_soseki\/\" rel=\"noopener noreferrer\">&lt;&lt; Dossi\u00ea Natsume Soseki<\/a> \/\/ <a href=\"https:\/\/fjsp.org.br\/fjsp\/dossie_natsume_soseki_2_periodo_meiji\/\"> 2. Per\u00edodo Meiji &gt;&gt;<\/a><\/strong><\/p>\n","protected":false},"excerpt":{"rendered":"<p>Dossi\u00ea Liter\u00e1rio &gt; Dossi\u00ea Natsume Soseki &gt; 1. Natsume Soseki Podemos dizer que Natsume Soseki \u00e9, a seu modo, POP, um \u00edcone. Suas obras foram relidas diversas vezes pelo cinema, foram transformadas em mang\u00e1s e anim\u00eas, e numa simples busca no YouTube pululam resenhas liter\u00e1rias, audiolivros, anima\u00e7\u00f5es, em diferentes idiomas. Seu rosto estampa a nota [&hellip;]<\/p>\n","protected":false},"author":34,"featured_media":0,"parent":0,"menu_order":0,"comment_status":"closed","ping_status":"closed","template":"","meta":{"_acf_changed":false,"footnotes":""},"class_list":["post-11510","page","type-page","status-publish","hentry"],"acf":[],"_links":{"self":[{"href":"https:\/\/fjsp.org.br\/fjsp\/wp-json\/wp\/v2\/pages\/11510","targetHints":{"allow":["GET"]}}],"collection":[{"href":"https:\/\/fjsp.org.br\/fjsp\/wp-json\/wp\/v2\/pages"}],"about":[{"href":"https:\/\/fjsp.org.br\/fjsp\/wp-json\/wp\/v2\/types\/page"}],"author":[{"embeddable":true,"href":"https:\/\/fjsp.org.br\/fjsp\/wp-json\/wp\/v2\/users\/34"}],"replies":[{"embeddable":true,"href":"https:\/\/fjsp.org.br\/fjsp\/wp-json\/wp\/v2\/comments?post=11510"}],"version-history":[{"count":3,"href":"https:\/\/fjsp.org.br\/fjsp\/wp-json\/wp\/v2\/pages\/11510\/revisions"}],"predecessor-version":[{"id":13156,"href":"https:\/\/fjsp.org.br\/fjsp\/wp-json\/wp\/v2\/pages\/11510\/revisions\/13156"}],"wp:attachment":[{"href":"https:\/\/fjsp.org.br\/fjsp\/wp-json\/wp\/v2\/media?parent=11510"}],"curies":[{"name":"wp","href":"https:\/\/api.w.org\/{rel}","templated":true}]}}