{"id":11553,"date":"2020-07-02T11:23:21","date_gmt":"2020-07-02T14:23:21","guid":{"rendered":"https:\/\/fjsp.org.br\/fjsp\/?page_id=11553"},"modified":"2020-07-15T16:04:27","modified_gmt":"2020-07-15T19:04:27","slug":"dossie_natsume_soseki_2_periodo_meiji","status":"publish","type":"page","link":"https:\/\/fjsp.org.br\/fjsp\/dossie_natsume_soseki_2_periodo_meiji\/","title":{"rendered":"2. Per\u00edodo Meiji (1868-1912)"},"content":{"rendered":"<p style=\"text-align: right\"><strong><a href=\"https:\/\/fjsp.org.br\/fjsp\/dossie_literario\/\">Dossi\u00ea Liter\u00e1rio<\/a> &gt; <a href=\"https:\/\/fjsp.org.br\/fjsp\/dossie_natsume_soseki\/\">Dossi\u00ea Natsume Soseki<\/a> &gt; 2. Per\u00edodo Meiji<\/strong><\/p>\n<p><img fetchpriority=\"high\" decoding=\"async\" class=\"img-responsive alignnone size-full wp-image-11642\" src=\"https:\/\/fjsp.org.br\/fjsp\/wp-content\/uploads\/2020\/07\/pattern-v1-03-1.png\" alt=\"\" width=\"4032\" height=\"223\" srcset=\"https:\/\/fjsp.org.br\/fjsp\/wp-content\/uploads\/2020\/07\/pattern-v1-03-1.png 4032w, https:\/\/fjsp.org.br\/fjsp\/wp-content\/uploads\/2020\/07\/pattern-v1-03-1-280x15.png 280w, https:\/\/fjsp.org.br\/fjsp\/wp-content\/uploads\/2020\/07\/pattern-v1-03-1-768x42.png 768w, https:\/\/fjsp.org.br\/fjsp\/wp-content\/uploads\/2020\/07\/pattern-v1-03-1-340x19.png 340w, https:\/\/fjsp.org.br\/fjsp\/wp-content\/uploads\/2020\/07\/pattern-v1-03-1-220x12.png 220w, https:\/\/fjsp.org.br\/fjsp\/wp-content\/uploads\/2020\/07\/pattern-v1-03-1-100x6.png 100w, https:\/\/fjsp.org.br\/fjsp\/wp-content\/uploads\/2020\/07\/pattern-v1-03-1-130x7.png 130w, https:\/\/fjsp.org.br\/fjsp\/wp-content\/uploads\/2020\/07\/pattern-v1-03-1-460x25.png 460w\" sizes=\"(max-width: 4032px) 100vw, 4032px\" \/><\/p>\n<p>O per\u00edodo Meiji foi marcado por in\u00fameras mudan\u00e7as estruturais do Jap\u00e3o, tais como a instaura\u00e7\u00e3o de uma monarquia constitucional, a forma\u00e7\u00e3o de universidades, a cria\u00e7\u00e3o e instala\u00e7\u00e3o de um Poder Legislativo formado por um Parlamento bicameral, a estrutura\u00e7\u00e3o de um sistema banc\u00e1rio e tribut\u00e1rio, ente outras.<\/p>\n<p>Os estudantes japoneses passam a ser enviados \u00e0 Europa e aos Estados Unidos, de onde tamb\u00e9m provinham muitos profissionais e especialistas, e esse intenso interc\u00e2mbio acaba por ajudar na moderniza\u00e7\u00e3o do pa\u00eds. Com o passar do tempo, a popula\u00e7\u00e3o japonesa come\u00e7a a dominar o conhecimento necess\u00e1rio para a cria\u00e7\u00e3o de suas primeiras ind\u00fastrias, permitindo, por exemplo, o desenvolvimento de sua malha f\u00e9rrea.<\/p>\n<p>O antigo poder pol\u00edtico do xogunato foi substitu\u00eddo por um sistema de prefeituras locais subordinadas ao poder central, que concentraram as atividades econ\u00f4micas do pa\u00eds n\u00e3o apenas para o seu desenvolvimento agr\u00edcola mas tamb\u00e9m para a forma\u00e7\u00e3o de uma ind\u00fastria de base s\u00f3lida.<\/p>\n<p>&nbsp;<\/p>\n<p>Assim Soseki ambienta o per\u00edodo de transforma\u00e7\u00f5es vivenciadas \u00e0 \u00e9poca, em seu romance <strong>Sanshiro<\/strong>:<\/p>\n<blockquote><p><em>Sanshiro se surpreendeu com muitas coisas em T\u00f3quio. Em primeiro lugar, espantou-se com o som da sineta dos bondes. Tamb\u00e9m lhe causou surpresa o fato de que, ao ressoar dela, uma grande quantidade de pessoas subia ou descia do ve\u00edculo. (&#8230;) Contudo, o que mais lhe impressionou, sem d\u00favida, foi que, por mais que andasse, T\u00f3quio jamais terminava, e por onde caminhasse havia madeira atirada ao l\u00e9u, pedras empilhadas, casas novas afastadas a uns cinco metros da cal\u00e7ada, enquanto \u00e0 frente do terreno velhos armaz\u00e9ns ainda se encontravam de p\u00e9, n\u00e3o sem algum esfor\u00e7o. Era como se tudo estivesse sendo destru\u00eddo. Por outro lado, parecia tamb\u00e9m que tudo estava em processo de constru\u00e7\u00e3o. O ritmo da cidade era alucinante.<\/em> <strong>Sanshiro<\/strong>, Esta\u00e7\u00e3o Liberdade.<\/p>\n<p>&nbsp;<\/p>\n<div id=\"attachment_11554\" style=\"width: 710px\" class=\"wp-caption aligncenter\"><img decoding=\"async\" aria-describedby=\"caption-attachment-11554\" class=\"img-responsive wp-image-11554\" src=\"https:\/\/fjsp.org.br\/fjsp\/wp-content\/uploads\/2020\/07\/imagem4-photo-2020-06-03-16-24-57-2.jpg\" alt=\"\" width=\"700\" height=\"495\" srcset=\"https:\/\/fjsp.org.br\/fjsp\/wp-content\/uploads\/2020\/07\/imagem4-photo-2020-06-03-16-24-57-2.jpg 1000w, https:\/\/fjsp.org.br\/fjsp\/wp-content\/uploads\/2020\/07\/imagem4-photo-2020-06-03-16-24-57-2-280x198.jpg 280w, https:\/\/fjsp.org.br\/fjsp\/wp-content\/uploads\/2020\/07\/imagem4-photo-2020-06-03-16-24-57-2-768x543.jpg 768w, https:\/\/fjsp.org.br\/fjsp\/wp-content\/uploads\/2020\/07\/imagem4-photo-2020-06-03-16-24-57-2-340x240.jpg 340w, https:\/\/fjsp.org.br\/fjsp\/wp-content\/uploads\/2020\/07\/imagem4-photo-2020-06-03-16-24-57-2-220x156.jpg 220w, https:\/\/fjsp.org.br\/fjsp\/wp-content\/uploads\/2020\/07\/imagem4-photo-2020-06-03-16-24-57-2-100x71.jpg 100w, https:\/\/fjsp.org.br\/fjsp\/wp-content\/uploads\/2020\/07\/imagem4-photo-2020-06-03-16-24-57-2-130x92.jpg 130w, https:\/\/fjsp.org.br\/fjsp\/wp-content\/uploads\/2020\/07\/imagem4-photo-2020-06-03-16-24-57-2-460x325.jpg 460w\" sizes=\"(max-width: 700px) 100vw, 700px\" \/><p id=\"caption-attachment-11554\" class=\"wp-caption-text\">Imagem 4 &#8211; A chegada e a alma que fica<br \/>Arte digital produzida por Fabio Shin! Da <a href=\"https:\/\/www.fabioshin.com\/\" target=\"_blank\" rel=\"noopener noreferrer\">Escola de Mang\u00e1 Japan Sunset<\/a> @japan_escola.<br \/>Montagem de fotos e gravura. Tra\u00e7ados feitos no programa ClipStudio no IPAD Pro.<br \/>Obra fez parte da exposi\u00e7\u00e3o<a href=\"https:\/\/fjsp.org.br\/fjsp\/agenda\/toquio-revisitada\/\" target=\"_blank\" rel=\"noopener noreferrer\"> T\u00f3quio revisitada, Letras e Imagem<\/a>. Uma releitura da obra Sanshiro.<\/p><\/div>\n<p>&nbsp;<\/p>\n<p><em>Sanshiro sentia tudo isso parado no centro de T\u00f3quio, vendo passarem os bondes, as locomotivas, as pessoas de branco, as pessoas de preto. Entretanto, n\u00e3o atentava para a atividade do mundo intelectual que ocorria por tr\u00e1s da vida estudantil. O pensamento da era Meiji reproduzia em quarenta anos o que havia trezentos j\u00e1 surgira no Ocidente.<\/em> <strong>Sanshiro<\/strong>, Esta\u00e7\u00e3o Liberdade.<\/p><\/blockquote>\n<p>&nbsp;<\/p>\n<h3><span style=\"color: #ff0000\"><strong>EXPLORE! EXPOSI\u00c7\u00c3O DIGITAL EM DESTAQUE<\/strong><\/span><\/h3>\n<p><strong><em>ERAS MEIJI E TAISHO EM FOTOGRAFIAS<br \/>\n<\/em><\/strong>Fotografias de publica\u00e7\u00f5es da National Diet Library Japan<br \/>\nT\u00f3quio, Kansai, Tohoku \u00a0em fotografias.<br \/>\nDispon\u00edvel em <strong><em>ingl\u00eas<\/em><\/strong> e <strong><em>japon\u00eas<\/em><\/strong>.<\/p>\n<p>A exposi\u00e7\u00e3o digital <strong><em>The Meiji and Taisho Eras in Photographs<\/em><\/strong>, organizada pela National Diet Library Japan (NDL), disponibiliza gratuitamente acesso \u00e0 um vasto panorama iconogr\u00e1fico, que permite vislumbrar a atmosfera das Eras Meiji e Taisho. Numa contextualiza\u00e7\u00e3o hist\u00f3rica de uma \u00e9poca, a Era Meiji, que serviu de pano de fundo para as obras de Natsume Soseki.<\/p>\n<p>&nbsp;<\/p>\n<div id=\"attachment_11558\" style=\"width: 660px\" class=\"wp-caption aligncenter\"><img decoding=\"async\" aria-describedby=\"caption-attachment-11558\" class=\"img-responsive wp-image-11558\" src=\"https:\/\/fjsp.org.br\/fjsp\/wp-content\/uploads\/2020\/07\/exposicao-ndl.jpg\" alt=\"\" width=\"650\" height=\"310\" srcset=\"https:\/\/fjsp.org.br\/fjsp\/wp-content\/uploads\/2020\/07\/exposicao-ndl.jpg 1328w, https:\/\/fjsp.org.br\/fjsp\/wp-content\/uploads\/2020\/07\/exposicao-ndl-280x134.jpg 280w, https:\/\/fjsp.org.br\/fjsp\/wp-content\/uploads\/2020\/07\/exposicao-ndl-768x367.jpg 768w, https:\/\/fjsp.org.br\/fjsp\/wp-content\/uploads\/2020\/07\/exposicao-ndl-340x162.jpg 340w, https:\/\/fjsp.org.br\/fjsp\/wp-content\/uploads\/2020\/07\/exposicao-ndl-220x105.jpg 220w, https:\/\/fjsp.org.br\/fjsp\/wp-content\/uploads\/2020\/07\/exposicao-ndl-100x48.jpg 100w, https:\/\/fjsp.org.br\/fjsp\/wp-content\/uploads\/2020\/07\/exposicao-ndl-130x62.jpg 130w, https:\/\/fjsp.org.br\/fjsp\/wp-content\/uploads\/2020\/07\/exposicao-ndl-460x220.jpg 460w\" sizes=\"(max-width: 650px) 100vw, 650px\" \/><p id=\"caption-attachment-11558\" class=\"wp-caption-text\"><a href=\"https:\/\/www.ndl.go.jp\/scenery_top\/e\/\" target=\"_blank\" rel=\"noopener noreferrer\">[clique aqui para acessar o site]<\/a><\/p><\/div>\n<p>O site disponibiliza variadas ferramentas de busca: geogr\u00e1fica, por meio de mapas; por categorias, economia e ind\u00fastria, educa\u00e7\u00e3o, transporte, cultura e entretenimento, templos e santu\u00e1rios; por regi\u00e3o, T\u00f3quio, Kansai e Tohoku. Os arquivos est\u00e3o dispon\u00edveis em alta resolu\u00e7\u00e3o.<\/p>\n<hr \/>\n<p>&nbsp;<\/p>\n<p style=\"text-align: center\"><strong><a href=\"https:\/\/fjsp.org.br\/fjsp\/dossie_natsume_soseki_1_natsume_soseki\/\" rel=\"noopener noreferrer\">&lt;&lt; 1. Natsume Soseki<\/a>\u00a0 \u00a0 \/\/\u00a0 \u00a0<a href=\"https:\/\/fjsp.org.br\/fjsp\/dossie_natsume_soseki_3_traducao_portugues\/\"> 3. Tradu\u00e7\u00e3o em Portugu\u00eas &gt;&gt;<\/a><\/strong><\/p>\n","protected":false},"excerpt":{"rendered":"<p>Dossi\u00ea Liter\u00e1rio &gt; Dossi\u00ea Natsume Soseki &gt; 2. Per\u00edodo Meiji O per\u00edodo Meiji foi marcado por in\u00fameras mudan\u00e7as estruturais do Jap\u00e3o, tais como a instaura\u00e7\u00e3o de uma monarquia constitucional, a forma\u00e7\u00e3o de universidades, a cria\u00e7\u00e3o e instala\u00e7\u00e3o de um Poder Legislativo formado por um Parlamento bicameral, a estrutura\u00e7\u00e3o de um sistema banc\u00e1rio e tribut\u00e1rio, ente [&hellip;]<\/p>\n","protected":false},"author":34,"featured_media":0,"parent":0,"menu_order":0,"comment_status":"closed","ping_status":"closed","template":"","meta":{"_acf_changed":false,"footnotes":""},"class_list":["post-11553","page","type-page","status-publish","hentry"],"acf":[],"_links":{"self":[{"href":"https:\/\/fjsp.org.br\/fjsp\/wp-json\/wp\/v2\/pages\/11553","targetHints":{"allow":["GET"]}}],"collection":[{"href":"https:\/\/fjsp.org.br\/fjsp\/wp-json\/wp\/v2\/pages"}],"about":[{"href":"https:\/\/fjsp.org.br\/fjsp\/wp-json\/wp\/v2\/types\/page"}],"author":[{"embeddable":true,"href":"https:\/\/fjsp.org.br\/fjsp\/wp-json\/wp\/v2\/users\/34"}],"replies":[{"embeddable":true,"href":"https:\/\/fjsp.org.br\/fjsp\/wp-json\/wp\/v2\/comments?post=11553"}],"version-history":[{"count":2,"href":"https:\/\/fjsp.org.br\/fjsp\/wp-json\/wp\/v2\/pages\/11553\/revisions"}],"predecessor-version":[{"id":11972,"href":"https:\/\/fjsp.org.br\/fjsp\/wp-json\/wp\/v2\/pages\/11553\/revisions\/11972"}],"wp:attachment":[{"href":"https:\/\/fjsp.org.br\/fjsp\/wp-json\/wp\/v2\/media?parent=11553"}],"curies":[{"name":"wp","href":"https:\/\/api.w.org\/{rel}","templated":true}]}}