{"id":11583,"date":"2020-07-02T11:23:11","date_gmt":"2020-07-02T14:23:11","guid":{"rendered":"https:\/\/fjsp.org.br\/fjsp\/?page_id=11583"},"modified":"2020-07-14T16:44:22","modified_gmt":"2020-07-14T19:44:22","slug":"dossie_natsume_soseki_6_agradecimentos_referencias","status":"publish","type":"page","link":"https:\/\/fjsp.org.br\/fjsp\/dossie_natsume_soseki_6_agradecimentos_referencias\/","title":{"rendered":"6. Agradecimentos e Refer\u00eancias"},"content":{"rendered":"<p style=\"text-align: right\"><strong><a href=\"https:\/\/fjsp.org.br\/fjsp\/dossie_literario\/\">Dossi\u00ea Liter\u00e1rio<\/a> &gt; <a href=\"https:\/\/fjsp.org.br\/fjsp\/dossie_natsume_soseki\/\">Dossi\u00ea Natsume Soseki<\/a> &gt; 6. Agradecimentos e Refer\u00eancias<\/strong><\/p>\n<p><img fetchpriority=\"high\" decoding=\"async\" class=\"img-responsive alignnone size-full wp-image-11642\" src=\"https:\/\/fjsp.org.br\/fjsp\/wp-content\/uploads\/2020\/07\/pattern-v1-03-1.png\" alt=\"\" width=\"4032\" height=\"223\" srcset=\"https:\/\/fjsp.org.br\/fjsp\/wp-content\/uploads\/2020\/07\/pattern-v1-03-1.png 4032w, https:\/\/fjsp.org.br\/fjsp\/wp-content\/uploads\/2020\/07\/pattern-v1-03-1-280x15.png 280w, https:\/\/fjsp.org.br\/fjsp\/wp-content\/uploads\/2020\/07\/pattern-v1-03-1-768x42.png 768w, https:\/\/fjsp.org.br\/fjsp\/wp-content\/uploads\/2020\/07\/pattern-v1-03-1-340x19.png 340w, https:\/\/fjsp.org.br\/fjsp\/wp-content\/uploads\/2020\/07\/pattern-v1-03-1-220x12.png 220w, https:\/\/fjsp.org.br\/fjsp\/wp-content\/uploads\/2020\/07\/pattern-v1-03-1-100x6.png 100w, https:\/\/fjsp.org.br\/fjsp\/wp-content\/uploads\/2020\/07\/pattern-v1-03-1-130x7.png 130w, https:\/\/fjsp.org.br\/fjsp\/wp-content\/uploads\/2020\/07\/pattern-v1-03-1-460x25.png 460w\" sizes=\"(max-width: 4032px) 100vw, 4032px\" \/><\/p>\n<h4><span style=\"color: #ff0000\"><strong>AGRADECIMENTOS<\/strong><\/span><\/h4>\n<p>Um especial agradecimento para os colaboradores:<\/p>\n<p>Revis\u00e3o e orienta\u00e7\u00e3o: Neide Hissae Nagae (CEJAP-USP)<br \/>\nComent\u00e1rio editorial: Angel Bojadsen (Editora Esta\u00e7\u00e3o Liberdade)<br \/>\nComent\u00e1rio tradu\u00e7\u00e3o: Jefferson Jos\u00e9 Teixeira (Tradutor liter\u00e1rio)<br \/>\nCess\u00e3o de uso de imagem: F\u00e1bio Shin (Mangaka Da Escola de Mang\u00e1 Japan Sunset)<\/p>\n<p>&nbsp;<\/p>\n<h4><span style=\"color: #ff0000\"><strong>REFER\u00caNCIAS IMAGENS<\/strong><\/span><\/h4>\n<p><strong>Imagem 1<\/strong><br \/>\nRetrato de Natsume Soseki, Setembro, 1912<br \/>\nFonte: Wikimedia Commons, imagem em dom\u00ednio p\u00fablico<br \/>\nhttps:\/\/commons.wikimedia.org\/wiki\/File:Natsume_Soseki_photo.jpg<\/p>\n<p><strong>Imagem 2<br \/>\n<\/strong>Ilustra\u00e7\u00e3o capa \u201cEu sou um gato\u201d (1905) , por Goy\u014d Hashiguchi<br \/>\nFonte: Wikimedia Commons, ilustra\u00e7\u00e3o em dom\u00ednio p\u00fablico<br \/>\nhttps:\/\/commons.wikimedia.org\/wiki\/File:Ich_der_Kater_2.jpg<\/p>\n<p><strong>Imagem 3<br \/>\n<\/strong>Parte dos manuscritos da obra \u201cSanshiro\u201d<br \/>\nSoseki Zenshu Kankokai. Soseki Zenshu 5. 10\/6\/1936.<br \/>\nCole\u00e7\u00e3o Digital da National Diet Library Japan<br \/>\nFonte: Wikimedia Commons, imagem em dom\u00ednio p\u00fablico<br \/>\nhttps:\/\/commons.wikimedia.org\/wiki\/File:Manuscripts_of_%22Sanshir%C5%8D%22.jpg<\/p>\n<p><strong>Imagem 4<br \/>\n<\/strong>A chegada e a alma que fica<br \/>\nFicha t\u00e9cnica: arte digital produzida pelo Fabio Shin! Da Escola de Mang\u00e1 Japan Sunset @japan_escola.<br \/>\nMontagem de fotos e gravura.\u00a0Tra\u00e7ados feitos no programa ClipStudio no IPAD Pro.<br \/>\nDireitos autorais reservados ao artista. Cess\u00e3o de uso para esta publica\u00e7\u00e3o.<\/p>\n<p>&nbsp;<\/p>\n<h4><span style=\"color: #ff0000\"><strong>REFER\u00caNCIAS BIBLIOGR\u00c1FICAS<\/strong><\/span><\/h4>\n<p>150 anos de Natsume Soseki.<br \/>\nDispon\u00edvel em: <a href=\"https:\/\/www.estacaoliberdade.com.br\/livraria\/150-anos-de-natsume-soseki\">https:\/\/www.estacaoliberdade.com.br\/livraria\/150-anos-de-natsume-soseki<\/a><\/p>\n<p>AFONSO, J. N. <strong>Natsume Soseki &#8211; o olhar felino sobre as m\u00faltiplas faces do homem de Meiji. <\/strong>2011.<br \/>\nDisserta\u00e7\u00e3o (mestrado em L\u00edngua Literatura e Cultura Japonesa) &#8211; Faculdade de Filosofia, Letras e Ci\u00eancia Humanas da Universidade de S\u00e3o Paulo. Dispon\u00edvel em: <a href=\"https:\/\/teses.usp.br\/teses\/disponiveis\/8\/8157\/tde-03082011-140731\/pt-br.php\">https:\/\/teses.usp.br\/teses\/disponiveis\/8\/8157\/tde-03082011-140731\/pt-br.php<\/a><\/p>\n<p>CORDARO, Madalena Natsuko Hashimoto. <strong>Uma leitura er\u00f3tica de S\u00f4seki.<\/strong> Estudos Japoneses, n. 38, p. 9-24, 2017. Dispon\u00edvel em: <a href=\"http:\/\/www.journals.usp.br\/ej\/article\/download\/148804\/146141\/\">http:\/\/www.journals.usp.br\/ej\/article\/download\/148804\/146141\/<\/a><\/p>\n<p>FLANAGAN, Damian. <strong>Natsume Soseki\u2019s Pre-Raphaelite dreams.<\/strong> In: How the visual arts shaped Japan\u2019s Modern Literature. The Japan Times. Dispon\u00edvel em: <a href=\"https:\/\/www.japantimes.co.jp\/culture\/2017\/11\/04\/books\/natsume-sosekis-pre-raphaelite-dreams\/\">https:\/\/www.japantimes.co.jp\/culture\/2017\/11\/04\/books\/natsume-sosekis-pre-raphaelite-dreams\/<\/a><\/p>\n<p>EXPLORING OLD TOKYO. Natsume Soseki in Tokyo.<br \/>\nDispon\u00edvel em: <a href=\"https:\/\/old-tokyo.info\/natsume-soseki-in-tokyo\/\">https:\/\/old-tokyo.info\/natsume-soseki-in-tokyo\/<\/a><\/p>\n<p>MONZANI, Jo\u00e3o Marcelo Amaral Reim\u00e3o. <strong>Uma abordagem do romance Kokoro de Natsume Soseki.<\/strong> 2011. Disserta\u00e7\u00e3o (mestrado em L\u00edngua, Literatura e Cultura Japonesa) \u2013 Faculdade de Filosofia, Letras e Ci\u00eancias Humanas da Universidade de S\u00e3o Paulo. Dispon\u00edvel em: <a href=\"https:\/\/www.teses.usp.br\/teses\/disponiveis\/8\/8157\/tde-25052012-103636\/pt-br.php\">https:\/\/www.teses.usp.br\/teses\/disponiveis\/8\/8157\/tde-25052012-103636\/pt-br.php<\/a><\/p>\n<p>\u897f\u5ca1\u4e8b\u52d9\u5c40\u9577\u306e\u9031\u520a\u300c\u633f\u7d75\u5c55\u300d\u3000vol.39\u3000\u590f\u76ee\u6f31\u77f3\u3068\u88c5\u4e01\u3010\u4e0a\u3011<br \/>\nPublica\u00e7\u00e3o semanal do Diretor Nishioka \u201cExposi\u00e7\u00e3o de ilustra\u00e7\u00f5es\u201d, volume 39, Natsume Soseki\u00a0 e encaderna\u00e7\u00e3o (1). Dispon\u00edvel em: <a href=\"http:\/\/www.ghibli-museum.jp\/exhibition\/sashieten\/009195\/\">http:\/\/www.ghibli-museum.jp\/exhibition\/sashieten\/009195\/<\/a><\/p>\n<p>SASAKI, Elisa Massae. <strong>Estudos de Japonologia no Per\u00edodo Meiji.<\/strong> Estudos Japoneses, n. 37, p. 19-32, 2017. Dispon\u00edvel em: <a href=\"https:\/\/www.revistas.usp.br\/ej\/article\/download\/147822\/141460\">https:\/\/www.revistas.usp.br\/ej\/article\/download\/147822\/141460<\/a><\/p>\n<p>TAKEDA, Chika. <strong>Machado e S\u00f4seki: afinidades entre dois contempor\u00e2neos ant\u00edpodas.<\/strong> Revista Brasileira. Academia Brasileira de Letras. N. 55, p. 227-234. 2008. Dispon\u00edvel em: <a href=\"http:\/\/www.academia.org.br\/sites\/default\/files\/publicacoes\/arquivos\/revista-brasileira-55.pdf\">http:\/\/www.academia.org.br\/sites\/default\/files\/publicacoes\/arquivos\/revista-brasileira-55.pdf<\/a><\/p>\n<p>TOHOKU UNIVERSITY LIBRARY. Natsume Soseki LIBRARY.<br \/>\nDispon\u00edvel em: <a href=\"http:\/\/www.library.tohoku.ac.jp\/en\/collections\/soseki\/index.html\">http:\/\/www.library.tohoku.ac.jp\/en\/collections\/soseki\/index.html<\/a><\/p>\n<p>Cat\u00e1logo online Biblioteca da Funda\u00e7\u00e3o Jap\u00e3o em S\u00e3o Paulo: <a href=\"http:\/\/179.191.86.52:8080\/sophia_web\/\">http:\/\/179.191.86.52:8080\/sophia_web\/<\/a><br \/>\nPara consultar o acervo dispon\u00edvel na Biblioteca da Funda\u00e7\u00e3o Jap\u00e3o sobre Natsume Soseki.<\/p>\n<p>&nbsp;<\/p>\n<hr \/>\n<p>&nbsp;<\/p>\n<p style=\"text-align: center\"><strong><a href=\"https:\/\/fjsp.org.br\/fjsp\/dossie_natsume_soseki_5_palavras_finais\/\">&lt;&lt; 5. Palavras Finais<\/a>\u00a0 \u00a0\/\/\u00a0 \u00a0<a href=\"https:\/\/fjsp.org.br\/fjsp\/dossie_natsume_soseki\/\">Dossi\u00ea Natsume Soseki &gt;&gt;<\/a><\/strong><\/p>\n","protected":false},"excerpt":{"rendered":"<p>Dossi\u00ea Liter\u00e1rio &gt; Dossi\u00ea Natsume Soseki &gt; 6. Agradecimentos e Refer\u00eancias AGRADECIMENTOS Um especial agradecimento para os colaboradores: Revis\u00e3o e orienta\u00e7\u00e3o: Neide Hissae Nagae (CEJAP-USP) Coment\u00e1rio editorial: Angel Bojadsen (Editora Esta\u00e7\u00e3o Liberdade) Coment\u00e1rio tradu\u00e7\u00e3o: Jefferson Jos\u00e9 Teixeira (Tradutor liter\u00e1rio) Cess\u00e3o de uso de imagem: F\u00e1bio Shin (Mangaka Da Escola de Mang\u00e1 Japan Sunset) &nbsp; REFER\u00caNCIAS [&hellip;]<\/p>\n","protected":false},"author":34,"featured_media":0,"parent":0,"menu_order":0,"comment_status":"closed","ping_status":"closed","template":"","meta":{"_acf_changed":false,"footnotes":""},"class_list":["post-11583","page","type-page","status-publish","hentry"],"acf":[],"_links":{"self":[{"href":"https:\/\/fjsp.org.br\/fjsp\/wp-json\/wp\/v2\/pages\/11583","targetHints":{"allow":["GET"]}}],"collection":[{"href":"https:\/\/fjsp.org.br\/fjsp\/wp-json\/wp\/v2\/pages"}],"about":[{"href":"https:\/\/fjsp.org.br\/fjsp\/wp-json\/wp\/v2\/types\/page"}],"author":[{"embeddable":true,"href":"https:\/\/fjsp.org.br\/fjsp\/wp-json\/wp\/v2\/users\/34"}],"replies":[{"embeddable":true,"href":"https:\/\/fjsp.org.br\/fjsp\/wp-json\/wp\/v2\/comments?post=11583"}],"version-history":[{"count":3,"href":"https:\/\/fjsp.org.br\/fjsp\/wp-json\/wp\/v2\/pages\/11583\/revisions"}],"predecessor-version":[{"id":11940,"href":"https:\/\/fjsp.org.br\/fjsp\/wp-json\/wp\/v2\/pages\/11583\/revisions\/11940"}],"wp:attachment":[{"href":"https:\/\/fjsp.org.br\/fjsp\/wp-json\/wp\/v2\/media?parent=11583"}],"curies":[{"name":"wp","href":"https:\/\/api.w.org\/{rel}","templated":true}]}}