{"id":11663,"date":"2020-07-03T16:53:00","date_gmt":"2020-07-03T19:53:00","guid":{"rendered":"https:\/\/fjsp.org.br\/fjsp\/?page_id=11663"},"modified":"2021-01-26T04:49:14","modified_gmt":"2021-01-26T07:49:14","slug":"destaques-da-biblioteca-junho-2020","status":"publish","type":"page","link":"https:\/\/fjsp.org.br\/fjsp\/destaques-da-biblioteca-junho-2020\/","title":{"rendered":"DESTAQUES DA BIBLIOTECA \u2013 Junho\/2020"},"content":{"rendered":"<p>Neste m\u00eas destacamos um livro sobre a interatividade do game Pok\u00e9mon GO com a vida real e algumas obras do escritor e diretor de anima\u00e7\u00e3o Makoto Shinkai.<\/p>\n<p><strong>\u00a0<\/strong><\/p>\n<h1><span style=\"color: #ff0000;\"><strong>\u25cf <\/strong><strong>LIVRO\/MANG\u00c1<\/strong><\/span><\/h1>\n<p><strong><img fetchpriority=\"high\" decoding=\"async\" class=\"img-responsive alignnone wp-image-11944\" src=\"https:\/\/fjsp.org.br\/fjsp\/wp-content\/uploads\/2020\/07\/capa-pokemongo.jpg\" alt=\"\" width=\"223\" height=\"355\" srcset=\"https:\/\/fjsp.org.br\/fjsp\/wp-content\/uploads\/2020\/07\/capa-pokemongo.jpg 678w, https:\/\/fjsp.org.br\/fjsp\/wp-content\/uploads\/2020\/07\/capa-pokemongo-280x446.jpg 280w, https:\/\/fjsp.org.br\/fjsp\/wp-content\/uploads\/2020\/07\/capa-pokemongo-340x542.jpg 340w, https:\/\/fjsp.org.br\/fjsp\/wp-content\/uploads\/2020\/07\/capa-pokemongo-220x350.jpg 220w, https:\/\/fjsp.org.br\/fjsp\/wp-content\/uploads\/2020\/07\/capa-pokemongo-100x159.jpg 100w, https:\/\/fjsp.org.br\/fjsp\/wp-content\/uploads\/2020\/07\/capa-pokemongo-130x207.jpg 130w, https:\/\/fjsp.org.br\/fjsp\/wp-content\/uploads\/2020\/07\/capa-pokemongo-460x733.jpg 460w\" sizes=\"(max-width: 223px) 100vw, 223px\" \/><\/strong><\/p>\n<p><strong><span style=\"color: #800080;\">The augmented reality of Pok\u00e9mon Go: chronotopes, moral panic, and other complexities<\/span><br \/>\n<\/strong>Edited by Neriko Musha Doerr, Debra J. Occhi<br \/>\nLexington Books, 2019. ISBN 978-1-4985-7491-4. Em ingl\u00eas \u00a0[794.8\/ t.5706]<\/p>\n<p>O que acontece quando um grupo de pessoas veem coisas que outras n\u00e3o veem e come\u00e7am a agir de acordo com esta vis\u00e3o? Foi o que aconteceu quando Pok\u00e9mon GO, um jogo de realidade aumentada para smartphone foi lan\u00e7ado em julho de 2016. O jogo traz o mundo do Pok\u00e9mon para o mundo f\u00edsico \u201creal\u201d colocando v\u00e1rios Pok\u00e9mons virtuais para serem capturados, os \u00a0Pok\u00e9stops que fornecem v\u00e1rios itens do jogo, e os \u00a0gin\u00e1sios onde ocorrem as batalhas, posicionando-os em v\u00e1rios pontos de refer\u00eancia. O jogo atraiu mais de 30 milh\u00f5es de jogadores nas duas primeiras semanas de seu lan\u00e7amento e transformou-se num fen\u00f4meno ao criar novas maneiras de sentir o meio-ambiente e novas leituras do mundo ao nosso redor. Um aspecto espec\u00edfico desta nova experi\u00eancia \u00e9 abordado em cada um de seus quatro cap\u00edtulos. O cap\u00edtulo 1 introduz a cosmologia do mundo Pok\u00e9mon, relacionando seus modos multifacetados ao nosso meio-ambiente atrav\u00e9s das modifica\u00e7\u00f5es do jogo; o cap\u00edtulo 2 examina a no\u00e7\u00e3o de tempo e espa\u00e7o \u2013 cronotopo do jogo e analisa sua interface com o mundo real; o cap\u00edtulo 3 investiga a fenomenologia do Pok\u00e9mon GO e tra\u00e7a especificidades da caminhada urbana que o jogo produz, misturando a modernidade, a infra-estrutura do telefone celular e a paisagem urbana para criar seu pr\u00f3prio ambiente; o cap\u00edtulo 4 conecta o jogo com as quest\u00f5es sociais mais amplas, discutindo como o Pok\u00e9mon foi do anime para o jogo e sua utiliza\u00e7\u00e3o para formar um \u201cautoritarismo amig\u00e1vel\u201d, meta da sociedade civil, impondo v\u00e1rias ideologias e acumulando ganhos comerciais.<\/p>\n<p>O livro demonstra como Pok\u00e9mon Go\u00a0 pode ser mais do que um jogo popular trazendo conhecimentos da sociedade, pol\u00edtica, hist\u00f3ria, geografia e mostra como uma m\u00eddia digital pode nos ajudar a interagir com o meio ambiente vivo.<\/p>\n<hr \/>\n<p>&nbsp;<\/p>\n<p><img decoding=\"async\" class=\"img-responsive alignnone wp-image-11941\" src=\"https:\/\/fjsp.org.br\/fjsp\/wp-content\/uploads\/2020\/07\/capa-hoshinokoe.jpg\" alt=\"\" width=\"250\" height=\"355\" srcset=\"https:\/\/fjsp.org.br\/fjsp\/wp-content\/uploads\/2020\/07\/capa-hoshinokoe.jpg 640w, https:\/\/fjsp.org.br\/fjsp\/wp-content\/uploads\/2020\/07\/capa-hoshinokoe-280x398.jpg 280w, https:\/\/fjsp.org.br\/fjsp\/wp-content\/uploads\/2020\/07\/capa-hoshinokoe-340x483.jpg 340w, https:\/\/fjsp.org.br\/fjsp\/wp-content\/uploads\/2020\/07\/capa-hoshinokoe-220x313.jpg 220w, https:\/\/fjsp.org.br\/fjsp\/wp-content\/uploads\/2020\/07\/capa-hoshinokoe-100x142.jpg 100w, https:\/\/fjsp.org.br\/fjsp\/wp-content\/uploads\/2020\/07\/capa-hoshinokoe-130x185.jpg 130w, https:\/\/fjsp.org.br\/fjsp\/wp-content\/uploads\/2020\/07\/capa-hoshinokoe-460x654.jpg 460w\" sizes=\"(max-width: 250px) 100vw, 250px\" \/><\/p>\n<p><span style=\"color: #800080;\"><strong>HOSHI NO KOE (<\/strong><strong>\u307b\u3057\u306e\u3053\u3048<\/strong><\/span><strong><span style=\"color: #800080;\">)<\/span><br \/>\nVozes de uma estrela distante<\/strong><\/p>\n<p>Makoto Shinkai\u00a0 (\u65b0\u6d77\u8aa0); ilustra\u00e7\u00e3o de Mizu Sahara (\u4f50\u539f\u30df\u30ba)<br \/>\nKodansha, 2005. ISBN 4-06-334984-5. Em japon\u00eas \u00a0[J726.1 Sh\/ t.348]<\/p>\n<p>Adapta\u00e7\u00e3o para o mang\u00e1 do curta-metragem de anima\u00e7\u00e3o de fic\u00e7\u00e3o cient\u00edfica lan\u00e7ado em fevereiro de 2012. Conta a hist\u00f3ria de dois amigos de escola, Mikako e Noboru, que se preparam para ingressar no ensino m\u00e9dio. Mas, de repente, ela avisa que foi selecionada para uma miss\u00e3o espacial numa nave de pesquisas cujo destino \u00e9 Agartha (\u30a2\u30ac\u30eb\u30bf) que fica na fronteira do sistema solar e pilotar um rob\u00f4 gigante. J\u00e1 no espa\u00e7o, a \u00fanica comunica\u00e7\u00e3o entre eles \u00e9 atrav\u00e9s de mensagens de celular, que v\u00e3o ficando cada vez mais espa\u00e7adas conforme a dist\u00e2ncia entre eles aumenta. Ao enfocar esta troca de mensagens, o mang\u00e1 mostra o seguimento da vida deles, com Mikako na condu\u00e7\u00e3o do rob\u00f4 gigante visitando os planetas do sistema solar, protegendo a nave m\u00e3e dos ataques de aliens, Tarushian (\u30bf\u30eb\u30b7\u30a2\u30f3), e lutando com seus sentimentos de incertezas e solid\u00e3o. Noboru segue sua vida normal de estudante de ensino m\u00e9dio, na Terra, \u00a0esperando as mensagens at\u00e9 que pela demora acaba desistindo, \u00a0achando que Mikako j\u00e1 teria se esquecido dele. Mas, todo o sentimento que eles nutrem um pelo outro volta com a mensagem de Mikako \u00e0 Noboru que resolve tomar outro rumo na vida, alistando-se em \u00a0outra miss\u00e3o espacial de apoio para o planeta Agartha. Fica a esperan\u00e7a do reencontro depois de tantos anos.<br \/>\nA anima\u00e7\u00e3o ganhou v\u00e1rios pr\u00eamios, entre eles o 8\u00ba AMD AWARD Best Director.<\/p>\n<p>&nbsp;<\/p>\n<p><img decoding=\"async\" class=\"img-responsive alignnone wp-image-11943\" src=\"https:\/\/fjsp.org.br\/fjsp\/wp-content\/uploads\/2020\/07\/capa-kotonohaniniwa.jpg\" alt=\"\" width=\"242\" height=\"347\" srcset=\"https:\/\/fjsp.org.br\/fjsp\/wp-content\/uploads\/2020\/07\/capa-kotonohaniniwa.jpg 1072w, https:\/\/fjsp.org.br\/fjsp\/wp-content\/uploads\/2020\/07\/capa-kotonohaniniwa-280x401.jpg 280w, https:\/\/fjsp.org.br\/fjsp\/wp-content\/uploads\/2020\/07\/capa-kotonohaniniwa-768x1100.jpg 768w, https:\/\/fjsp.org.br\/fjsp\/wp-content\/uploads\/2020\/07\/capa-kotonohaniniwa-340x487.jpg 340w, https:\/\/fjsp.org.br\/fjsp\/wp-content\/uploads\/2020\/07\/capa-kotonohaniniwa-220x315.jpg 220w, https:\/\/fjsp.org.br\/fjsp\/wp-content\/uploads\/2020\/07\/capa-kotonohaniniwa-100x143.jpg 100w, https:\/\/fjsp.org.br\/fjsp\/wp-content\/uploads\/2020\/07\/capa-kotonohaniniwa-130x186.jpg 130w, https:\/\/fjsp.org.br\/fjsp\/wp-content\/uploads\/2020\/07\/capa-kotonohaniniwa-460x659.jpg 460w\" sizes=\"(max-width: 242px) 100vw, 242px\" \/><\/p>\n<p><span style=\"color: #800080;\"><strong>SHOSETSU KOTO NO HA NO NIWA (<\/strong><strong>\u5c0f\u8aac\u3000\u8a00\u306e\u8449\u306e\u5ead<\/strong><\/span><strong><span style=\"color: #800080;\">)<\/span><br \/>\nO jardim das palavras<br \/>\n<\/strong>Makoto Shinkai (\u65b0\u6d77\u8aa0)<br \/>\nKADOKAWA, 2016. ISBN 978-4-04-102615-1. Em japon\u00eas \u00a0[J913.6 Sh\/ t.786]<\/p>\n<p>Adapta\u00e7\u00e3o da anima\u00e7\u00e3o lan\u00e7ada em 2013. \u00c9 a esta\u00e7\u00e3o das chuvas, Takao, um jovem estudante de 15 anos e aspirante a artes\u00e3o de sapatos, tem o costume de faltar \u00e0s aulas nas manh\u00e3s chuvosas para desenhar sapatos no Parque Nacional Shinjuku Gyoen . Um dia, no seu local favorito, ele encontra uma mo\u00e7a misteriosa, Yukino, de 27 anos, que parece estar faltando ao servi\u00e7o. \u00a0Esses encontros aleat\u00f3rios acontecem com mais frequ\u00eancia a ponto de cada um desejar que na manh\u00e3 seguinte chova. Mas, vem a esta\u00e7\u00e3o seca e seus encontros s\u00e3o mais raros. Takao decide fazer um sapato para Yukino, mas ambos acabam se separando e cada um segue com sua vida. Ele vai para It\u00e1lia estudar sobre a fabrica\u00e7\u00e3o de sapatos, ela deixa o servi\u00e7o e volta \u00e0 sua terra natal. Fica a quest\u00e3o, ser\u00e1 que eles se encontrar\u00e3o novamente e Takao conseguir\u00e1 entregar o sapato \u00e0 ela?<\/p>\n<p>A obra escrita se diferencia da anima\u00e7\u00e3o por apresentar situa\u00e7\u00f5es e descri\u00e7\u00f5es mais detalhadas dos personagens secund\u00e1rios, assim como o seu final. Outra caracter\u00edstica que difere a obra escrita do anime \u00e9 o uso da colet\u00e2nea de poesias da era Heian, Man\u2019yoshu, onde o autor encerra cada cap\u00edtulo com um verso juntamente com sua interpreta\u00e7\u00e3o. Vale lembrar que Yukino \u00e9 professora de literatura cl\u00e1ssica no col\u00e9gio, por isso o destaque \u00e0 colet\u00e2nea. Essas mudan\u00e7as fazem com que o romance se torne uma obra in\u00e9dita.<\/p>\n<p>Ganhador dos pr\u00eamios de Melhor Anima\u00e7\u00e3o do Ano no iTunes (2013), do Kobe Teatral Film (2013), Festival de Stuttgart de Filme de Anima\u00e7\u00e3o, entre outros.<\/p>\n<p><strong>\u00a0<\/strong><\/p>\n<h3><strong>Sobre o autor: <\/strong><\/h3>\n<p>Makoto Shinkai (\u65b0\u6d77\u8aa0 )nasceu Makoto Niitsu, em 1973, na prov\u00edncia de Nagano. Aclamado e premiado diretor e roteirista de anima\u00e7\u00e3o japonesa, tamb\u00e9m \u00e9 escritor, design gr\u00e1fico e dublador. Estudou literatura japonesa na Universidade de Chuo no Jap\u00e3o onde foi membro do clube de leitura juvenil e ilustrou livros infantis. Em 1993 lan\u00e7ou seu primeiro curta-metragem,<em>\u5f7c\u5973\u3068\u5f7c\u5973\u306e\u732b<\/em> (Kanojo to kanojo no neko\/ She and the cat \/Ela e o seu gato). Em 2000, come\u00e7ou a desenvolver<em>\u307b\u3057\u306e\u3053\u3048<\/em>(Hoshi no koe\/Vozes de uma estrela distante), que teve sua estr\u00e9ia em 2002. Logo em seguida, veio o aclamado \u96f2\u306e\u3080\u3053\u3046\u3001\u7d04\u675f\u306e\u5834\u6240 (Kumo no mukou, yakusoku no basho\/O lugar prometido em nossa juventude), um drama em fic\u00e7\u00e3o cient\u00edfica, lan\u00e7ado em todo Jap\u00e3o e ganhador de muitos pr\u00eamios. Em 2011, com o longa <em>\u661f\u3092\u8ffd\u3046\u5b50\u3069\u3082<\/em><em> (<\/em>Hoshi wo ou kodomo\/(Em busca das estrelas\/Viagem para Agartha) ganhou o pr\u00eamio de Melhor Filme de Anima\u00e7\u00e3o na 5\u00aa edi\u00e7\u00e3o do \u201cAsia Pacific Screen Awards\u201d. Sua pen\u00faltima produ\u00e7\u00e3o foi \u541b\u306e\u540d\u306f\u3002(Kimi no na wa. \/Your name.) que concorreu \u00e0 indica\u00e7\u00e3o de melhor anima\u00e7\u00e3o no Oscar de 2016 (veja a nossa sugest\u00e3o de leitura). Sua mais recente produ\u00e7\u00e3o \u00e9 o <em>\u5929\u6c17\u306e\u5b50<\/em>(Tenki no ko\/Weathering with you!\/O tempo com voc\u00ea) que estreou em 2019 no Jap\u00e3o e \u00a0foi indicado pelo Jap\u00e3o para concorrer ao Oscar 2020 de Melhor Filme Estrangeiro.<\/p>\n<p>&nbsp;<\/p>\n<h1><span style=\"color: #ff0000;\"><strong>\u25cf <\/strong><strong>SUGEST\u00c3O DE LEITURA<\/strong><\/span><\/h1>\n<p>Seguindo com as obras de Makoto Shinkai (\u65b0\u6d77\u8aa0) sugerimos a leitura de <em>Kimi no na wa<\/em><em>\u3002<\/em> (Your name.). Lan\u00e7ado como anime em 2016 superou as expectativas de lan\u00e7amento tornando-se o filme de maior sucesso nos cinemas e a quarta maior bilheteria na hist\u00f3ria do Jap\u00e3o, inclusive com exibi\u00e7\u00f5es aqui no Brasil. Como as obras anteriores de Shinkai, conta a hist\u00f3ria de dois jovens estudantes, Mitsuha e Taki, que vivem em localidades diferentes. Enquanto Mitsuha vive em Itomori,uma cidade pacata do interior do Jap\u00e3o, Taki mora na agitada T\u00f3quio. Um dia Mitsuha sonha que acorda em um quarto diferente do seu e ao se olhar no espelho se assusta ao ver que est\u00e1 no corpo de um garoto (Taki). O mesmo acontece com ele que agora est\u00e1 no corpo de uma garota (Mitsuha). Qual \u00e9 o segredo por tr\u00e1s destes sonhos t\u00e3o v\u00edvidos? Assim come\u00e7a a fascinante hist\u00f3ria de dois jovens cujos caminhos nunca deveriam ter se cruzado, compartilhando corpos, relacionamentos e a vida cotidiana. A troca \u00e9 provis\u00f3ria, mas ocorre por v\u00e1rias vezes no decorrer da trama. Come\u00e7a a surgir um relacionamento inusitado entre eles por meio de situa\u00e7\u00f5es e sentimentos novos e com a comunica\u00e7\u00e3o atrav\u00e9s de troca de bilhetes e mensagens de celular at\u00e9 que de repente isso \u00e9 interrompido, deixando Taki intrigado. Ele decide investigar a causa, mesmo sem saber o nome da cidade onde Mitsuha vive. Sua \u00fanica pista \u00e9 um desenho que ele fez da cidade e da regi\u00e3o. Quando estava quase desistindo ele conhece um antigo morador que conta sobre a cidade e a trag\u00e9dia que aconteceu com ela. Ao chegar a um lugar m\u00edstico perto da cidade ele come\u00e7a a entender o porqu\u00ea das trocas e por um breve momento os dois jovens conseguem se encontrar frente a frente e tentam impedir o desastre. As trocas param de acontecer e as lembran\u00e7as um do outro come\u00e7am a desaparecer. O que fica \u00e9 somente a sensa\u00e7\u00e3o de que est\u00e3o procurando algo que n\u00e3o sabem definir o que seria, e sempre sob a pergunta \u201cQual o seu nome?\u201d. A um s\u00f3 tempo divertido e emocionante <em>Kimi no na wa<\/em> (\u541b\u306e\u540d\u306f\/Your name) \u00e9 uma leitura inspiradora, capaz de dan\u00e7ar sobre o t\u00eanue fio entre realidade, o sonho e o sobrenatural. Talvez seja a produ\u00e7\u00e3o mais premiada da carreira de Shinkai,\u00a0 entre os pr\u00eamios podemos destacar o Japan Academy Prize \u2013 Pr\u00eamio de Popularidade-Obras (2017), Japan Academy Prize \u2013 Melhor Roteiro (2017), 29\u00ba Festival International Cinema de T\u00f3quio \u2013 Arigato Award.<\/p>\n<p>Voc\u00ea pode assistir o anime, completar as informa\u00e7\u00f5es lendo o romance ou o mang\u00e1 ao som da trilha sonora original composta pela banda RADWIMPS.\u00a0 Shinkai pediu ao vocalista da banda que compusesse uma m\u00fasica\u00a0 que complementasse o di\u00e1logo ou mon\u00f3logo dos personagens. Muitos consideram um dos fatores por tr\u00e1s do sucesso de bilheteria. Ganhou o Japan Record Special Award 2016, foi segunda colocada na categoria \u201cMelhor Trilha Sonora\u201d de 2016 e a can\u00e7\u00e3o \u524d\u524d\u524d\u4e16 (Zenzenzense) foi \u00a0segunda colocada na categoria \u201cMelhor M\u00fasica Tema\u201d.<\/p>\n<p><img loading=\"lazy\" decoding=\"async\" class=\"img-responsive alignnone wp-image-11947 aligncenter\" src=\"https:\/\/fjsp.org.br\/fjsp\/wp-content\/uploads\/2020\/07\/mgjpn-kiminowa.jpg\" alt=\"\" width=\"249\" height=\"354\" srcset=\"https:\/\/fjsp.org.br\/fjsp\/wp-content\/uploads\/2020\/07\/mgjpn-kiminowa.jpg 1000w, https:\/\/fjsp.org.br\/fjsp\/wp-content\/uploads\/2020\/07\/mgjpn-kiminowa-280x398.jpg 280w, https:\/\/fjsp.org.br\/fjsp\/wp-content\/uploads\/2020\/07\/mgjpn-kiminowa-768x1091.jpg 768w, https:\/\/fjsp.org.br\/fjsp\/wp-content\/uploads\/2020\/07\/mgjpn-kiminowa-340x483.jpg 340w, https:\/\/fjsp.org.br\/fjsp\/wp-content\/uploads\/2020\/07\/mgjpn-kiminowa-220x313.jpg 220w, https:\/\/fjsp.org.br\/fjsp\/wp-content\/uploads\/2020\/07\/mgjpn-kiminowa-100x142.jpg 100w, https:\/\/fjsp.org.br\/fjsp\/wp-content\/uploads\/2020\/07\/mgjpn-kiminowa-130x185.jpg 130w, https:\/\/fjsp.org.br\/fjsp\/wp-content\/uploads\/2020\/07\/mgjpn-kiminowa-460x654.jpg 460w\" sizes=\"(max-width: 249px) 100vw, 249px\" \/>\u00a0 <img loading=\"lazy\" decoding=\"async\" class=\"img-responsive alignnone wp-image-11946 aligncenter\" src=\"https:\/\/fjsp.org.br\/fjsp\/wp-content\/uploads\/2020\/07\/mgeng-kiminowa.jpg\" alt=\"\" width=\"245\" height=\"355\" srcset=\"https:\/\/fjsp.org.br\/fjsp\/wp-content\/uploads\/2020\/07\/mgeng-kiminowa.jpg 690w, https:\/\/fjsp.org.br\/fjsp\/wp-content\/uploads\/2020\/07\/mgeng-kiminowa-280x406.jpg 280w, https:\/\/fjsp.org.br\/fjsp\/wp-content\/uploads\/2020\/07\/mgeng-kiminowa-340x493.jpg 340w, https:\/\/fjsp.org.br\/fjsp\/wp-content\/uploads\/2020\/07\/mgeng-kiminowa-220x319.jpg 220w, https:\/\/fjsp.org.br\/fjsp\/wp-content\/uploads\/2020\/07\/mgeng-kiminowa-100x145.jpg 100w, https:\/\/fjsp.org.br\/fjsp\/wp-content\/uploads\/2020\/07\/mgeng-kiminowa-130x188.jpg 130w, https:\/\/fjsp.org.br\/fjsp\/wp-content\/uploads\/2020\/07\/mgeng-kiminowa-460x667.jpg 460w\" sizes=\"(max-width: 245px) 100vw, 245px\" \/>\u00a0 <img loading=\"lazy\" decoding=\"async\" class=\"img-responsive alignnone wp-image-11945 aligncenter\" src=\"https:\/\/fjsp.org.br\/fjsp\/wp-content\/uploads\/2020\/07\/cd-kiminowa.jpg\" alt=\"\" width=\"359\" height=\"355\" srcset=\"https:\/\/fjsp.org.br\/fjsp\/wp-content\/uploads\/2020\/07\/cd-kiminowa.jpg 500w, https:\/\/fjsp.org.br\/fjsp\/wp-content\/uploads\/2020\/07\/cd-kiminowa-280x277.jpg 280w, https:\/\/fjsp.org.br\/fjsp\/wp-content\/uploads\/2020\/07\/cd-kiminowa-340x336.jpg 340w, https:\/\/fjsp.org.br\/fjsp\/wp-content\/uploads\/2020\/07\/cd-kiminowa-220x217.jpg 220w, https:\/\/fjsp.org.br\/fjsp\/wp-content\/uploads\/2020\/07\/cd-kiminowa-100x99.jpg 100w, https:\/\/fjsp.org.br\/fjsp\/wp-content\/uploads\/2020\/07\/cd-kiminowa-130x128.jpg 130w, https:\/\/fjsp.org.br\/fjsp\/wp-content\/uploads\/2020\/07\/cd-kiminowa-460x454.jpg 460w\" sizes=\"(max-width: 359px) 100vw, 359px\" \/><\/p>\n<p>&nbsp;<\/p>\n<h3><strong>FICHA T\u00c9CNICA<\/strong><\/h3>\n<p><strong>LIVRO<br \/>\n<\/strong><strong><em>Shosetsu Kimi no na wa<\/em> (<\/strong><strong>\u5c0f\u8aac<\/strong> <strong>\u541b\u306e\u540d\u306f\u3002<\/strong><strong>)<br \/>\n<\/strong>Makoto Shinkai (\u65b0\u6d77\u8aa0)<br \/>\nKADOKAWA, 2016. ISBN 978-4-102622-9. Em japon\u00eas [J913.6 Sh\/ t.3974]<\/p>\n<p>&nbsp;<\/p>\n<p><strong>MANG\u00c1<br \/>\n<\/strong><strong><em>Kimi no na wa.<\/em> (<\/strong><strong>\u541b\u306e\u540d\u306f\u3002<\/strong><strong>) 3 volumes<br \/>\n<\/strong>Makoto Shinkai (\u65b0\u6d77\u8aa0); ilustra\u00e7\u00e3o Kotone Ranmaru (\u7434\u97f3\u3089\u3093\u307e\u308b)<br \/>\nKADOKAWA, 2016. Em japon\u00eas [J726.1 Sh]<\/p>\n<p><strong>\u00a0<\/strong><\/p>\n<p><strong>MANG\u00c1<br \/>\n<\/strong><strong>Your name. 3 volumes<br \/>\n<\/strong>Makoto Shinkai (\u65b0\u6d77\u8aa0); ilustra\u00e7\u00e3o de Kotone Ranmaru (\u7434\u97f3\u3089\u3093\u307e\u308b); tradu\u00e7\u00e3o de Karen Kazumi Hayashida<br \/>\nEditora JBC, 2017. Em portugu\u00eas [J726.1 Sh]<\/p>\n<p><strong>\u00a0<\/strong><\/p>\n<p><strong>CD<br \/>\n<\/strong><strong><em>Kimi no na wa.<\/em> (<\/strong><strong>\u541b\u306e\u540d\u306f\u3002<\/strong><strong>)<br \/>\n<\/strong>RADWIMPS<br \/>\nEMI Records\/UNIVERSAL MUSIC, 2016. Em japon\u00eas [CDA P-67]<\/p>\n<p>&nbsp;<\/p>\n<p><a href=\"https:\/\/fjsp.org.br\/fjsp\/destaques-da-biblioteca\/\"><img loading=\"lazy\" decoding=\"async\" class=\"img-responsive img-fluid size-full wp-image-14773 aligncenter\" src=\"https:\/\/fjsp.org.br\/fjsp\/wp-content\/uploads\/2021\/01\/botao-site-destaquebbca-rodape-voltar.jpg\" alt=\"\" width=\"320\" height=\"134\" srcset=\"https:\/\/fjsp.org.br\/fjsp\/wp-content\/uploads\/2021\/01\/botao-site-destaquebbca-rodape-voltar.jpg 320w, https:\/\/fjsp.org.br\/fjsp\/wp-content\/uploads\/2021\/01\/botao-site-destaquebbca-rodape-voltar-280x117.jpg 280w, https:\/\/fjsp.org.br\/fjsp\/wp-content\/uploads\/2021\/01\/botao-site-destaquebbca-rodape-voltar-220x92.jpg 220w, https:\/\/fjsp.org.br\/fjsp\/wp-content\/uploads\/2021\/01\/botao-site-destaquebbca-rodape-voltar-100x42.jpg 100w, https:\/\/fjsp.org.br\/fjsp\/wp-content\/uploads\/2021\/01\/botao-site-destaquebbca-rodape-voltar-130x54.jpg 130w\" sizes=\"(max-width: 320px) 100vw, 320px\" \/><\/a><\/p>\n","protected":false},"excerpt":{"rendered":"<p>Neste m\u00eas destacamos um livro sobre a interatividade do game Pok\u00e9mon GO com a vida real e algumas obras do escritor e diretor de anima\u00e7\u00e3o Makoto Shinkai. \u00a0 \u25cf LIVRO\/MANG\u00c1 The augmented reality of Pok\u00e9mon Go: chronotopes, moral panic, and other complexities Edited by Neriko Musha Doerr, Debra J. Occhi Lexington Books, 2019. ISBN 978-1-4985-7491-4. [&hellip;]<\/p>\n","protected":false},"author":33,"featured_media":0,"parent":0,"menu_order":0,"comment_status":"closed","ping_status":"closed","template":"","meta":{"_acf_changed":false,"footnotes":""},"class_list":["post-11663","page","type-page","status-publish","hentry"],"acf":[],"_links":{"self":[{"href":"https:\/\/fjsp.org.br\/fjsp\/wp-json\/wp\/v2\/pages\/11663","targetHints":{"allow":["GET"]}}],"collection":[{"href":"https:\/\/fjsp.org.br\/fjsp\/wp-json\/wp\/v2\/pages"}],"about":[{"href":"https:\/\/fjsp.org.br\/fjsp\/wp-json\/wp\/v2\/types\/page"}],"author":[{"embeddable":true,"href":"https:\/\/fjsp.org.br\/fjsp\/wp-json\/wp\/v2\/users\/33"}],"replies":[{"embeddable":true,"href":"https:\/\/fjsp.org.br\/fjsp\/wp-json\/wp\/v2\/comments?post=11663"}],"version-history":[{"count":3,"href":"https:\/\/fjsp.org.br\/fjsp\/wp-json\/wp\/v2\/pages\/11663\/revisions"}],"predecessor-version":[{"id":14777,"href":"https:\/\/fjsp.org.br\/fjsp\/wp-json\/wp\/v2\/pages\/11663\/revisions\/14777"}],"wp:attachment":[{"href":"https:\/\/fjsp.org.br\/fjsp\/wp-json\/wp\/v2\/media?parent=11663"}],"curies":[{"name":"wp","href":"https:\/\/api.w.org\/{rel}","templated":true}]}}