{"id":11666,"date":"2020-07-03T13:17:50","date_gmt":"2020-07-03T16:17:50","guid":{"rendered":"https:\/\/fjsp.org.br\/fjsp\/?page_id=11666"},"modified":"2022-04-29T11:44:22","modified_gmt":"2022-04-29T14:44:22","slug":"destaques-da-biblioteca","status":"publish","type":"page","link":"https:\/\/fjsp.org.br\/fjsp\/destaques-da-biblioteca\/","title":{"rendered":"DESTAQUES DA BIBLIOTECA"},"content":{"rendered":"<h4><strong><em>Nesta se\u00e7\u00e3o apresentaremos, periodicamente, alguns materiais do acervo da nossa biblioteca que poder\u00e3o ser \u00fateis em suas pesquisas, em seus estudos ou mesmo no seu momento de lazer.<\/em><\/strong><\/h4>\n<p>&nbsp;<\/p>\n<p><a href=\"https:\/\/fjsp.org.br\/fjsp\/destaques-da-biblioteca-2022-03\/\"><img decoding=\"async\" class=\"img-responsive img-fluid alignnone wp-image-20989 size-full\" src=\"https:\/\/fjsp.org.br\/fjsp\/wp-content\/uploads\/2022\/04\/botao-destaquesbib-03-2022.jpg\" alt=\"\" width=\"220\" height=\"103\" srcset=\"https:\/\/fjsp.org.br\/fjsp\/wp-content\/uploads\/2022\/04\/botao-destaquesbib-03-2022.jpg 220w, https:\/\/fjsp.org.br\/fjsp\/wp-content\/uploads\/2022\/04\/botao-destaquesbib-03-2022-100x47.jpg 100w, https:\/\/fjsp.org.br\/fjsp\/wp-content\/uploads\/2022\/04\/botao-destaquesbib-03-2022-130x61.jpg 130w\" sizes=\"(max-width: 220px) 100vw, 220px\" \/><\/a><br \/>\n<strong>TAGS:<\/strong> Prova de Profici\u00eancia em L\u00edngua Japonesa\/ JLPT\/ Nihongo Noryoku Shiken<\/p>\n<p>&nbsp;<\/p>\n<p><a href=\"https:\/\/fjsp.org.br\/fjsp\/destaques-da-biblioteca-2022-02\/\"><img decoding=\"async\" class=\"img-responsive img-fluid alignnone wp-image-20990 size-full\" src=\"https:\/\/fjsp.org.br\/fjsp\/wp-content\/uploads\/2022\/04\/botao-destaquesbib-02-2022.jpg\" alt=\"\" width=\"220\" height=\"103\" srcset=\"https:\/\/fjsp.org.br\/fjsp\/wp-content\/uploads\/2022\/04\/botao-destaquesbib-02-2022.jpg 220w, https:\/\/fjsp.org.br\/fjsp\/wp-content\/uploads\/2022\/04\/botao-destaquesbib-02-2022-100x47.jpg 100w, https:\/\/fjsp.org.br\/fjsp\/wp-content\/uploads\/2022\/04\/botao-destaquesbib-02-2022-130x61.jpg 130w\" sizes=\"(max-width: 220px) 100vw, 220px\" \/><\/a><br \/>\n<strong>TAGS: <\/strong><span style=\"font-weight: 400;\">Poesia japonesa\/ Pol\u00edtica econ\u00f4mica japonesa\/ Cultura japonesa\/ Cerim\u00f4nia do ch\u00e1\/ Pol\u00edtica japonesa\/ M\u00fasica popular japonesa\/ Literatura japonesa\/ Jun\u2019ichiro Tanizaki<\/span><\/p>\n<p>&nbsp;<\/p>\n<p><a href=\"https:\/\/fjsp.org.br\/fjsp\/destaques-da-biblioteca-2022-01\/\"><img decoding=\"async\" class=\"img-responsive img-fluid alignnone wp-image-20991 size-full\" src=\"https:\/\/fjsp.org.br\/fjsp\/wp-content\/uploads\/2022\/04\/botao-destaquesbib-01-2022.jpg\" alt=\"\" width=\"220\" height=\"103\" srcset=\"https:\/\/fjsp.org.br\/fjsp\/wp-content\/uploads\/2022\/04\/botao-destaquesbib-01-2022.jpg 220w, https:\/\/fjsp.org.br\/fjsp\/wp-content\/uploads\/2022\/04\/botao-destaquesbib-01-2022-100x47.jpg 100w, https:\/\/fjsp.org.br\/fjsp\/wp-content\/uploads\/2022\/04\/botao-destaquesbib-01-2022-130x61.jpg 130w\" sizes=\"(max-width: 220px) 100vw, 220px\" \/><\/a><br \/>\n<strong>TAGS: <\/strong><span style=\"font-weight: 400;\">Bushido\/ Hist\u00f3ria do Jap\u00e3o\/ Literatura japonesa\/ Influ\u00eancia afro-americana na literatura japonesa\/ Hist\u00f3ria da comunica\u00e7\u00e3o no Jap\u00e3o\/ Yukio Mishima\/ Fic\u00e7\u00e3o japonesa\/ Vida \u00e0 venda<\/span><\/p>\n<p>&nbsp;<\/p>\n<p><a href=\"https:\/\/fjsp.org.br\/fjsp\/destaques-da-biblioteca-2021\"><img loading=\"lazy\" decoding=\"async\" class=\"img-responsive img-fluid alignnone size-full wp-image-21003\" src=\"https:\/\/fjsp.org.br\/fjsp\/wp-content\/uploads\/2022\/04\/botao-destaques2021-site.jpg\" alt=\"\" width=\"220\" height=\"103\" srcset=\"https:\/\/fjsp.org.br\/fjsp\/wp-content\/uploads\/2022\/04\/botao-destaques2021-site.jpg 220w, https:\/\/fjsp.org.br\/fjsp\/wp-content\/uploads\/2022\/04\/botao-destaques2021-site-100x47.jpg 100w, https:\/\/fjsp.org.br\/fjsp\/wp-content\/uploads\/2022\/04\/botao-destaques2021-site-130x61.jpg 130w\" sizes=\"(max-width: 220px) 100vw, 220px\" \/><\/a><\/p>\n<p><a href=\"https:\/\/fjsp.org.br\/fjsp\/destaques-da-biblioteca-2020\"><img loading=\"lazy\" decoding=\"async\" class=\"img-responsive img-fluid alignnone size-full wp-image-21002\" src=\"https:\/\/fjsp.org.br\/fjsp\/wp-content\/uploads\/2022\/04\/botao-destaques2020-site.jpg\" alt=\"\" width=\"220\" height=\"103\" srcset=\"https:\/\/fjsp.org.br\/fjsp\/wp-content\/uploads\/2022\/04\/botao-destaques2020-site.jpg 220w, https:\/\/fjsp.org.br\/fjsp\/wp-content\/uploads\/2022\/04\/botao-destaques2020-site-100x47.jpg 100w, https:\/\/fjsp.org.br\/fjsp\/wp-content\/uploads\/2022\/04\/botao-destaques2020-site-130x61.jpg 130w\" sizes=\"(max-width: 220px) 100vw, 220px\" \/><\/a><\/p>\n<p>&nbsp;<\/p>\n","protected":false},"excerpt":{"rendered":"<p>Nesta se\u00e7\u00e3o apresentaremos, periodicamente, alguns materiais do acervo da nossa biblioteca que poder\u00e3o ser \u00fateis em suas pesquisas, em seus estudos ou mesmo no seu momento de lazer. &nbsp; TAGS: Prova de Profici\u00eancia em L\u00edngua Japonesa\/ JLPT\/ Nihongo Noryoku Shiken &nbsp; TAGS: Poesia japonesa\/ Pol\u00edtica econ\u00f4mica japonesa\/ Cultura japonesa\/ Cerim\u00f4nia do ch\u00e1\/ Pol\u00edtica japonesa\/ M\u00fasica [&hellip;]<\/p>\n","protected":false},"author":33,"featured_media":0,"parent":0,"menu_order":0,"comment_status":"closed","ping_status":"closed","template":"","meta":{"_acf_changed":false,"footnotes":""},"class_list":["post-11666","page","type-page","status-publish","hentry"],"acf":[],"_links":{"self":[{"href":"https:\/\/fjsp.org.br\/fjsp\/wp-json\/wp\/v2\/pages\/11666","targetHints":{"allow":["GET"]}}],"collection":[{"href":"https:\/\/fjsp.org.br\/fjsp\/wp-json\/wp\/v2\/pages"}],"about":[{"href":"https:\/\/fjsp.org.br\/fjsp\/wp-json\/wp\/v2\/types\/page"}],"author":[{"embeddable":true,"href":"https:\/\/fjsp.org.br\/fjsp\/wp-json\/wp\/v2\/users\/33"}],"replies":[{"embeddable":true,"href":"https:\/\/fjsp.org.br\/fjsp\/wp-json\/wp\/v2\/comments?post=11666"}],"version-history":[{"count":4,"href":"https:\/\/fjsp.org.br\/fjsp\/wp-json\/wp\/v2\/pages\/11666\/revisions"}],"predecessor-version":[{"id":21010,"href":"https:\/\/fjsp.org.br\/fjsp\/wp-json\/wp\/v2\/pages\/11666\/revisions\/21010"}],"wp:attachment":[{"href":"https:\/\/fjsp.org.br\/fjsp\/wp-json\/wp\/v2\/media?parent=11666"}],"curies":[{"name":"wp","href":"https:\/\/api.w.org\/{rel}","templated":true}]}}