{"id":11764,"date":"2020-07-06T09:40:55","date_gmt":"2020-07-06T12:40:55","guid":{"rendered":"https:\/\/fjsp.org.br\/fjsp\/?page_id=11764"},"modified":"2022-03-16T15:22:50","modified_gmt":"2022-03-16T18:22:50","slug":"dossie_literario","status":"publish","type":"page","link":"https:\/\/fjsp.org.br\/fjsp\/dossie_literario\/","title":{"rendered":"Biblioteca Liter\u00e1ria Online &#8211; Dossi\u00ea Liter\u00e1rio"},"content":{"rendered":"<p><img fetchpriority=\"high\" decoding=\"async\" class=\"img-responsive size-full wp-image-11987 aligncenter\" src=\"https:\/\/fjsp.org.br\/fjsp\/wp-content\/uploads\/2020\/07\/slider-dossies-literarios-v2c.jpg\" alt=\"\" width=\"850\" height=\"462\" srcset=\"https:\/\/fjsp.org.br\/fjsp\/wp-content\/uploads\/2020\/07\/slider-dossies-literarios-v2c.jpg 850w, https:\/\/fjsp.org.br\/fjsp\/wp-content\/uploads\/2020\/07\/slider-dossies-literarios-v2c-280x152.jpg 280w, https:\/\/fjsp.org.br\/fjsp\/wp-content\/uploads\/2020\/07\/slider-dossies-literarios-v2c-768x417.jpg 768w, https:\/\/fjsp.org.br\/fjsp\/wp-content\/uploads\/2020\/07\/slider-dossies-literarios-v2c-340x185.jpg 340w, https:\/\/fjsp.org.br\/fjsp\/wp-content\/uploads\/2020\/07\/slider-dossies-literarios-v2c-220x120.jpg 220w, https:\/\/fjsp.org.br\/fjsp\/wp-content\/uploads\/2020\/07\/slider-dossies-literarios-v2c-100x54.jpg 100w, https:\/\/fjsp.org.br\/fjsp\/wp-content\/uploads\/2020\/07\/slider-dossies-literarios-v2c-130x71.jpg 130w, https:\/\/fjsp.org.br\/fjsp\/wp-content\/uploads\/2020\/07\/slider-dossies-literarios-v2c-460x250.jpg 460w\" sizes=\"(max-width: 850px) 100vw, 850px\" \/><\/p>\n<p style=\"text-align: left;\">A Funda\u00e7\u00e3o Jap\u00e3o apresenta a BIBLIOTECA LITER\u00c1RIA ONLINE, um projeto com o objetivo de divulgar a literatura japonesa no Brasil, incentivando n\u00e3o apenas a sua leitura, como tamb\u00e9m o interesse pela tradu\u00e7\u00e3o de novas obras para o portugu\u00eas.\u00a0 O leitor poder\u00e1 explorar um pouco mais o prol\u00edfico mundo liter\u00e1rio nip\u00f4nico por meio de informa\u00e7\u00f5es relevantes dispon\u00edveis online organizadas em forma de DOSSI\u00caS e MINI DOSSI\u00caS focados em um t\u00f3pico liter\u00e1rio ou em uma autoria, sem se ater em demasia em detalhes biogr\u00e1ficos.<\/p>\n<p>&nbsp;<\/p>\n<p><a href=\"https:\/\/fjsp.org.br\/fjsp\/dossie-yoko-tawada\/\"><img decoding=\"async\" class=\"img-responsive img-fluid aligncenter wp-image-20446\" src=\"https:\/\/fjsp.org.br\/fjsp\/wp-content\/uploads\/2022\/03\/fj-dossie-thumb.png\" alt=\"\" width=\"902\" height=\"117\" srcset=\"https:\/\/fjsp.org.br\/fjsp\/wp-content\/uploads\/2022\/03\/fj-dossie-thumb.png 1536w, https:\/\/fjsp.org.br\/fjsp\/wp-content\/uploads\/2022\/03\/fj-dossie-thumb-280x36.png 280w, https:\/\/fjsp.org.br\/fjsp\/wp-content\/uploads\/2022\/03\/fj-dossie-thumb-768x100.png 768w, https:\/\/fjsp.org.br\/fjsp\/wp-content\/uploads\/2022\/03\/fj-dossie-thumb-340x44.png 340w, https:\/\/fjsp.org.br\/fjsp\/wp-content\/uploads\/2022\/03\/fj-dossie-thumb-220x29.png 220w, https:\/\/fjsp.org.br\/fjsp\/wp-content\/uploads\/2022\/03\/fj-dossie-thumb-100x13.png 100w, https:\/\/fjsp.org.br\/fjsp\/wp-content\/uploads\/2022\/03\/fj-dossie-thumb-130x17.png 130w, https:\/\/fjsp.org.br\/fjsp\/wp-content\/uploads\/2022\/03\/fj-dossie-thumb-460x60.png 460w\" sizes=\"(max-width: 902px) 100vw, 902px\" \/><\/a><\/p>\n<p><a href=\"https:\/\/fjsp.org.br\/fjsp\/dossie_osamu_dazai\/\"><img decoding=\"async\" class=\"img-responsive img-fluid aligncenter wp-image-20479\" src=\"https:\/\/fjsp.org.br\/fjsp\/wp-content\/uploads\/2022\/03\/botao-traducao-literaria-novo.png\" alt=\"\" width=\"902\" height=\"117\" srcset=\"https:\/\/fjsp.org.br\/fjsp\/wp-content\/uploads\/2022\/03\/botao-traducao-literaria-novo.png 1920w, https:\/\/fjsp.org.br\/fjsp\/wp-content\/uploads\/2022\/03\/botao-traducao-literaria-novo-280x36.png 280w, https:\/\/fjsp.org.br\/fjsp\/wp-content\/uploads\/2022\/03\/botao-traducao-literaria-novo-768x100.png 768w, https:\/\/fjsp.org.br\/fjsp\/wp-content\/uploads\/2022\/03\/botao-traducao-literaria-novo-1536x199.png 1536w, https:\/\/fjsp.org.br\/fjsp\/wp-content\/uploads\/2022\/03\/botao-traducao-literaria-novo-340x44.png 340w, https:\/\/fjsp.org.br\/fjsp\/wp-content\/uploads\/2022\/03\/botao-traducao-literaria-novo-220x29.png 220w, https:\/\/fjsp.org.br\/fjsp\/wp-content\/uploads\/2022\/03\/botao-traducao-literaria-novo-100x13.png 100w, https:\/\/fjsp.org.br\/fjsp\/wp-content\/uploads\/2022\/03\/botao-traducao-literaria-novo-130x17.png 130w, https:\/\/fjsp.org.br\/fjsp\/wp-content\/uploads\/2022\/03\/botao-traducao-literaria-novo-460x60.png 460w\" sizes=\"(max-width: 902px) 100vw, 902px\" \/><\/a><\/p>\n<p><a href=\"https:\/\/fjsp.org.br\/fjsp\/dossie_tradicao_japones\/\"><img loading=\"lazy\" decoding=\"async\" class=\"img-responsive img-fluid aligncenter wp-image-18873\" src=\"https:\/\/fjsp.org.br\/fjsp\/wp-content\/uploads\/2021\/12\/botao-traducao-literaria.png\" alt=\"\" width=\"902\" height=\"117\" srcset=\"https:\/\/fjsp.org.br\/fjsp\/wp-content\/uploads\/2021\/12\/botao-traducao-literaria.png 1920w, https:\/\/fjsp.org.br\/fjsp\/wp-content\/uploads\/2021\/12\/botao-traducao-literaria-280x36.png 280w, https:\/\/fjsp.org.br\/fjsp\/wp-content\/uploads\/2021\/12\/botao-traducao-literaria-768x100.png 768w, https:\/\/fjsp.org.br\/fjsp\/wp-content\/uploads\/2021\/12\/botao-traducao-literaria-1536x199.png 1536w, https:\/\/fjsp.org.br\/fjsp\/wp-content\/uploads\/2021\/12\/botao-traducao-literaria-340x44.png 340w, https:\/\/fjsp.org.br\/fjsp\/wp-content\/uploads\/2021\/12\/botao-traducao-literaria-220x29.png 220w, https:\/\/fjsp.org.br\/fjsp\/wp-content\/uploads\/2021\/12\/botao-traducao-literaria-100x13.png 100w, https:\/\/fjsp.org.br\/fjsp\/wp-content\/uploads\/2021\/12\/botao-traducao-literaria-130x17.png 130w, https:\/\/fjsp.org.br\/fjsp\/wp-content\/uploads\/2021\/12\/botao-traducao-literaria-460x60.png 460w\" sizes=\"(max-width: 902px) 100vw, 902px\" \/><\/a><\/p>\n<p><a href=\"https:\/\/fjsp.org.br\/fjsp\/dossie_ryunosuke_akutagawa\/\"><img loading=\"lazy\" decoding=\"async\" class=\"img-responsive img-fluid aligncenter wp-image-17518\" src=\"https:\/\/fjsp.org.br\/fjsp\/wp-content\/uploads\/2021\/09\/botao-akutagawa-ryunosuke.png\" alt=\"\" width=\"902\" height=\"117\" srcset=\"https:\/\/fjsp.org.br\/fjsp\/wp-content\/uploads\/2021\/09\/botao-akutagawa-ryunosuke.png 1920w, https:\/\/fjsp.org.br\/fjsp\/wp-content\/uploads\/2021\/09\/botao-akutagawa-ryunosuke-280x36.png 280w, https:\/\/fjsp.org.br\/fjsp\/wp-content\/uploads\/2021\/09\/botao-akutagawa-ryunosuke-768x100.png 768w, https:\/\/fjsp.org.br\/fjsp\/wp-content\/uploads\/2021\/09\/botao-akutagawa-ryunosuke-1536x199.png 1536w, https:\/\/fjsp.org.br\/fjsp\/wp-content\/uploads\/2021\/09\/botao-akutagawa-ryunosuke-340x44.png 340w, https:\/\/fjsp.org.br\/fjsp\/wp-content\/uploads\/2021\/09\/botao-akutagawa-ryunosuke-220x29.png 220w, https:\/\/fjsp.org.br\/fjsp\/wp-content\/uploads\/2021\/09\/botao-akutagawa-ryunosuke-100x13.png 100w, https:\/\/fjsp.org.br\/fjsp\/wp-content\/uploads\/2021\/09\/botao-akutagawa-ryunosuke-130x17.png 130w, https:\/\/fjsp.org.br\/fjsp\/wp-content\/uploads\/2021\/09\/botao-akutagawa-ryunosuke-460x60.png 460w\" sizes=\"(max-width: 902px) 100vw, 902px\" \/><\/a><\/p>\n<p><a href=\"https:\/\/fjsp.org.br\/fjsp\/dossie_junichiro_tanizaki\/\"><img loading=\"lazy\" decoding=\"async\" class=\"img-responsive img-fluid wp-image-17256 aligncenter\" src=\"https:\/\/fjsp.org.br\/fjsp\/wp-content\/uploads\/2021\/08\/botao-tanizaki-junichiro.png\" alt=\"\" width=\"902\" height=\"117\" srcset=\"https:\/\/fjsp.org.br\/fjsp\/wp-content\/uploads\/2021\/08\/botao-tanizaki-junichiro.png 1920w, https:\/\/fjsp.org.br\/fjsp\/wp-content\/uploads\/2021\/08\/botao-tanizaki-junichiro-280x36.png 280w, https:\/\/fjsp.org.br\/fjsp\/wp-content\/uploads\/2021\/08\/botao-tanizaki-junichiro-768x100.png 768w, https:\/\/fjsp.org.br\/fjsp\/wp-content\/uploads\/2021\/08\/botao-tanizaki-junichiro-1536x199.png 1536w, https:\/\/fjsp.org.br\/fjsp\/wp-content\/uploads\/2021\/08\/botao-tanizaki-junichiro-340x44.png 340w, https:\/\/fjsp.org.br\/fjsp\/wp-content\/uploads\/2021\/08\/botao-tanizaki-junichiro-220x29.png 220w, https:\/\/fjsp.org.br\/fjsp\/wp-content\/uploads\/2021\/08\/botao-tanizaki-junichiro-100x13.png 100w, https:\/\/fjsp.org.br\/fjsp\/wp-content\/uploads\/2021\/08\/botao-tanizaki-junichiro-130x17.png 130w, https:\/\/fjsp.org.br\/fjsp\/wp-content\/uploads\/2021\/08\/botao-tanizaki-junichiro-460x60.png 460w\" sizes=\"(max-width: 902px) 100vw, 902px\" \/><\/a><\/p>\n<p><a href=\"https:\/\/fjsp.org.br\/fjsp\/dossie_literatura_feminina\/\"><img loading=\"lazy\" decoding=\"async\" class=\"img-responsive img-fluid aligncenter wp-image-16754\" src=\"https:\/\/fjsp.org.br\/fjsp\/wp-content\/uploads\/2021\/05\/botao-literatura-feminina.png\" alt=\"\" width=\"902\" height=\"117\" srcset=\"https:\/\/fjsp.org.br\/fjsp\/wp-content\/uploads\/2021\/05\/botao-literatura-feminina.png 1920w, https:\/\/fjsp.org.br\/fjsp\/wp-content\/uploads\/2021\/05\/botao-literatura-feminina-280x36.png 280w, https:\/\/fjsp.org.br\/fjsp\/wp-content\/uploads\/2021\/05\/botao-literatura-feminina-768x100.png 768w, https:\/\/fjsp.org.br\/fjsp\/wp-content\/uploads\/2021\/05\/botao-literatura-feminina-1536x199.png 1536w, https:\/\/fjsp.org.br\/fjsp\/wp-content\/uploads\/2021\/05\/botao-literatura-feminina-340x44.png 340w, https:\/\/fjsp.org.br\/fjsp\/wp-content\/uploads\/2021\/05\/botao-literatura-feminina-220x29.png 220w, https:\/\/fjsp.org.br\/fjsp\/wp-content\/uploads\/2021\/05\/botao-literatura-feminina-100x13.png 100w, https:\/\/fjsp.org.br\/fjsp\/wp-content\/uploads\/2021\/05\/botao-literatura-feminina-130x17.png 130w, https:\/\/fjsp.org.br\/fjsp\/wp-content\/uploads\/2021\/05\/botao-literatura-feminina-460x60.png 460w\" sizes=\"(max-width: 902px) 100vw, 902px\" \/><\/a><\/p>\n<p><a href=\"https:\/\/fjsp.org.br\/fjsp\/dossie_mukashi_banashi\/\"><img loading=\"lazy\" decoding=\"async\" class=\"img-responsive img-fluid aligncenter wp-image-15948\" src=\"https:\/\/fjsp.org.br\/fjsp\/wp-content\/uploads\/2021\/03\/botao-mukashi-banashi.png\" alt=\"\" width=\"900\" height=\"117\" srcset=\"https:\/\/fjsp.org.br\/fjsp\/wp-content\/uploads\/2021\/03\/botao-mukashi-banashi.png 1920w, https:\/\/fjsp.org.br\/fjsp\/wp-content\/uploads\/2021\/03\/botao-mukashi-banashi-280x36.png 280w, https:\/\/fjsp.org.br\/fjsp\/wp-content\/uploads\/2021\/03\/botao-mukashi-banashi-768x100.png 768w, https:\/\/fjsp.org.br\/fjsp\/wp-content\/uploads\/2021\/03\/botao-mukashi-banashi-1536x199.png 1536w, https:\/\/fjsp.org.br\/fjsp\/wp-content\/uploads\/2021\/03\/botao-mukashi-banashi-340x44.png 340w, https:\/\/fjsp.org.br\/fjsp\/wp-content\/uploads\/2021\/03\/botao-mukashi-banashi-220x29.png 220w, https:\/\/fjsp.org.br\/fjsp\/wp-content\/uploads\/2021\/03\/botao-mukashi-banashi-100x13.png 100w, https:\/\/fjsp.org.br\/fjsp\/wp-content\/uploads\/2021\/03\/botao-mukashi-banashi-130x17.png 130w, https:\/\/fjsp.org.br\/fjsp\/wp-content\/uploads\/2021\/03\/botao-mukashi-banashi-460x60.png 460w\" sizes=\"(max-width: 900px) 100vw, 900px\" \/><\/a><\/p>\n<p><a href=\"https:\/\/fjsp.org.br\/fjsp\/dossie_yoko_ogawa\/\"><img loading=\"lazy\" decoding=\"async\" class=\"img-responsive img-fluid wp-image-14154 aligncenter\" src=\"https:\/\/fjsp.org.br\/fjsp\/wp-content\/uploads\/2020\/12\/botao-yoko-ogawa-padrao.png\" alt=\"\" width=\"900\" height=\"117\" srcset=\"https:\/\/fjsp.org.br\/fjsp\/wp-content\/uploads\/2020\/12\/botao-yoko-ogawa-padrao.png 1920w, https:\/\/fjsp.org.br\/fjsp\/wp-content\/uploads\/2020\/12\/botao-yoko-ogawa-padrao-280x36.png 280w, https:\/\/fjsp.org.br\/fjsp\/wp-content\/uploads\/2020\/12\/botao-yoko-ogawa-padrao-768x100.png 768w, https:\/\/fjsp.org.br\/fjsp\/wp-content\/uploads\/2020\/12\/botao-yoko-ogawa-padrao-1536x199.png 1536w, https:\/\/fjsp.org.br\/fjsp\/wp-content\/uploads\/2020\/12\/botao-yoko-ogawa-padrao-340x44.png 340w, https:\/\/fjsp.org.br\/fjsp\/wp-content\/uploads\/2020\/12\/botao-yoko-ogawa-padrao-220x29.png 220w, https:\/\/fjsp.org.br\/fjsp\/wp-content\/uploads\/2020\/12\/botao-yoko-ogawa-padrao-100x13.png 100w, https:\/\/fjsp.org.br\/fjsp\/wp-content\/uploads\/2020\/12\/botao-yoko-ogawa-padrao-130x17.png 130w, https:\/\/fjsp.org.br\/fjsp\/wp-content\/uploads\/2020\/12\/botao-yoko-ogawa-padrao-460x60.png 460w\" sizes=\"(max-width: 900px) 100vw, 900px\" \/><\/a><\/p>\n<p><a href=\"https:\/\/fjsp.org.br\/fjsp\/dossie_natsume_soseki\/\"><img loading=\"lazy\" decoding=\"async\" class=\"img-responsive wp-image-11777 aligncenter\" src=\"https:\/\/fjsp.org.br\/fjsp\/wp-content\/uploads\/2020\/07\/botao-natsume-sosek-v1i.png\" alt=\"\" width=\"900\" height=\"117\" srcset=\"https:\/\/fjsp.org.br\/fjsp\/wp-content\/uploads\/2020\/07\/botao-natsume-sosek-v1i.png 1920w, https:\/\/fjsp.org.br\/fjsp\/wp-content\/uploads\/2020\/07\/botao-natsume-sosek-v1i-280x36.png 280w, https:\/\/fjsp.org.br\/fjsp\/wp-content\/uploads\/2020\/07\/botao-natsume-sosek-v1i-768x100.png 768w, https:\/\/fjsp.org.br\/fjsp\/wp-content\/uploads\/2020\/07\/botao-natsume-sosek-v1i-340x44.png 340w, https:\/\/fjsp.org.br\/fjsp\/wp-content\/uploads\/2020\/07\/botao-natsume-sosek-v1i-220x29.png 220w, https:\/\/fjsp.org.br\/fjsp\/wp-content\/uploads\/2020\/07\/botao-natsume-sosek-v1i-100x13.png 100w, https:\/\/fjsp.org.br\/fjsp\/wp-content\/uploads\/2020\/07\/botao-natsume-sosek-v1i-130x17.png 130w, https:\/\/fjsp.org.br\/fjsp\/wp-content\/uploads\/2020\/07\/botao-natsume-sosek-v1i-460x60.png 460w\" sizes=\"(max-width: 900px) 100vw, 900px\" \/><\/a><\/p>\n<p><img loading=\"lazy\" decoding=\"async\" class=\"img-responsive wp-image-11793 aligncenter\" src=\"https:\/\/fjsp.org.br\/fjsp\/wp-content\/uploads\/2020\/07\/botao-proximo.png\" alt=\"\" width=\"900\" height=\"117\" srcset=\"https:\/\/fjsp.org.br\/fjsp\/wp-content\/uploads\/2020\/07\/botao-proximo.png 1920w, https:\/\/fjsp.org.br\/fjsp\/wp-content\/uploads\/2020\/07\/botao-proximo-280x36.png 280w, https:\/\/fjsp.org.br\/fjsp\/wp-content\/uploads\/2020\/07\/botao-proximo-768x100.png 768w, https:\/\/fjsp.org.br\/fjsp\/wp-content\/uploads\/2020\/07\/botao-proximo-340x44.png 340w, https:\/\/fjsp.org.br\/fjsp\/wp-content\/uploads\/2020\/07\/botao-proximo-220x29.png 220w, https:\/\/fjsp.org.br\/fjsp\/wp-content\/uploads\/2020\/07\/botao-proximo-100x13.png 100w, https:\/\/fjsp.org.br\/fjsp\/wp-content\/uploads\/2020\/07\/botao-proximo-130x17.png 130w, https:\/\/fjsp.org.br\/fjsp\/wp-content\/uploads\/2020\/07\/botao-proximo-460x60.png 460w\" sizes=\"(max-width: 900px) 100vw, 900px\" \/><\/p>\n<p>&nbsp;<\/p>\n<p><img loading=\"lazy\" decoding=\"async\" class=\"img-responsive alignnone size-full wp-image-11642\" src=\"https:\/\/fjsp.org.br\/fjsp\/wp-content\/uploads\/2020\/07\/pattern-v1-03-1.png\" alt=\"\" width=\"4032\" height=\"223\" srcset=\"https:\/\/fjsp.org.br\/fjsp\/wp-content\/uploads\/2020\/07\/pattern-v1-03-1.png 4032w, https:\/\/fjsp.org.br\/fjsp\/wp-content\/uploads\/2020\/07\/pattern-v1-03-1-280x15.png 280w, https:\/\/fjsp.org.br\/fjsp\/wp-content\/uploads\/2020\/07\/pattern-v1-03-1-768x42.png 768w, https:\/\/fjsp.org.br\/fjsp\/wp-content\/uploads\/2020\/07\/pattern-v1-03-1-340x19.png 340w, https:\/\/fjsp.org.br\/fjsp\/wp-content\/uploads\/2020\/07\/pattern-v1-03-1-220x12.png 220w, https:\/\/fjsp.org.br\/fjsp\/wp-content\/uploads\/2020\/07\/pattern-v1-03-1-100x6.png 100w, https:\/\/fjsp.org.br\/fjsp\/wp-content\/uploads\/2020\/07\/pattern-v1-03-1-130x7.png 130w, https:\/\/fjsp.org.br\/fjsp\/wp-content\/uploads\/2020\/07\/pattern-v1-03-1-460x25.png 460w\" sizes=\"(max-width: 4032px) 100vw, 4032px\" \/><\/p>\n","protected":false},"excerpt":{"rendered":"<p>A Funda\u00e7\u00e3o Jap\u00e3o apresenta a BIBLIOTECA LITER\u00c1RIA ONLINE, um projeto com o objetivo de divulgar a literatura japonesa no Brasil, incentivando n\u00e3o apenas a sua leitura, como tamb\u00e9m o interesse pela tradu\u00e7\u00e3o de novas obras para o portugu\u00eas.\u00a0 O leitor poder\u00e1 explorar um pouco mais o prol\u00edfico mundo liter\u00e1rio nip\u00f4nico por meio de informa\u00e7\u00f5es relevantes [&hellip;]<\/p>\n","protected":false},"author":34,"featured_media":13441,"parent":0,"menu_order":0,"comment_status":"closed","ping_status":"closed","template":"","meta":{"_acf_changed":false,"footnotes":""},"class_list":["post-11764","page","type-page","status-publish","has-post-thumbnail","hentry"],"acf":[],"_links":{"self":[{"href":"https:\/\/fjsp.org.br\/fjsp\/wp-json\/wp\/v2\/pages\/11764","targetHints":{"allow":["GET"]}}],"collection":[{"href":"https:\/\/fjsp.org.br\/fjsp\/wp-json\/wp\/v2\/pages"}],"about":[{"href":"https:\/\/fjsp.org.br\/fjsp\/wp-json\/wp\/v2\/types\/page"}],"author":[{"embeddable":true,"href":"https:\/\/fjsp.org.br\/fjsp\/wp-json\/wp\/v2\/users\/34"}],"replies":[{"embeddable":true,"href":"https:\/\/fjsp.org.br\/fjsp\/wp-json\/wp\/v2\/comments?post=11764"}],"version-history":[{"count":3,"href":"https:\/\/fjsp.org.br\/fjsp\/wp-json\/wp\/v2\/pages\/11764\/revisions"}],"predecessor-version":[{"id":20483,"href":"https:\/\/fjsp.org.br\/fjsp\/wp-json\/wp\/v2\/pages\/11764\/revisions\/20483"}],"wp:featuredmedia":[{"embeddable":true,"href":"https:\/\/fjsp.org.br\/fjsp\/wp-json\/wp\/v2\/media\/13441"}],"wp:attachment":[{"href":"https:\/\/fjsp.org.br\/fjsp\/wp-json\/wp\/v2\/media?parent=11764"}],"curies":[{"name":"wp","href":"https:\/\/api.w.org\/{rel}","templated":true}]}}