{"id":11906,"date":"2020-07-09T09:39:43","date_gmt":"2020-07-09T12:39:43","guid":{"rendered":"https:\/\/fjsp.org.br\/fjsp\/?page_id=11906"},"modified":"2020-07-09T15:43:02","modified_gmt":"2020-07-09T18:43:02","slug":"todos-juntos-emilie-sugai","status":"publish","type":"page","link":"https:\/\/fjsp.org.br\/fjsp\/todos-juntos-emilie-sugai\/","title":{"rendered":"Emilie Sugai"},"content":{"rendered":"<p><img fetchpriority=\"high\" decoding=\"async\" class=\"img-responsive alignnone wp-image-11907\" src=\"https:\/\/fjsp.org.br\/fjsp\/wp-content\/uploads\/2020\/07\/sns-todos-juntos-13-emilie-v2.jpg\" alt=\"\" width=\"450\" height=\"450\" srcset=\"https:\/\/fjsp.org.br\/fjsp\/wp-content\/uploads\/2020\/07\/sns-todos-juntos-13-emilie-v2.jpg 600w, https:\/\/fjsp.org.br\/fjsp\/wp-content\/uploads\/2020\/07\/sns-todos-juntos-13-emilie-v2-280x280.jpg 280w, https:\/\/fjsp.org.br\/fjsp\/wp-content\/uploads\/2020\/07\/sns-todos-juntos-13-emilie-v2-340x340.jpg 340w, https:\/\/fjsp.org.br\/fjsp\/wp-content\/uploads\/2020\/07\/sns-todos-juntos-13-emilie-v2-220x220.jpg 220w, https:\/\/fjsp.org.br\/fjsp\/wp-content\/uploads\/2020\/07\/sns-todos-juntos-13-emilie-v2-100x100.jpg 100w, https:\/\/fjsp.org.br\/fjsp\/wp-content\/uploads\/2020\/07\/sns-todos-juntos-13-emilie-v2-130x130.jpg 130w, https:\/\/fjsp.org.br\/fjsp\/wp-content\/uploads\/2020\/07\/sns-todos-juntos-13-emilie-v2-460x460.jpg 460w, https:\/\/fjsp.org.br\/fjsp\/wp-content\/uploads\/2020\/07\/sns-todos-juntos-13-emilie-v2-150x150.jpg 150w\" sizes=\"(max-width: 450px) 100vw, 450px\" \/><\/p>\n<p>&nbsp;<\/p>\n<div class='cleaner'><\/div>\n<div class='videoWrapper embed-responsive embed-responsive-16by9 ratio ratio-16x9'><iframe title=\"Projeto TODOS JUNTOS - Emilie Sugai, Core\u00f3grafa, performer, dan\u00e7arina de butoh.\" width=\"700\" height=\"394\" src=\"https:\/\/www.youtube.com\/embed\/xAaFQogMDhU?feature=oembed\" frameborder=\"0\" allow=\"accelerometer; autoplay; encrypted-media; gyroscope; picture-in-picture\" allowfullscreen><\/iframe><\/div>\n<p>&nbsp;<\/p>\n<h3><strong>Quem \u00e9 Emilie Sugai?<\/strong><\/h3>\n<p>Core\u00f3grafa, performer e dan\u00e7arina de butoh.<br \/>\nDesenvolveu uma linguagem pr\u00f3pria e singular, fruto de suas inquieta\u00e7\u00f5es art\u00edsticas e de vida, geradas das influ\u00eancias recebidas de seu mestre Takao Kusuno, de pesquisas relacionadas \u00e0s mem\u00f3rias do corpo e colabora\u00e7\u00f5es com artistas da dan\u00e7a e teatro. Produziu e criou os espet\u00e1culos: Tabi (2002), Totem (2004), Intimidade das Imagens (2007), Hagoromo (2008), Lunaris (2011), O Sonho da Raposa (2013); e em parcerias as performances Holoch (2013) e Sol e A\u00e7o (2018). Contou com pr\u00eamios de pesquisa Bolsa Vitae de Artes (1999) e Bolsa UNESCO-Aschberg no Senegal (2003); com pr\u00eamios de cria\u00e7\u00e3o Pr\u00eamio Funarte de Dan\u00e7a Klauss Vianna (2006\/2007), de ProACs de circula\u00e7\u00e3o e cria\u00e7\u00e3o (2007, 2009, 2010,2012), subs\u00eddios do Dan\u00e7a em Pauta do CCBB (2002\/2004) e apoios da Funda\u00e7\u00e3o Jap\u00e3o em S\u00e3o Paulo (2002, 2004, 2012, 2018). Recebeu o Pr\u00eamio APCA 2008 de melhor concep\u00e7\u00e3o em dan\u00e7a para Hagoromo e Pr\u00eamio Denilto Gomes 2013 pela Cooperativa Paulista de Dan\u00e7a para Holoch melhor cria\u00e7\u00e3o em dan\u00e7a solo.<\/p>\n<p><strong>CANAIS OFICIAIS<br \/>\n<\/strong><a href=\"http:\/\/www.emiliesugai.com.br\" target=\"_blank\" rel=\"noopener noreferrer\">Site<\/a><br \/>\n<a href=\"https:\/\/www.instagram.com\/nucleotabi\/\" target=\"_blank\" rel=\"noopener noreferrer\">Instagram<\/a><\/p>\n<p>&nbsp;<\/p>\n<p><span style=\"color: #993366;\"><a style=\"color: #993366;\" href=\"https:\/\/fjsp.org.br\/fjsp\/agenda\/todos-juntos\/\"><strong>&lt;&lt; voltar<\/strong><\/a><\/span><\/p>\n","protected":false},"excerpt":{"rendered":"<p>&nbsp; &nbsp; Quem \u00e9 Emilie Sugai? Core\u00f3grafa, performer e dan\u00e7arina de butoh. Desenvolveu uma linguagem pr\u00f3pria e singular, fruto de suas inquieta\u00e7\u00f5es art\u00edsticas e de vida, geradas das influ\u00eancias recebidas de seu mestre Takao Kusuno, de pesquisas relacionadas \u00e0s mem\u00f3rias do corpo e colabora\u00e7\u00f5es com artistas da dan\u00e7a e teatro. Produziu e criou os espet\u00e1culos: [&hellip;]<\/p>\n","protected":false},"author":33,"featured_media":0,"parent":0,"menu_order":0,"comment_status":"closed","ping_status":"closed","template":"","meta":{"_acf_changed":false,"footnotes":""},"class_list":["post-11906","page","type-page","status-publish","hentry"],"acf":[],"_links":{"self":[{"href":"https:\/\/fjsp.org.br\/fjsp\/wp-json\/wp\/v2\/pages\/11906","targetHints":{"allow":["GET"]}}],"collection":[{"href":"https:\/\/fjsp.org.br\/fjsp\/wp-json\/wp\/v2\/pages"}],"about":[{"href":"https:\/\/fjsp.org.br\/fjsp\/wp-json\/wp\/v2\/types\/page"}],"author":[{"embeddable":true,"href":"https:\/\/fjsp.org.br\/fjsp\/wp-json\/wp\/v2\/users\/33"}],"replies":[{"embeddable":true,"href":"https:\/\/fjsp.org.br\/fjsp\/wp-json\/wp\/v2\/comments?post=11906"}],"version-history":[{"count":2,"href":"https:\/\/fjsp.org.br\/fjsp\/wp-json\/wp\/v2\/pages\/11906\/revisions"}],"predecessor-version":[{"id":11914,"href":"https:\/\/fjsp.org.br\/fjsp\/wp-json\/wp\/v2\/pages\/11906\/revisions\/11914"}],"wp:attachment":[{"href":"https:\/\/fjsp.org.br\/fjsp\/wp-json\/wp\/v2\/media?parent=11906"}],"curies":[{"name":"wp","href":"https:\/\/api.w.org\/{rel}","templated":true}]}}