{"id":11923,"date":"2020-07-14T10:37:28","date_gmt":"2020-07-14T13:37:28","guid":{"rendered":"https:\/\/fjsp.org.br\/fjsp\/?page_id=11923"},"modified":"2020-07-14T16:50:23","modified_gmt":"2020-07-14T19:50:23","slug":"todos-juntos-aki","status":"publish","type":"page","link":"https:\/\/fjsp.org.br\/fjsp\/todos-juntos-aki\/","title":{"rendered":"AKI\uff08\u30a2\u30ad\uff09"},"content":{"rendered":"<p><img fetchpriority=\"high\" decoding=\"async\" class=\"img-responsive alignnone wp-image-11924\" src=\"https:\/\/fjsp.org.br\/fjsp\/wp-content\/uploads\/2020\/07\/sns-todos-juntos-14-aki.jpg\" alt=\"\" width=\"450\" height=\"450\" srcset=\"https:\/\/fjsp.org.br\/fjsp\/wp-content\/uploads\/2020\/07\/sns-todos-juntos-14-aki.jpg 600w, https:\/\/fjsp.org.br\/fjsp\/wp-content\/uploads\/2020\/07\/sns-todos-juntos-14-aki-280x280.jpg 280w, https:\/\/fjsp.org.br\/fjsp\/wp-content\/uploads\/2020\/07\/sns-todos-juntos-14-aki-340x340.jpg 340w, https:\/\/fjsp.org.br\/fjsp\/wp-content\/uploads\/2020\/07\/sns-todos-juntos-14-aki-220x220.jpg 220w, https:\/\/fjsp.org.br\/fjsp\/wp-content\/uploads\/2020\/07\/sns-todos-juntos-14-aki-100x100.jpg 100w, https:\/\/fjsp.org.br\/fjsp\/wp-content\/uploads\/2020\/07\/sns-todos-juntos-14-aki-130x130.jpg 130w, https:\/\/fjsp.org.br\/fjsp\/wp-content\/uploads\/2020\/07\/sns-todos-juntos-14-aki-460x460.jpg 460w, https:\/\/fjsp.org.br\/fjsp\/wp-content\/uploads\/2020\/07\/sns-todos-juntos-14-aki-150x150.jpg 150w\" sizes=\"(max-width: 450px) 100vw, 450px\" \/><\/p>\n<p>&nbsp;<\/p>\n<div class='cleaner'><\/div>\n<div class='videoWrapper embed-responsive embed-responsive-16by9 ratio ratio-16x9'><iframe title=\"Projeto TODOS JUNTOS - Aki, Performer de Bal\u00f5es.\" width=\"700\" height=\"394\" src=\"https:\/\/www.youtube.com\/embed\/9lzgFBwoC5U?feature=oembed\" frameborder=\"0\" allow=\"accelerometer; autoplay; encrypted-media; gyroscope; picture-in-picture\" allowfullscreen><\/iframe><\/div>\n<p>&nbsp;<\/p>\n<h3><strong>Quem \u00e9 AKI?<\/strong><\/h3>\n<p>Natural da prov\u00edncia de Hyogo, Jap\u00e3o, Aki venceu o torneio nacional de bal\u00f5es art\u00edsticos por dois anos consecutivos, e tamb\u00e9m foi o campe\u00e3o nos seis torneios de Daidogei (street performer\/performance de rua) dos quais participou.<\/p>\n<p>O artista japon\u00eas foi o primeiro performer de bal\u00f5es de seu pa\u00eds a ser convidado para participar de festivais internacionais. J\u00e1 realizou apresenta\u00e7\u00f5es em diversas partes do mundo, sobretudo na Europa e \u00c1sia. Entre os Festivais Internacionais, esteve no Festival Chalons (Fran\u00e7a), Festival Sarmede (It\u00e1lia), Bamberg Zaubert (Alemanha), Festival Avignon (Fran\u00e7a), Festival Siam (Tail\u00e2ndia), festivais Goyang e Gwacheon (Coreia).<\/p>\n<p>Esteve no Brasil, pela primeira vez, em agosto do ano passado, para apresentar sua performance com bal\u00f5es no Festival do Jap\u00e3o do Rio Grande do Sul, em Porto Alegre. Veja <a href=\"https:\/\/fjsp.org.br\/fjsp\/agenda\/performer_baloes_aki\/\"><b>aqui<\/b><\/a><b>.<\/b><\/p>\n<p><b>CANAIS OFICIAIS<\/b><b><br \/>\n<\/b><a href=\"http:\/\/performer-aki.com\/\" target=\"_blank\" rel=\"noopener noreferrer\">Site<br \/>\n<\/a><a href=\"https:\/\/www.facebook.com\/akiyoshi.nakagawa\" target=\"_blank\" rel=\"noopener noreferrer\">Facebook<br \/>\n<\/a><a href=\"https:\/\/twitter.com\/balloon_aki\" target=\"_blank\" rel=\"noopener noreferrer\">Twitter<\/a><\/p>\n<p>&nbsp;<\/p>\n<p><a href=\"https:\/\/fjsp.org.br\/fjsp\/agenda\/todos-juntos\/\"><strong><span style=\"color: #993366;\">&lt;&lt; voltar<\/span><\/strong><\/a><\/p>\n","protected":false},"excerpt":{"rendered":"<p>&nbsp; &nbsp; Quem \u00e9 AKI? Natural da prov\u00edncia de Hyogo, Jap\u00e3o, Aki venceu o torneio nacional de bal\u00f5es art\u00edsticos por dois anos consecutivos, e tamb\u00e9m foi o campe\u00e3o nos seis torneios de Daidogei (street performer\/performance de rua) dos quais participou. O artista japon\u00eas foi o primeiro performer de bal\u00f5es de seu pa\u00eds a ser convidado [&hellip;]<\/p>\n","protected":false},"author":33,"featured_media":0,"parent":0,"menu_order":0,"comment_status":"closed","ping_status":"closed","template":"","meta":{"_acf_changed":false,"footnotes":""},"class_list":["post-11923","page","type-page","status-publish","hentry"],"acf":[],"_links":{"self":[{"href":"https:\/\/fjsp.org.br\/fjsp\/wp-json\/wp\/v2\/pages\/11923","targetHints":{"allow":["GET"]}}],"collection":[{"href":"https:\/\/fjsp.org.br\/fjsp\/wp-json\/wp\/v2\/pages"}],"about":[{"href":"https:\/\/fjsp.org.br\/fjsp\/wp-json\/wp\/v2\/types\/page"}],"author":[{"embeddable":true,"href":"https:\/\/fjsp.org.br\/fjsp\/wp-json\/wp\/v2\/users\/33"}],"replies":[{"embeddable":true,"href":"https:\/\/fjsp.org.br\/fjsp\/wp-json\/wp\/v2\/comments?post=11923"}],"version-history":[{"count":2,"href":"https:\/\/fjsp.org.br\/fjsp\/wp-json\/wp\/v2\/pages\/11923\/revisions"}],"predecessor-version":[{"id":11927,"href":"https:\/\/fjsp.org.br\/fjsp\/wp-json\/wp\/v2\/pages\/11923\/revisions\/11927"}],"wp:attachment":[{"href":"https:\/\/fjsp.org.br\/fjsp\/wp-json\/wp\/v2\/media?parent=11923"}],"curies":[{"name":"wp","href":"https:\/\/api.w.org\/{rel}","templated":true}]}}