{"id":11956,"date":"2020-07-14T19:36:04","date_gmt":"2020-07-14T22:36:04","guid":{"rendered":"https:\/\/fjsp.org.br\/fjsp\/?page_id=11956"},"modified":"2020-07-16T09:38:36","modified_gmt":"2020-07-16T12:38:36","slug":"todos-juntos-victor-kinjo","status":"publish","type":"page","link":"https:\/\/fjsp.org.br\/fjsp\/todos-juntos-victor-kinjo\/","title":{"rendered":"Victor Kinjo"},"content":{"rendered":"<p><img fetchpriority=\"high\" decoding=\"async\" class=\"img-responsive alignnone wp-image-11958\" src=\"https:\/\/fjsp.org.br\/fjsp\/wp-content\/uploads\/2020\/07\/sns-todos-juntos-15-victor-kinjo.jpg\" alt=\"\" width=\"450\" height=\"450\" srcset=\"https:\/\/fjsp.org.br\/fjsp\/wp-content\/uploads\/2020\/07\/sns-todos-juntos-15-victor-kinjo.jpg 600w, https:\/\/fjsp.org.br\/fjsp\/wp-content\/uploads\/2020\/07\/sns-todos-juntos-15-victor-kinjo-280x280.jpg 280w, https:\/\/fjsp.org.br\/fjsp\/wp-content\/uploads\/2020\/07\/sns-todos-juntos-15-victor-kinjo-340x340.jpg 340w, https:\/\/fjsp.org.br\/fjsp\/wp-content\/uploads\/2020\/07\/sns-todos-juntos-15-victor-kinjo-220x220.jpg 220w, https:\/\/fjsp.org.br\/fjsp\/wp-content\/uploads\/2020\/07\/sns-todos-juntos-15-victor-kinjo-100x100.jpg 100w, https:\/\/fjsp.org.br\/fjsp\/wp-content\/uploads\/2020\/07\/sns-todos-juntos-15-victor-kinjo-130x130.jpg 130w, https:\/\/fjsp.org.br\/fjsp\/wp-content\/uploads\/2020\/07\/sns-todos-juntos-15-victor-kinjo-460x460.jpg 460w, https:\/\/fjsp.org.br\/fjsp\/wp-content\/uploads\/2020\/07\/sns-todos-juntos-15-victor-kinjo-150x150.jpg 150w\" sizes=\"(max-width: 450px) 100vw, 450px\" \/><\/p>\n<p>&nbsp;<\/p>\n<div class='cleaner'><\/div>\n<div class='videoWrapper embed-responsive embed-responsive-16by9 ratio ratio-16x9'><iframe title=\"VICTOR KINJO - Cantor, compositor e pesquisador\" width=\"700\" height=\"394\" src=\"https:\/\/www.youtube.com\/embed\/Xl82-aY-csM?feature=oembed\" frameborder=\"0\" allow=\"accelerometer; autoplay; encrypted-media; gyroscope; picture-in-picture\" allowfullscreen><\/iframe><\/div>\n<p>&nbsp;<\/p>\n<h3><strong>Quem \u00e9 Victor Kinjo?<\/strong><\/h3>\n<p>Cantor, compositor e pesquisador indicado ao Pr\u00eamio da M\u00fasica Brasileira 2018 como Melhor Cantor (regional).<\/p>\n<p>Nascido em S\u00e3o Paulo, come\u00e7ou a cantar na inf\u00e2ncia: m\u00fasica japonesa. Iniciado no piano aos 7 anos e no viol\u00e3o aos 12, foi influenciado pela m\u00fasica brasileira, norte-americana, latina e europeia da vitrola de seu pai e pela m\u00fasica pop da d\u00e9cada de 90. Na juventude, aprofundou estudos no viol\u00e3o, piano e canto, comp\u00f4s suas primeiras can\u00e7\u00f5es e apresentou-se em festas, festivais e encontros culturais. Bacharel em Ci\u00eancias Sociais pela PUC-SP e em Economia pela USP, \u00e9 mestre em Sociologia e doutor em Ci\u00eancias Sociais pela UNICAMP, onde defendeu a tese \u201cCantos da Mem\u00f3ria Diasp\u00f3rica\u201d.<\/p>\n<p>J\u00e1 apresentou-se em um diversos centros culturais, festivais e universidades do Brasil e do mundo como Ita\u00fa Cultural, SESC, 13rd Boston GreenFest, VI World Uchinanchu Festival, Harvard University, New York University, Universidade Federal do Mato Grosso e 18\u00ba F\u00f3rum da ONU para Quest\u00f5es Ind\u00edgenas.<\/p>\n<p>Atualmente, realiza p\u00f3s-doutorado sobre m\u00fasica, ambiente e sociedade com projeto sobre a revitaliza\u00e7\u00e3o cultural do rio Tiet\u00ea com apoio da FAPESP no programa Global Cities do Instituto de Estudos Avan\u00e7ados da USP.<\/p>\n<p>Ou\u00e7a o disco KINJO:<br \/>\n<a href=\"https:\/\/www.youtube.com\/watch?v=FK29knSaZ7Y&amp;t=14s#t=00m00s\" target=\"_blank\" rel=\"noopener noreferrer\"><strong>Youtube<\/strong><\/a><u><br \/>\n<\/u><a href=\"https:\/\/open.spotify.com\/album\/3ixYAU5glcjnImZzbBXH8o\" target=\"_blank\" rel=\"noopener noreferrer\"><strong>Spotify<\/strong><\/a><u><br \/>\n<\/u><a href=\"https:\/\/itunes.apple.com\/br\/album\/kinjo\/id1240451212?l=en\" target=\"_blank\" rel=\"noopener noreferrer\"><strong>iTunes<\/strong><\/a><\/p>\n<p><strong>CANAIS OFICIAIS<br \/>\n<\/strong><a href=\"http:\/\/www.kinjo.com.br\" target=\"_blank\" rel=\"noopener noreferrer\">Site<\/a><br \/>\n<a href=\"http:\/\/www.facebook.com.br\/oficiakinjo\" target=\"_blank\" rel=\"noopener noreferrer\">Facebook<\/a><u><br \/>\n<\/u><a href=\"http:\/\/www.instagram.com\/victorkinjo\" target=\"_blank\" rel=\"noopener noreferrer\">Instagram<\/a><\/p>\n<p>&nbsp;<\/p>\n<p><a href=\"https:\/\/fjsp.org.br\/fjsp\/agenda\/todos-juntos\/\"><strong><span style=\"color: #993366;\">&lt;&lt; voltar<\/span><\/strong><\/a><\/p>\n","protected":false},"excerpt":{"rendered":"<p>&nbsp; &nbsp; Quem \u00e9 Victor Kinjo? Cantor, compositor e pesquisador indicado ao Pr\u00eamio da M\u00fasica Brasileira 2018 como Melhor Cantor (regional). Nascido em S\u00e3o Paulo, come\u00e7ou a cantar na inf\u00e2ncia: m\u00fasica japonesa. Iniciado no piano aos 7 anos e no viol\u00e3o aos 12, foi influenciado pela m\u00fasica brasileira, norte-americana, latina e europeia da vitrola de [&hellip;]<\/p>\n","protected":false},"author":33,"featured_media":0,"parent":0,"menu_order":0,"comment_status":"closed","ping_status":"closed","template":"","meta":{"_acf_changed":false,"footnotes":""},"class_list":["post-11956","page","type-page","status-publish","hentry"],"acf":[],"_links":{"self":[{"href":"https:\/\/fjsp.org.br\/fjsp\/wp-json\/wp\/v2\/pages\/11956","targetHints":{"allow":["GET"]}}],"collection":[{"href":"https:\/\/fjsp.org.br\/fjsp\/wp-json\/wp\/v2\/pages"}],"about":[{"href":"https:\/\/fjsp.org.br\/fjsp\/wp-json\/wp\/v2\/types\/page"}],"author":[{"embeddable":true,"href":"https:\/\/fjsp.org.br\/fjsp\/wp-json\/wp\/v2\/users\/33"}],"replies":[{"embeddable":true,"href":"https:\/\/fjsp.org.br\/fjsp\/wp-json\/wp\/v2\/comments?post=11956"}],"version-history":[{"count":3,"href":"https:\/\/fjsp.org.br\/fjsp\/wp-json\/wp\/v2\/pages\/11956\/revisions"}],"predecessor-version":[{"id":11985,"href":"https:\/\/fjsp.org.br\/fjsp\/wp-json\/wp\/v2\/pages\/11956\/revisions\/11985"}],"wp:attachment":[{"href":"https:\/\/fjsp.org.br\/fjsp\/wp-json\/wp\/v2\/media?parent=11956"}],"curies":[{"name":"wp","href":"https:\/\/api.w.org\/{rel}","templated":true}]}}