{"id":11990,"date":"2020-07-21T03:17:52","date_gmt":"2020-07-21T06:17:52","guid":{"rendered":"https:\/\/fjsp.org.br\/fjsp\/?page_id=11990"},"modified":"2020-07-30T10:08:02","modified_gmt":"2020-07-30T13:08:02","slug":"todos-juntos-guilherme-petreca","status":"publish","type":"page","link":"https:\/\/fjsp.org.br\/fjsp\/todos-juntos-guilherme-petreca\/","title":{"rendered":"Guilherme Petreca"},"content":{"rendered":"<p><img fetchpriority=\"high\" decoding=\"async\" class=\"img-responsive alignnone wp-image-11992\" src=\"https:\/\/fjsp.org.br\/fjsp\/wp-content\/uploads\/2020\/07\/sns-todos-juntos-17-guilherme-petreca-v4.jpg\" alt=\"\" width=\"450\" height=\"450\" srcset=\"https:\/\/fjsp.org.br\/fjsp\/wp-content\/uploads\/2020\/07\/sns-todos-juntos-17-guilherme-petreca-v4.jpg 600w, https:\/\/fjsp.org.br\/fjsp\/wp-content\/uploads\/2020\/07\/sns-todos-juntos-17-guilherme-petreca-v4-280x280.jpg 280w, https:\/\/fjsp.org.br\/fjsp\/wp-content\/uploads\/2020\/07\/sns-todos-juntos-17-guilherme-petreca-v4-340x340.jpg 340w, https:\/\/fjsp.org.br\/fjsp\/wp-content\/uploads\/2020\/07\/sns-todos-juntos-17-guilherme-petreca-v4-220x220.jpg 220w, https:\/\/fjsp.org.br\/fjsp\/wp-content\/uploads\/2020\/07\/sns-todos-juntos-17-guilherme-petreca-v4-100x100.jpg 100w, https:\/\/fjsp.org.br\/fjsp\/wp-content\/uploads\/2020\/07\/sns-todos-juntos-17-guilherme-petreca-v4-130x130.jpg 130w, https:\/\/fjsp.org.br\/fjsp\/wp-content\/uploads\/2020\/07\/sns-todos-juntos-17-guilherme-petreca-v4-460x460.jpg 460w, https:\/\/fjsp.org.br\/fjsp\/wp-content\/uploads\/2020\/07\/sns-todos-juntos-17-guilherme-petreca-v4-150x150.jpg 150w\" sizes=\"(max-width: 450px) 100vw, 450px\" \/><\/p>\n<p>&nbsp;<\/p>\n<div class='cleaner'><\/div>\n<div class='videoWrapper embed-responsive embed-responsive-16by9 ratio ratio-16x9'><iframe title=\"Projeto TODOS JUNTOS - Guilherme Petreca, Ilustrador e quadrinista.\" width=\"700\" height=\"394\" src=\"https:\/\/www.youtube.com\/embed\/45EL2iIIkaw?feature=oembed\" frameborder=\"0\" allow=\"accelerometer; autoplay; encrypted-media; gyroscope; picture-in-picture\" allowfullscreen><\/iframe><\/div>\n<p>&nbsp;<\/p>\n<h3><strong>Quem \u00e9 Guilherme Petreca?<\/strong><\/h3>\n<p>F\u00e3 de mang\u00e1s como Tekkonkinkreet (Taiyo Matsumoto), Akira (Katsuhiro Otomo), O Homem que passeia (Jiro Taniguchi), Shaman King (Hiroyuki Takei), Vagabond (Takehiko Inoue) e Boa Noite Punpun (Inio Asano), Petreca come\u00e7ou a se interessar por mang\u00e1s na d\u00e9cada de 90, quando o Brasil viveu a famosa febre dos animes.<\/p>\n<blockquote><p>\u201cComo muitos da minha gera\u00e7\u00e3o, eu era fascinado por Cavaleiros do Zod\u00edaco, Pok\u00e9mon, Dragon Ball. O anime foi meu primeiro contato com a cultura japonesa e minha primeira inspira\u00e7\u00e3o para o desenho. O interesse pelo mang\u00e1 foi uma consequ\u00eancia natural dessa paix\u00e3o por anima\u00e7\u00e3o japonesa. Por volta de 2002, com 12 anos, comprei meus primeiros mang\u00e1s: Shaman King e Vagabond. Eu lia e relia as edi\u00e7\u00f5es e copiava \u00e0 exaust\u00e3o os desenhos. Ambos trabalhos s\u00e3o uma refer\u00eancia para mim at\u00e9 hoje\u201d, revela.<\/p><\/blockquote>\n<p>Guilherme Petreca come\u00e7ou a trabalhar com ilustra\u00e7\u00e3o aos 17 anos. Trabalhou com livros e jogos did\u00e1ticos, depois com anima\u00e7\u00e3o e como concept artist. Foi diretor de arte em longas e curtas metragens, s\u00e9ries de TV, v\u00eddeos promocionais e games, atividade que exerce ainda hoje.<\/p>\n<p>Em 2013, publicou sua primeira HQ, \u201cGalho Seco\u201d, de forma independente, seguida por \u201cCarnaval de Meus Dem\u00f4nios\u201d (2015 \u2013 Bal\u00e3o Editorial), \u201dYe\u201d (2016 \u2013 Editora Veneta) e \u201cSuperpunk\u201d (2017, independente).<\/p>\n<p>E em 2019, conquistou a medalha de prata, Silver Award, na 13\u00aa edi\u00e7\u00e3o do <a href=\"https:\/\/fjsp.org.br\/fjsp\/agenda\/14premio_manga\/\"><strong>Pr\u00eamio Internacional de Mang\u00e1 (Japan International Manga Award)<\/strong><\/a>, realizado pelo governo do Jap\u00e3o. Com sua cria\u00e7\u00e3o Ye, participou do concurso pela primeira vez, e recebeu uma viagem ao Jap\u00e3o para participar no evento de premia\u00e7\u00e3o.<\/p>\n<p>Atualmente, trabalha em uma HQ para a editora <a href=\"https:\/\/pipocaenanquim.com.br\/\" target=\"_blank\" rel=\"noopener noreferrer\">Pipoca e Nanquim<\/a>, com roteiro de Bruno Zago.<\/p>\n<p><strong>CANAL OFICIAL<\/strong><br \/>\n<a href=\"https:\/\/www.instagram.com\/guilhermepetreca\/\" target=\"_blank\" rel=\"noopener noreferrer\">Instagram<\/a><\/p>\n<p>&nbsp;<\/p>\n<p><a href=\"https:\/\/fjsp.org.br\/fjsp\/agenda\/todos-juntos\/\"><strong><span style=\"color: #993366;\">&lt;&lt; voltar<\/span><\/strong><\/a><\/p>\n","protected":false},"excerpt":{"rendered":"<p>&nbsp; &nbsp; Quem \u00e9 Guilherme Petreca? F\u00e3 de mang\u00e1s como Tekkonkinkreet (Taiyo Matsumoto), Akira (Katsuhiro Otomo), O Homem que passeia (Jiro Taniguchi), Shaman King (Hiroyuki Takei), Vagabond (Takehiko Inoue) e Boa Noite Punpun (Inio Asano), Petreca come\u00e7ou a se interessar por mang\u00e1s na d\u00e9cada de 90, quando o Brasil viveu a famosa febre dos animes. [&hellip;]<\/p>\n","protected":false},"author":33,"featured_media":0,"parent":0,"menu_order":0,"comment_status":"closed","ping_status":"closed","template":"","meta":{"_acf_changed":false,"footnotes":""},"class_list":["post-11990","page","type-page","status-publish","hentry"],"acf":[],"_links":{"self":[{"href":"https:\/\/fjsp.org.br\/fjsp\/wp-json\/wp\/v2\/pages\/11990","targetHints":{"allow":["GET"]}}],"collection":[{"href":"https:\/\/fjsp.org.br\/fjsp\/wp-json\/wp\/v2\/pages"}],"about":[{"href":"https:\/\/fjsp.org.br\/fjsp\/wp-json\/wp\/v2\/types\/page"}],"author":[{"embeddable":true,"href":"https:\/\/fjsp.org.br\/fjsp\/wp-json\/wp\/v2\/users\/33"}],"replies":[{"embeddable":true,"href":"https:\/\/fjsp.org.br\/fjsp\/wp-json\/wp\/v2\/comments?post=11990"}],"version-history":[{"count":2,"href":"https:\/\/fjsp.org.br\/fjsp\/wp-json\/wp\/v2\/pages\/11990\/revisions"}],"predecessor-version":[{"id":12025,"href":"https:\/\/fjsp.org.br\/fjsp\/wp-json\/wp\/v2\/pages\/11990\/revisions\/12025"}],"wp:attachment":[{"href":"https:\/\/fjsp.org.br\/fjsp\/wp-json\/wp\/v2\/media?parent=11990"}],"curies":[{"name":"wp","href":"https:\/\/api.w.org\/{rel}","templated":true}]}}