{"id":12004,"date":"2020-07-23T05:58:53","date_gmt":"2020-07-23T08:58:53","guid":{"rendered":"https:\/\/fjsp.org.br\/fjsp\/?page_id=12004"},"modified":"2020-07-23T15:59:36","modified_gmt":"2020-07-23T18:59:36","slug":"todos-juntos-hiltyandbosch","status":"publish","type":"page","link":"https:\/\/fjsp.org.br\/fjsp\/todos-juntos-hiltyandbosch\/","title":{"rendered":"Hilty &#038; Bosch\uff08\u30d2\u30eb\u30c6\u30a3\u30fb\u30a2\u30f3\u30c9\u30fb\u30dc\u30c3\u30b7\u30e5\uff09"},"content":{"rendered":"<p><img fetchpriority=\"high\" decoding=\"async\" class=\"img-responsive alignnone wp-image-12005\" src=\"https:\/\/fjsp.org.br\/fjsp\/wp-content\/uploads\/2020\/07\/sns-todos-juntos-16-hiltybosch.jpg\" alt=\"\" width=\"450\" height=\"450\" srcset=\"https:\/\/fjsp.org.br\/fjsp\/wp-content\/uploads\/2020\/07\/sns-todos-juntos-16-hiltybosch.jpg 600w, https:\/\/fjsp.org.br\/fjsp\/wp-content\/uploads\/2020\/07\/sns-todos-juntos-16-hiltybosch-280x280.jpg 280w, https:\/\/fjsp.org.br\/fjsp\/wp-content\/uploads\/2020\/07\/sns-todos-juntos-16-hiltybosch-340x340.jpg 340w, https:\/\/fjsp.org.br\/fjsp\/wp-content\/uploads\/2020\/07\/sns-todos-juntos-16-hiltybosch-220x220.jpg 220w, https:\/\/fjsp.org.br\/fjsp\/wp-content\/uploads\/2020\/07\/sns-todos-juntos-16-hiltybosch-100x100.jpg 100w, https:\/\/fjsp.org.br\/fjsp\/wp-content\/uploads\/2020\/07\/sns-todos-juntos-16-hiltybosch-130x130.jpg 130w, https:\/\/fjsp.org.br\/fjsp\/wp-content\/uploads\/2020\/07\/sns-todos-juntos-16-hiltybosch-460x460.jpg 460w, https:\/\/fjsp.org.br\/fjsp\/wp-content\/uploads\/2020\/07\/sns-todos-juntos-16-hiltybosch-150x150.jpg 150w\" sizes=\"(max-width: 450px) 100vw, 450px\" \/><\/p>\n<p>&nbsp;<\/p>\n<div class='cleaner'><\/div>\n<div class='videoWrapper embed-responsive embed-responsive-16by9 ratio ratio-16x9'><iframe title=\"Projeto TODOS JUNTOS - HILTY &amp; BOSCH, dan\u00e7arinos.\" width=\"700\" height=\"394\" src=\"https:\/\/www.youtube.com\/embed\/8ARS8okzr3s?feature=oembed\" frameborder=\"0\" allow=\"accelerometer; autoplay; encrypted-media; gyroscope; picture-in-picture\" allowfullscreen><\/iframe><\/div>\n<p>&nbsp;<\/p>\n<h3><strong>Conhe\u00e7a o Hilty &amp; Bosch<\/strong><\/h3>\n<p>Formada por YOU e ZIN, a dupla de street dance Hilty &amp; Bosch visitou, at\u00e9 o momento, mais de 30 pa\u00edses pelo mundo, para apresenta\u00e7\u00f5es e participa\u00e7\u00f5es na m\u00eddia. E em 9 cidades da \u00c1sia e em Los Angeles, realizou espet\u00e1culos exclusivos.<\/p>\n<p>Em 2016, ano em que aconteceram as Olimp\u00edadas do Rio de Janeiro, a dupla se apresentou no palco do MASP, em S\u00e3o Paulo.<\/p>\n<p>Em seu canal do YouTube j\u00e1 recebeu mais de 35.000.000 visualiza\u00e7\u00f5es.<\/p>\n<p>Participa\u00e7\u00e3o em publicidade (Toyota e DJI), videoclipes (Daichi Miura e SASUKE) e grandes eventos (Japan Girls Expo\/Jap\u00e3o, RedBull BC One\/Alemanha).<\/p>\n<p>Venceu os concursos UK B-Boy Championships (Reino Unido); Step Ya Game (Estados Unidos); Keep on Dancing (China); Japan Dance Delight (Jap\u00e3o), Old School Night (Jap\u00e3o), etc.<\/p>\n<p><strong>CANAIS OFICIAIS<\/strong><br \/>\n<a href=\"http:\/\/www.hiltyandbosch.com\" target=\"_blank\" rel=\"noopener noreferrer\">Site<\/a><br \/>\n<a href=\"https:\/\/www.facebook.com\/hiltyandbosch\" target=\"_blank\" rel=\"noopener noreferrer\">Facebook<\/a><br \/>\n<a href=\"https:\/\/www.instagram.com\/hiltyandbosch_official\/\" target=\"_blank\" rel=\"noopener noreferrer\">Instagram<\/a><br \/>\n<a href=\"https:\/\/www.youtube.com\/channel\/UCbNObaRz-jgDmgwg_DY8xrQ\" target=\"_blank\" rel=\"noopener noreferrer\">YouTube<\/a><\/p>\n<p>&nbsp;<\/p>\n<p><span style=\"color: #993366;\"><a style=\"color: #993366;\" href=\"https:\/\/fjsp.org.br\/fjsp\/agenda\/todos-juntos\/\"><strong>&lt;&lt; voltar<\/strong><\/a><\/span><\/p>\n","protected":false},"excerpt":{"rendered":"<p>&nbsp; &nbsp; Conhe\u00e7a o Hilty &amp; Bosch Formada por YOU e ZIN, a dupla de street dance Hilty &amp; Bosch visitou, at\u00e9 o momento, mais de 30 pa\u00edses pelo mundo, para apresenta\u00e7\u00f5es e participa\u00e7\u00f5es na m\u00eddia. E em 9 cidades da \u00c1sia e em Los Angeles, realizou espet\u00e1culos exclusivos. Em 2016, ano em que aconteceram [&hellip;]<\/p>\n","protected":false},"author":33,"featured_media":0,"parent":0,"menu_order":0,"comment_status":"closed","ping_status":"closed","template":"","meta":{"_acf_changed":false,"footnotes":""},"class_list":["post-12004","page","type-page","status-publish","hentry"],"acf":[],"_links":{"self":[{"href":"https:\/\/fjsp.org.br\/fjsp\/wp-json\/wp\/v2\/pages\/12004","targetHints":{"allow":["GET"]}}],"collection":[{"href":"https:\/\/fjsp.org.br\/fjsp\/wp-json\/wp\/v2\/pages"}],"about":[{"href":"https:\/\/fjsp.org.br\/fjsp\/wp-json\/wp\/v2\/types\/page"}],"author":[{"embeddable":true,"href":"https:\/\/fjsp.org.br\/fjsp\/wp-json\/wp\/v2\/users\/33"}],"replies":[{"embeddable":true,"href":"https:\/\/fjsp.org.br\/fjsp\/wp-json\/wp\/v2\/comments?post=12004"}],"version-history":[{"count":3,"href":"https:\/\/fjsp.org.br\/fjsp\/wp-json\/wp\/v2\/pages\/12004\/revisions"}],"predecessor-version":[{"id":12011,"href":"https:\/\/fjsp.org.br\/fjsp\/wp-json\/wp\/v2\/pages\/12004\/revisions\/12011"}],"wp:attachment":[{"href":"https:\/\/fjsp.org.br\/fjsp\/wp-json\/wp\/v2\/media?parent=12004"}],"curies":[{"name":"wp","href":"https:\/\/api.w.org\/{rel}","templated":true}]}}