{"id":12086,"date":"2020-07-31T07:03:38","date_gmt":"2020-07-31T10:03:38","guid":{"rendered":"https:\/\/fjsp.org.br\/fjsp\/?page_id=12086"},"modified":"2020-07-31T07:11:48","modified_gmt":"2020-07-31T10:11:48","slug":"kamishibai-fundacaojapao-flavia-wolffowitz","status":"publish","type":"page","link":"https:\/\/fjsp.org.br\/fjsp\/kamishibai-fundacaojapao-flavia-wolffowitz\/","title":{"rendered":"Kamishibai com Fl\u00e1via Wolffowitz"},"content":{"rendered":"<h2><strong><em>Omusubi kororin<\/em> (Bolinhos de arroz rolantes)<\/strong><\/h2>\n<p>Sinopse: Um dia, o vov\u00f4 foi \u00e0 montanha. Quando estava para comer seu bolinho de arroz, o derrubou em um buraco e escutou a seguinte m\u00fasica: \u201cRola rola bolinho suttonton\u201d. O vov\u00f4 ficou intrigado, quis saber quem estava cantando a m\u00fasica e espiou pelo buraco, mas escorregou e caiu dentro dele. Ali no fundo\u2026<\/p>\n<p>Para saber o final desta divertida hist\u00f3ria, assista o quadro abaixo ou acesse pelo <a href=\"https:\/\/www.facebook.com\/106000884386164\/videos\/182977836127325\/\" target=\"_blank\" rel=\"noopener noreferrer\"><strong>Facebook<\/strong><\/a>.<\/p>\n<p>&nbsp;<\/p>\n<div class='cleaner'><\/div>\n<div class='videoWrapper embed-responsive embed-responsive-16by9 ratio ratio-16x9'><iframe title=\"OMUSUBI KORORIN, ROLLING RICE COOKIES.In Japan, omusubi is a traditional and traditional rice cake.\" width=\"700\" height=\"394\" src=\"https:\/\/www.youtube.com\/embed\/17aJTeJlEMs?feature=oembed\" frameborder=\"0\" allow=\"accelerometer; autoplay; encrypted-media; gyroscope; picture-in-picture\" allowfullscreen><\/iframe><\/div>\n<p>&nbsp;<\/p>\n<h2><strong>Fl\u00e1via Wolffowitz<\/strong><\/h2>\n<p>Fl\u00e1via, mais conhecida como <em>Kamishibai Obasan<\/em>, tia do kamishibai, \u00e9 artista, educadora, contadora de hist\u00f3rias, <em>Gaito Kamishibaiya<\/em> e membro da Rede Internacional de Narradores e da Associa\u00e7\u00e3o Japonesa de Kamishibai (IKAJA).\u00a0 Ela pesquisa o <em>kamishibai <\/em>desde 2012, realizando apresenta\u00e7\u00f5es em diversos espa\u00e7os e eventos. Participou de in\u00fameros eventos internacionais, como Festivais Internacionais de Kamishibai no M\u00e9xico e Jap\u00e3o.<br \/>\nComo diretora do Club de Kamishibai brasileiro, ela fala sobre a idealiza\u00e7\u00e3o do Festival Internacional de Kamishibai Online neste per\u00edodo de pandemia.<\/p>\n<p><img fetchpriority=\"high\" decoding=\"async\" class=\"img-responsive alignnone wp-image-10743\" src=\"https:\/\/fjsp.org.br\/fjsp\/wp-content\/uploads\/2020\/05\/kamishibai-foto-site.jpg\" sizes=\"(max-width: 390px) 100vw, 390px\" srcset=\"https:\/\/fjsp.org.br\/fjsp\/wp-content\/uploads\/2020\/05\/kamishibai-foto-site.jpg 700w, https:\/\/fjsp.org.br\/fjsp\/wp-content\/uploads\/2020\/05\/kamishibai-foto-site-280x280.jpg 280w, https:\/\/fjsp.org.br\/fjsp\/wp-content\/uploads\/2020\/05\/kamishibai-foto-site-340x340.jpg 340w, https:\/\/fjsp.org.br\/fjsp\/wp-content\/uploads\/2020\/05\/kamishibai-foto-site-220x220.jpg 220w, https:\/\/fjsp.org.br\/fjsp\/wp-content\/uploads\/2020\/05\/kamishibai-foto-site-100x100.jpg 100w, https:\/\/fjsp.org.br\/fjsp\/wp-content\/uploads\/2020\/05\/kamishibai-foto-site-130x130.jpg 130w, https:\/\/fjsp.org.br\/fjsp\/wp-content\/uploads\/2020\/05\/kamishibai-foto-site-460x460.jpg 460w, https:\/\/fjsp.org.br\/fjsp\/wp-content\/uploads\/2020\/05\/kamishibai-foto-site-150x150.jpg 150w\" alt=\"\" width=\"390\" height=\"390\" \/><\/p>\n<p>O objetivo do I Festival Internacional de Kamishibai Online Club De Kamishibai Brasileiro foi oferecer neste per\u00edodo conturbado em que o mundo est\u00e1 vivendo, a\u00a0magia do milenar Teatro de Papel e a Cultura da Paz.\u00a0\u00a0Atrav\u00e9s de uma t\u00e9cnica que surgiu nos Templos Budistas do Jap\u00e3o no s\u00e9culo XII, conhecida como Hist\u00f3rias Ilustradas e que ultrapassou as barreiras do tempo e da geografia e ainda hoje pesquisado nos quatro cantos do mundo. Uma grande corrente formada por 34 narradores de 16 nacionalidades e culturas distintas, que prontamente aceitaram o convite para nos unirmos em torno de um s\u00f3 ideal, contribuir\u00a0para\u00a0a<strong> Cultura da Paz.<\/strong><\/p>\n<p>&nbsp;<\/p>\n<p><a href=\"https:\/\/fjsp.org.br\/fjsp\/agenda\/kamishibai-fundacaojapao\/\"><span style=\"color: #0000ff;\"><strong>&lt;&lt; VOLTAR<\/strong><\/span><\/a><\/p>\n<script type=\"text\/javascript\"> toolTips('.classtoolTips76','A palavra <em><span class='tooltipsall tooltipsincontent classtoolTips76'>kami<\/span><\/em> significa \u201cm\u00edstico\u201d, \u201csuperior\u201d, \u201cdivino\u201d, estando normalmente ligada ao poder sagrado ou divino.'); <\/script>","protected":false},"excerpt":{"rendered":"<p>Omusubi kororin (Bolinhos de arroz rolantes) Sinopse: Um dia, o vov\u00f4 foi \u00e0 montanha. Quando estava para comer seu bolinho de arroz, o derrubou em um buraco e escutou a seguinte m\u00fasica: \u201cRola rola bolinho suttonton\u201d. O vov\u00f4 ficou intrigado, quis saber quem estava cantando a m\u00fasica e espiou pelo buraco, mas escorregou e caiu [&hellip;]<\/p>\n","protected":false},"author":33,"featured_media":0,"parent":0,"menu_order":0,"comment_status":"closed","ping_status":"closed","template":"","meta":{"_acf_changed":false,"footnotes":""},"class_list":["post-12086","page","type-page","status-publish","hentry"],"acf":[],"_links":{"self":[{"href":"https:\/\/fjsp.org.br\/fjsp\/wp-json\/wp\/v2\/pages\/12086","targetHints":{"allow":["GET"]}}],"collection":[{"href":"https:\/\/fjsp.org.br\/fjsp\/wp-json\/wp\/v2\/pages"}],"about":[{"href":"https:\/\/fjsp.org.br\/fjsp\/wp-json\/wp\/v2\/types\/page"}],"author":[{"embeddable":true,"href":"https:\/\/fjsp.org.br\/fjsp\/wp-json\/wp\/v2\/users\/33"}],"replies":[{"embeddable":true,"href":"https:\/\/fjsp.org.br\/fjsp\/wp-json\/wp\/v2\/comments?post=12086"}],"version-history":[{"count":2,"href":"https:\/\/fjsp.org.br\/fjsp\/wp-json\/wp\/v2\/pages\/12086\/revisions"}],"predecessor-version":[{"id":12088,"href":"https:\/\/fjsp.org.br\/fjsp\/wp-json\/wp\/v2\/pages\/12086\/revisions\/12088"}],"wp:attachment":[{"href":"https:\/\/fjsp.org.br\/fjsp\/wp-json\/wp\/v2\/media?parent=12086"}],"curies":[{"name":"wp","href":"https:\/\/api.w.org\/{rel}","templated":true}]}}