{"id":12089,"date":"2020-07-31T07:18:34","date_gmt":"2020-07-31T10:18:34","guid":{"rendered":"https:\/\/fjsp.org.br\/fjsp\/?page_id=12089"},"modified":"2020-07-31T07:27:17","modified_gmt":"2020-07-31T10:27:17","slug":"kamishibai-fundacaojapao-cia-koi","status":"publish","type":"page","link":"https:\/\/fjsp.org.br\/fjsp\/kamishibai-fundacaojapao-cia-koi\/","title":{"rendered":"Kamishibai com a Cia Koi"},"content":{"rendered":"<h2><strong>O menino que desenhava gatos<\/strong><\/h2>\n<p>Sinopse: Em uma fazenda no interior do Jap\u00e3o, morava uma fam\u00edlia humilde de agricultores. Kenji, o filho mais novo, devido a sua fr\u00e1gil sa\u00fade, n\u00e3o conseguia ajudar no sustento da fam\u00edlia, por\u00e9m, em seu tempo livre, o menino adorava desenhar gatos.<br \/>\nSeus pais, preocupados com o seu futuro, levam-no a um templo para tornar-se um aprendiz de sacerdote. Qual ser\u00e1 o futuro de Kenji e seus desenhos?<\/p>\n<p>Para saber o final desta hist\u00f3ria, assista ao quadro abaixo ou acesse pelo <a href=\"https:\/\/www.facebook.com\/106000884386164\/videos\/225014395579340\/\" target=\"_blank\" rel=\"noopener noreferrer\"><strong>Facebook<\/strong><\/a>.<\/p>\n<p>&nbsp;<\/p>\n<div class='cleaner'><\/div>\n<div class='videoWrapper embed-responsive embed-responsive-16by9 ratio ratio-16x9'><iframe title=\"Cia Koi: O Menino que Desenhava Gatos\" width=\"700\" height=\"394\" src=\"https:\/\/www.youtube.com\/embed\/alTZInlXMVI?feature=oembed\" frameborder=\"0\" allow=\"accelerometer; autoplay; encrypted-media; gyroscope; picture-in-picture\" allowfullscreen><\/iframe><\/div>\n<p>&nbsp;<\/p>\n<h3><strong>Cia Koi<\/strong><\/h3>\n<p>\u00c9 uma companhia de conta\u00e7\u00e3o de hist\u00f3rias de Lins\/SP, que iniciou suas atividades em meados de 2015, com o intuito de propagar a arte de contar hist\u00f3rias na regi\u00e3o. Desde ent\u00e3o, leva hist\u00f3rias para escolas, centros culturais, festivais de literatura e projetos sociais.<\/p>\n<p>Em 2017, o grupo iniciou os trabalhos e pesquisas com o kamishibai e a cultura japonesa. E em 2019, criou o espet\u00e1culo \u201cContos de Papel\u201d, que utiliza a t\u00e9cnica de kamishibai com m\u00fasica, express\u00f5es, vocabul\u00e1rio, figurino e refer\u00eancias da cultura japonesa. Em setembro do mesmo ano, o espet\u00e1culo foi premiado em tr\u00eas categorias no Festival Teatral Cena Taper\u00e1 em Salto\/SP: \u201cMelhor Ator\u201d, \u201cMelhor Atriz Revela\u00e7\u00e3o\u201d, \u201cMelhor Conjunto de Atores\u201d; e tamb\u00e9m foi indicada na categoria \u201cMelhor Trilha Sonora\u201d. Em outubro, a Cia ganhou o pr\u00eamio de segunda \u201cMelhor Cena\u201d na Mostra de Teatro de Ara\u00e7atuba\/SP.<\/p>\n<p><img fetchpriority=\"high\" decoding=\"async\" class=\"img-responsive alignnone wp-image-10811\" src=\"https:\/\/fjsp.org.br\/fjsp\/wp-content\/uploads\/2020\/05\/foto-cia-koi-1.jpg\" alt=\"\" width=\"390\" height=\"326\" srcset=\"https:\/\/fjsp.org.br\/fjsp\/wp-content\/uploads\/2020\/05\/foto-cia-koi-1.jpg 559w, https:\/\/fjsp.org.br\/fjsp\/wp-content\/uploads\/2020\/05\/foto-cia-koi-1-280x234.jpg 280w, https:\/\/fjsp.org.br\/fjsp\/wp-content\/uploads\/2020\/05\/foto-cia-koi-1-340x284.jpg 340w, https:\/\/fjsp.org.br\/fjsp\/wp-content\/uploads\/2020\/05\/foto-cia-koi-1-220x184.jpg 220w, https:\/\/fjsp.org.br\/fjsp\/wp-content\/uploads\/2020\/05\/foto-cia-koi-1-100x84.jpg 100w, https:\/\/fjsp.org.br\/fjsp\/wp-content\/uploads\/2020\/05\/foto-cia-koi-1-130x109.jpg 130w, https:\/\/fjsp.org.br\/fjsp\/wp-content\/uploads\/2020\/05\/foto-cia-koi-1-460x384.jpg 460w\" sizes=\"(max-width: 390px) 100vw, 390px\" \/><\/p>\n<p>A Cia Koi \u00e9 formada por Andressa Giacomini (atriz e contadora de hist\u00f3rias), Amanda Marques (ilustradora e artista pl\u00e1stica), Maria Jos\u00e9 Marques (figurinista e aderecista), Michel Umeki (m\u00fasico e compositor), e Deraldo (performer).<br \/>\n\u201cO menino que desenhava gatos\u201d \u00e9 uma das hist\u00f3rias desse premiado espet\u00e1culo e foi encenado tamb\u00e9m no I Festival Internacional de Kamishibai online.<\/p>\n<blockquote><p><em>\u201cAcreditamos na arte de contar hist\u00f3rias, pois atrav\u00e9s delas, pode-se resgatar as tradi\u00e7\u00f5es orais e as representa\u00e7\u00f5es culturais de um povo, e principalmente, o encontro afetivo entre as pessoas. Ao narrar e ouvir uma hist\u00f3ria, todos os envolvidos exercem a capacidade de imaginar, compartilhando conhecimentos t\u00e1citos em conjunto.\u201d \u00a0<\/em><strong>Cia Koi<\/strong><\/p>\n<p>&nbsp;<\/p>\n<p><span style=\"color: #0000ff;\"><a style=\"color: #0000ff;\" href=\"https:\/\/fjsp.org.br\/fjsp\/agenda\/kamishibai-fundacaojapao\/\"><strong>&lt;&lt; VOLTAR<\/strong><\/a><\/span><\/p><\/blockquote>\n<script type=\"text\/javascript\"> toolTips('.classtoolTips76','A palavra <em><span class='tooltipsall tooltipsincontent classtoolTips76'>kami<\/span><\/em> significa \u201cm\u00edstico\u201d, \u201csuperior\u201d, \u201cdivino\u201d, estando normalmente ligada ao poder sagrado ou divino.'); <\/script>","protected":false},"excerpt":{"rendered":"<p>O menino que desenhava gatos Sinopse: Em uma fazenda no interior do Jap\u00e3o, morava uma fam\u00edlia humilde de agricultores. Kenji, o filho mais novo, devido a sua fr\u00e1gil sa\u00fade, n\u00e3o conseguia ajudar no sustento da fam\u00edlia, por\u00e9m, em seu tempo livre, o menino adorava desenhar gatos. Seus pais, preocupados com o seu futuro, levam-no a [&hellip;]<\/p>\n","protected":false},"author":33,"featured_media":0,"parent":0,"menu_order":0,"comment_status":"closed","ping_status":"closed","template":"","meta":{"_acf_changed":false,"footnotes":""},"class_list":["post-12089","page","type-page","status-publish","hentry"],"acf":[],"_links":{"self":[{"href":"https:\/\/fjsp.org.br\/fjsp\/wp-json\/wp\/v2\/pages\/12089","targetHints":{"allow":["GET"]}}],"collection":[{"href":"https:\/\/fjsp.org.br\/fjsp\/wp-json\/wp\/v2\/pages"}],"about":[{"href":"https:\/\/fjsp.org.br\/fjsp\/wp-json\/wp\/v2\/types\/page"}],"author":[{"embeddable":true,"href":"https:\/\/fjsp.org.br\/fjsp\/wp-json\/wp\/v2\/users\/33"}],"replies":[{"embeddable":true,"href":"https:\/\/fjsp.org.br\/fjsp\/wp-json\/wp\/v2\/comments?post=12089"}],"version-history":[{"count":2,"href":"https:\/\/fjsp.org.br\/fjsp\/wp-json\/wp\/v2\/pages\/12089\/revisions"}],"predecessor-version":[{"id":12093,"href":"https:\/\/fjsp.org.br\/fjsp\/wp-json\/wp\/v2\/pages\/12089\/revisions\/12093"}],"wp:attachment":[{"href":"https:\/\/fjsp.org.br\/fjsp\/wp-json\/wp\/v2\/media?parent=12089"}],"curies":[{"name":"wp","href":"https:\/\/api.w.org\/{rel}","templated":true}]}}