{"id":12091,"date":"2020-07-31T07:22:09","date_gmt":"2020-07-31T10:22:09","guid":{"rendered":"https:\/\/fjsp.org.br\/fjsp\/?page_id=12091"},"modified":"2020-07-31T07:31:18","modified_gmt":"2020-07-31T10:31:18","slug":"kamishibai-fundacaojapao-cia-mapinguary","status":"publish","type":"page","link":"https:\/\/fjsp.org.br\/fjsp\/kamishibai-fundacaojapao-cia-mapinguary\/","title":{"rendered":"Kamishibai com Cia Mapinguary"},"content":{"rendered":"<h2><strong>A lenda do Uirapuru<\/strong><\/h2>\n<p>Sinopse: Numa tribo amaz\u00f4nica, havia um paj\u00e9 apaixonado por duas \u00edndias de sua tribo. Elas tamb\u00e9m o amavam. Como o paj\u00e9 decidiu com qual delas se casar? Qual a rela\u00e7\u00e3o deste tri\u00e2ngulo amoroso com o p\u00e1ssaro m\u00e1gico e de canto melodioso, o uirapuru?<br \/>\nPara saber o final desta hist\u00f3ria, assista abaixo.<\/p>\n<p>&nbsp;<\/p>\n<div class='cleaner'><\/div>\n<div class='videoWrapper embed-responsive embed-responsive-16by9 ratio ratio-16x9'><iframe title=\"Uirapuru     KAMISHIBAI    Cia Mapinguary\" width=\"700\" height=\"394\" src=\"https:\/\/www.youtube.com\/embed\/TqVRWt04kzc?feature=oembed\" frameborder=\"0\" allow=\"accelerometer; autoplay; encrypted-media; gyroscope; picture-in-picture\" allowfullscreen><\/iframe><\/div>\n<p>&nbsp;<\/p>\n<h3><strong>Cia Mapinguary<\/strong><\/h3>\n<p>Foi criada em 2000, por Carlos Godoy com a proposta de conta\u00e7\u00e3o de hist\u00f3rias, com narrativa oral e c\u00eanica. A fonte inspiradora da Cia s\u00e3o os\u00a0cancioneiros, o folclore infantil, teatro de bonecos e os contos\u00a0populares do mundo.\u00a0A m\u00fasica ao vivo est\u00e1 sempre presente nas apresenta\u00e7\u00f5es.<\/p>\n<p>\u00c9 formada por Carlos Godoy (contador de hist\u00f3rias, diretor, arte educador e ator), Giuliano Del Sole (m\u00fasico e arte educador), Gelson dos Santos (percussionista e arte educador), Bruno Rocha (m\u00fasico e arte educador) e Vanessa Meriqui (artista convidada: contadora de hist\u00f3rias e escritora); atua em S\u00e3o Paulo, mas viaja pelo\u00a0Brasil, apresentando-se em Festivais,\u00a0Parques, bibliotecas, Feiras Liter\u00e1rias,\u00a0Congresso de Educa\u00e7\u00e3o e Unidades\u00a0do Sesc; com espet\u00e1culos, cursos e\u00a0oficinas.<\/p>\n<p><img fetchpriority=\"high\" decoding=\"async\" class=\"img-responsive alignnone wp-image-10850\" src=\"https:\/\/fjsp.org.br\/fjsp\/wp-content\/uploads\/2020\/06\/kamishibai-mapinguary-site.jpg\" sizes=\"(max-width: 390px) 100vw, 390px\" srcset=\"https:\/\/fjsp.org.br\/fjsp\/wp-content\/uploads\/2020\/06\/kamishibai-mapinguary-site.jpg 600w, https:\/\/fjsp.org.br\/fjsp\/wp-content\/uploads\/2020\/06\/kamishibai-mapinguary-site-280x249.jpg 280w, https:\/\/fjsp.org.br\/fjsp\/wp-content\/uploads\/2020\/06\/kamishibai-mapinguary-site-340x302.jpg 340w, https:\/\/fjsp.org.br\/fjsp\/wp-content\/uploads\/2020\/06\/kamishibai-mapinguary-site-220x195.jpg 220w, https:\/\/fjsp.org.br\/fjsp\/wp-content\/uploads\/2020\/06\/kamishibai-mapinguary-site-100x89.jpg 100w, https:\/\/fjsp.org.br\/fjsp\/wp-content\/uploads\/2020\/06\/kamishibai-mapinguary-site-130x115.jpg 130w, https:\/\/fjsp.org.br\/fjsp\/wp-content\/uploads\/2020\/06\/kamishibai-mapinguary-site-460x409.jpg 460w\" alt=\"\" width=\"390\" height=\"346\" \/><\/p>\n<p>A Cia descobriu o kamishibai em 2010. Carlos Godoy, artista apaixonado pelo teatro de anima\u00e7\u00e3o, inicia pesquisas de kamishibai, teatro de papel que com movimento e desenhos fortalece a oralidade, ilustrando a hist\u00f3ria com imagens que despertam os sentidos e a imagina\u00e7\u00e3o. O butai e os desenhos foram feitos por Luiz Barros e a pesquisa e narra\u00e7\u00e3o por Carlos Godoy.<\/p>\n<p>Al\u00e9m do kamishibai, a Cia faz conta\u00e7\u00e3o de hist\u00f3rias, teatro de bonecos, m\u00fasica e brincadeiras. Participaram do I Festival Internacional de Kamishibai Online com a hist\u00f3ria \u201cA \u00c1rvore Generosa\u201d, mas hoje escolhemos apresentar o espet\u00e1culo baseado na lenda ind\u00edgena da regi\u00e3o norte do Brasil, \u201cA lenda de Uirapuru\u201d.<\/p>\n<blockquote><p>\u201cO<em> kamishibai se integra a oralidade, essa uni\u00e3o encanta e emociona o ouvinte. O contador de hist\u00f3rias, no mesmo momento que narra, manipula as imagens dando vida a hist\u00f3ria. Nesse tempo a Cia\u00a0 montou com kamishibai \u201cA \u00e1rvore Generosa\u201d, \u201cA lenda do uirapuru\u201d e \u201cF\u00e1tima, A fiandeira\u201d. A pr\u00f3xima hist\u00f3ria da Cia ser\u00e1 um conto japon\u00eas.\u201d<\/em>.<strong> Cia Mapinguary<\/strong><\/p><\/blockquote>\n<p>&nbsp;<\/p>\n<p><span style=\"color: #0000ff;\"><a style=\"color: #0000ff;\" href=\"https:\/\/fjsp.org.br\/fjsp\/agenda\/kamishibai-fundacaojapao\/\"><strong>&lt;&lt; VOLTAR<\/strong><\/a><\/span><\/p>\n<script type=\"text\/javascript\"> toolTips('.classtoolTips76','A palavra <em><span class='tooltipsall tooltipsincontent classtoolTips76'>kami<\/span><\/em> significa \u201cm\u00edstico\u201d, \u201csuperior\u201d, \u201cdivino\u201d, estando normalmente ligada ao poder sagrado ou divino.'); <\/script>","protected":false},"excerpt":{"rendered":"<p>A lenda do Uirapuru Sinopse: Numa tribo amaz\u00f4nica, havia um paj\u00e9 apaixonado por duas \u00edndias de sua tribo. Elas tamb\u00e9m o amavam. Como o paj\u00e9 decidiu com qual delas se casar? Qual a rela\u00e7\u00e3o deste tri\u00e2ngulo amoroso com o p\u00e1ssaro m\u00e1gico e de canto melodioso, o uirapuru? Para saber o final desta hist\u00f3ria, assista abaixo. [&hellip;]<\/p>\n","protected":false},"author":33,"featured_media":0,"parent":0,"menu_order":0,"comment_status":"closed","ping_status":"closed","template":"","meta":{"_acf_changed":false,"footnotes":""},"class_list":["post-12091","page","type-page","status-publish","hentry"],"acf":[],"_links":{"self":[{"href":"https:\/\/fjsp.org.br\/fjsp\/wp-json\/wp\/v2\/pages\/12091","targetHints":{"allow":["GET"]}}],"collection":[{"href":"https:\/\/fjsp.org.br\/fjsp\/wp-json\/wp\/v2\/pages"}],"about":[{"href":"https:\/\/fjsp.org.br\/fjsp\/wp-json\/wp\/v2\/types\/page"}],"author":[{"embeddable":true,"href":"https:\/\/fjsp.org.br\/fjsp\/wp-json\/wp\/v2\/users\/33"}],"replies":[{"embeddable":true,"href":"https:\/\/fjsp.org.br\/fjsp\/wp-json\/wp\/v2\/comments?post=12091"}],"version-history":[{"count":2,"href":"https:\/\/fjsp.org.br\/fjsp\/wp-json\/wp\/v2\/pages\/12091\/revisions"}],"predecessor-version":[{"id":12095,"href":"https:\/\/fjsp.org.br\/fjsp\/wp-json\/wp\/v2\/pages\/12091\/revisions\/12095"}],"wp:attachment":[{"href":"https:\/\/fjsp.org.br\/fjsp\/wp-json\/wp\/v2\/media?parent=12091"}],"curies":[{"name":"wp","href":"https:\/\/api.w.org\/{rel}","templated":true}]}}