{"id":12129,"date":"2020-08-04T17:35:25","date_gmt":"2020-08-04T20:35:25","guid":{"rendered":"https:\/\/fjsp.org.br\/fjsp\/?page_id=12129"},"modified":"2020-08-12T16:33:25","modified_gmt":"2020-08-12T19:33:25","slug":"traducaoemfoco_driksada","status":"publish","type":"page","link":"https:\/\/fjsp.org.br\/fjsp\/traducaoemfoco_driksada\/","title":{"rendered":"Drik Sada"},"content":{"rendered":"<h5 style=\"text-align: right\"><a href=\"https:\/\/fjsp.org.br\/fjsp\/traducaoemfoco\/\">Tradu\u00e7\u00e3o em Foco<\/a> &gt; Drik Sada<\/h5>\n<p><img fetchpriority=\"high\" decoding=\"async\" class=\"img-responsive img-fluid size-full wp-image-12474 aligncenter\" src=\"https:\/\/fjsp.org.br\/fjsp\/wp-content\/uploads\/2020\/08\/banner-site-09-a.jpg\" alt=\"\" width=\"1201\" height=\"215\" srcset=\"https:\/\/fjsp.org.br\/fjsp\/wp-content\/uploads\/2020\/08\/banner-site-09-a.jpg 1201w, https:\/\/fjsp.org.br\/fjsp\/wp-content\/uploads\/2020\/08\/banner-site-09-a-280x50.jpg 280w, https:\/\/fjsp.org.br\/fjsp\/wp-content\/uploads\/2020\/08\/banner-site-09-a-768x137.jpg 768w, https:\/\/fjsp.org.br\/fjsp\/wp-content\/uploads\/2020\/08\/banner-site-09-a-340x61.jpg 340w, https:\/\/fjsp.org.br\/fjsp\/wp-content\/uploads\/2020\/08\/banner-site-09-a-220x39.jpg 220w, https:\/\/fjsp.org.br\/fjsp\/wp-content\/uploads\/2020\/08\/banner-site-09-a-100x18.jpg 100w, https:\/\/fjsp.org.br\/fjsp\/wp-content\/uploads\/2020\/08\/banner-site-09-a-130x23.jpg 130w, https:\/\/fjsp.org.br\/fjsp\/wp-content\/uploads\/2020\/08\/banner-site-09-a-460x82.jpg 460w\" sizes=\"(max-width: 1201px) 100vw, 1201px\" \/><\/p>\n<p>&nbsp;<\/p>\n<p>Paulistana, come\u00e7ou a trabalhar com tradu\u00e7\u00f5es t\u00e9cnicas do japon\u00eas para o portugu\u00eas em 1989. No ano 2000, foi convidada pela antiga Editora Conrad a assumir a tradu\u00e7\u00e3o do <em>mang\u00e1<\/em> <em>Dragon Ball<\/em> de Akira Toriyama, experimentando pela primeira vez a tradu\u00e7\u00e3o de uma hist\u00f3ria em quadrinhos. Desde ent\u00e3o, nunca mais parou, realizando trabalhos para diversas editoras da \u00e1rea, como <a href=\"https:\/\/editorajbc.com.br\/\" target=\"_blank\" rel=\"noopener noreferrer\">JBC<\/a>, <a href=\"https:\/\/pipocaenanquim.com.br\/\" target=\"_blank\" rel=\"noopener noreferrer\">Pipoca &amp; Nanquim<\/a>, <a href=\"https:\/\/www.lpm.com.br\/\" target=\"_blank\" rel=\"noopener noreferrer\">L&amp;PM<\/a>, <a href=\"https:\/\/www.estacaoliberdade.com.br\/livraria\/\" target=\"_blank\" rel=\"noopener noreferrer\">Esta\u00e7\u00e3o Liberdade<\/a>, <a href=\"https:\/\/todavialivros.com.br\/\" target=\"_blank\" rel=\"noopener noreferrer\">Todavia<\/a>, <a href=\"https:\/\/www.lojamythos.com.br\/\" target=\"_blank\" rel=\"noopener noreferrer\">Mythos-Panini<\/a>, entre outras, sempre na condi\u00e7\u00e3o de colaboradora freelancer. Entre os cr\u00e9ditos, est\u00e3o obras conhecidas dos quadrinhos japoneses, como Lobo Solit\u00e1rio, Bleach, Slam Dunk, Berserk, Gen \u2013 P\u00e9s Descal\u00e7os, Buda de Osamu Tezuka e muitos outros, somando<strong><a href=\"https:\/\/fjsp.org.br\/fjsp\/wp-content\/uploads\/2020\/08\/2020-07-24-lista-de-titulos-trabalhados.pdf\" target=\"_blank\" rel=\"noopener noreferrer\"> mais de 120 t\u00edtulos traduzidos<\/a><\/strong>, entre s\u00e9ries e volumes \u00fanicos, at\u00e9 a presente data de julho de 2020. Tem forma\u00e7\u00e3o em geografia e design gr\u00e1fico.<\/p>\n<p>&nbsp;<\/p>\n<p><img decoding=\"async\" class=\"img-responsive img-fluid size-full wp-image-12511 aligncenter\" src=\"https:\/\/fjsp.org.br\/fjsp\/wp-content\/uploads\/2020\/08\/pag1-imagem1.jpg\" alt=\"\" width=\"600\" height=\"650\" srcset=\"https:\/\/fjsp.org.br\/fjsp\/wp-content\/uploads\/2020\/08\/pag1-imagem1.jpg 600w, https:\/\/fjsp.org.br\/fjsp\/wp-content\/uploads\/2020\/08\/pag1-imagem1-280x303.jpg 280w, https:\/\/fjsp.org.br\/fjsp\/wp-content\/uploads\/2020\/08\/pag1-imagem1-340x368.jpg 340w, https:\/\/fjsp.org.br\/fjsp\/wp-content\/uploads\/2020\/08\/pag1-imagem1-220x238.jpg 220w, https:\/\/fjsp.org.br\/fjsp\/wp-content\/uploads\/2020\/08\/pag1-imagem1-100x108.jpg 100w, https:\/\/fjsp.org.br\/fjsp\/wp-content\/uploads\/2020\/08\/pag1-imagem1-130x141.jpg 130w, https:\/\/fjsp.org.br\/fjsp\/wp-content\/uploads\/2020\/08\/pag1-imagem1-460x498.jpg 460w\" sizes=\"(max-width: 600px) 100vw, 600px\" \/><\/p>\n<p>&nbsp;<\/p>\n<hr \/>\n<p>&nbsp;<\/p>\n<h4 style=\"text-align: center\"><strong>\u00a0<a href=\"https:\/\/fjsp.org.br\/fjsp\/traducaoemfoco_driksada_manga_ao_manga\/\">2. Do mang\u00e1 ao mang\u00e1\u00a0 &gt;&gt;<\/a><\/strong><\/h4>\n<p style=\"text-align: center\"><strong>[ 1 ]<\/strong> \u30fb\u00a0 <a href=\"https:\/\/fjsp.org.br\/fjsp\/traducaoemfoco_driksada_manga_ao_manga\/\">2<\/a>\u00a0 \u30fb <a href=\"https:\/\/fjsp.org.br\/fjsp\/traducaoemfoco_driksada_norte_traducao\/\">3<\/a> \u30fb <a href=\"https:\/\/fjsp.org.br\/fjsp\/traducaoemfoco_driksada_tradtecnicas_tradmangas\/\">4<\/a> \u30fb <a href=\"https:\/\/fjsp.org.br\/fjsp\/traducaoemfoco_driksada_regentes_traducao\/\">5<\/a> \u30fb <a href=\"https:\/\/fjsp.org.br\/fjsp\/traducaoemfoco_driksada_espaco_traducao\/\">6<\/a> \u30fb<a href=\"https:\/\/fjsp.org.br\/fjsp\/traducaoemfoco_driksada_pos_pandemia_traducao_mangas\/\"> 7<\/a> \u30fb <a href=\"https:\/\/fjsp.org.br\/fjsp\/traducaoemfoco_driksada_trabalho_sonhos\/\">8<\/a> \u30fb <a href=\"https:\/\/fjsp.org.br\/fjsp\/traducaoemfoco_driksada_links_referencias\/\">9<\/a><\/p>\n<p>&nbsp;<\/p>\n<h6><span style=\"color: #000000\">*Os usos de imagens e conte\u00fados desta p\u00e1gina s\u00e3o exclusivamente para fins educacionais e de divulga\u00e7\u00e3o de cultura japonesa, sem fins comerciais.<\/span><\/h6>\n","protected":false},"excerpt":{"rendered":"<p>Tradu\u00e7\u00e3o em Foco &gt; Drik Sada &nbsp; Paulistana, come\u00e7ou a trabalhar com tradu\u00e7\u00f5es t\u00e9cnicas do japon\u00eas para o portugu\u00eas em 1989. No ano 2000, foi convidada pela antiga Editora Conrad a assumir a tradu\u00e7\u00e3o do mang\u00e1 Dragon Ball de Akira Toriyama, experimentando pela primeira vez a tradu\u00e7\u00e3o de uma hist\u00f3ria em quadrinhos. Desde ent\u00e3o, nunca [&hellip;]<\/p>\n","protected":false},"author":34,"featured_media":0,"parent":0,"menu_order":0,"comment_status":"closed","ping_status":"closed","template":"","meta":{"_acf_changed":false,"footnotes":""},"class_list":["post-12129","page","type-page","status-publish","hentry"],"acf":[],"_links":{"self":[{"href":"https:\/\/fjsp.org.br\/fjsp\/wp-json\/wp\/v2\/pages\/12129","targetHints":{"allow":["GET"]}}],"collection":[{"href":"https:\/\/fjsp.org.br\/fjsp\/wp-json\/wp\/v2\/pages"}],"about":[{"href":"https:\/\/fjsp.org.br\/fjsp\/wp-json\/wp\/v2\/types\/page"}],"author":[{"embeddable":true,"href":"https:\/\/fjsp.org.br\/fjsp\/wp-json\/wp\/v2\/users\/34"}],"replies":[{"embeddable":true,"href":"https:\/\/fjsp.org.br\/fjsp\/wp-json\/wp\/v2\/comments?post=12129"}],"version-history":[{"count":2,"href":"https:\/\/fjsp.org.br\/fjsp\/wp-json\/wp\/v2\/pages\/12129\/revisions"}],"predecessor-version":[{"id":12567,"href":"https:\/\/fjsp.org.br\/fjsp\/wp-json\/wp\/v2\/pages\/12129\/revisions\/12567"}],"wp:attachment":[{"href":"https:\/\/fjsp.org.br\/fjsp\/wp-json\/wp\/v2\/media?parent=12129"}],"curies":[{"name":"wp","href":"https:\/\/api.w.org\/{rel}","templated":true}]}}