{"id":12201,"date":"2020-08-06T14:35:09","date_gmt":"2020-08-06T17:35:09","guid":{"rendered":"https:\/\/fjsp.org.br\/fjsp\/?page_id=12201"},"modified":"2020-08-12T12:11:49","modified_gmt":"2020-08-12T15:11:49","slug":"traducaoemfoco_driksada_trabalho_sonhos","status":"publish","type":"page","link":"https:\/\/fjsp.org.br\/fjsp\/traducaoemfoco_driksada_trabalho_sonhos\/","title":{"rendered":"Drik Sada &#8211; O trabalho dos sonhos"},"content":{"rendered":"<h5 style=\"text-align: right\"><a href=\"https:\/\/fjsp.org.br\/fjsp\/traducaoemfoco\/\">Tradu\u00e7\u00e3o em Foco<\/a> &gt; O trabalho dos sonhos<\/h5>\n<p><img fetchpriority=\"high\" decoding=\"async\" class=\"img-responsive img-fluid size-full wp-image-12210 aligncenter\" src=\"https:\/\/fjsp.org.br\/fjsp\/wp-content\/uploads\/2020\/08\/banner-site-02.jpg\" alt=\"\" width=\"1200\" height=\"215\" srcset=\"https:\/\/fjsp.org.br\/fjsp\/wp-content\/uploads\/2020\/08\/banner-site-02.jpg 1200w, https:\/\/fjsp.org.br\/fjsp\/wp-content\/uploads\/2020\/08\/banner-site-02-280x50.jpg 280w, https:\/\/fjsp.org.br\/fjsp\/wp-content\/uploads\/2020\/08\/banner-site-02-768x138.jpg 768w, https:\/\/fjsp.org.br\/fjsp\/wp-content\/uploads\/2020\/08\/banner-site-02-340x61.jpg 340w, https:\/\/fjsp.org.br\/fjsp\/wp-content\/uploads\/2020\/08\/banner-site-02-220x39.jpg 220w, https:\/\/fjsp.org.br\/fjsp\/wp-content\/uploads\/2020\/08\/banner-site-02-100x18.jpg 100w, https:\/\/fjsp.org.br\/fjsp\/wp-content\/uploads\/2020\/08\/banner-site-02-130x23.jpg 130w, https:\/\/fjsp.org.br\/fjsp\/wp-content\/uploads\/2020\/08\/banner-site-02-460x82.jpg 460w\" sizes=\"(max-width: 1200px) 100vw, 1200px\" \/><\/p>\n<p><img decoding=\"async\" class=\"img-responsive img-fluid size-full wp-image-12562 aligncenter\" src=\"https:\/\/fjsp.org.br\/fjsp\/wp-content\/uploads\/2020\/08\/pag8-do-futuro-direcao-ocidental.jpg\" alt=\"\" width=\"731\" height=\"1044\" srcset=\"https:\/\/fjsp.org.br\/fjsp\/wp-content\/uploads\/2020\/08\/pag8-do-futuro-direcao-ocidental.jpg 731w, https:\/\/fjsp.org.br\/fjsp\/wp-content\/uploads\/2020\/08\/pag8-do-futuro-direcao-ocidental-280x400.jpg 280w, https:\/\/fjsp.org.br\/fjsp\/wp-content\/uploads\/2020\/08\/pag8-do-futuro-direcao-ocidental-340x486.jpg 340w, https:\/\/fjsp.org.br\/fjsp\/wp-content\/uploads\/2020\/08\/pag8-do-futuro-direcao-ocidental-220x314.jpg 220w, https:\/\/fjsp.org.br\/fjsp\/wp-content\/uploads\/2020\/08\/pag8-do-futuro-direcao-ocidental-100x143.jpg 100w, https:\/\/fjsp.org.br\/fjsp\/wp-content\/uploads\/2020\/08\/pag8-do-futuro-direcao-ocidental-130x186.jpg 130w, https:\/\/fjsp.org.br\/fjsp\/wp-content\/uploads\/2020\/08\/pag8-do-futuro-direcao-ocidental-460x657.jpg 460w\" sizes=\"(max-width: 731px) 100vw, 731px\" \/><\/p>\n<p>&nbsp;<\/p>\n<hr \/>\n<p>&nbsp;<\/p>\n<h4 style=\"text-align: center\"><strong><a href=\"https:\/\/fjsp.org.br\/fjsp\/traducaoemfoco_driksada_pos_pandemia_traducao_mangas\/\">&lt;&lt; 7. O p\u00f3s-pandemia da tradu\u00e7\u00e3o de mang\u00e1s<\/a>\u00a0\/\/\u00a0<a href=\"https:\/\/fjsp.org.br\/fjsp\/traducaoemfoco_driksada_links_referencias\/\"> 9. Links e Refer\u00eancias &gt;&gt;<\/a><\/strong><\/h4>\n<p style=\"text-align: center\"><a href=\"https:\/\/fjsp.org.br\/fjsp\/traducaoemfoco_driksada\/\">1<\/a> \u30fb <a href=\"https:\/\/fjsp.org.br\/fjsp\/traducaoemfoco_driksada_manga_ao_manga\/\">2<\/a> \u30fb <a href=\"https:\/\/fjsp.org.br\/fjsp\/traducaoemfoco_driksada_norte_traducao\/\">3<\/a> \u30fb <a href=\"https:\/\/fjsp.org.br\/fjsp\/traducaoemfoco_driksada_tradtecnicas_tradmangas\/\">4<\/a> \u30fb <a href=\"https:\/\/fjsp.org.br\/fjsp\/traducaoemfoco_driksada_regentes_traducao\/\">5<\/a> \u30fb <a href=\"https:\/\/fjsp.org.br\/fjsp\/traducaoemfoco_driksada_espaco_traducao\/\">6<\/a> \u30fb<a href=\"https:\/\/fjsp.org.br\/fjsp\/traducaoemfoco_driksada_pos_pandemia_traducao_mangas\/\"> 7<\/a> \u30fb <strong>[ 8 ] <\/strong>\u30fb <a href=\"https:\/\/fjsp.org.br\/fjsp\/traducaoemfoco_driksada_links_referencias\/\">9<\/a><\/p>\n<p>&nbsp;<\/p>\n<h6><span style=\"color: #000000\">*Os usos de imagens e conte\u00fados desta p\u00e1gina s\u00e3o exclusivamente para fins educacionais e de divulga\u00e7\u00e3o de cultura japonesa, sem fins comerciais.<\/span><\/h6>\n","protected":false},"excerpt":{"rendered":"<p>Tradu\u00e7\u00e3o em Foco &gt; O trabalho dos sonhos &nbsp; &nbsp; &lt;&lt; 7. O p\u00f3s-pandemia da tradu\u00e7\u00e3o de mang\u00e1s\u00a0\/\/\u00a0 9. Links e Refer\u00eancias &gt;&gt; 1 \u30fb 2 \u30fb 3 \u30fb 4 \u30fb 5 \u30fb 6 \u30fb 7 \u30fb [ 8 ] \u30fb 9 &nbsp; *Os usos de imagens e conte\u00fados desta p\u00e1gina s\u00e3o exclusivamente para fins [&hellip;]<\/p>\n","protected":false},"author":34,"featured_media":0,"parent":0,"menu_order":0,"comment_status":"closed","ping_status":"closed","template":"","meta":{"_acf_changed":false,"footnotes":""},"class_list":["post-12201","page","type-page","status-publish","hentry"],"acf":[],"_links":{"self":[{"href":"https:\/\/fjsp.org.br\/fjsp\/wp-json\/wp\/v2\/pages\/12201","targetHints":{"allow":["GET"]}}],"collection":[{"href":"https:\/\/fjsp.org.br\/fjsp\/wp-json\/wp\/v2\/pages"}],"about":[{"href":"https:\/\/fjsp.org.br\/fjsp\/wp-json\/wp\/v2\/types\/page"}],"author":[{"embeddable":true,"href":"https:\/\/fjsp.org.br\/fjsp\/wp-json\/wp\/v2\/users\/34"}],"replies":[{"embeddable":true,"href":"https:\/\/fjsp.org.br\/fjsp\/wp-json\/wp\/v2\/comments?post=12201"}],"version-history":[{"count":2,"href":"https:\/\/fjsp.org.br\/fjsp\/wp-json\/wp\/v2\/pages\/12201\/revisions"}],"predecessor-version":[{"id":12563,"href":"https:\/\/fjsp.org.br\/fjsp\/wp-json\/wp\/v2\/pages\/12201\/revisions\/12563"}],"wp:attachment":[{"href":"https:\/\/fjsp.org.br\/fjsp\/wp-json\/wp\/v2\/media?parent=12201"}],"curies":[{"name":"wp","href":"https:\/\/api.w.org\/{rel}","templated":true}]}}