{"id":12404,"date":"2020-08-07T16:56:27","date_gmt":"2020-08-07T19:56:27","guid":{"rendered":"https:\/\/fjsp.org.br\/fjsp\/?page_id=12404"},"modified":"2021-08-30T11:52:52","modified_gmt":"2021-08-30T14:52:52","slug":"traducaoemfoco","status":"publish","type":"page","link":"https:\/\/fjsp.org.br\/fjsp\/traducaoemfoco\/","title":{"rendered":"Tradu\u00e7\u00e3o em Foco"},"content":{"rendered":"<p><img fetchpriority=\"high\" decoding=\"async\" class=\"img-responsive img-fluid wp-image-17379 size-full aligncenter\" src=\"https:\/\/fjsp.org.br\/fjsp\/wp-content\/uploads\/2021\/08\/banner-site-01-1.png\" alt=\"\" width=\"1201\" height=\"349\" srcset=\"https:\/\/fjsp.org.br\/fjsp\/wp-content\/uploads\/2021\/08\/banner-site-01-1.png 1201w, https:\/\/fjsp.org.br\/fjsp\/wp-content\/uploads\/2021\/08\/banner-site-01-1-280x81.png 280w, https:\/\/fjsp.org.br\/fjsp\/wp-content\/uploads\/2021\/08\/banner-site-01-1-768x223.png 768w, https:\/\/fjsp.org.br\/fjsp\/wp-content\/uploads\/2021\/08\/banner-site-01-1-340x99.png 340w, https:\/\/fjsp.org.br\/fjsp\/wp-content\/uploads\/2021\/08\/banner-site-01-1-220x64.png 220w, https:\/\/fjsp.org.br\/fjsp\/wp-content\/uploads\/2021\/08\/banner-site-01-1-100x29.png 100w, https:\/\/fjsp.org.br\/fjsp\/wp-content\/uploads\/2021\/08\/banner-site-01-1-130x38.png 130w, https:\/\/fjsp.org.br\/fjsp\/wp-content\/uploads\/2021\/08\/banner-site-01-1-460x134.png 460w\" sizes=\"(max-width: 1201px) 100vw, 1201px\" \/><\/p>\n<p>&nbsp;<\/p>\n<blockquote><p>TRADU\u00c7\u00c3O EM FOCO, projeto que apresentou 13 tradutores e suas obras, do mang\u00e1 \u00e0 literatura, termina este m\u00eas. Sinceros agradecimentos a todos que o leram com entusiasmo.<\/p>\n<p>Traduzir uma obra estrangeira \u00e9 uma tarefa art\u00edstica que, al\u00e9m do conhecimento do pr\u00f3prio idioma estrangeiro, exige um profundo conhecimento da sociedade e da cultura por tr\u00e1s da obra e uma rica imagina\u00e7\u00e3o. Tamb\u00e9m \u00e9 necess\u00e1rio que o texto e as frases da obra traduzida soem naturalmente compreens\u00edveis. Para tanto, \u00e9 imprescind\u00edvel tamb\u00e9m o conhecimento do idioma e dos costumes do Brasil.<\/p>\n<p>Nesse sentido, os tradutores podem ser considerados verdadeiras \u201cpontes\u201d vivas entre diferentes culturas. Gostaria de prestar uma homenagem a todas as maravilhosas \u201cpontes\u201d entre o Jap\u00e3o e o Brasil. E dizer que tenho grandes expectativas para o crescimento da pr\u00f3xima gera\u00e7\u00e3o de tradutores.<\/p>\n<p>A Funda\u00e7\u00e3o Jap\u00e3o continuar\u00e1 a apresentar mang\u00e1s, literatura japonesa, etc. ent\u00e3o, por favor, aguardem nossos pr\u00f3ximos projetos. Al\u00e9m disso, \u00e9 poss\u00edvel continuar acessando todo o conte\u00fado em nosso site, por isso n\u00e3o deixe de apresent\u00e1-lo a seus amigos.<\/p>\n<p>&nbsp;<\/p>\n<p style=\"text-align: right\"><strong>Masaru Susaki<\/strong><br \/>\nDiretor Geral da Funda\u00e7\u00e3o Jap\u00e3o em S\u00e3o Paulo<\/p>\n<\/blockquote>\n<p>&nbsp;<\/p>\n<p><a href=\"https:\/\/fjsp.org.br\/fjsp\/traducaoemfoco_felipe_monte\/\"><img decoding=\"async\" class=\"img-responsive img-fluid alignnone wp-image-17378\" src=\"https:\/\/fjsp.org.br\/fjsp\/wp-content\/uploads\/2021\/08\/identidade-botao-inicial-01.png\" alt=\"\" width=\"552\" height=\"200\" srcset=\"https:\/\/fjsp.org.br\/fjsp\/wp-content\/uploads\/2021\/08\/identidade-botao-inicial-01.png 807w, https:\/\/fjsp.org.br\/fjsp\/wp-content\/uploads\/2021\/08\/identidade-botao-inicial-01-280x102.png 280w, https:\/\/fjsp.org.br\/fjsp\/wp-content\/uploads\/2021\/08\/identidade-botao-inicial-01-768x279.png 768w, https:\/\/fjsp.org.br\/fjsp\/wp-content\/uploads\/2021\/08\/identidade-botao-inicial-01-340x123.png 340w, https:\/\/fjsp.org.br\/fjsp\/wp-content\/uploads\/2021\/08\/identidade-botao-inicial-01-220x80.png 220w, https:\/\/fjsp.org.br\/fjsp\/wp-content\/uploads\/2021\/08\/identidade-botao-inicial-01-100x36.png 100w, https:\/\/fjsp.org.br\/fjsp\/wp-content\/uploads\/2021\/08\/identidade-botao-inicial-01-130x47.png 130w, https:\/\/fjsp.org.br\/fjsp\/wp-content\/uploads\/2021\/08\/identidade-botao-inicial-01-460x167.png 460w\" sizes=\"(max-width: 552px) 100vw, 552px\" \/><\/a><a href=\"https:\/\/fjsp.org.br\/fjsp\/traducaoemfoco_diogo_kaupatez\/\"><img decoding=\"async\" class=\"img-responsive img-fluid alignnone wp-image-17377\" src=\"https:\/\/fjsp.org.br\/fjsp\/wp-content\/uploads\/2021\/08\/identidade-botao-inicial.png\" alt=\"\" width=\"552\" height=\"200\" srcset=\"https:\/\/fjsp.org.br\/fjsp\/wp-content\/uploads\/2021\/08\/identidade-botao-inicial.png 806w, https:\/\/fjsp.org.br\/fjsp\/wp-content\/uploads\/2021\/08\/identidade-botao-inicial-280x101.png 280w, https:\/\/fjsp.org.br\/fjsp\/wp-content\/uploads\/2021\/08\/identidade-botao-inicial-768x278.png 768w, https:\/\/fjsp.org.br\/fjsp\/wp-content\/uploads\/2021\/08\/identidade-botao-inicial-340x123.png 340w, https:\/\/fjsp.org.br\/fjsp\/wp-content\/uploads\/2021\/08\/identidade-botao-inicial-220x80.png 220w, https:\/\/fjsp.org.br\/fjsp\/wp-content\/uploads\/2021\/08\/identidade-botao-inicial-100x36.png 100w, https:\/\/fjsp.org.br\/fjsp\/wp-content\/uploads\/2021\/08\/identidade-botao-inicial-130x47.png 130w, https:\/\/fjsp.org.br\/fjsp\/wp-content\/uploads\/2021\/08\/identidade-botao-inicial-460x167.png 460w\" sizes=\"(max-width: 552px) 100vw, 552px\" \/><\/a><a href=\"https:\/\/fjsp.org.br\/fjsp\/traducaoemfoco_monica_okamoto\/\"><img loading=\"lazy\" decoding=\"async\" class=\"img-responsive img-fluid alignnone wp-image-17142\" src=\"https:\/\/fjsp.org.br\/fjsp\/wp-content\/uploads\/2021\/07\/identidade-botao-inicial-1.png\" alt=\"\" width=\"552\" height=\"200\" srcset=\"https:\/\/fjsp.org.br\/fjsp\/wp-content\/uploads\/2021\/07\/identidade-botao-inicial-1.png 806w, https:\/\/fjsp.org.br\/fjsp\/wp-content\/uploads\/2021\/07\/identidade-botao-inicial-1-280x101.png 280w, https:\/\/fjsp.org.br\/fjsp\/wp-content\/uploads\/2021\/07\/identidade-botao-inicial-1-768x278.png 768w, https:\/\/fjsp.org.br\/fjsp\/wp-content\/uploads\/2021\/07\/identidade-botao-inicial-1-340x123.png 340w, https:\/\/fjsp.org.br\/fjsp\/wp-content\/uploads\/2021\/07\/identidade-botao-inicial-1-220x80.png 220w, https:\/\/fjsp.org.br\/fjsp\/wp-content\/uploads\/2021\/07\/identidade-botao-inicial-1-100x36.png 100w, https:\/\/fjsp.org.br\/fjsp\/wp-content\/uploads\/2021\/07\/identidade-botao-inicial-1-130x47.png 130w, https:\/\/fjsp.org.br\/fjsp\/wp-content\/uploads\/2021\/07\/identidade-botao-inicial-1-460x167.png 460w\" sizes=\"(max-width: 552px) 100vw, 552px\" \/><\/a><a href=\"https:\/\/fjsp.org.br\/fjsp\/traducaoemfoco_dirce_miyamura\/\"><img loading=\"lazy\" decoding=\"async\" class=\"img-responsive img-fluid alignnone wp-image-16968\" src=\"https:\/\/fjsp.org.br\/fjsp\/wp-content\/uploads\/2021\/06\/identidade-botao-inicial.png\" alt=\"\" width=\"552\" height=\"200\" srcset=\"https:\/\/fjsp.org.br\/fjsp\/wp-content\/uploads\/2021\/06\/identidade-botao-inicial.png 806w, https:\/\/fjsp.org.br\/fjsp\/wp-content\/uploads\/2021\/06\/identidade-botao-inicial-280x101.png 280w, https:\/\/fjsp.org.br\/fjsp\/wp-content\/uploads\/2021\/06\/identidade-botao-inicial-768x278.png 768w, https:\/\/fjsp.org.br\/fjsp\/wp-content\/uploads\/2021\/06\/identidade-botao-inicial-340x123.png 340w, https:\/\/fjsp.org.br\/fjsp\/wp-content\/uploads\/2021\/06\/identidade-botao-inicial-220x80.png 220w, https:\/\/fjsp.org.br\/fjsp\/wp-content\/uploads\/2021\/06\/identidade-botao-inicial-100x36.png 100w, https:\/\/fjsp.org.br\/fjsp\/wp-content\/uploads\/2021\/06\/identidade-botao-inicial-130x47.png 130w, https:\/\/fjsp.org.br\/fjsp\/wp-content\/uploads\/2021\/06\/identidade-botao-inicial-460x167.png 460w\" sizes=\"(max-width: 552px) 100vw, 552px\" \/><\/a><a href=\"https:\/\/fjsp.org.br\/fjsp\/traducaoemfoco_lidia_ivasa\/\"><img loading=\"lazy\" decoding=\"async\" class=\"img-responsive img-fluid alignnone wp-image-16697\" src=\"https:\/\/fjsp.org.br\/fjsp\/wp-content\/uploads\/2021\/05\/identidade-botao-inicial.png\" alt=\"\" width=\"552\" height=\"200\" srcset=\"https:\/\/fjsp.org.br\/fjsp\/wp-content\/uploads\/2021\/05\/identidade-botao-inicial.png 806w, https:\/\/fjsp.org.br\/fjsp\/wp-content\/uploads\/2021\/05\/identidade-botao-inicial-280x101.png 280w, https:\/\/fjsp.org.br\/fjsp\/wp-content\/uploads\/2021\/05\/identidade-botao-inicial-768x278.png 768w, https:\/\/fjsp.org.br\/fjsp\/wp-content\/uploads\/2021\/05\/identidade-botao-inicial-340x123.png 340w, https:\/\/fjsp.org.br\/fjsp\/wp-content\/uploads\/2021\/05\/identidade-botao-inicial-220x80.png 220w, https:\/\/fjsp.org.br\/fjsp\/wp-content\/uploads\/2021\/05\/identidade-botao-inicial-100x36.png 100w, https:\/\/fjsp.org.br\/fjsp\/wp-content\/uploads\/2021\/05\/identidade-botao-inicial-130x47.png 130w, https:\/\/fjsp.org.br\/fjsp\/wp-content\/uploads\/2021\/05\/identidade-botao-inicial-460x167.png 460w\" sizes=\"(max-width: 552px) 100vw, 552px\" \/><\/a><a href=\"https:\/\/fjsp.org.br\/fjsp\/traducaoemfoco_thiago_nojiri\/\"><img loading=\"lazy\" decoding=\"async\" class=\"img-responsive img-fluid alignnone wp-image-16552\" src=\"https:\/\/fjsp.org.br\/fjsp\/wp-content\/uploads\/2021\/04\/identidade-botao-inicial.png\" alt=\"\" width=\"552\" height=\"200\" srcset=\"https:\/\/fjsp.org.br\/fjsp\/wp-content\/uploads\/2021\/04\/identidade-botao-inicial.png 806w, https:\/\/fjsp.org.br\/fjsp\/wp-content\/uploads\/2021\/04\/identidade-botao-inicial-280x101.png 280w, https:\/\/fjsp.org.br\/fjsp\/wp-content\/uploads\/2021\/04\/identidade-botao-inicial-768x278.png 768w, https:\/\/fjsp.org.br\/fjsp\/wp-content\/uploads\/2021\/04\/identidade-botao-inicial-340x123.png 340w, https:\/\/fjsp.org.br\/fjsp\/wp-content\/uploads\/2021\/04\/identidade-botao-inicial-220x80.png 220w, https:\/\/fjsp.org.br\/fjsp\/wp-content\/uploads\/2021\/04\/identidade-botao-inicial-100x36.png 100w, https:\/\/fjsp.org.br\/fjsp\/wp-content\/uploads\/2021\/04\/identidade-botao-inicial-130x47.png 130w, https:\/\/fjsp.org.br\/fjsp\/wp-content\/uploads\/2021\/04\/identidade-botao-inicial-460x167.png 460w\" sizes=\"(max-width: 552px) 100vw, 552px\" \/><\/a><a href=\"https:\/\/fjsp.org.br\/fjsp\/traducaoemfoco_rita_kohl\/\"><img loading=\"lazy\" decoding=\"async\" class=\"img-responsive img-fluid alignnone wp-image-16145\" src=\"https:\/\/fjsp.org.br\/fjsp\/wp-content\/uploads\/2021\/03\/identidade-botao-inicial.png\" alt=\"\" width=\"551\" height=\"200\" srcset=\"https:\/\/fjsp.org.br\/fjsp\/wp-content\/uploads\/2021\/03\/identidade-botao-inicial.png 806w, https:\/\/fjsp.org.br\/fjsp\/wp-content\/uploads\/2021\/03\/identidade-botao-inicial-280x101.png 280w, https:\/\/fjsp.org.br\/fjsp\/wp-content\/uploads\/2021\/03\/identidade-botao-inicial-768x278.png 768w, https:\/\/fjsp.org.br\/fjsp\/wp-content\/uploads\/2021\/03\/identidade-botao-inicial-340x123.png 340w, https:\/\/fjsp.org.br\/fjsp\/wp-content\/uploads\/2021\/03\/identidade-botao-inicial-220x80.png 220w, https:\/\/fjsp.org.br\/fjsp\/wp-content\/uploads\/2021\/03\/identidade-botao-inicial-100x36.png 100w, https:\/\/fjsp.org.br\/fjsp\/wp-content\/uploads\/2021\/03\/identidade-botao-inicial-130x47.png 130w, https:\/\/fjsp.org.br\/fjsp\/wp-content\/uploads\/2021\/03\/identidade-botao-inicial-460x167.png 460w\" sizes=\"(max-width: 551px) 100vw, 551px\" \/><\/a><a href=\"https:\/\/fjsp.org.br\/fjsp\/traducaoemfoco_andrei_cunha\/\"><img loading=\"lazy\" decoding=\"async\" class=\"img-responsive img-fluid alignnone wp-image-15626\" src=\"https:\/\/fjsp.org.br\/fjsp\/wp-content\/uploads\/2021\/02\/identidade-botao-inicial-andrei.png\" alt=\"\" width=\"551\" height=\"200\" srcset=\"https:\/\/fjsp.org.br\/fjsp\/wp-content\/uploads\/2021\/02\/identidade-botao-inicial-andrei.png 806w, https:\/\/fjsp.org.br\/fjsp\/wp-content\/uploads\/2021\/02\/identidade-botao-inicial-andrei-280x101.png 280w, https:\/\/fjsp.org.br\/fjsp\/wp-content\/uploads\/2021\/02\/identidade-botao-inicial-andrei-768x278.png 768w, https:\/\/fjsp.org.br\/fjsp\/wp-content\/uploads\/2021\/02\/identidade-botao-inicial-andrei-340x123.png 340w, https:\/\/fjsp.org.br\/fjsp\/wp-content\/uploads\/2021\/02\/identidade-botao-inicial-andrei-220x80.png 220w, https:\/\/fjsp.org.br\/fjsp\/wp-content\/uploads\/2021\/02\/identidade-botao-inicial-andrei-100x36.png 100w, https:\/\/fjsp.org.br\/fjsp\/wp-content\/uploads\/2021\/02\/identidade-botao-inicial-andrei-130x47.png 130w, https:\/\/fjsp.org.br\/fjsp\/wp-content\/uploads\/2021\/02\/identidade-botao-inicial-andrei-460x167.png 460w\" sizes=\"(max-width: 551px) 100vw, 551px\" \/><\/a><a href=\"https:\/\/fjsp.org.br\/fjsp\/traducaoemfoco_eunice_suenaga\/\"><img loading=\"lazy\" decoding=\"async\" class=\"img-responsive img-fluid alignnone wp-image-14746\" src=\"https:\/\/fjsp.org.br\/fjsp\/wp-content\/uploads\/2021\/01\/identidade-botao-inicial-eunice.png\" alt=\"\" width=\"551\" height=\"200\" srcset=\"https:\/\/fjsp.org.br\/fjsp\/wp-content\/uploads\/2021\/01\/identidade-botao-inicial-eunice.png 806w, https:\/\/fjsp.org.br\/fjsp\/wp-content\/uploads\/2021\/01\/identidade-botao-inicial-eunice-280x101.png 280w, https:\/\/fjsp.org.br\/fjsp\/wp-content\/uploads\/2021\/01\/identidade-botao-inicial-eunice-768x278.png 768w, https:\/\/fjsp.org.br\/fjsp\/wp-content\/uploads\/2021\/01\/identidade-botao-inicial-eunice-340x123.png 340w, https:\/\/fjsp.org.br\/fjsp\/wp-content\/uploads\/2021\/01\/identidade-botao-inicial-eunice-220x80.png 220w, https:\/\/fjsp.org.br\/fjsp\/wp-content\/uploads\/2021\/01\/identidade-botao-inicial-eunice-100x36.png 100w, https:\/\/fjsp.org.br\/fjsp\/wp-content\/uploads\/2021\/01\/identidade-botao-inicial-eunice-130x47.png 130w, https:\/\/fjsp.org.br\/fjsp\/wp-content\/uploads\/2021\/01\/identidade-botao-inicial-eunice-460x167.png 460w\" sizes=\"(max-width: 551px) 100vw, 551px\" \/><\/a><a href=\"https:\/\/fjsp.org.br\/fjsp\/traducaoemfoco_jaqueline_nabeta\/\"><img loading=\"lazy\" decoding=\"async\" class=\"img-responsive img-fluid alignnone wp-image-14451\" src=\"https:\/\/fjsp.org.br\/fjsp\/wp-content\/uploads\/2020\/12\/identidade-botao-inicial.png\" alt=\"\" width=\"551\" height=\"200\" srcset=\"https:\/\/fjsp.org.br\/fjsp\/wp-content\/uploads\/2020\/12\/identidade-botao-inicial.png 806w, https:\/\/fjsp.org.br\/fjsp\/wp-content\/uploads\/2020\/12\/identidade-botao-inicial-280x101.png 280w, https:\/\/fjsp.org.br\/fjsp\/wp-content\/uploads\/2020\/12\/identidade-botao-inicial-768x278.png 768w, https:\/\/fjsp.org.br\/fjsp\/wp-content\/uploads\/2020\/12\/identidade-botao-inicial-340x123.png 340w, https:\/\/fjsp.org.br\/fjsp\/wp-content\/uploads\/2020\/12\/identidade-botao-inicial-220x80.png 220w, https:\/\/fjsp.org.br\/fjsp\/wp-content\/uploads\/2020\/12\/identidade-botao-inicial-100x36.png 100w, https:\/\/fjsp.org.br\/fjsp\/wp-content\/uploads\/2020\/12\/identidade-botao-inicial-130x47.png 130w, https:\/\/fjsp.org.br\/fjsp\/wp-content\/uploads\/2020\/12\/identidade-botao-inicial-460x167.png 460w\" sizes=\"(max-width: 551px) 100vw, 551px\" \/><\/a><a href=\"https:\/\/fjsp.org.br\/fjsp\/traducaoemfoco_stephaniehavir\/\"><img loading=\"lazy\" decoding=\"async\" class=\"img-responsive img-fluid alignnone wp-image-13794\" src=\"https:\/\/fjsp.org.br\/fjsp\/wp-content\/uploads\/2020\/11\/identidade-botao-inicial-01-01.jpg\" alt=\"\" width=\"551\" height=\"200\" srcset=\"https:\/\/fjsp.org.br\/fjsp\/wp-content\/uploads\/2020\/11\/identidade-botao-inicial-01-01.jpg 1680w, https:\/\/fjsp.org.br\/fjsp\/wp-content\/uploads\/2020\/11\/identidade-botao-inicial-01-01-280x102.jpg 280w, https:\/\/fjsp.org.br\/fjsp\/wp-content\/uploads\/2020\/11\/identidade-botao-inicial-01-01-768x279.jpg 768w, https:\/\/fjsp.org.br\/fjsp\/wp-content\/uploads\/2020\/11\/identidade-botao-inicial-01-01-1536x558.jpg 1536w, https:\/\/fjsp.org.br\/fjsp\/wp-content\/uploads\/2020\/11\/identidade-botao-inicial-01-01-340x123.jpg 340w, https:\/\/fjsp.org.br\/fjsp\/wp-content\/uploads\/2020\/11\/identidade-botao-inicial-01-01-220x80.jpg 220w, https:\/\/fjsp.org.br\/fjsp\/wp-content\/uploads\/2020\/11\/identidade-botao-inicial-01-01-100x36.jpg 100w, https:\/\/fjsp.org.br\/fjsp\/wp-content\/uploads\/2020\/11\/identidade-botao-inicial-01-01-130x47.jpg 130w, https:\/\/fjsp.org.br\/fjsp\/wp-content\/uploads\/2020\/11\/identidade-botao-inicial-01-01-460x167.jpg 460w\" sizes=\"(max-width: 551px) 100vw, 551px\" \/><\/a><a href=\"https:\/\/fjsp.org.br\/fjsp\/traducaoemfoco_licahashimoto\/\"><img loading=\"lazy\" decoding=\"async\" class=\"img-responsive img-fluid alignnone wp-image-13150\" src=\"https:\/\/fjsp.org.br\/fjsp\/wp-content\/uploads\/2020\/10\/identidade-botao-inicial-01-01-01.png\" alt=\"\" width=\"551\" height=\"200\" srcset=\"https:\/\/fjsp.org.br\/fjsp\/wp-content\/uploads\/2020\/10\/identidade-botao-inicial-01-01-01.png 1680w, https:\/\/fjsp.org.br\/fjsp\/wp-content\/uploads\/2020\/10\/identidade-botao-inicial-01-01-01-280x102.png 280w, https:\/\/fjsp.org.br\/fjsp\/wp-content\/uploads\/2020\/10\/identidade-botao-inicial-01-01-01-768x279.png 768w, https:\/\/fjsp.org.br\/fjsp\/wp-content\/uploads\/2020\/10\/identidade-botao-inicial-01-01-01-1536x558.png 1536w, https:\/\/fjsp.org.br\/fjsp\/wp-content\/uploads\/2020\/10\/identidade-botao-inicial-01-01-01-340x123.png 340w, https:\/\/fjsp.org.br\/fjsp\/wp-content\/uploads\/2020\/10\/identidade-botao-inicial-01-01-01-220x80.png 220w, https:\/\/fjsp.org.br\/fjsp\/wp-content\/uploads\/2020\/10\/identidade-botao-inicial-01-01-01-100x36.png 100w, https:\/\/fjsp.org.br\/fjsp\/wp-content\/uploads\/2020\/10\/identidade-botao-inicial-01-01-01-130x47.png 130w, https:\/\/fjsp.org.br\/fjsp\/wp-content\/uploads\/2020\/10\/identidade-botao-inicial-01-01-01-460x167.png 460w\" sizes=\"(max-width: 551px) 100vw, 551px\" \/><\/a><\/p>\n<p><a href=\"https:\/\/fjsp.org.br\/fjsp\/traducaoemfoco_driksada\/\"><img loading=\"lazy\" decoding=\"async\" class=\"img-responsive img-fluid wp-image-12472 aligncenter\" src=\"https:\/\/fjsp.org.br\/fjsp\/wp-content\/uploads\/2020\/08\/botao-1-drik-sada-01-01.png\" alt=\"\" width=\"551\" height=\"200\" srcset=\"https:\/\/fjsp.org.br\/fjsp\/wp-content\/uploads\/2020\/08\/botao-1-drik-sada-01-01.png 1680w, https:\/\/fjsp.org.br\/fjsp\/wp-content\/uploads\/2020\/08\/botao-1-drik-sada-01-01-280x102.png 280w, https:\/\/fjsp.org.br\/fjsp\/wp-content\/uploads\/2020\/08\/botao-1-drik-sada-01-01-768x279.png 768w, https:\/\/fjsp.org.br\/fjsp\/wp-content\/uploads\/2020\/08\/botao-1-drik-sada-01-01-340x123.png 340w, https:\/\/fjsp.org.br\/fjsp\/wp-content\/uploads\/2020\/08\/botao-1-drik-sada-01-01-220x80.png 220w, https:\/\/fjsp.org.br\/fjsp\/wp-content\/uploads\/2020\/08\/botao-1-drik-sada-01-01-100x36.png 100w, https:\/\/fjsp.org.br\/fjsp\/wp-content\/uploads\/2020\/08\/botao-1-drik-sada-01-01-130x47.png 130w, https:\/\/fjsp.org.br\/fjsp\/wp-content\/uploads\/2020\/08\/botao-1-drik-sada-01-01-460x167.png 460w\" sizes=\"(max-width: 551px) 100vw, 551px\" \/><\/a><\/p>\n<p>&nbsp;<\/p>\n<h6><span style=\"color: #000000\">*Os usos de imagens e conte\u00fados desta p\u00e1gina s\u00e3o exclusivamente para fins educacionais e de divulga\u00e7\u00e3o de cultura japonesa, sem fins comerciais.<\/span><\/h6>\n","protected":false},"excerpt":{"rendered":"<p>&nbsp; TRADU\u00c7\u00c3O EM FOCO, projeto que apresentou 13 tradutores e suas obras, do mang\u00e1 \u00e0 literatura, termina este m\u00eas. Sinceros agradecimentos a todos que o leram com entusiasmo. Traduzir uma obra estrangeira \u00e9 uma tarefa art\u00edstica que, al\u00e9m do conhecimento do pr\u00f3prio idioma estrangeiro, exige um profundo conhecimento da sociedade e da cultura por tr\u00e1s [&hellip;]<\/p>\n","protected":false},"author":34,"featured_media":13003,"parent":0,"menu_order":0,"comment_status":"closed","ping_status":"closed","template":"","meta":{"_acf_changed":false,"footnotes":""},"class_list":["post-12404","page","type-page","status-publish","has-post-thumbnail","hentry"],"acf":[],"_links":{"self":[{"href":"https:\/\/fjsp.org.br\/fjsp\/wp-json\/wp\/v2\/pages\/12404","targetHints":{"allow":["GET"]}}],"collection":[{"href":"https:\/\/fjsp.org.br\/fjsp\/wp-json\/wp\/v2\/pages"}],"about":[{"href":"https:\/\/fjsp.org.br\/fjsp\/wp-json\/wp\/v2\/types\/page"}],"author":[{"embeddable":true,"href":"https:\/\/fjsp.org.br\/fjsp\/wp-json\/wp\/v2\/users\/34"}],"replies":[{"embeddable":true,"href":"https:\/\/fjsp.org.br\/fjsp\/wp-json\/wp\/v2\/comments?post=12404"}],"version-history":[{"count":3,"href":"https:\/\/fjsp.org.br\/fjsp\/wp-json\/wp\/v2\/pages\/12404\/revisions"}],"predecessor-version":[{"id":17432,"href":"https:\/\/fjsp.org.br\/fjsp\/wp-json\/wp\/v2\/pages\/12404\/revisions\/17432"}],"wp:featuredmedia":[{"embeddable":true,"href":"https:\/\/fjsp.org.br\/fjsp\/wp-json\/wp\/v2\/media\/13003"}],"wp:attachment":[{"href":"https:\/\/fjsp.org.br\/fjsp\/wp-json\/wp\/v2\/media?parent=12404"}],"curies":[{"name":"wp","href":"https:\/\/api.w.org\/{rel}","templated":true}]}}