{"id":12568,"date":"2020-08-14T14:23:40","date_gmt":"2020-08-14T17:23:40","guid":{"rendered":"https:\/\/fjsp.org.br\/fjsp\/?page_id=12568"},"modified":"2020-08-14T17:07:28","modified_gmt":"2020-08-14T20:07:28","slug":"todos-juntos-agradecimento","status":"publish","type":"page","link":"https:\/\/fjsp.org.br\/fjsp\/todos-juntos-agradecimento\/","title":{"rendered":"Projeto TODOS JUNTOS encerra com agradecimento do diretor geral, Masaru Susaki"},"content":{"rendered":"<p>A Funda\u00e7\u00e3o Jap\u00e3o, por meio de suas redes sociais, divulgou ao longo de quase tr\u00eas meses, o projeto <strong>TODOS JUNTOS<\/strong>, que reuniu v\u00eddeo-mensagens de artistas e outras personalidades brasileiras e japonesas em apoio \u00e0 popula\u00e7\u00e3o brasileira, em virtude da situa\u00e7\u00e3o em que o pa\u00eds se encontra, tranquilizando e trazendo esperan\u00e7a a todos aqueles que vivem momentos dif\u00edceis nesta pandemia da Covid-19.<\/p>\n<p>O projeto \u00e9 encerrado com um v\u00eddeo do diretor geral da Funda\u00e7\u00e3o Jap\u00e3o em S\u00e3o Paulo, Masaru Susaki, que gravou diretamente de sua sala de cerim\u00f4nia do ch\u00e1, oferecendo uma x\u00edcara da bebida a todos aqueles que assistem seu agradecimento.<\/p>\n<p>&nbsp;<\/p>\n<div class='cleaner'><\/div>\n<div class='videoWrapper embed-responsive embed-responsive-16by9 ratio ratio-16x9'><iframe title=\"Projeto TODOS JUNTOS - MASARU SUSAKI, Diretor geral da Funda\u00e7\u00e3o Jap\u00e3o.\" width=\"700\" height=\"394\" src=\"https:\/\/www.youtube.com\/embed\/ODFYrTWJQk4?feature=oembed\" frameborder=\"0\" allow=\"accelerometer; autoplay; encrypted-media; gyroscope; picture-in-picture\" allowfullscreen><\/iframe><\/div>\n<p>&nbsp;<\/p>\n<p>A Funda\u00e7\u00e3o Jap\u00e3o agradece a todos aqueles que dispenderam de seu tempo para preparar as v\u00eddeo-mensagens participantes, bem como a todos os que estiveram envolvidos para que o projeto pudesse ser viabilizado.<\/p>\n<p>Confira a lista completa dos participantes do projeto TODOS JUNTOS:<\/p>\n<p>&nbsp;<\/p>\n<p><a href=\"https:\/\/fjsp.org.br\/fjsp\/todos-juntos-masa\/\">MASA<\/a><br \/>\n<a href=\"https:\/\/fjsp.org.br\/fjsp\/todos-juntos-sofia-nanka-kamatani\/\">Sofia Nanka Kamatani<\/a><br \/>\n<a href=\"https:\/\/fjsp.org.br\/fjsp\/todos-juntos-hiroyuki-hashiguchi\/\">Hiroyuki Hashiguchi<\/a><br \/>\n<a href=\"https:\/\/fjsp.org.br\/fjsp\/todos-juntos-danilo-tomic-baikyo-e-cris-miguel\/\">Danilo Tomic Baikyo e Cris Miguel<\/a><br \/>\n<a href=\"https:\/\/fjsp.org.br\/fjsp\/todos-juntos-reison-kuroda\/\">Reison Kuroda<\/a><br \/>\n<a href=\"https:\/\/fjsp.org.br\/fjsp\/todos-juntos-mari-kanegae\/\">Mari Kanegae<\/a><br \/>\n<a href=\"https:\/\/fjsp.org.br\/fjsp\/todos-juntos-mochinosha\/\">MOCHINOSHA<\/a><br \/>\n<a href=\"https:\/\/fjsp.org.br\/fjsp\/todos-juntos-wadaiko-sho\/\">Wadaiko Sho<\/a><br \/>\n<a href=\"https:\/\/fjsp.org.br\/fjsp\/todos-juntos-yoko-tawada\/\">Yoko Tawada<\/a><br \/>\n<a href=\"https:\/\/fjsp.org.br\/fjsp\/todos-juntos-telma-shiraishi\/\">Telma Shiraishi<\/a><br \/>\n<a href=\"https:\/\/fjsp.org.br\/fjsp\/todos-juntos-reatmo\/\">REATMO<\/a><br \/>\n<a href=\"https:\/\/fjsp.org.br\/fjsp\/todos-juntos-rita-kohl\/\">Rita Kohl<\/a><br \/>\n<a href=\"https:\/\/fjsp.org.br\/fjsp\/todos-juntos-akiko-sakurai\/\">Akiko Sakurai<\/a><br \/>\n<a href=\"https:\/\/fjsp.org.br\/fjsp\/todos-juntos-emilie-sugai\/\">Emilie Sugai<\/a><br \/>\n<a href=\"https:\/\/fjsp.org.br\/fjsp\/todos-juntos-aki\/\">Aki<\/a><br \/>\n<a href=\"https:\/\/fjsp.org.br\/fjsp\/todos-juntos-victor-kinjo\/\">Victor Kinjo<\/a><br \/>\n<a href=\"https:\/\/fjsp.org.br\/fjsp\/todos-juntos-guilherme-petreca\/\">Guilherme Petreca<\/a><br \/>\n<a href=\"https:\/\/fjsp.org.br\/fjsp\/todos-juntos-hiltyandbosch\/\">Hilty &amp; Bosch<\/a><br \/>\n<a href=\"https:\/\/fjsp.org.br\/fjsp\/todos-juntos-sebastian-masuda\/\">Sebastian Masuda<\/a><br \/>\n<a href=\"https:\/\/fjsp.org.br\/fjsp\/todos-juntos-poliana-okimoto\/\">Poliana Okimoto<\/a><br \/>\n<a href=\"https:\/\/fjsp.org.br\/fjsp\/todos-juntos-hugo-hoyama\/\">Hugo Hoyama<\/a><br \/>\n<a href=\"https:\/\/fjsp.org.br\/fjsp\/todos-juntos-satoru-akimoto\/\">Satoru Akimoto<\/a><\/p>\n<p>&nbsp;<\/p>\n<p>Todas as apresenta\u00e7\u00f5es est\u00e3o dispon\u00edveis <a href=\"https:\/\/fjsp.org.br\/fjsp\/agenda\/todos-juntos\/\">na nossa p\u00e1gina<\/a>.<\/p>\n<p>&nbsp;<\/p>\n","protected":false},"excerpt":{"rendered":"<p>A Funda\u00e7\u00e3o Jap\u00e3o, por meio de suas redes sociais, divulgou ao longo de quase tr\u00eas meses, o projeto TODOS JUNTOS, que reuniu v\u00eddeo-mensagens de artistas e outras personalidades brasileiras e japonesas em apoio \u00e0 popula\u00e7\u00e3o brasileira, em virtude da situa\u00e7\u00e3o em que o pa\u00eds se encontra, tranquilizando e trazendo esperan\u00e7a a todos aqueles que vivem [&hellip;]<\/p>\n","protected":false},"author":33,"featured_media":0,"parent":0,"menu_order":0,"comment_status":"closed","ping_status":"closed","template":"","meta":{"_acf_changed":false,"footnotes":""},"class_list":["post-12568","page","type-page","status-publish","hentry"],"acf":[],"_links":{"self":[{"href":"https:\/\/fjsp.org.br\/fjsp\/wp-json\/wp\/v2\/pages\/12568","targetHints":{"allow":["GET"]}}],"collection":[{"href":"https:\/\/fjsp.org.br\/fjsp\/wp-json\/wp\/v2\/pages"}],"about":[{"href":"https:\/\/fjsp.org.br\/fjsp\/wp-json\/wp\/v2\/types\/page"}],"author":[{"embeddable":true,"href":"https:\/\/fjsp.org.br\/fjsp\/wp-json\/wp\/v2\/users\/33"}],"replies":[{"embeddable":true,"href":"https:\/\/fjsp.org.br\/fjsp\/wp-json\/wp\/v2\/comments?post=12568"}],"version-history":[{"count":2,"href":"https:\/\/fjsp.org.br\/fjsp\/wp-json\/wp\/v2\/pages\/12568\/revisions"}],"predecessor-version":[{"id":12577,"href":"https:\/\/fjsp.org.br\/fjsp\/wp-json\/wp\/v2\/pages\/12568\/revisions\/12577"}],"wp:attachment":[{"href":"https:\/\/fjsp.org.br\/fjsp\/wp-json\/wp\/v2\/media?parent=12568"}],"curies":[{"name":"wp","href":"https:\/\/api.w.org\/{rel}","templated":true}]}}