{"id":12578,"date":"2020-08-15T15:02:34","date_gmt":"2020-08-15T18:02:34","guid":{"rendered":"https:\/\/fjsp.org.br\/fjsp\/?page_id=12578"},"modified":"2021-04-01T12:52:11","modified_gmt":"2021-04-01T15:52:11","slug":"musica-no-castelo-jumei-tokumaru","status":"publish","type":"page","link":"https:\/\/fjsp.org.br\/fjsp\/musica-no-castelo-jumei-tokumaru\/","title":{"rendered":"Jumei Tokumaru (Shakuhachi)"},"content":{"rendered":"<h5 style=\"text-align: right;\"><a href=\"https:\/\/fjsp.org.br\/fjsp\/musica-no-castelo-jumei-tokumaru-jap\/\">\u65e5\u672c\u8a9e<\/a> | <a href=\"https:\/\/fjsp.org.br\/fjsp\/musica-no-castelo-jumei-tokumaru-ing\/\">English<\/a> | <a href=\"https:\/\/fjsp.org.br\/fjsp\/musica-no-castelo-jumei-tokumaru-esp\/\">Espa\u00f1ol<\/a><\/h5>\n<p>&nbsp;<\/p>\n<p><img fetchpriority=\"high\" decoding=\"async\" class=\"img-responsive img-fluid wp-image-12587 aligncenter\" src=\"https:\/\/fjsp.org.br\/fjsp\/wp-content\/uploads\/2020\/08\/jumei-site1.jpg\" alt=\"\" width=\"600\" height=\"400\" srcset=\"https:\/\/fjsp.org.br\/fjsp\/wp-content\/uploads\/2020\/08\/jumei-site1.jpg 1000w, https:\/\/fjsp.org.br\/fjsp\/wp-content\/uploads\/2020\/08\/jumei-site1-280x187.jpg 280w, https:\/\/fjsp.org.br\/fjsp\/wp-content\/uploads\/2020\/08\/jumei-site1-768x512.jpg 768w, https:\/\/fjsp.org.br\/fjsp\/wp-content\/uploads\/2020\/08\/jumei-site1-340x227.jpg 340w, https:\/\/fjsp.org.br\/fjsp\/wp-content\/uploads\/2020\/08\/jumei-site1-220x147.jpg 220w, https:\/\/fjsp.org.br\/fjsp\/wp-content\/uploads\/2020\/08\/jumei-site1-100x67.jpg 100w, https:\/\/fjsp.org.br\/fjsp\/wp-content\/uploads\/2020\/08\/jumei-site1-130x87.jpg 130w, https:\/\/fjsp.org.br\/fjsp\/wp-content\/uploads\/2020\/08\/jumei-site1-460x307.jpg 460w\" sizes=\"(max-width: 600px) 100vw, 600px\" \/><\/p>\n<p>&nbsp;<\/p>\n<p>O primeiro concerto do projeto M\u00fasica no Castelo, realizado pela Funda\u00e7\u00e3o Jap\u00e3o, ser\u00e1 dedicado ao \u201cshakuhachi\u201d, flauta tradicional japonesa de bambu, com o mestre japon\u00eas <strong>Jumei Tokumaru<\/strong>.<\/p>\n<p>Esse instrumento r\u00fastico, com cinco orif\u00edcios, foi introduzido no Jap\u00e3o com a m\u00fasica da corte, que chamamos de \u201cGagaku\u201d.<\/p>\n<p>O Gagaku \u00e9 um tipo de m\u00fasica cl\u00e1ssica japonesa e tamb\u00e9m um termo usado para a orquestra da corte formada por sopros, cordas e percuss\u00e3o, que foi apresentada na Corte Imperial em Quioto por v\u00e1rios s\u00e9culos.<\/p>\n<p>A m\u00fasica do Gagaku consiste em can\u00e7\u00f5es, dan\u00e7as religiosas e folcl\u00f3ricas nativas xinto\u00edstas chamadas de <em>kuniburi no utamai<\/em>, uma forma <em>koguryo<\/em> ou <em>goguryo<\/em>, que foi um antigo reino coreano, localizado nas regi\u00f5es centro-setentricionais da pen\u00ednsula Coreana no sul da Manch\u00faria.<\/p>\n<p>Mas o Gagaku que entrou no Jap\u00e3o, chegou via China, no mesmo per\u00edodo em que novas t\u00e9cnicas de cultivo de arroz e o budismo fizeram parte desse pacote cultural chin\u00eas, que mudaria a sociedade japonesa.<\/p>\n<p>&nbsp;<\/p>\n<h3><strong>O shakuhachi<\/strong><\/h3>\n<p>O shakuhachi era um dos instrumentos de sopro desse conjunto musical. O tamanho mais comum \u00e9 de 1.8 shaku (1 shaku = 30 cent\u00edmetros). \u00a0O tipo de bambu usado \u00e9 o \u201cMadake\u201d, uma qualidade de bambu muito r\u00edgida, com paredes grossas, o que d\u00e1 ao instrumento qualidade e profundidade no som.<\/p>\n<p>&nbsp;<\/p>\n<p><img decoding=\"async\" class=\"img-responsive img-fluid wp-image-12586 aligncenter\" src=\"https:\/\/fjsp.org.br\/fjsp\/wp-content\/uploads\/2020\/08\/shakuhachi-vertical.jpeg\" alt=\"\" width=\"300\" height=\"400\" srcset=\"https:\/\/fjsp.org.br\/fjsp\/wp-content\/uploads\/2020\/08\/shakuhachi-vertical.jpeg 960w, https:\/\/fjsp.org.br\/fjsp\/wp-content\/uploads\/2020\/08\/shakuhachi-vertical-280x373.jpeg 280w, https:\/\/fjsp.org.br\/fjsp\/wp-content\/uploads\/2020\/08\/shakuhachi-vertical-768x1024.jpeg 768w, https:\/\/fjsp.org.br\/fjsp\/wp-content\/uploads\/2020\/08\/shakuhachi-vertical-340x453.jpeg 340w, https:\/\/fjsp.org.br\/fjsp\/wp-content\/uploads\/2020\/08\/shakuhachi-vertical-220x293.jpeg 220w, https:\/\/fjsp.org.br\/fjsp\/wp-content\/uploads\/2020\/08\/shakuhachi-vertical-100x133.jpeg 100w, https:\/\/fjsp.org.br\/fjsp\/wp-content\/uploads\/2020\/08\/shakuhachi-vertical-130x173.jpeg 130w, https:\/\/fjsp.org.br\/fjsp\/wp-content\/uploads\/2020\/08\/shakuhachi-vertical-460x613.jpeg 460w\" sizes=\"(max-width: 300px) 100vw, 300px\" \/><\/p>\n<p>&nbsp;<\/p>\n<p>A escala natural \u00e9 uma pentat\u00f4nica de r\u00e9, ou seja, temos r\u00e9\/f\u00e1\/sol\/l\u00e1\/d\u00f3, mas \u00e9 poss\u00edvel tocar outras escalas com mudan\u00e7a no \u00e2ngulo da embocadura e diferentes posi\u00e7\u00f5es de dedos.<\/p>\n<p>Existem tamb\u00e9m outros tipos de Shakuhachi, com comprimentos diferentes, produzindo a mesma escala pentat\u00f4nica em diferentes alturas das notas.<\/p>\n<p>Al\u00e9m das m\u00fasicas de corte, que n\u00e3o eram tocadas em p\u00fablico, existem composi\u00e7\u00f5es para o shakuhachi datadas da era Nara, s\u00e9culo VII. O shakuhachi era tocado como parte das cerim\u00f4nias e pr\u00e1ticas do Zen Budismo, mais especificamente na fac\u00e7\u00e3o Fuke japonesa. Era o instrumento preferido dos sacerdotes peregrinos, que chamamos de \u201ckomuso\u201d, que usavam um grande chap\u00e9u em forma de cesto. Uma das tradu\u00e7\u00f5es para estes tocadores seria: \u201csacerdotes do vazio\u201d, ou seja, n\u00e3o mostrar o rosto e a total aus\u00eancia de ego.<\/p>\n<p>&nbsp;<\/p>\n<p><img decoding=\"async\" class=\"img-responsive img-fluid wp-image-12590 aligncenter\" src=\"https:\/\/fjsp.org.br\/fjsp\/wp-content\/uploads\/2020\/08\/jumei-site4.jpg\" alt=\"\" width=\"300\" height=\"450\" srcset=\"https:\/\/fjsp.org.br\/fjsp\/wp-content\/uploads\/2020\/08\/jumei-site4.jpg 1000w, https:\/\/fjsp.org.br\/fjsp\/wp-content\/uploads\/2020\/08\/jumei-site4-280x420.jpg 280w, https:\/\/fjsp.org.br\/fjsp\/wp-content\/uploads\/2020\/08\/jumei-site4-768x1152.jpg 768w, https:\/\/fjsp.org.br\/fjsp\/wp-content\/uploads\/2020\/08\/jumei-site4-340x510.jpg 340w, https:\/\/fjsp.org.br\/fjsp\/wp-content\/uploads\/2020\/08\/jumei-site4-220x330.jpg 220w, https:\/\/fjsp.org.br\/fjsp\/wp-content\/uploads\/2020\/08\/jumei-site4-100x150.jpg 100w, https:\/\/fjsp.org.br\/fjsp\/wp-content\/uploads\/2020\/08\/jumei-site4-130x195.jpg 130w, https:\/\/fjsp.org.br\/fjsp\/wp-content\/uploads\/2020\/08\/jumei-site4-460x690.jpg 460w\" sizes=\"(max-width: 300px) 100vw, 300px\" \/><\/p>\n<p>&nbsp;<\/p>\n<p>No in\u00edcio do per\u00edodo Edo, s\u00e9culo XVII, surge a escola Kinko, que sem perder os aspectos religiosos, passou a utilizar o instrumento puramente para a m\u00fasica.<\/p>\n<p>O Monge-samurai Kinko Kurosawa \u00e9 o fundador dessa escola. Ele percorreu o Jap\u00e3o visitando e coletando cantos nos diferentes templos zen budistas e, a partir desses registros, tivemos as primeiras anota\u00e7\u00f5es que se transformaram em partituras, criando o \u201cHonkyoku\u201d, a m\u00fasica original para shakuhachi. Ao todos, s\u00e3o 36 m\u00fasicas ou cantos solos.<\/p>\n<p>&nbsp;<\/p>\n<p><em>Hifumi Hachigaeshi no Shirabe<\/em>\u00a0 \u4e00\u4e8c\u4e09\u9262\u8fd4\u306e\u8abf<\/p>\n<p><em>Taki-ochi no Kyoku (Taki-otoshi no Kyoku)<\/em>\u00a0 \u7027\u843d\u306e\u66f2<\/p>\n<p><em>Akita Sugagaki<\/em>\u00a0 \u79cb\u7530\u83c5\u57a3<\/p>\n<p><em>Koro Sugagaki<\/em>\u00a0 \u8ee2\u83c5\u57a3<\/p>\n<p><em>Ky\u016bsh\u016b Reibo<\/em>\u00a0 \u4e5d\u5dde\u9234\u6155<\/p>\n<p><em>Shizu no Kyoku<\/em>\u00a0 \u5fd7\u56f3\u306e\u66f2<\/p>\n<p><em>Ky\u014d Reibo\u00a0<\/em> \u4eac\u9234\u6155<\/p>\n<p><em>Mukaiji Reibo<\/em>\u00a0 \u9727\u6d77\u7b8e<\/p>\n<p><em>Kok\u016b Reibo<\/em>\u00a0 \u865a\u7a7a<\/p>\n<p>a) <em>Kok\u016b Kaete (Ikkan-ry\u016b)\u00a0<\/em> \u865a\u7a7a\u66ff\u624b (\u4e00\u95a2\u6d41)<br \/>\nb) <em>Banshikich\u014d\u00a0<\/em> \u76e4\u6e09\u8abf<\/p>\n<p><em>Shin Kyorei<\/em>\u00a0 \u771f\u865a\u970a<\/p>\n<p><em>Kinsan Kyorei<\/em>\u00a0 \u7434\u4e09\u865a\u970a<\/p>\n<p><em>Yoshiya Reibo<\/em>\u00a0 \u5409\u91ce\u9234\u6155<\/p>\n<p><em>Y\u016bgure no Kyoku<\/em>\u00a0 \u5915\u66ae\u306e\u66f2<\/p>\n<p><em>Sakai Jishi<\/em>\u00a0 \u6804\u7345\u5b50<\/p>\n<p><em>Uchikae Kyorei\u00a0<\/em> \u6253\u66ff\u865a\u970a<\/p>\n<p><em>Igusa Reibo\u00a0<\/em> \u8466\u8349\u9234\u6155<\/p>\n<p><em>Izu Reibo<\/em>\u00a0 \u4f0a\u8c46\u9234\u6155<\/p>\n<p><em>Reibo Nagashi<\/em>\u00a0 \u9234\u6155\u6d41<\/p>\n<p><em>S\u014dkaku Reibo<\/em>\u00a0 \u5de3\u9db4\u9234\u6155<\/p>\n<p><em>Sanya Sugagaki<\/em>\u00a0 \u4e09\u8c37\u83c5\u57a3<\/p>\n<p><em>Shimotsuke Kyorei<\/em>\u00a0 \u4e0b\u91ce\u865a\u970a<\/p>\n<p><em>Meguro-jishi<\/em>\u00a0 \u76ee\u9ed2\u7345\u5b50<\/p>\n<p><em>Ginry\u016b Kok\u016b<\/em>\u00a0 \u541f\u9f8d\u865a\u7a7a<\/p>\n<p><em>Sayama Sugagaki<\/em>\u00a0 \u4f50\u5c71\u83c5\u57a3<\/p>\n<p><em>Sagari Ha no Kyoku<\/em>\u00a0 \u4e0b\u308a\u8449\u306e\u66f2<\/p>\n<p><em>Namima Reibo<\/em>\u00a0 \u6ce2\u9593\u9234\u6155<\/p>\n<p><em>Shika no T\u014dne<\/em>\u00a0 \u9e7f\u306e\u9060\u97f3<\/p>\n<p><em>H\u014dsh\u014dsu<\/em>\u00a0 \u9cf3\u5c06\u96db<\/p>\n<p><em>Akebono no Shirabe<\/em>\u00a0 \u66d9\u306e\u8abf<\/p>\n<p><em>Akebono Sugagaki<\/em>\u00a0 \u66d9\u83c5\u57a3<\/p>\n<p><em>Ashi no Shirabe<\/em>\u00a0 \u82a6\u306e\u8abf<\/p>\n<p><em>Kotoji no Kyoku<\/em>\u00a0 \u7434\u67f1\u306e\u66f2<\/p>\n<p><em>Kinuta Sugomori<\/em>\u00a0 \u7827\u5de3\u7c60<\/p>\n<p><em>Tsuki no Kyoku<\/em>\u00a0 \u6708\u306e\u66f2<\/p>\n<p><em>Kotobuki no Shirabe<\/em>\u00a0 \u5bff\u306e\u8abf<\/p>\n<p>&nbsp;<\/p>\n<p><img loading=\"lazy\" decoding=\"async\" class=\"img-responsive img-fluid wp-image-12592 aligncenter\" src=\"https:\/\/fjsp.org.br\/fjsp\/wp-content\/uploads\/2020\/08\/shakuhachi-lateral.jpg\" alt=\"\" width=\"520\" height=\"221\" srcset=\"https:\/\/fjsp.org.br\/fjsp\/wp-content\/uploads\/2020\/08\/shakuhachi-lateral.jpg 567w, https:\/\/fjsp.org.br\/fjsp\/wp-content\/uploads\/2020\/08\/shakuhachi-lateral-280x119.jpg 280w, https:\/\/fjsp.org.br\/fjsp\/wp-content\/uploads\/2020\/08\/shakuhachi-lateral-340x145.jpg 340w, https:\/\/fjsp.org.br\/fjsp\/wp-content\/uploads\/2020\/08\/shakuhachi-lateral-220x94.jpg 220w, https:\/\/fjsp.org.br\/fjsp\/wp-content\/uploads\/2020\/08\/shakuhachi-lateral-100x43.jpg 100w, https:\/\/fjsp.org.br\/fjsp\/wp-content\/uploads\/2020\/08\/shakuhachi-lateral-130x55.jpg 130w, https:\/\/fjsp.org.br\/fjsp\/wp-content\/uploads\/2020\/08\/shakuhachi-lateral-460x196.jpg 460w\" sizes=\"(max-width: 520px) 100vw, 520px\" \/><\/p>\n<p>&nbsp;<\/p>\n<p>H\u00e1 cerca de cem anos, surgiu uma nova escola, \u201cTozan Ryu\u201d. Existem diferen\u00e7as na t\u00e9cnica de execu\u00e7\u00e3o dos instrumentos e at\u00e9 mesmo na estrutura, como a coloca\u00e7\u00e3o do quinto orif\u00edcio numa posi\u00e7\u00e3o mais abaixo.<\/p>\n<p>Este estilo mais moderno foi respons\u00e1vel pela amplia\u00e7\u00e3o do repert\u00f3rio do shakuhachi al\u00e9m das m\u00fasicas tradicionais. Vale lembrar o grande mestre do estilo tozan, Yamamoto Hozan, que na d\u00e9cada de 70 lan\u00e7ou um LP tocando jazz com o shakuhachi. O LP, lan\u00e7ado nos Estados Unidos e no Jap\u00e3o, al\u00e9m da novidade dessa \u201cfus\u00e3o\u201d, foi respons\u00e1vel pela divulga\u00e7\u00e3o do shakuhachi fora do Jap\u00e3o.<\/p>\n<p>&nbsp;<\/p>\n<h3><strong>Jumei Tokumaru<\/strong><\/h3>\n<p><img loading=\"lazy\" decoding=\"async\" class=\"img-responsive img-fluid alignnone wp-image-12588\" src=\"https:\/\/fjsp.org.br\/fjsp\/wp-content\/uploads\/2020\/08\/jumei-site2.jpg\" alt=\"\" width=\"300\" height=\"450\" srcset=\"https:\/\/fjsp.org.br\/fjsp\/wp-content\/uploads\/2020\/08\/jumei-site2.jpg 1000w, https:\/\/fjsp.org.br\/fjsp\/wp-content\/uploads\/2020\/08\/jumei-site2-280x420.jpg 280w, https:\/\/fjsp.org.br\/fjsp\/wp-content\/uploads\/2020\/08\/jumei-site2-768x1152.jpg 768w, https:\/\/fjsp.org.br\/fjsp\/wp-content\/uploads\/2020\/08\/jumei-site2-340x510.jpg 340w, https:\/\/fjsp.org.br\/fjsp\/wp-content\/uploads\/2020\/08\/jumei-site2-220x330.jpg 220w, https:\/\/fjsp.org.br\/fjsp\/wp-content\/uploads\/2020\/08\/jumei-site2-100x150.jpg 100w, https:\/\/fjsp.org.br\/fjsp\/wp-content\/uploads\/2020\/08\/jumei-site2-130x195.jpg 130w, https:\/\/fjsp.org.br\/fjsp\/wp-content\/uploads\/2020\/08\/jumei-site2-460x690.jpg 460w\" sizes=\"(max-width: 300px) 100vw, 300px\" \/><\/p>\n<p>&nbsp;<\/p>\n<p>O mestre Jumei Tokumaru\u00a0 aprendeu a tocar o Kinko-ryu shakuhachi com o pai desde crian\u00e7a. Se formou na Universidade de Belas Artes de T\u00f3quio, com mestrado em shakuhachi. Enquanto estudante, estudou com Goro Yamaguchi, um tesouro nacional vivo. J\u00e1 se apresentou na Europa, Am\u00e9rica, R\u00fassia, \u00cdndia, \u00c1frica e muitos outros pa\u00edses ao redor do mundo. Tamb\u00e9m ensina alunos mais jovens como professor na Universidade de Artes de T\u00f3quio, no Departamento de M\u00fasica Japonesa Tradicional Shakuhachi. Recebeu o 58\u00ba Pr\u00eamio de Incentivo \u00e0 Arte do Ministro da Educa\u00e7\u00e3o, Cultura, Esportes, Ci\u00eancia e Tecnologia em 2007. Foi agraciado com o Pr\u00eamio de Incentivo \u00e0 Cultura da Cidade Edogawa, em 2008, e o CD &#8220;Kinko-Ryu Shakuhachi Tokumaru Jumei&#8221; (Cultura Tradicional Victor Funda\u00e7\u00e3o) e &#8220;Yugen naru Hibiki: Shakuhachi de Yamaguchi Goro e sua vida&#8221; (Geijutsu Shuppan-Sha). \u00c9 l\u00edder do estilo Kinko de shakuhachi-Gado-ka.<\/p>\n<p>Tokumaru foi um dos principais alunos do mestre Goro Yamaguchi e especialista em \u201cHonkyoku\u201d, a m\u00fasica original para shakuhachi. \u00c9 membro da Associa\u00e7\u00e3o Chikumeisha do Jap\u00e3o. Neste concerto, tocar\u00e1 duas pe\u00e7as do repert\u00f3rio Honkyoku: \u201cHifumi Hachigaeshi no Shirabe\u201d, a primeira pe\u00e7a de Honkyoku que aprendemos, e \u201cSokaku Reibo\u201d, uma pe\u00e7a de dif\u00edcil interpreta\u00e7\u00e3o, que foi gravada pelo mestre Goro Yamaguchi. Esta pe\u00e7a est\u00e1 viajando no espa\u00e7o sideral, na nave Voyager II, lan\u00e7ada em 20 de agosto de 1977.<\/p>\n<p>&nbsp;<\/p>\n<p style=\"text-align: center;\"><a href=\"https:\/\/www.youtube.com\/watch?v=7ClLfCWx3QA\" target=\"_blank\" rel=\"noopener noreferrer\"><strong>Assista a apresenta\u00e7\u00e3o de Jumei Tokumaru no projeto M\u00fasica no Castelo.<\/strong><\/a><\/p>\n<p>&nbsp;<\/p>\n<p><img loading=\"lazy\" decoding=\"async\" class=\"img-responsive img-fluid wp-image-12591 aligncenter\" src=\"https:\/\/fjsp.org.br\/fjsp\/wp-content\/uploads\/2020\/08\/jumei-site5.jpg\" alt=\"\" width=\"600\" height=\"400\" srcset=\"https:\/\/fjsp.org.br\/fjsp\/wp-content\/uploads\/2020\/08\/jumei-site5.jpg 1000w, https:\/\/fjsp.org.br\/fjsp\/wp-content\/uploads\/2020\/08\/jumei-site5-280x187.jpg 280w, https:\/\/fjsp.org.br\/fjsp\/wp-content\/uploads\/2020\/08\/jumei-site5-768x512.jpg 768w, https:\/\/fjsp.org.br\/fjsp\/wp-content\/uploads\/2020\/08\/jumei-site5-340x227.jpg 340w, https:\/\/fjsp.org.br\/fjsp\/wp-content\/uploads\/2020\/08\/jumei-site5-220x147.jpg 220w, https:\/\/fjsp.org.br\/fjsp\/wp-content\/uploads\/2020\/08\/jumei-site5-100x67.jpg 100w, https:\/\/fjsp.org.br\/fjsp\/wp-content\/uploads\/2020\/08\/jumei-site5-130x87.jpg 130w, https:\/\/fjsp.org.br\/fjsp\/wp-content\/uploads\/2020\/08\/jumei-site5-460x307.jpg 460w\" sizes=\"(max-width: 600px) 100vw, 600px\" \/><\/p>\n<p style=\"text-align: center;\"><a href=\"https:\/\/jumei.jp\/\" target=\"_blank\" rel=\"noopener noreferrer\"><strong>SITE OFICIAL JUMEI TOKUMARU<\/strong><\/a><\/p>\n<h3 style=\"text-align: center;\"><a href=\"https:\/\/fjsp.org.br\/fjsp\/agenda\/musica-no-castelo\/\"><strong>M\u00fasica no Castelo<\/strong><\/a><\/h3>\n","protected":false},"excerpt":{"rendered":"<p>\u65e5\u672c\u8a9e | English | Espa\u00f1ol &nbsp; &nbsp; O primeiro concerto do projeto M\u00fasica no Castelo, realizado pela Funda\u00e7\u00e3o Jap\u00e3o, ser\u00e1 dedicado ao \u201cshakuhachi\u201d, flauta tradicional japonesa de bambu, com o mestre japon\u00eas Jumei Tokumaru. Esse instrumento r\u00fastico, com cinco orif\u00edcios, foi introduzido no Jap\u00e3o com a m\u00fasica da corte, que chamamos de \u201cGagaku\u201d. O Gagaku [&hellip;]<\/p>\n","protected":false},"author":33,"featured_media":0,"parent":0,"menu_order":0,"comment_status":"closed","ping_status":"closed","template":"","meta":{"_acf_changed":false,"footnotes":""},"class_list":["post-12578","page","type-page","status-publish","hentry"],"acf":[],"_links":{"self":[{"href":"https:\/\/fjsp.org.br\/fjsp\/wp-json\/wp\/v2\/pages\/12578","targetHints":{"allow":["GET"]}}],"collection":[{"href":"https:\/\/fjsp.org.br\/fjsp\/wp-json\/wp\/v2\/pages"}],"about":[{"href":"https:\/\/fjsp.org.br\/fjsp\/wp-json\/wp\/v2\/types\/page"}],"author":[{"embeddable":true,"href":"https:\/\/fjsp.org.br\/fjsp\/wp-json\/wp\/v2\/users\/33"}],"replies":[{"embeddable":true,"href":"https:\/\/fjsp.org.br\/fjsp\/wp-json\/wp\/v2\/comments?post=12578"}],"version-history":[{"count":2,"href":"https:\/\/fjsp.org.br\/fjsp\/wp-json\/wp\/v2\/pages\/12578\/revisions"}],"predecessor-version":[{"id":16234,"href":"https:\/\/fjsp.org.br\/fjsp\/wp-json\/wp\/v2\/pages\/12578\/revisions\/16234"}],"wp:attachment":[{"href":"https:\/\/fjsp.org.br\/fjsp\/wp-json\/wp\/v2\/media?parent=12578"}],"curies":[{"name":"wp","href":"https:\/\/api.w.org\/{rel}","templated":true}]}}