{"id":12824,"date":"2020-09-30T09:00:35","date_gmt":"2020-09-30T12:00:35","guid":{"rendered":"https:\/\/fjsp.org.br\/fjsp\/?page_id=12824"},"modified":"2021-08-27T09:28:42","modified_gmt":"2021-08-27T12:28:42","slug":"traducaoemfoco_licahashimoto_licoes_de_vida","status":"publish","type":"page","link":"https:\/\/fjsp.org.br\/fjsp\/traducaoemfoco_licahashimoto_licoes_de_vida\/","title":{"rendered":"Lica Hashimoto &#8211; Li\u00e7\u00f5es de vida"},"content":{"rendered":"<h5 style=\"text-align: right\"><a href=\"https:\/\/fjsp.org.br\/fjsp\/traducaoemfoco\/\">Tradu\u00e7\u00e3o em Foco<\/a> &gt; Li\u00e7\u00f5es de vida<\/h5>\n<p><img fetchpriority=\"high\" decoding=\"async\" class=\"img-responsive img-fluid wp-image-12826 aligncenter\" src=\"https:\/\/fjsp.org.br\/fjsp\/wp-content\/uploads\/2020\/09\/banner-site-03.jpg\" alt=\"\" width=\"1200\" height=\"214\" srcset=\"https:\/\/fjsp.org.br\/fjsp\/wp-content\/uploads\/2020\/09\/banner-site-03.jpg 2501w, https:\/\/fjsp.org.br\/fjsp\/wp-content\/uploads\/2020\/09\/banner-site-03-280x50.jpg 280w, https:\/\/fjsp.org.br\/fjsp\/wp-content\/uploads\/2020\/09\/banner-site-03-768x137.jpg 768w, https:\/\/fjsp.org.br\/fjsp\/wp-content\/uploads\/2020\/09\/banner-site-03-1536x275.jpg 1536w, https:\/\/fjsp.org.br\/fjsp\/wp-content\/uploads\/2020\/09\/banner-site-03-2048x366.jpg 2048w, https:\/\/fjsp.org.br\/fjsp\/wp-content\/uploads\/2020\/09\/banner-site-03-340x61.jpg 340w, https:\/\/fjsp.org.br\/fjsp\/wp-content\/uploads\/2020\/09\/banner-site-03-220x39.jpg 220w, https:\/\/fjsp.org.br\/fjsp\/wp-content\/uploads\/2020\/09\/banner-site-03-100x18.jpg 100w, https:\/\/fjsp.org.br\/fjsp\/wp-content\/uploads\/2020\/09\/banner-site-03-130x23.jpg 130w, https:\/\/fjsp.org.br\/fjsp\/wp-content\/uploads\/2020\/09\/banner-site-03-460x82.jpg 460w\" sizes=\"(max-width: 1200px) 100vw, 1200px\" \/><\/p>\n<p>&nbsp;<\/p>\n<p>As obras liter\u00e1rias sempre contam hist\u00f3rias que me ensinam preciosas li\u00e7\u00f5es de vida. Traduzir \u00e9 compartilhar essas hist\u00f3rias para que elas tamb\u00e9m proporcionarem lazer e conhecimento para os leitores.<\/p>\n<p>Certo dia, quando eu ainda era estudante de Letras, lembro-me que tive uma epifania ao ver in\u00fameras prateleiras de literatura mundial na biblioteca da faculdade. Se eu fosse escritora, descreveria essa cena em grande estilo, com direito a trilha sonora e efeitos especiais. Um imenso feixe de luz vindo do c\u00e9u a iluminar as prateleiras de livros com as literaturas do mundo inteiro que podiam ser lidas em portugu\u00eas: arm\u00eania, \u00e1rabe, russa, hebraica, chinesa, s\u00e2nscrita, coreana, alem\u00e3, francesa, inglesa, italiana, japonesa, espanhola e os cl\u00e1ssicos latim e grego e muitas outras l\u00ednguas.<\/p>\n<p>O mundo se descortinou. A epifania dos meus dezoito anos me provocou um profundo sentimento de gratid\u00e3o e carinho por todos os escritores e tradutores do mundo.<\/p>\n<p>O ato de ler e de traduzir estabelecem um v\u00ednculo especial com a narrativa e, n\u00e3o raro, ela passa a dialogar com as nossas experi\u00eancias de vida.<\/p>\n<p>&nbsp;<\/p>\n<h5 style=\"text-align: center\"><strong><a href=\"https:\/\/www.youtube.com\/watch?v=kCvjTiIWTXk\" target=\"_blank\" rel=\"noopener noreferrer\">clique aqui para assistir ao v\u00eddeo de apresenta\u00e7\u00e3o da Lica Hashimoto<\/a><\/strong><\/h5>\n<p>&nbsp;<\/p>\n<hr \/>\n<h3>Para retornar,<\/h3>\n<p><a href=\"https:\/\/fjsp.org.br\/fjsp\/traducaoemfoco_licahashimoto\/\"><img decoding=\"async\" class=\"img-responsive img-fluid alignnone wp-image-12832\" src=\"https:\/\/fjsp.org.br\/fjsp\/wp-content\/uploads\/2020\/09\/identidade-botao-retornar-04.jpg\" alt=\"\" width=\"265\" height=\"233\" srcset=\"https:\/\/fjsp.org.br\/fjsp\/wp-content\/uploads\/2020\/09\/identidade-botao-retornar-04.jpg 522w, https:\/\/fjsp.org.br\/fjsp\/wp-content\/uploads\/2020\/09\/identidade-botao-retornar-04-280x246.jpg 280w, https:\/\/fjsp.org.br\/fjsp\/wp-content\/uploads\/2020\/09\/identidade-botao-retornar-04-340x299.jpg 340w, https:\/\/fjsp.org.br\/fjsp\/wp-content\/uploads\/2020\/09\/identidade-botao-retornar-04-220x193.jpg 220w, https:\/\/fjsp.org.br\/fjsp\/wp-content\/uploads\/2020\/09\/identidade-botao-retornar-04-100x88.jpg 100w, https:\/\/fjsp.org.br\/fjsp\/wp-content\/uploads\/2020\/09\/identidade-botao-retornar-04-130x114.jpg 130w, https:\/\/fjsp.org.br\/fjsp\/wp-content\/uploads\/2020\/09\/identidade-botao-retornar-04-460x404.jpg 460w\" sizes=\"(max-width: 265px) 100vw, 265px\" \/><\/a><a href=\"https:\/\/fjsp.org.br\/fjsp\/traducaoemfoco_licahashimoto_ideal_e_pratica\/\"><img decoding=\"async\" class=\"img-responsive img-fluid alignnone wp-image-12829\" src=\"https:\/\/fjsp.org.br\/fjsp\/wp-content\/uploads\/2020\/09\/identidade-botao-retornar-01.jpg\" alt=\"\" width=\"265\" height=\"233\" srcset=\"https:\/\/fjsp.org.br\/fjsp\/wp-content\/uploads\/2020\/09\/identidade-botao-retornar-01.jpg 522w, https:\/\/fjsp.org.br\/fjsp\/wp-content\/uploads\/2020\/09\/identidade-botao-retornar-01-280x246.jpg 280w, https:\/\/fjsp.org.br\/fjsp\/wp-content\/uploads\/2020\/09\/identidade-botao-retornar-01-340x299.jpg 340w, https:\/\/fjsp.org.br\/fjsp\/wp-content\/uploads\/2020\/09\/identidade-botao-retornar-01-220x193.jpg 220w, https:\/\/fjsp.org.br\/fjsp\/wp-content\/uploads\/2020\/09\/identidade-botao-retornar-01-100x88.jpg 100w, https:\/\/fjsp.org.br\/fjsp\/wp-content\/uploads\/2020\/09\/identidade-botao-retornar-01-130x114.jpg 130w, https:\/\/fjsp.org.br\/fjsp\/wp-content\/uploads\/2020\/09\/identidade-botao-retornar-01-460x404.jpg 460w\" sizes=\"(max-width: 265px) 100vw, 265px\" \/><\/a><a href=\"https:\/\/fjsp.org.br\/fjsp\/traducaoemfoco_licahashimoto_relacionamento_singular\/\"><img loading=\"lazy\" decoding=\"async\" class=\"img-responsive img-fluid alignnone wp-image-12830\" src=\"https:\/\/fjsp.org.br\/fjsp\/wp-content\/uploads\/2020\/09\/identidade-botao-retornar-02.jpg\" alt=\"\" width=\"265\" height=\"233\" srcset=\"https:\/\/fjsp.org.br\/fjsp\/wp-content\/uploads\/2020\/09\/identidade-botao-retornar-02.jpg 522w, https:\/\/fjsp.org.br\/fjsp\/wp-content\/uploads\/2020\/09\/identidade-botao-retornar-02-280x246.jpg 280w, https:\/\/fjsp.org.br\/fjsp\/wp-content\/uploads\/2020\/09\/identidade-botao-retornar-02-340x299.jpg 340w, https:\/\/fjsp.org.br\/fjsp\/wp-content\/uploads\/2020\/09\/identidade-botao-retornar-02-220x193.jpg 220w, https:\/\/fjsp.org.br\/fjsp\/wp-content\/uploads\/2020\/09\/identidade-botao-retornar-02-100x88.jpg 100w, https:\/\/fjsp.org.br\/fjsp\/wp-content\/uploads\/2020\/09\/identidade-botao-retornar-02-130x114.jpg 130w, https:\/\/fjsp.org.br\/fjsp\/wp-content\/uploads\/2020\/09\/identidade-botao-retornar-02-460x404.jpg 460w\" sizes=\"(max-width: 265px) 100vw, 265px\" \/><\/a><\/p>\n<p>&nbsp;<\/p>\n<p><a href=\"https:\/\/fjsp.org.br\/fjsp\/traducaoemfoco\/\"><img loading=\"lazy\" decoding=\"async\" class=\"img-responsive img-fluid wp-image-12833 aligncenter\" src=\"https:\/\/fjsp.org.br\/fjsp\/wp-content\/uploads\/2020\/09\/identidade-botao-retornar-05.jpg\" alt=\"\" width=\"387\" height=\"90\" srcset=\"https:\/\/fjsp.org.br\/fjsp\/wp-content\/uploads\/2020\/09\/identidade-botao-retornar-05.jpg 580w, https:\/\/fjsp.org.br\/fjsp\/wp-content\/uploads\/2020\/09\/identidade-botao-retornar-05-280x65.jpg 280w, https:\/\/fjsp.org.br\/fjsp\/wp-content\/uploads\/2020\/09\/identidade-botao-retornar-05-340x79.jpg 340w, https:\/\/fjsp.org.br\/fjsp\/wp-content\/uploads\/2020\/09\/identidade-botao-retornar-05-220x51.jpg 220w, https:\/\/fjsp.org.br\/fjsp\/wp-content\/uploads\/2020\/09\/identidade-botao-retornar-05-100x23.jpg 100w, https:\/\/fjsp.org.br\/fjsp\/wp-content\/uploads\/2020\/09\/identidade-botao-retornar-05-130x30.jpg 130w, https:\/\/fjsp.org.br\/fjsp\/wp-content\/uploads\/2020\/09\/identidade-botao-retornar-05-460x107.jpg 460w\" sizes=\"(max-width: 387px) 100vw, 387px\" \/><\/a><\/p>\n<hr \/>\n<p><a href=\"https:\/\/fjsp.org.br\/fjsp\/traducaoemfoco_driksada\/\"><img loading=\"lazy\" decoding=\"async\" class=\"img-responsive img-fluid alignnone wp-image-13011\" src=\"https:\/\/fjsp.org.br\/fjsp\/wp-content\/uploads\/2020\/09\/identidade-botao-drik-2-01-01.png\" alt=\"\" width=\"270\" height=\"137\" srcset=\"https:\/\/fjsp.org.br\/fjsp\/wp-content\/uploads\/2020\/09\/identidade-botao-drik-2-01-01.png 1206w, https:\/\/fjsp.org.br\/fjsp\/wp-content\/uploads\/2020\/09\/identidade-botao-drik-2-01-01-280x142.png 280w, https:\/\/fjsp.org.br\/fjsp\/wp-content\/uploads\/2020\/09\/identidade-botao-drik-2-01-01-768x388.png 768w, https:\/\/fjsp.org.br\/fjsp\/wp-content\/uploads\/2020\/09\/identidade-botao-drik-2-01-01-340x172.png 340w, https:\/\/fjsp.org.br\/fjsp\/wp-content\/uploads\/2020\/09\/identidade-botao-drik-2-01-01-220x111.png 220w, https:\/\/fjsp.org.br\/fjsp\/wp-content\/uploads\/2020\/09\/identidade-botao-drik-2-01-01-100x51.png 100w, https:\/\/fjsp.org.br\/fjsp\/wp-content\/uploads\/2020\/09\/identidade-botao-drik-2-01-01-130x66.png 130w, https:\/\/fjsp.org.br\/fjsp\/wp-content\/uploads\/2020\/09\/identidade-botao-drik-2-01-01-460x233.png 460w\" sizes=\"(max-width: 270px) 100vw, 270px\" \/><\/a><a href=\"https:\/\/fjsp.org.br\/fjsp\/traducaoemfoco_stephaniehavir\/\"><img loading=\"lazy\" decoding=\"async\" class=\"img-responsive img-fluid alignnone wp-image-13159\" src=\"https:\/\/fjsp.org.br\/fjsp\/wp-content\/uploads\/2020\/10\/identidade-botao-stephanie-01.jpg\" alt=\"\" width=\"270\" height=\"137\" srcset=\"https:\/\/fjsp.org.br\/fjsp\/wp-content\/uploads\/2020\/10\/identidade-botao-stephanie-01.jpg 1206w, https:\/\/fjsp.org.br\/fjsp\/wp-content\/uploads\/2020\/10\/identidade-botao-stephanie-01-280x142.jpg 280w, https:\/\/fjsp.org.br\/fjsp\/wp-content\/uploads\/2020\/10\/identidade-botao-stephanie-01-768x388.jpg 768w, https:\/\/fjsp.org.br\/fjsp\/wp-content\/uploads\/2020\/10\/identidade-botao-stephanie-01-340x172.jpg 340w, https:\/\/fjsp.org.br\/fjsp\/wp-content\/uploads\/2020\/10\/identidade-botao-stephanie-01-220x111.jpg 220w, https:\/\/fjsp.org.br\/fjsp\/wp-content\/uploads\/2020\/10\/identidade-botao-stephanie-01-100x51.jpg 100w, https:\/\/fjsp.org.br\/fjsp\/wp-content\/uploads\/2020\/10\/identidade-botao-stephanie-01-130x66.jpg 130w, https:\/\/fjsp.org.br\/fjsp\/wp-content\/uploads\/2020\/10\/identidade-botao-stephanie-01-460x233.jpg 460w\" sizes=\"(max-width: 270px) 100vw, 270px\" \/><\/a><a href=\"https:\/\/fjsp.org.br\/fjsp\/traducaoemfoco_jaqueline_nabeta\/\"><img loading=\"lazy\" decoding=\"async\" class=\"img-responsive img-fluid alignnone wp-image-14288\" src=\"https:\/\/fjsp.org.br\/fjsp\/wp-content\/uploads\/2020\/12\/identidade-botao-jaqueline-nabeta-01.png\" alt=\"\" width=\"270\" height=\"137\" srcset=\"https:\/\/fjsp.org.br\/fjsp\/wp-content\/uploads\/2020\/12\/identidade-botao-jaqueline-nabeta-01.png 1206w, https:\/\/fjsp.org.br\/fjsp\/wp-content\/uploads\/2020\/12\/identidade-botao-jaqueline-nabeta-01-280x142.png 280w, https:\/\/fjsp.org.br\/fjsp\/wp-content\/uploads\/2020\/12\/identidade-botao-jaqueline-nabeta-01-768x388.png 768w, https:\/\/fjsp.org.br\/fjsp\/wp-content\/uploads\/2020\/12\/identidade-botao-jaqueline-nabeta-01-340x172.png 340w, https:\/\/fjsp.org.br\/fjsp\/wp-content\/uploads\/2020\/12\/identidade-botao-jaqueline-nabeta-01-220x111.png 220w, https:\/\/fjsp.org.br\/fjsp\/wp-content\/uploads\/2020\/12\/identidade-botao-jaqueline-nabeta-01-100x51.png 100w, https:\/\/fjsp.org.br\/fjsp\/wp-content\/uploads\/2020\/12\/identidade-botao-jaqueline-nabeta-01-130x66.png 130w, https:\/\/fjsp.org.br\/fjsp\/wp-content\/uploads\/2020\/12\/identidade-botao-jaqueline-nabeta-01-460x233.png 460w\" sizes=\"(max-width: 270px) 100vw, 270px\" \/><\/a><a href=\"https:\/\/fjsp.org.br\/fjsp\/traducaoemfoco_eunice_suenaga\/\"><img loading=\"lazy\" decoding=\"async\" class=\"img-responsive img-fluid alignnone wp-image-14445\" src=\"https:\/\/fjsp.org.br\/fjsp\/wp-content\/uploads\/2020\/12\/identidade-botao-eunice-suenaga-01.png\" alt=\"\" width=\"270\" height=\"137\" srcset=\"https:\/\/fjsp.org.br\/fjsp\/wp-content\/uploads\/2020\/12\/identidade-botao-eunice-suenaga-01.png 1206w, https:\/\/fjsp.org.br\/fjsp\/wp-content\/uploads\/2020\/12\/identidade-botao-eunice-suenaga-01-280x142.png 280w, https:\/\/fjsp.org.br\/fjsp\/wp-content\/uploads\/2020\/12\/identidade-botao-eunice-suenaga-01-768x388.png 768w, https:\/\/fjsp.org.br\/fjsp\/wp-content\/uploads\/2020\/12\/identidade-botao-eunice-suenaga-01-340x172.png 340w, https:\/\/fjsp.org.br\/fjsp\/wp-content\/uploads\/2020\/12\/identidade-botao-eunice-suenaga-01-220x111.png 220w, https:\/\/fjsp.org.br\/fjsp\/wp-content\/uploads\/2020\/12\/identidade-botao-eunice-suenaga-01-100x51.png 100w, https:\/\/fjsp.org.br\/fjsp\/wp-content\/uploads\/2020\/12\/identidade-botao-eunice-suenaga-01-130x66.png 130w, https:\/\/fjsp.org.br\/fjsp\/wp-content\/uploads\/2020\/12\/identidade-botao-eunice-suenaga-01-460x233.png 460w\" sizes=\"(max-width: 270px) 100vw, 270px\" \/><\/a><a href=\"https:\/\/fjsp.org.br\/fjsp\/traducaoemfoco_andrei_cunha\/\" target=\"_blank\" rel=\"noopener\"><img loading=\"lazy\" decoding=\"async\" class=\"img-responsive img-fluid alignnone wp-image-15285\" src=\"https:\/\/fjsp.org.br\/fjsp\/wp-content\/uploads\/2021\/01\/identidade-botao-andrei-cunha-01.png\" alt=\"\" width=\"270\" height=\"137\" srcset=\"https:\/\/fjsp.org.br\/fjsp\/wp-content\/uploads\/2021\/01\/identidade-botao-andrei-cunha-01.png 1206w, https:\/\/fjsp.org.br\/fjsp\/wp-content\/uploads\/2021\/01\/identidade-botao-andrei-cunha-01-280x142.png 280w, https:\/\/fjsp.org.br\/fjsp\/wp-content\/uploads\/2021\/01\/identidade-botao-andrei-cunha-01-768x388.png 768w, https:\/\/fjsp.org.br\/fjsp\/wp-content\/uploads\/2021\/01\/identidade-botao-andrei-cunha-01-340x172.png 340w, https:\/\/fjsp.org.br\/fjsp\/wp-content\/uploads\/2021\/01\/identidade-botao-andrei-cunha-01-220x111.png 220w, https:\/\/fjsp.org.br\/fjsp\/wp-content\/uploads\/2021\/01\/identidade-botao-andrei-cunha-01-100x51.png 100w, https:\/\/fjsp.org.br\/fjsp\/wp-content\/uploads\/2021\/01\/identidade-botao-andrei-cunha-01-130x66.png 130w, https:\/\/fjsp.org.br\/fjsp\/wp-content\/uploads\/2021\/01\/identidade-botao-andrei-cunha-01-460x233.png 460w\" sizes=\"(max-width: 270px) 100vw, 270px\" \/><\/a><a href=\"https:\/\/fjsp.org.br\/fjsp\/traducaoemfoco_rita_kohl\/\" target=\"_blank\" rel=\"noopener\"><img loading=\"lazy\" decoding=\"async\" class=\"img-responsive img-fluid alignnone wp-image-15741\" src=\"https:\/\/fjsp.org.br\/fjsp\/wp-content\/uploads\/2021\/02\/identidade-botao-rita-kohl.jpg\" alt=\"\" width=\"270\" height=\"136\" srcset=\"https:\/\/fjsp.org.br\/fjsp\/wp-content\/uploads\/2021\/02\/identidade-botao-rita-kohl.jpg 578w, https:\/\/fjsp.org.br\/fjsp\/wp-content\/uploads\/2021\/02\/identidade-botao-rita-kohl-280x141.jpg 280w, https:\/\/fjsp.org.br\/fjsp\/wp-content\/uploads\/2021\/02\/identidade-botao-rita-kohl-340x172.jpg 340w, https:\/\/fjsp.org.br\/fjsp\/wp-content\/uploads\/2021\/02\/identidade-botao-rita-kohl-220x111.jpg 220w, https:\/\/fjsp.org.br\/fjsp\/wp-content\/uploads\/2021\/02\/identidade-botao-rita-kohl-100x51.jpg 100w, https:\/\/fjsp.org.br\/fjsp\/wp-content\/uploads\/2021\/02\/identidade-botao-rita-kohl-130x66.jpg 130w, https:\/\/fjsp.org.br\/fjsp\/wp-content\/uploads\/2021\/02\/identidade-botao-rita-kohl-460x232.jpg 460w\" sizes=\"(max-width: 270px) 100vw, 270px\" \/><\/a><a href=\"https:\/\/fjsp.org.br\/fjsp\/traducaoemfoco_thiago_nojiri\/\"><img loading=\"lazy\" decoding=\"async\" class=\"img-responsive img-fluid alignnone wp-image-16148\" src=\"https:\/\/fjsp.org.br\/fjsp\/wp-content\/uploads\/2021\/03\/identidade-botao-thiago-nojiri.png\" alt=\"\" width=\"270\" height=\"136\" srcset=\"https:\/\/fjsp.org.br\/fjsp\/wp-content\/uploads\/2021\/03\/identidade-botao-thiago-nojiri.png 578w, https:\/\/fjsp.org.br\/fjsp\/wp-content\/uploads\/2021\/03\/identidade-botao-thiago-nojiri-280x141.png 280w, https:\/\/fjsp.org.br\/fjsp\/wp-content\/uploads\/2021\/03\/identidade-botao-thiago-nojiri-340x172.png 340w, https:\/\/fjsp.org.br\/fjsp\/wp-content\/uploads\/2021\/03\/identidade-botao-thiago-nojiri-220x111.png 220w, https:\/\/fjsp.org.br\/fjsp\/wp-content\/uploads\/2021\/03\/identidade-botao-thiago-nojiri-100x51.png 100w, https:\/\/fjsp.org.br\/fjsp\/wp-content\/uploads\/2021\/03\/identidade-botao-thiago-nojiri-130x66.png 130w, https:\/\/fjsp.org.br\/fjsp\/wp-content\/uploads\/2021\/03\/identidade-botao-thiago-nojiri-460x232.png 460w\" sizes=\"(max-width: 270px) 100vw, 270px\" \/><\/a><a href=\"https:\/\/fjsp.org.br\/fjsp\/traducaoemfoco_lidia_ivasa\/\"><img loading=\"lazy\" decoding=\"async\" class=\"img-responsive img-fluid alignnone wp-image-16542\" src=\"https:\/\/fjsp.org.br\/fjsp\/wp-content\/uploads\/2021\/04\/identidade-botao-lidia-ivasa.png\" alt=\"\" width=\"270\" height=\"136\" srcset=\"https:\/\/fjsp.org.br\/fjsp\/wp-content\/uploads\/2021\/04\/identidade-botao-lidia-ivasa.png 578w, https:\/\/fjsp.org.br\/fjsp\/wp-content\/uploads\/2021\/04\/identidade-botao-lidia-ivasa-280x141.png 280w, https:\/\/fjsp.org.br\/fjsp\/wp-content\/uploads\/2021\/04\/identidade-botao-lidia-ivasa-340x172.png 340w, https:\/\/fjsp.org.br\/fjsp\/wp-content\/uploads\/2021\/04\/identidade-botao-lidia-ivasa-220x111.png 220w, https:\/\/fjsp.org.br\/fjsp\/wp-content\/uploads\/2021\/04\/identidade-botao-lidia-ivasa-100x51.png 100w, https:\/\/fjsp.org.br\/fjsp\/wp-content\/uploads\/2021\/04\/identidade-botao-lidia-ivasa-130x66.png 130w, https:\/\/fjsp.org.br\/fjsp\/wp-content\/uploads\/2021\/04\/identidade-botao-lidia-ivasa-460x232.png 460w\" sizes=\"(max-width: 270px) 100vw, 270px\" \/><\/a><a href=\"https:\/\/fjsp.org.br\/fjsp\/traducaoemfoco_dirce_miyamura\/\"><img loading=\"lazy\" decoding=\"async\" class=\"img-responsive img-fluid alignnone wp-image-16696\" src=\"https:\/\/fjsp.org.br\/fjsp\/wp-content\/uploads\/2021\/05\/identidade-botao-dirce-miyamura.png\" alt=\"\" width=\"270\" height=\"136\" srcset=\"https:\/\/fjsp.org.br\/fjsp\/wp-content\/uploads\/2021\/05\/identidade-botao-dirce-miyamura.png 578w, https:\/\/fjsp.org.br\/fjsp\/wp-content\/uploads\/2021\/05\/identidade-botao-dirce-miyamura-280x141.png 280w, https:\/\/fjsp.org.br\/fjsp\/wp-content\/uploads\/2021\/05\/identidade-botao-dirce-miyamura-340x172.png 340w, https:\/\/fjsp.org.br\/fjsp\/wp-content\/uploads\/2021\/05\/identidade-botao-dirce-miyamura-220x111.png 220w, https:\/\/fjsp.org.br\/fjsp\/wp-content\/uploads\/2021\/05\/identidade-botao-dirce-miyamura-100x51.png 100w, https:\/\/fjsp.org.br\/fjsp\/wp-content\/uploads\/2021\/05\/identidade-botao-dirce-miyamura-130x66.png 130w, https:\/\/fjsp.org.br\/fjsp\/wp-content\/uploads\/2021\/05\/identidade-botao-dirce-miyamura-460x232.png 460w\" sizes=\"(max-width: 270px) 100vw, 270px\" \/><\/a><a href=\"https:\/\/fjsp.org.br\/fjsp\/traducaoemfoco_monica_okamoto\/\"><img loading=\"lazy\" decoding=\"async\" class=\"img-responsive img-fluid alignnone wp-image-16959\" src=\"https:\/\/fjsp.org.br\/fjsp\/wp-content\/uploads\/2021\/06\/identidade-botao-identidade-botao-monica-okamoto.png\" alt=\"\" width=\"270\" height=\"136\" srcset=\"https:\/\/fjsp.org.br\/fjsp\/wp-content\/uploads\/2021\/06\/identidade-botao-identidade-botao-monica-okamoto.png 578w, https:\/\/fjsp.org.br\/fjsp\/wp-content\/uploads\/2021\/06\/identidade-botao-identidade-botao-monica-okamoto-280x141.png 280w, https:\/\/fjsp.org.br\/fjsp\/wp-content\/uploads\/2021\/06\/identidade-botao-identidade-botao-monica-okamoto-340x172.png 340w, https:\/\/fjsp.org.br\/fjsp\/wp-content\/uploads\/2021\/06\/identidade-botao-identidade-botao-monica-okamoto-220x111.png 220w, https:\/\/fjsp.org.br\/fjsp\/wp-content\/uploads\/2021\/06\/identidade-botao-identidade-botao-monica-okamoto-100x51.png 100w, https:\/\/fjsp.org.br\/fjsp\/wp-content\/uploads\/2021\/06\/identidade-botao-identidade-botao-monica-okamoto-130x66.png 130w, https:\/\/fjsp.org.br\/fjsp\/wp-content\/uploads\/2021\/06\/identidade-botao-identidade-botao-monica-okamoto-460x232.png 460w\" sizes=\"(max-width: 270px) 100vw, 270px\" \/><\/a><a href=\"https:\/\/fjsp.org.br\/fjsp\/traducaoemfoco_diogo_kaupatez\/\"><img loading=\"lazy\" decoding=\"async\" class=\"img-responsive img-fluid alignnone wp-image-17145\" src=\"https:\/\/fjsp.org.br\/fjsp\/wp-content\/uploads\/2021\/07\/identidade-botao-identidade-botao-diogo-kaupatez.png\" alt=\"\" width=\"270\" height=\"136\" srcset=\"https:\/\/fjsp.org.br\/fjsp\/wp-content\/uploads\/2021\/07\/identidade-botao-identidade-botao-diogo-kaupatez.png 578w, https:\/\/fjsp.org.br\/fjsp\/wp-content\/uploads\/2021\/07\/identidade-botao-identidade-botao-diogo-kaupatez-280x141.png 280w, https:\/\/fjsp.org.br\/fjsp\/wp-content\/uploads\/2021\/07\/identidade-botao-identidade-botao-diogo-kaupatez-340x172.png 340w, https:\/\/fjsp.org.br\/fjsp\/wp-content\/uploads\/2021\/07\/identidade-botao-identidade-botao-diogo-kaupatez-220x111.png 220w, https:\/\/fjsp.org.br\/fjsp\/wp-content\/uploads\/2021\/07\/identidade-botao-identidade-botao-diogo-kaupatez-100x51.png 100w, https:\/\/fjsp.org.br\/fjsp\/wp-content\/uploads\/2021\/07\/identidade-botao-identidade-botao-diogo-kaupatez-130x66.png 130w, https:\/\/fjsp.org.br\/fjsp\/wp-content\/uploads\/2021\/07\/identidade-botao-identidade-botao-diogo-kaupatez-460x232.png 460w\" sizes=\"(max-width: 270px) 100vw, 270px\" \/><\/a><a href=\"https:\/\/fjsp.org.br\/fjsp\/traducaoemfoco_felipe_monte\/\"><img loading=\"lazy\" decoding=\"async\" class=\"img-responsive img-fluid  alignnone wp-image-17409\" src=\"https:\/\/fjsp.org.br\/fjsp\/wp-content\/uploads\/2021\/08\/identidade-botao-identidade-botao-felipe-monte-01.png\" alt=\"\" width=\"270\" height=\"137\" srcset=\"https:\/\/fjsp.org.br\/fjsp\/wp-content\/uploads\/2021\/08\/identidade-botao-identidade-botao-felipe-monte-01.png 579w, https:\/\/fjsp.org.br\/fjsp\/wp-content\/uploads\/2021\/08\/identidade-botao-identidade-botao-felipe-monte-01-280x142.png 280w, https:\/\/fjsp.org.br\/fjsp\/wp-content\/uploads\/2021\/08\/identidade-botao-identidade-botao-felipe-monte-01-340x172.png 340w, https:\/\/fjsp.org.br\/fjsp\/wp-content\/uploads\/2021\/08\/identidade-botao-identidade-botao-felipe-monte-01-220x111.png 220w, https:\/\/fjsp.org.br\/fjsp\/wp-content\/uploads\/2021\/08\/identidade-botao-identidade-botao-felipe-monte-01-100x51.png 100w, https:\/\/fjsp.org.br\/fjsp\/wp-content\/uploads\/2021\/08\/identidade-botao-identidade-botao-felipe-monte-01-130x66.png 130w, https:\/\/fjsp.org.br\/fjsp\/wp-content\/uploads\/2021\/08\/identidade-botao-identidade-botao-felipe-monte-01-460x233.png 460w\" sizes=\"(max-width: 270px) 100vw, 270px\" \/><\/a><\/p>\n<p>&nbsp;<\/p>\n<h6><span style=\"color: #000000\">*Os usos de imagens e conte\u00fados desta p\u00e1gina s\u00e3o exclusivamente para fins educacionais e de divulga\u00e7\u00e3o de cultura japonesa, sem fins comerciais.<\/span><\/h6>\n","protected":false},"excerpt":{"rendered":"<p>Tradu\u00e7\u00e3o em Foco &gt; Li\u00e7\u00f5es de vida &nbsp; As obras liter\u00e1rias sempre contam hist\u00f3rias que me ensinam preciosas li\u00e7\u00f5es de vida. Traduzir \u00e9 compartilhar essas hist\u00f3rias para que elas tamb\u00e9m proporcionarem lazer e conhecimento para os leitores. Certo dia, quando eu ainda era estudante de Letras, lembro-me que tive uma epifania ao ver in\u00fameras prateleiras [&hellip;]<\/p>\n","protected":false},"author":34,"featured_media":0,"parent":0,"menu_order":0,"comment_status":"closed","ping_status":"closed","template":"","meta":{"_acf_changed":false,"footnotes":""},"class_list":["post-12824","page","type-page","status-publish","hentry"],"acf":[],"_links":{"self":[{"href":"https:\/\/fjsp.org.br\/fjsp\/wp-json\/wp\/v2\/pages\/12824","targetHints":{"allow":["GET"]}}],"collection":[{"href":"https:\/\/fjsp.org.br\/fjsp\/wp-json\/wp\/v2\/pages"}],"about":[{"href":"https:\/\/fjsp.org.br\/fjsp\/wp-json\/wp\/v2\/types\/page"}],"author":[{"embeddable":true,"href":"https:\/\/fjsp.org.br\/fjsp\/wp-json\/wp\/v2\/users\/34"}],"replies":[{"embeddable":true,"href":"https:\/\/fjsp.org.br\/fjsp\/wp-json\/wp\/v2\/comments?post=12824"}],"version-history":[{"count":3,"href":"https:\/\/fjsp.org.br\/fjsp\/wp-json\/wp\/v2\/pages\/12824\/revisions"}],"predecessor-version":[{"id":17420,"href":"https:\/\/fjsp.org.br\/fjsp\/wp-json\/wp\/v2\/pages\/12824\/revisions\/17420"}],"wp:attachment":[{"href":"https:\/\/fjsp.org.br\/fjsp\/wp-json\/wp\/v2\/media?parent=12824"}],"curies":[{"name":"wp","href":"https:\/\/api.w.org\/{rel}","templated":true}]}}