{"id":12975,"date":"2020-09-29T17:30:58","date_gmt":"2020-09-29T20:30:58","guid":{"rendered":"https:\/\/fjsp.org.br\/fjsp\/?page_id=12975"},"modified":"2021-01-26T04:53:36","modified_gmt":"2021-01-26T07:53:36","slug":"destaques-da-biblioteca-agosto-setembro-2020","status":"publish","type":"page","link":"https:\/\/fjsp.org.br\/fjsp\/destaques-da-biblioteca-agosto-setembro-2020\/","title":{"rendered":"DESTAQUES DA BIBLIOTECA \u2013 Agosto e Setembro\/2020"},"content":{"rendered":"<p>Nesta edi\u00e7\u00e3o destacamos um mang\u00e1 de horror e uma revista japonesa de artes. Na nossa sugest\u00e3o de leitura indicamos um mang\u00e1 muito famoso no Jap\u00e3o e fora dele.<\/p>\n<p>&nbsp;<\/p>\n<h2><span style=\"color: #ff0000;\"><strong>\u25cf <\/strong><strong>LIVRO\/MANG\u00c1<\/strong><\/span><\/h2>\n<p>&nbsp;<\/p>\n<p><img fetchpriority=\"high\" decoding=\"async\" class=\"img-responsive img-fluid alignnone wp-image-12983\" src=\"https:\/\/fjsp.org.br\/fjsp\/wp-content\/uploads\/2020\/09\/001-600.jpg\" alt=\"\" width=\"300\" height=\"450\" srcset=\"https:\/\/fjsp.org.br\/fjsp\/wp-content\/uploads\/2020\/09\/001-600.jpg 400w, https:\/\/fjsp.org.br\/fjsp\/wp-content\/uploads\/2020\/09\/001-600-280x420.jpg 280w, https:\/\/fjsp.org.br\/fjsp\/wp-content\/uploads\/2020\/09\/001-600-340x510.jpg 340w, https:\/\/fjsp.org.br\/fjsp\/wp-content\/uploads\/2020\/09\/001-600-220x330.jpg 220w, https:\/\/fjsp.org.br\/fjsp\/wp-content\/uploads\/2020\/09\/001-600-100x150.jpg 100w, https:\/\/fjsp.org.br\/fjsp\/wp-content\/uploads\/2020\/09\/001-600-130x195.jpg 130w\" sizes=\"(max-width: 300px) 100vw, 300px\" \/><\/p>\n<h4><span style=\"color: #993366;\"><strong>FRAGMENTOS DO HORROR (<\/strong><strong>\u9b54\u306e\u65ad\u7247<\/strong><strong>)<\/strong><\/span><\/h4>\n<p>Junji Ito (\u4f0a\u85e4\u6f64\u4e8c); tradu\u00e7\u00e3o de Akemi Ono<br \/>\nDarkSide Books, 2017<br \/>\nISBN 978-85-9454-036-2<br \/>\n[J726.1 It\/ t. 9767]<\/p>\n<p>Originalmente publicada no Jap\u00e3o em 2014 pela Asahi Shimbun Publications. \u00c9 a primeira colet\u00e2nea de horror do autor ap\u00f3s oito anos, desde o lan\u00e7amento de <em>Shin yami no koe kaidan<\/em> (\u65b0\uff65\u95c7\u306e\u58f0\u6f70\u8ac7), em 2006.<\/p>\n<p>S\u00e3o hist\u00f3rias curtas e surreais que v\u00e3o do aterrador ao c\u00f4mico, do er\u00f3tico ao escatol\u00f3gico. Entre elas temos um rapaz que perde, literalmente, a cabe\u00e7a para uma tar\u00f3loga (Tomio \u2013 gola rul\u00ea vermelha); uma antiga mans\u00e3o de madeira que excita um de seus habitantes (Monstro de madeira); uma aula de disseca\u00e7\u00e3o com uma paciente bastante incomum (Disseca\u00e7\u00e3o-chan); uma visita de um estranho p\u00e1ssaro negro que transforma a vida de um homem acidentado nas montanhas (P\u00e1ssaro negro). Essas hist\u00f3rias mostram o esperado retorno do autor ao mundo do horror.<\/p>\n<p>&nbsp;<\/p>\n<h4><strong>Sobre o autor<\/strong><\/h4>\n<p>Junji Ito (\u4f0a\u85e4\u6f64\u4e8c) nasceu na prov\u00edncia de Gifu, no Jap\u00e3o, em 1963. Come\u00e7ou a escrever e a desenhar ainda bem cedo como hobby, mas somente em 1987 consegue sua primeira publica\u00e7\u00e3o, <em>Tomie <\/em>(\u5bcc\u6c5f ). Nos anos que se seguiram n\u00e3o parou de publicar tendo entre suas obras mais populares <em>Uzumaki <\/em>(\u3046\u305a\u307e\u304d), em que uma pequena vila passa a ser invadida por espirais, e<em> Gyo <\/em>(\u30ae\u30e7), no qual o Jap\u00e3o passa a ser invadido por uma horda de animais marinhos que se movimentam com pernas semelhantes \u00e0s de aranhas. <em>Tomie<\/em> e <em>Uzumaki<\/em> foram adaptados para o cinema e <em>Gyo<\/em> transformado em filme de anima\u00e7\u00e3o.<\/p>\n<p>As influ\u00eancias de Ito incluem os artistas de mang\u00e1 de horror cl\u00e1ssico Kazuo Umezu (\u6973\u56f3\u304b\u305a\u304a), Hideshi Hino (\u65e5\u91ce\u65e5\u51fa\u5fd7), assim como os autores Yasutaka Tsutsui (\u7b52\u4e95\u5eb7\u9686) e H.P. Lovecraft.<\/p>\n<p>&nbsp;<\/p>\n<h4><strong>Sites relacionados<\/strong><\/h4>\n<p>Editora DarkSide:<br \/>\n<a href=\"http:\/\/darksidebooks.com.br\/junji-ito\/p\">http:\/\/darksidebooks.com.br\/junji-ito\/p<\/a><\/p>\n<p>Superinteressante:<br \/>\n<a href=\"https:\/\/super.abril.com.br\/blog\/turma-do-fundao\/quem-e-junji-ito-e-por-que-voce-deve-ler-os-mangas-de-horror-dele\/\">https:\/\/super.abril.com.br\/blog\/turma-do-fundao\/quem-e-junji-ito-e-por-que-voce-deve-ler-os-mangas-de-horror-dele\/<\/a><\/p>\n<p>Wikip\u00e9dia:<br \/>\n<a href=\"https:\/\/pt.wikipedia.org\/wiki\/Junji_Ito\">https:\/\/pt.wikipedia.org\/wiki\/Junji_Ito<\/a><\/p>\n<p>&nbsp;<\/p>\n<hr \/>\n<h2><span style=\"color: #ff0000;\"><strong>\u25cf <\/strong><strong>REVISTA<\/strong><\/span><\/h2>\n<p><img decoding=\"async\" class=\"img-responsive img-fluid wp-image-12985\" src=\"https:\/\/fjsp.org.br\/fjsp\/wp-content\/uploads\/2020\/09\/002-600.jpg\" alt=\"\" width=\"300\" height=\"400\" srcset=\"https:\/\/fjsp.org.br\/fjsp\/wp-content\/uploads\/2020\/09\/002-600.jpg 450w, https:\/\/fjsp.org.br\/fjsp\/wp-content\/uploads\/2020\/09\/002-600-280x373.jpg 280w, https:\/\/fjsp.org.br\/fjsp\/wp-content\/uploads\/2020\/09\/002-600-340x453.jpg 340w, https:\/\/fjsp.org.br\/fjsp\/wp-content\/uploads\/2020\/09\/002-600-220x293.jpg 220w, https:\/\/fjsp.org.br\/fjsp\/wp-content\/uploads\/2020\/09\/002-600-100x133.jpg 100w, https:\/\/fjsp.org.br\/fjsp\/wp-content\/uploads\/2020\/09\/002-600-130x173.jpg 130w\" sizes=\"(max-width: 300px) 100vw, 300px\" \/><\/p>\n<h4><span style=\"color: #993366;\"><strong>GEIJUTSU SHINCHO (<\/strong><strong>\u82b8\u8853\u65b0\u6f6e<\/strong><strong>)<\/strong><\/span><\/h4>\n<p>Shinchosha (\u65b0\u6f6e\u793e)<br \/>\nRevista mensal<\/p>\n<p>Site: <a href=\"https:\/\/www.shinchosha.co.jp\/geishin\/\">https:\/\/www.shinchosha.co.jp\/geishin\/<\/a><\/p>\n<p>Publicada desde 1950, \u00e9 uma revista de artes em l\u00edngua japonesa. Desde seu in\u00edcio apresenta artigos sobre obras de arte hist\u00f3ricas, arquitetura, arte antiga, at\u00e9 arte moderna, mostrando toda a beleza de um modo original, n\u00e3o s\u00f3 da arte japonesa como tamb\u00e9m da arte mundial. Vale enfatizar a alta qualidade de seus artigos, com ilustra\u00e7\u00f5es e fotos bel\u00edssimas. Com certeza \u00e9 uma fonte de refer\u00eancia indispens\u00e1vel para estudantes e pesquisadores de artes.<\/p>\n<p>&nbsp;<\/p>\n<hr \/>\n<h2><span style=\"color: #ff0000;\"><strong>\u25cf <\/strong><strong>SUGEST\u00c3O DE LEITURA<\/strong><\/span><\/h2>\n<p>Nesta edi\u00e7\u00e3o a nossa sugest\u00e3o de leitura \u00e9 um mang\u00e1 japon\u00eas de muito sucesso, <strong><span style=\"color: #993366;\"><em>Fullmetal Alchemist<\/em><\/span><\/strong> (\u92fc\u306e\u932c\u91d1\u8853\u5e2b\/ Hagane no renkinjutsushi), de Hiromu Arakawa<\/p>\n<p>O mang\u00e1 se baseia no per\u00edodo p\u00f3s Revolu\u00e7\u00e3o Industrial Europ\u00e9ia. A hist\u00f3ria \u00e9 centrada nos irm\u00e3os Edward e Alphonse Elric que vivem num mundo onde a alquimia \u00e9 uma t\u00e9cnica cient\u00edfica avan\u00e7ada que permite a cria\u00e7\u00e3o de objetos atrav\u00e9s de mat\u00e9rias-primas. Os dois irm\u00e3os pesquisam sobre transmuta\u00e7\u00e3o humana, uma t\u00e9cnica proibida em que se tenta criar ou modificar um ser humano, para ressuscitar sua m\u00e3e que morreu de uma doen\u00e7a incur\u00e1vel. Mas, acabam fracassando e Edward perde sua perna esquerda e Alphonse seu corpo inteiro. Desesperado Edward sacrifica seu bra\u00e7o direito para unir a alma de seu irm\u00e3o a uma armadura. Sua amiga de inf\u00e2ncia Winry e sua av\u00f3 Pinako constroem uma pr\u00f3tese, automail, para substituir seus membros perdidos. Edward entra para o Estado Militar de Amestris, tornando-se um Alquimista Federal (\u56fd\u5bb6\u932c\u91d1\u8853\u5e2b\/Kokka renkinjutsushi) e partem \u00e0 procura da Pedra Filosofal, um objeto poderoso que lhes permitir\u00e1 restaurar seus corpos. \u00a0Ao longo desta busca, eles encontram aliados e inimigos, como Scar, que busca vingan\u00e7a pela destrui\u00e7\u00e3o de seu povo pelos Alquimistas Federais; e os hom\u00fanculos, criaturas semelhantes aos humanos que, por portarem falsos fragmentos da pedra filosofal dentro deles, possuem a capacidade de regenera\u00e7\u00e3o. Estes s\u00e3o comandados por um homem conhecido como \u201cPai\u201d que, atrav\u00e9s da pedra filosofal, ganhou a imortalidade, e quer transformar Amestris num c\u00edrculo de transmuta\u00e7\u00e3o gigante.<\/p>\n<p>A hist\u00f3ria foi publicada pela editora Square Enix na revista \u201cMonthly Shonen Gangan\u201d entre agosto de 2001 e julho de 2010, num total de 108 cap\u00edtulos, que foram compilados em formato <em>tankobon<\/em>, sendo publicados de janeiro de 2002 a novembro de 2010, totalizando 27 volumes. No Brasil a vers\u00e3o brasileira foi publicada pela editora JBC em 54 volumes entre 2007 e 2011. Depois foi relan\u00e7ada com o nome \u201cFullmetal Alchemist Edi\u00e7\u00e3o Especial de Colecionador\u201d em 27 volumes. A hist\u00f3ria rendeu livros, anima\u00e7\u00f5es, filmes, brinquedos, CDs das trilhas sonoras e jogos de videogames, tornando-se um sucesso mundial.<\/p>\n<p>&nbsp;<\/p>\n<p><img decoding=\"async\" class=\"img-responsive img-fluid alignnone wp-image-12986 \" src=\"https:\/\/fjsp.org.br\/fjsp\/wp-content\/uploads\/2020\/09\/003-600-220x346.jpg\" alt=\"\" width=\"213\" height=\"335\" srcset=\"https:\/\/fjsp.org.br\/fjsp\/wp-content\/uploads\/2020\/09\/003-600-220x346.jpg 220w, https:\/\/fjsp.org.br\/fjsp\/wp-content\/uploads\/2020\/09\/003-600-280x440.jpg 280w, https:\/\/fjsp.org.br\/fjsp\/wp-content\/uploads\/2020\/09\/003-600-340x534.jpg 340w, https:\/\/fjsp.org.br\/fjsp\/wp-content\/uploads\/2020\/09\/003-600-100x157.jpg 100w, https:\/\/fjsp.org.br\/fjsp\/wp-content\/uploads\/2020\/09\/003-600-130x204.jpg 130w, https:\/\/fjsp.org.br\/fjsp\/wp-content\/uploads\/2020\/09\/003-600.jpg 382w\" sizes=\"(max-width: 213px) 100vw, 213px\" \/><\/p>\n<h4><strong>Ficha T\u00e9cnica<\/strong><\/h4>\n<h4><span style=\"color: #993366;\"><strong><em>Fullmetal Alchemist<\/em> (\u92fc\u932c\u91d1\u8853\u5e2b\/ Hagane renkinjutsushi)<\/strong><\/span><\/h4>\n<p>Hiromu Arakawa (\u8352\u5ddd\u5f18)<br \/>\nSquare Enix, 2002~2010<br \/>\n[J726.1 Ar]<\/p>\n<p>&nbsp;<\/p>\n<p><img loading=\"lazy\" decoding=\"async\" class=\"img-responsive img-fluid alignnone wp-image-12987 \" src=\"https:\/\/fjsp.org.br\/fjsp\/wp-content\/uploads\/2020\/09\/004-600-220x335.jpg\" alt=\"\" width=\"220\" height=\"335\" srcset=\"https:\/\/fjsp.org.br\/fjsp\/wp-content\/uploads\/2020\/09\/004-600-220x335.jpg 220w, https:\/\/fjsp.org.br\/fjsp\/wp-content\/uploads\/2020\/09\/004-600-280x426.jpg 280w, https:\/\/fjsp.org.br\/fjsp\/wp-content\/uploads\/2020\/09\/004-600-340x518.jpg 340w, https:\/\/fjsp.org.br\/fjsp\/wp-content\/uploads\/2020\/09\/004-600-100x152.jpg 100w, https:\/\/fjsp.org.br\/fjsp\/wp-content\/uploads\/2020\/09\/004-600-130x198.jpg 130w, https:\/\/fjsp.org.br\/fjsp\/wp-content\/uploads\/2020\/09\/004-600.jpg 394w\" sizes=\"(max-width: 220px) 100vw, 220px\" \/><\/p>\n<h4><span style=\"color: #993366;\"><strong><em>Fullmetal Alchemist<\/em> (\u92fc\u932c\u91d1\u8853\u5e2b\/ Hagane renkinjutsushi)<\/strong><\/span><\/h4>\n<p>Hiromu Arakawa (\u8352\u5ddd\u5f18); tradu\u00e7\u00e3o de Karen Kazumi Hayashida<br \/>\nEditora JBC, 2016~2018<br \/>\n[J726.1 Ar]<\/p>\n<p>&nbsp;<\/p>\n<h4><strong>Sobre a autora<\/strong><\/h4>\n<p>Hiromu Arakawa (\u8352\u5ddd\u5f18) nasceu na prov\u00edncia de Hokkaido em maio de 1973. Come\u00e7ou sua carreira na ind\u00fastria de mang\u00e1 como asssistente de Hiroyuki Eto (\u885b\u85e4\u30d2\u30ed\u30e6\u30ad), autor de <em>Mahojin Guru Guru<\/em>. Seu primeiro mang\u00e1 <em>foi Stray Dog<\/em>, publicado na revista mensal <em>Shonen Gangan<\/em> em 1999, venceu o pr\u00eamio Enix S\u00e9culo 21. Em julho de 2001 teve o primeiro cap\u00edtulo de <em>Fullmetal Alchemist<\/em> publicado na mesma revista e com ele ganhou v\u00e1rios pr\u00eamios como o 49\u00ba Pr\u00eamio Shogakukan de Mang\u00e1 na categoria Shonen, em 2003; 13\u00ba Pr\u00eamio Cultural Osamu Tezuka na categoria \u201cArtista Revela\u00e7\u00e3o\u201d e o 42\u00ba Pr\u00eamio Seiun na categoria \u201cMelhor Mang\u00e1 de Fic\u00e7\u00e3o Cient\u00edfica\u201d.<\/p>\n<p>Autora de outro mang\u00e1 de sucesso, <em>Silver Spoon<\/em> (\u9280\u306e\u5319\/Gin no saji) ganhador do 5\u00ba Mang\u00e1 Taisho.<\/p>\n<p>&nbsp;<\/p>\n<h4><strong>Sites relacionados<\/strong><\/h4>\n<p>Editora JBC:<br \/>\n<a href=\"https:\/\/editorajbc.com.br\/mangas\/colecao\/fullmetal-alchemist-especial\/\">https:\/\/editorajbc.com.br\/mangas\/colecao\/fullmetal-alchemist-especial\/<\/a><\/p>\n<p>Editora Square Enix:<br \/>\n<a href=\"https:\/\/magazine.jp.square-enix.com\/gangan\/hagaren\/\">https:\/\/magazine.jp.square-enix.com\/gangan\/hagaren\/<\/a><\/p>\n<p>Wikip\u00e9dia:<br \/>\n<a href=\"https:\/\/pt.wikipedia.org\/wiki\/Fullmetal_Alchemist\">https:\/\/pt.wikipedia.org\/wiki\/Fullmetal_Alchemist<\/a><\/p>\n<p>Revista Da Vinci:<br \/>\n<a href=\"https:\/\/ddnavi.com\/person\/2650\/\">https:\/\/ddnavi.com\/person\/2650\/<\/a><\/p>\n<p>Wikip\u00e9dia:<br \/>\n<a href=\"https:\/\/pt.wikipedia.org\/wiki\/Hiromu_Arakawa\">https:\/\/pt.wikipedia.org\/wiki\/Hiromu_Arakawa<\/a><br \/>\n<a href=\"https:\/\/ja.wikipedia.org\/wiki\/%E8%8D%92%E5%B7%9D%E5%BC%98\">https:\/\/ja.wikipedia.org\/wiki\/%E8%8D%92%E5%B7%9D%E5%BC%98<\/a><\/p>\n<p>&nbsp;<\/p>\n<p><a href=\"https:\/\/fjsp.org.br\/fjsp\/destaques-da-biblioteca\/\"><img loading=\"lazy\" decoding=\"async\" class=\"img-responsive img-fluid size-full wp-image-14773 aligncenter\" src=\"https:\/\/fjsp.org.br\/fjsp\/wp-content\/uploads\/2021\/01\/botao-site-destaquebbca-rodape-voltar.jpg\" alt=\"\" width=\"320\" height=\"134\" srcset=\"https:\/\/fjsp.org.br\/fjsp\/wp-content\/uploads\/2021\/01\/botao-site-destaquebbca-rodape-voltar.jpg 320w, https:\/\/fjsp.org.br\/fjsp\/wp-content\/uploads\/2021\/01\/botao-site-destaquebbca-rodape-voltar-280x117.jpg 280w, https:\/\/fjsp.org.br\/fjsp\/wp-content\/uploads\/2021\/01\/botao-site-destaquebbca-rodape-voltar-220x92.jpg 220w, https:\/\/fjsp.org.br\/fjsp\/wp-content\/uploads\/2021\/01\/botao-site-destaquebbca-rodape-voltar-100x42.jpg 100w, https:\/\/fjsp.org.br\/fjsp\/wp-content\/uploads\/2021\/01\/botao-site-destaquebbca-rodape-voltar-130x54.jpg 130w\" sizes=\"(max-width: 320px) 100vw, 320px\" \/><\/a><\/p>\n","protected":false},"excerpt":{"rendered":"<p>Nesta edi\u00e7\u00e3o destacamos um mang\u00e1 de horror e uma revista japonesa de artes. Na nossa sugest\u00e3o de leitura indicamos um mang\u00e1 muito famoso no Jap\u00e3o e fora dele. &nbsp; \u25cf LIVRO\/MANG\u00c1 &nbsp; FRAGMENTOS DO HORROR (\u9b54\u306e\u65ad\u7247) Junji Ito (\u4f0a\u85e4\u6f64\u4e8c); tradu\u00e7\u00e3o de Akemi Ono DarkSide Books, 2017 ISBN 978-85-9454-036-2 [J726.1 It\/ t. 9767] Originalmente publicada no [&hellip;]<\/p>\n","protected":false},"author":33,"featured_media":0,"parent":0,"menu_order":0,"comment_status":"closed","ping_status":"closed","template":"","meta":{"_acf_changed":false,"footnotes":""},"class_list":["post-12975","page","type-page","status-publish","hentry"],"acf":[],"_links":{"self":[{"href":"https:\/\/fjsp.org.br\/fjsp\/wp-json\/wp\/v2\/pages\/12975","targetHints":{"allow":["GET"]}}],"collection":[{"href":"https:\/\/fjsp.org.br\/fjsp\/wp-json\/wp\/v2\/pages"}],"about":[{"href":"https:\/\/fjsp.org.br\/fjsp\/wp-json\/wp\/v2\/types\/page"}],"author":[{"embeddable":true,"href":"https:\/\/fjsp.org.br\/fjsp\/wp-json\/wp\/v2\/users\/33"}],"replies":[{"embeddable":true,"href":"https:\/\/fjsp.org.br\/fjsp\/wp-json\/wp\/v2\/comments?post=12975"}],"version-history":[{"count":2,"href":"https:\/\/fjsp.org.br\/fjsp\/wp-json\/wp\/v2\/pages\/12975\/revisions"}],"predecessor-version":[{"id":14780,"href":"https:\/\/fjsp.org.br\/fjsp\/wp-json\/wp\/v2\/pages\/12975\/revisions\/14780"}],"wp:attachment":[{"href":"https:\/\/fjsp.org.br\/fjsp\/wp-json\/wp\/v2\/media?parent=12975"}],"curies":[{"name":"wp","href":"https:\/\/api.w.org\/{rel}","templated":true}]}}