{"id":13212,"date":"2020-10-15T18:00:24","date_gmt":"2020-10-15T21:00:24","guid":{"rendered":"https:\/\/fjsp.org.br\/fjsp\/?page_id=13212"},"modified":"2020-11-09T09:42:53","modified_gmt":"2020-11-09T12:42:53","slug":"minato_curso_japones_em_portugues","status":"publish","type":"page","link":"https:\/\/fjsp.org.br\/fjsp\/minato_curso_japones_em_portugues\/","title":{"rendered":"Plataforma Minato disponibiliza Curso On-line de Japon\u00eas Marugoto em portugu\u00eas"},"content":{"rendered":"<p>&nbsp;<\/p>\n<p><img fetchpriority=\"high\" decoding=\"async\" class=\"img-responsive img-fluid size-full wp-image-13242 aligncenter\" src=\"https:\/\/fjsp.org.br\/fjsp\/wp-content\/uploads\/2020\/10\/site-marugoto-portugues-v3b.jpg\" alt=\"\" width=\"1212\" height=\"462\" srcset=\"https:\/\/fjsp.org.br\/fjsp\/wp-content\/uploads\/2020\/10\/site-marugoto-portugues-v3b.jpg 1212w, https:\/\/fjsp.org.br\/fjsp\/wp-content\/uploads\/2020\/10\/site-marugoto-portugues-v3b-280x107.jpg 280w, https:\/\/fjsp.org.br\/fjsp\/wp-content\/uploads\/2020\/10\/site-marugoto-portugues-v3b-768x293.jpg 768w, https:\/\/fjsp.org.br\/fjsp\/wp-content\/uploads\/2020\/10\/site-marugoto-portugues-v3b-340x130.jpg 340w, https:\/\/fjsp.org.br\/fjsp\/wp-content\/uploads\/2020\/10\/site-marugoto-portugues-v3b-220x84.jpg 220w, https:\/\/fjsp.org.br\/fjsp\/wp-content\/uploads\/2020\/10\/site-marugoto-portugues-v3b-100x38.jpg 100w, https:\/\/fjsp.org.br\/fjsp\/wp-content\/uploads\/2020\/10\/site-marugoto-portugues-v3b-130x50.jpg 130w, https:\/\/fjsp.org.br\/fjsp\/wp-content\/uploads\/2020\/10\/site-marugoto-portugues-v3b-460x175.jpg 460w\" sizes=\"(max-width: 1212px) 100vw, 1212px\" \/><\/p>\n<p>&nbsp;<\/p>\n<h3><em>O curso \u00e9 gratuito e aberto a participantes de todo o pa\u00eds que desejam aprender o idioma japon\u00eas sem sair de casa<\/em><\/h3>\n<p>J\u00e1 est\u00e1 dispon\u00edvel a vers\u00e3o em portugu\u00eas do Curso On-line de Japon\u00eas Marugoto (A1). Voltado \u00e0queles que n\u00e3o t\u00eam qualquer conhecimento do idioma, o curso tem a dura\u00e7\u00e3o de seis meses a partir de seu cadastro e est\u00e1 dispon\u00edvel na Plataforma Minato.<\/p>\n<p>\u00c9 uma grande oportunidade de aprender um novo idioma, especialmente nesta \u00e9poca de isolamento social, em que devemos evitar as atividades presenciais.<\/p>\n<p>Para acessar, basta criar gratuitamente uma conta no site e realizar a inscri\u00e7\u00e3o. H\u00e1 um tutorial, em portugu\u00eas, com todo o passo a passo.<\/p>\n<p>Informa\u00e7\u00f5es sobre o curso ou como se inscrever est\u00e3o dispon\u00edveis no site da Funda\u00e7\u00e3o Jap\u00e3o ou em <a href=\"https:\/\/minato-jf.jp\">https:\/\/minato-jf.jp<\/a>.<\/p>\n<p>&nbsp;<\/p>\n<h4><strong>Os m\u00f3dulos do curso<\/strong><\/h4>\n<p>Cada m\u00f3dulo do curso possui uma p\u00e1gina especial, com mais informa\u00e7\u00f5es sobre o conte\u00fado e objetivos de cada li\u00e7\u00e3o. Para conhecer um pouco mais sobre cada um deles, visite as p\u00e1ginas:<\/p>\n<p><strong><a href=\"https:\/\/minato-jf.jp\/CourseDetail\/Index\/KC20_MGKS_A101_PT01\" target=\"_blank\" rel=\"noopener noreferrer\">A1-1 Katsudoo<\/a><\/strong><\/p>\n<p><strong><a href=\"https:\/\/minato-jf.jp\/CourseDetail\/Index\/KC20_MGRS_A101_PT01\" target=\"_blank\" rel=\"noopener noreferrer\">A1-1 Katsudoo &amp; Rikai<\/a><\/strong><\/p>\n<p><strong><a href=\"https:\/\/minato-jf.jp\/CourseDetail\/Index\/KC20_MGKS_A102_PT01\" target=\"_blank\" rel=\"noopener noreferrer\">A1-2 Katsudoo<\/a><\/strong><\/p>\n<p><a href=\"https:\/\/minato-jf.jp\/CourseDetail\/Index\/KC20_MGRS_A102_PT01\" target=\"_blank\" rel=\"noopener noreferrer\"><strong>A1-2 Katsudoo &amp; Rikai<\/strong><\/a><\/p>\n<p>&nbsp;<\/p>\n<h4><strong>Como se inscrever<\/strong><\/h4>\n<p>Para realizar a inscri\u00e7\u00e3o no Curso On-line de Japon\u00eas Marugoto (A1), primeiramente \u00e9 necess\u00e1rio criar uma conta no <strong><a href=\"https:\/\/minato-jf.jp\" target=\"_blank\" rel=\"noopener noreferrer\"><span style=\"color: #ff6600;\">site Minato<\/span><\/a><\/strong> (site em ingl\u00eas) para poder acessar a \u00e1rea do curso.<br \/>\nE para saber como fazer o cadastro, h\u00e1 um <a href=\"https:\/\/www.youtube.com\/watch?v=41szQMb3hnU&amp;feature=youtu.be\" target=\"_blank\" rel=\"noopener noreferrer\">tutorial em portugu\u00eas no YouTube<\/a>. Para saber o que \u00e9 Minato, confira o <a href=\"https:\/\/fjsp.org.br\/fjsp\/site\/wp-content\/uploads\/2018\/09\/panfletoMINATO_com_link.pdf\" target=\"_blank\" rel=\"noopener noreferrer\">panfleto explicativo dispon\u00edvel em portugu\u00eas<\/a>.<\/p>\n<p>&nbsp;<\/p>\n<h4><strong>Como se cadastrar no <a href=\"https:\/\/minato-jf.jp\" target=\"_blank\" rel=\"noopener noreferrer\">site Minato<\/a><br \/>\n<\/strong><\/h4>\n<p>Depois de criar a sua conta, siga as instru\u00e7\u00f5es ou assista o v\u00eddeo abaixo:<\/p>\n<ol>\n<li>Clique na aba \u201cSelf-Study Course\u201d, da p\u00e1gina principal da Minato<\/li>\n<li>Selecione o curso desejado<\/li>\n<li>V\u00e1 para \u201cCourse registration \/ Registrarse en el curso\u201d e fa\u00e7a o cadastro<\/li>\n<\/ol>\n<p>&nbsp;<\/p>\n<div class='cleaner'><\/div>\n<div class='videoWrapper embed-responsive embed-responsive-16by9 ratio ratio-16x9'><iframe title=\"Curso On-line de Japon\u00eas Marugoto em portugu\u00eas\" width=\"700\" height=\"394\" src=\"https:\/\/www.youtube.com\/embed\/X_CHfx9WezU?feature=oembed\" frameborder=\"0\" allow=\"accelerometer; autoplay; clipboard-write; encrypted-media; gyroscope; picture-in-picture\" allowfullscreen><\/iframe><\/div>\n","protected":false},"excerpt":{"rendered":"<p>&nbsp; &nbsp; O curso \u00e9 gratuito e aberto a participantes de todo o pa\u00eds que desejam aprender o idioma japon\u00eas sem sair de casa J\u00e1 est\u00e1 dispon\u00edvel a vers\u00e3o em portugu\u00eas do Curso On-line de Japon\u00eas Marugoto (A1). Voltado \u00e0queles que n\u00e3o t\u00eam qualquer conhecimento do idioma, o curso tem a dura\u00e7\u00e3o de seis meses [&hellip;]<\/p>\n","protected":false},"author":34,"featured_media":0,"parent":0,"menu_order":0,"comment_status":"closed","ping_status":"closed","template":"","meta":{"_acf_changed":false,"footnotes":""},"class_list":["post-13212","page","type-page","status-publish","hentry"],"acf":[],"_links":{"self":[{"href":"https:\/\/fjsp.org.br\/fjsp\/wp-json\/wp\/v2\/pages\/13212","targetHints":{"allow":["GET"]}}],"collection":[{"href":"https:\/\/fjsp.org.br\/fjsp\/wp-json\/wp\/v2\/pages"}],"about":[{"href":"https:\/\/fjsp.org.br\/fjsp\/wp-json\/wp\/v2\/types\/page"}],"author":[{"embeddable":true,"href":"https:\/\/fjsp.org.br\/fjsp\/wp-json\/wp\/v2\/users\/34"}],"replies":[{"embeddable":true,"href":"https:\/\/fjsp.org.br\/fjsp\/wp-json\/wp\/v2\/comments?post=13212"}],"version-history":[{"count":3,"href":"https:\/\/fjsp.org.br\/fjsp\/wp-json\/wp\/v2\/pages\/13212\/revisions"}],"predecessor-version":[{"id":13475,"href":"https:\/\/fjsp.org.br\/fjsp\/wp-json\/wp\/v2\/pages\/13212\/revisions\/13475"}],"wp:attachment":[{"href":"https:\/\/fjsp.org.br\/fjsp\/wp-json\/wp\/v2\/media?parent=13212"}],"curies":[{"name":"wp","href":"https:\/\/api.w.org\/{rel}","templated":true}]}}