{"id":13228,"date":"2020-10-21T17:07:59","date_gmt":"2020-10-21T20:07:59","guid":{"rendered":"https:\/\/fjsp.org.br\/fjsp\/?page_id=13228"},"modified":"2020-12-15T11:04:51","modified_gmt":"2020-12-15T14:04:51","slug":"dossie_yoko_ogawa","status":"publish","type":"page","link":"https:\/\/fjsp.org.br\/fjsp\/dossie_yoko_ogawa\/","title":{"rendered":"Dossi\u00ea Y\u014dko Ogawa"},"content":{"rendered":"<p style=\"text-align: right\"><strong><a href=\"https:\/\/fjsp.org.br\/fjsp\/dossie_literario\/\">Dossi\u00ea Liter\u00e1rio<\/a> &gt; Dossi\u00ea Y\u014dko Ogawa<\/strong><\/p>\n<p><img fetchpriority=\"high\" decoding=\"async\" class=\"img-responsive img-fluid alignnone wp-image-13435\" src=\"https:\/\/fjsp.org.br\/fjsp\/wp-content\/uploads\/2020\/10\/0-yoko-ogawai-citacao-bjpg.png\" alt=\"\" width=\"800\" height=\"405\" srcset=\"https:\/\/fjsp.org.br\/fjsp\/wp-content\/uploads\/2020\/10\/0-yoko-ogawai-citacao-bjpg.png 1279w, https:\/\/fjsp.org.br\/fjsp\/wp-content\/uploads\/2020\/10\/0-yoko-ogawai-citacao-bjpg-280x142.png 280w, https:\/\/fjsp.org.br\/fjsp\/wp-content\/uploads\/2020\/10\/0-yoko-ogawai-citacao-bjpg-768x389.png 768w, https:\/\/fjsp.org.br\/fjsp\/wp-content\/uploads\/2020\/10\/0-yoko-ogawai-citacao-bjpg-340x172.png 340w, https:\/\/fjsp.org.br\/fjsp\/wp-content\/uploads\/2020\/10\/0-yoko-ogawai-citacao-bjpg-220x111.png 220w, https:\/\/fjsp.org.br\/fjsp\/wp-content\/uploads\/2020\/10\/0-yoko-ogawai-citacao-bjpg-100x51.png 100w, https:\/\/fjsp.org.br\/fjsp\/wp-content\/uploads\/2020\/10\/0-yoko-ogawai-citacao-bjpg-130x66.png 130w, https:\/\/fjsp.org.br\/fjsp\/wp-content\/uploads\/2020\/10\/0-yoko-ogawai-citacao-bjpg-460x233.png 460w\" sizes=\"(max-width: 800px) 100vw, 800px\" \/><\/p>\n<p>&nbsp;<\/p>\n<p>Hoje vamos falar um pouco sobre uma das escritoras mais prestigiadas da atualidade no Jap\u00e3o, Y\u014dko Ogawa.<\/p>\n<p>&nbsp;<\/p>\n<hr \/>\n<p>&nbsp;<\/p>\n<p><a href=\"https:\/\/fjsp.org.br\/fjsp\/dossie_yoko_ogawa_1_yoko_ogawa\/\"><img decoding=\"async\" class=\"img-responsive img-fluid alignnone wp-image-13387\" src=\"https:\/\/fjsp.org.br\/fjsp\/wp-content\/uploads\/2020\/10\/botao-site-prancheta-1-prancheta-1.png\" alt=\"\" width=\"300\" height=\"286\" srcset=\"https:\/\/fjsp.org.br\/fjsp\/wp-content\/uploads\/2020\/10\/botao-site-prancheta-1-prancheta-1.png 625w, https:\/\/fjsp.org.br\/fjsp\/wp-content\/uploads\/2020\/10\/botao-site-prancheta-1-prancheta-1-280x267.png 280w, https:\/\/fjsp.org.br\/fjsp\/wp-content\/uploads\/2020\/10\/botao-site-prancheta-1-prancheta-1-340x324.png 340w, https:\/\/fjsp.org.br\/fjsp\/wp-content\/uploads\/2020\/10\/botao-site-prancheta-1-prancheta-1-220x210.png 220w, https:\/\/fjsp.org.br\/fjsp\/wp-content\/uploads\/2020\/10\/botao-site-prancheta-1-prancheta-1-100x95.png 100w, https:\/\/fjsp.org.br\/fjsp\/wp-content\/uploads\/2020\/10\/botao-site-prancheta-1-prancheta-1-130x124.png 130w, https:\/\/fjsp.org.br\/fjsp\/wp-content\/uploads\/2020\/10\/botao-site-prancheta-1-prancheta-1-460x439.png 460w\" sizes=\"(max-width: 300px) 100vw, 300px\" \/><\/a> <a href=\"https:\/\/fjsp.org.br\/fjsp\/dossie_yoko_ogawa_2_premios_literarios\/\"><img decoding=\"async\" class=\"img-responsive img-fluid alignnone wp-image-13347\" src=\"https:\/\/fjsp.org.br\/fjsp\/wp-content\/uploads\/2020\/10\/botao-site-02.png\" alt=\"\" width=\"300\" height=\"286\" srcset=\"https:\/\/fjsp.org.br\/fjsp\/wp-content\/uploads\/2020\/10\/botao-site-02.png 626w, https:\/\/fjsp.org.br\/fjsp\/wp-content\/uploads\/2020\/10\/botao-site-02-280x267.png 280w, https:\/\/fjsp.org.br\/fjsp\/wp-content\/uploads\/2020\/10\/botao-site-02-340x324.png 340w, https:\/\/fjsp.org.br\/fjsp\/wp-content\/uploads\/2020\/10\/botao-site-02-220x209.png 220w, https:\/\/fjsp.org.br\/fjsp\/wp-content\/uploads\/2020\/10\/botao-site-02-100x95.png 100w, https:\/\/fjsp.org.br\/fjsp\/wp-content\/uploads\/2020\/10\/botao-site-02-130x124.png 130w, https:\/\/fjsp.org.br\/fjsp\/wp-content\/uploads\/2020\/10\/botao-site-02-460x438.png 460w\" sizes=\"(max-width: 300px) 100vw, 300px\" \/><\/a> <a href=\"https:\/\/fjsp.org.br\/fjsp\/dossie_yoko_ogawa_3_traducoes_portugues\/\"><img loading=\"lazy\" decoding=\"async\" class=\"img-responsive img-fluid alignnone wp-image-13348\" src=\"https:\/\/fjsp.org.br\/fjsp\/wp-content\/uploads\/2020\/10\/botao-site-03.png\" alt=\"\" width=\"300\" height=\"286\" srcset=\"https:\/\/fjsp.org.br\/fjsp\/wp-content\/uploads\/2020\/10\/botao-site-03.png 626w, https:\/\/fjsp.org.br\/fjsp\/wp-content\/uploads\/2020\/10\/botao-site-03-280x267.png 280w, https:\/\/fjsp.org.br\/fjsp\/wp-content\/uploads\/2020\/10\/botao-site-03-340x324.png 340w, https:\/\/fjsp.org.br\/fjsp\/wp-content\/uploads\/2020\/10\/botao-site-03-220x209.png 220w, https:\/\/fjsp.org.br\/fjsp\/wp-content\/uploads\/2020\/10\/botao-site-03-100x95.png 100w, https:\/\/fjsp.org.br\/fjsp\/wp-content\/uploads\/2020\/10\/botao-site-03-130x124.png 130w, https:\/\/fjsp.org.br\/fjsp\/wp-content\/uploads\/2020\/10\/botao-site-03-460x438.png 460w\" sizes=\"(max-width: 300px) 100vw, 300px\" \/><\/a> <a href=\"https:\/\/fjsp.org.br\/fjsp\/dossie_yoko_ogawa_4_yoko_ogawa_cinema\/\"><img loading=\"lazy\" decoding=\"async\" class=\"img-responsive img-fluid alignnone wp-image-13349\" src=\"https:\/\/fjsp.org.br\/fjsp\/wp-content\/uploads\/2020\/10\/botao-site-04.png\" alt=\"\" width=\"300\" height=\"286\" srcset=\"https:\/\/fjsp.org.br\/fjsp\/wp-content\/uploads\/2020\/10\/botao-site-04.png 625w, https:\/\/fjsp.org.br\/fjsp\/wp-content\/uploads\/2020\/10\/botao-site-04-280x267.png 280w, https:\/\/fjsp.org.br\/fjsp\/wp-content\/uploads\/2020\/10\/botao-site-04-340x324.png 340w, https:\/\/fjsp.org.br\/fjsp\/wp-content\/uploads\/2020\/10\/botao-site-04-220x210.png 220w, https:\/\/fjsp.org.br\/fjsp\/wp-content\/uploads\/2020\/10\/botao-site-04-100x95.png 100w, https:\/\/fjsp.org.br\/fjsp\/wp-content\/uploads\/2020\/10\/botao-site-04-130x124.png 130w, https:\/\/fjsp.org.br\/fjsp\/wp-content\/uploads\/2020\/10\/botao-site-04-460x439.png 460w\" sizes=\"(max-width: 300px) 100vw, 300px\" \/><\/a> <a href=\"https:\/\/fjsp.org.br\/fjsp\/dossie_yoko_ogawa_5_livros_yoko_ogawa_biblioteca\/\"><img loading=\"lazy\" decoding=\"async\" class=\"img-responsive img-fluid alignnone wp-image-13350\" src=\"https:\/\/fjsp.org.br\/fjsp\/wp-content\/uploads\/2020\/10\/botao-site-05.png\" alt=\"\" width=\"300\" height=\"286\" srcset=\"https:\/\/fjsp.org.br\/fjsp\/wp-content\/uploads\/2020\/10\/botao-site-05.png 626w, https:\/\/fjsp.org.br\/fjsp\/wp-content\/uploads\/2020\/10\/botao-site-05-280x267.png 280w, https:\/\/fjsp.org.br\/fjsp\/wp-content\/uploads\/2020\/10\/botao-site-05-340x324.png 340w, https:\/\/fjsp.org.br\/fjsp\/wp-content\/uploads\/2020\/10\/botao-site-05-220x209.png 220w, https:\/\/fjsp.org.br\/fjsp\/wp-content\/uploads\/2020\/10\/botao-site-05-100x95.png 100w, https:\/\/fjsp.org.br\/fjsp\/wp-content\/uploads\/2020\/10\/botao-site-05-130x124.png 130w, https:\/\/fjsp.org.br\/fjsp\/wp-content\/uploads\/2020\/10\/botao-site-05-460x438.png 460w\" sizes=\"(max-width: 300px) 100vw, 300px\" \/><\/a><\/p>\n<hr \/>\n<h4><span style=\"color: #7ab200\"><strong>AGRADECIMENTOS<\/strong><\/span><\/h4>\n<p>Um especial agradecimento para:<br \/>\nRevis\u00e3o e orienta\u00e7\u00e3o: <strong>Neide Hissae Nagae (CEJAP-USP)<\/strong><\/p>\n<p>&nbsp;<\/p>\n<p><img loading=\"lazy\" decoding=\"async\" class=\"img-responsive alignnone wp-image-11642 size-full\" src=\"https:\/\/fjsp.org.br\/fjsp\/wp-content\/uploads\/2020\/07\/pattern-v1-03-1.png\" alt=\"\" width=\"4032\" height=\"223\" srcset=\"https:\/\/fjsp.org.br\/fjsp\/wp-content\/uploads\/2020\/07\/pattern-v1-03-1.png 4032w, https:\/\/fjsp.org.br\/fjsp\/wp-content\/uploads\/2020\/07\/pattern-v1-03-1-280x15.png 280w, https:\/\/fjsp.org.br\/fjsp\/wp-content\/uploads\/2020\/07\/pattern-v1-03-1-768x42.png 768w, https:\/\/fjsp.org.br\/fjsp\/wp-content\/uploads\/2020\/07\/pattern-v1-03-1-340x19.png 340w, https:\/\/fjsp.org.br\/fjsp\/wp-content\/uploads\/2020\/07\/pattern-v1-03-1-220x12.png 220w, https:\/\/fjsp.org.br\/fjsp\/wp-content\/uploads\/2020\/07\/pattern-v1-03-1-100x6.png 100w, https:\/\/fjsp.org.br\/fjsp\/wp-content\/uploads\/2020\/07\/pattern-v1-03-1-130x7.png 130w, https:\/\/fjsp.org.br\/fjsp\/wp-content\/uploads\/2020\/07\/pattern-v1-03-1-460x25.png 460w\" sizes=\"(max-width: 4032px) 100vw, 4032px\" \/><\/p>\n","protected":false},"excerpt":{"rendered":"<p>Dossi\u00ea Liter\u00e1rio &gt; Dossi\u00ea Y\u014dko Ogawa &nbsp; Hoje vamos falar um pouco sobre uma das escritoras mais prestigiadas da atualidade no Jap\u00e3o, Y\u014dko Ogawa. &nbsp; &nbsp; AGRADECIMENTOS Um especial agradecimento para: Revis\u00e3o e orienta\u00e7\u00e3o: Neide Hissae Nagae (CEJAP-USP) &nbsp;<\/p>\n","protected":false},"author":34,"featured_media":0,"parent":0,"menu_order":0,"comment_status":"closed","ping_status":"closed","template":"","meta":{"_acf_changed":false,"footnotes":""},"class_list":["post-13228","page","type-page","status-publish","hentry"],"acf":[],"_links":{"self":[{"href":"https:\/\/fjsp.org.br\/fjsp\/wp-json\/wp\/v2\/pages\/13228","targetHints":{"allow":["GET"]}}],"collection":[{"href":"https:\/\/fjsp.org.br\/fjsp\/wp-json\/wp\/v2\/pages"}],"about":[{"href":"https:\/\/fjsp.org.br\/fjsp\/wp-json\/wp\/v2\/types\/page"}],"author":[{"embeddable":true,"href":"https:\/\/fjsp.org.br\/fjsp\/wp-json\/wp\/v2\/users\/34"}],"replies":[{"embeddable":true,"href":"https:\/\/fjsp.org.br\/fjsp\/wp-json\/wp\/v2\/comments?post=13228"}],"version-history":[{"count":2,"href":"https:\/\/fjsp.org.br\/fjsp\/wp-json\/wp\/v2\/pages\/13228\/revisions"}],"predecessor-version":[{"id":13798,"href":"https:\/\/fjsp.org.br\/fjsp\/wp-json\/wp\/v2\/pages\/13228\/revisions\/13798"}],"wp:attachment":[{"href":"https:\/\/fjsp.org.br\/fjsp\/wp-json\/wp\/v2\/media?parent=13228"}],"curies":[{"name":"wp","href":"https:\/\/api.w.org\/{rel}","templated":true}]}}