{"id":13231,"date":"2020-10-19T15:54:45","date_gmt":"2020-10-19T18:54:45","guid":{"rendered":"https:\/\/fjsp.org.br\/fjsp\/?page_id=13231"},"modified":"2021-06-01T10:41:08","modified_gmt":"2021-06-01T13:41:08","slug":"musica-no-castelo-chie-hanawa","status":"publish","type":"page","link":"https:\/\/fjsp.org.br\/fjsp\/musica-no-castelo-chie-hanawa\/","title":{"rendered":"Chie Hanawa (Shamisen)"},"content":{"rendered":"<h5 style=\"text-align: right;\"><a href=\"https:\/\/fjsp.org.br\/fjsp\/musica-no-castelo-chie-hanawa-jap\/\">\u65e5\u672c\u8a9e<\/a>\u00a0|\u00a0<a href=\"https:\/\/fjsp.org.br\/fjsp\/musica-no-castelo-chie-hanawa-ing\/\">English<\/a>\u00a0|\u00a0<a href=\"https:\/\/fjsp.org.br\/fjsp\/musica-no-castelo-chie-hanawa-esp\/\">Espa\u00f1ol<\/a><\/h5>\n<p>&nbsp;<\/p>\n<p><img fetchpriority=\"high\" decoding=\"async\" class=\"img-responsive img-fluid aligncenter wp-image-13247\" src=\"https:\/\/fjsp.org.br\/fjsp\/wp-content\/uploads\/2020\/10\/02-nikko-fotografia.jpg\" alt=\"\" width=\"600\" height=\"400\" srcset=\"https:\/\/fjsp.org.br\/fjsp\/wp-content\/uploads\/2020\/10\/02-nikko-fotografia.jpg 1000w, https:\/\/fjsp.org.br\/fjsp\/wp-content\/uploads\/2020\/10\/02-nikko-fotografia-280x187.jpg 280w, https:\/\/fjsp.org.br\/fjsp\/wp-content\/uploads\/2020\/10\/02-nikko-fotografia-768x512.jpg 768w, https:\/\/fjsp.org.br\/fjsp\/wp-content\/uploads\/2020\/10\/02-nikko-fotografia-340x227.jpg 340w, https:\/\/fjsp.org.br\/fjsp\/wp-content\/uploads\/2020\/10\/02-nikko-fotografia-220x147.jpg 220w, https:\/\/fjsp.org.br\/fjsp\/wp-content\/uploads\/2020\/10\/02-nikko-fotografia-100x67.jpg 100w, https:\/\/fjsp.org.br\/fjsp\/wp-content\/uploads\/2020\/10\/02-nikko-fotografia-130x87.jpg 130w, https:\/\/fjsp.org.br\/fjsp\/wp-content\/uploads\/2020\/10\/02-nikko-fotografia-460x307.jpg 460w\" sizes=\"(max-width: 600px) 100vw, 600px\" \/><\/p>\n<p>&nbsp;<\/p>\n<p>Neste sexto programa da s\u00e9rie de concertos solo M\u00fasica no Castelo, realizado pela Funda\u00e7\u00e3o Jap\u00e3o, apresentaremos o shamisen. O instrumento ser\u00e1 apresentado pela musicista Chie Hanawa, no estilo Tsugaru shamisen, que \u00e9 diferente daquele tocado pela professora Tamie Kitahara, no segundo concerto desta s\u00e9rie.<\/p>\n<p>&nbsp;<\/p>\n<h3><strong>Tsugaru Shamisen<\/strong><\/h3>\n<p>Tsugaru jamisen (kanji: \u6d25 \u8efd \u4e09\u5473 \u7dda, hiragana: \u3064 \u304c \u308b \u3058 \u3083 \u307f \u305b \u3093) ou Tsugaru shamisen (hiragana: \u3064 \u304c \u308b \u3057 \u3083 \u307f \u305b \u3093) refere-se ao g\u00eanero japon\u00eas da m\u00fasica de shamisen da atual pen\u00ednsula de Tsugaru. Muito tocado na prefeitura de Aomori, e em todo o Jap\u00e3o, \u00e9 considerado um dos mais importantes para o repert\u00f3rio do shamisen.<\/p>\n<p>No per\u00edodo Edo, a pen\u00ednsula fazia parte do dom\u00ednio de Hirosaki e era governada pelo cl\u00e3 Tsugaru. Tradicionalmente uma das \u00e1reas mais pobres e remotas do Jap\u00e3o, Tsugaru \u00e9 mais conhecida como o local de nascimento do escritor Osamu Dazai, que escreveu um di\u00e1rio de viagem sobre suas viagens pela pen\u00ednsula e sobre o Tsugaru shamisen, um instrumento local e distinto das demais cordas japonesas.<\/p>\n<p>&nbsp;<\/p>\n<p><img decoding=\"async\" class=\"img-responsive img-fluid aligncenter wp-image-13253\" src=\"https:\/\/fjsp.org.br\/fjsp\/wp-content\/uploads\/2020\/10\/08-wagakki-media.jpg\" alt=\"\" width=\"450\" height=\"253\" srcset=\"https:\/\/fjsp.org.br\/fjsp\/wp-content\/uploads\/2020\/10\/08-wagakki-media.jpg 1024w, https:\/\/fjsp.org.br\/fjsp\/wp-content\/uploads\/2020\/10\/08-wagakki-media-280x158.jpg 280w, https:\/\/fjsp.org.br\/fjsp\/wp-content\/uploads\/2020\/10\/08-wagakki-media-768x432.jpg 768w, https:\/\/fjsp.org.br\/fjsp\/wp-content\/uploads\/2020\/10\/08-wagakki-media-340x191.jpg 340w, https:\/\/fjsp.org.br\/fjsp\/wp-content\/uploads\/2020\/10\/08-wagakki-media-220x124.jpg 220w, https:\/\/fjsp.org.br\/fjsp\/wp-content\/uploads\/2020\/10\/08-wagakki-media-100x56.jpg 100w, https:\/\/fjsp.org.br\/fjsp\/wp-content\/uploads\/2020\/10\/08-wagakki-media-130x73.jpg 130w, https:\/\/fjsp.org.br\/fjsp\/wp-content\/uploads\/2020\/10\/08-wagakki-media-460x259.jpg 460w\" sizes=\"(max-width: 450px) 100vw, 450px\" \/><\/p>\n<p>&nbsp;<\/p>\n<p>Ap\u00f3s a derrota de Aizu, durante a Guerra de Boshin (1868), muitos dos \u00faltimos samurais foram enviados para campos de prisioneiros de guerra, na pen\u00ednsula de Tsugaru.<\/p>\n<p>Embora seja claro que o instrumento se originou da China, chegando em Okinawa no s\u00e9culo 16 d.C., os construtores espec\u00edficos do Tsugaru shamisen n\u00e3o s\u00e3o conhecidos com certeza, pois os <span class='tooltipsall tooltipsincontent classtoolTips34'>registros escritos<\/span> sobre sua constru\u00e7\u00e3o n\u00e3o foram mantidos, nem formalmente reconhecidos pelo governo japon\u00eas.<\/p>\n<p>O que se sabe \u00e9 que o Tsugaru shamisen se originou desta uma pequena peninsula a oeste da atual prov\u00edncia de Aomori, chamada Tsugaru. Al\u00e9m disso, alguns pesquisadores se basearam sobre as origens do estilo com base nas evid\u00eancias dispon\u00edveis. H\u00e1 algum consenso de que o estilo foi desenvolvido por moradores de rua e cegos, chamados de <em>bosama<\/em>.<\/p>\n<p>O estudioso Daij\u014d Kazuo disse que o estilo se originou de um <em>bosama<\/em> chamado Nitab\u014d, com base em entrevistas de m\u00fasicos e suas fam\u00edlias. De acordo com sua pesquisa, Nitab\u014d adquiriu e modificou um shamisen em 1877, para o qual adotou um estilo de tocar diferente. Nitab\u014d arredondou a palheta do instrumento de forma que tivesse a forma de uma colher de arroz em forma de pazinha. Al\u00e9m disso, adotou um estilo de tocar com o shamisen na posi\u00e7\u00e3o vertical, incluiu a \u00e1rea ao redor do cavalete como \u00e1rea de tocar e incorporou batidas percussivas nas cordas, em contraste com o uso exclusivo do plectro. No entanto, outros estudiosos argumentam que, devido \u00e0 falta de documenta\u00e7\u00e3o, o relato apresentado por Kazuo pode n\u00e3o ser totalmente preciso.<\/p>\n<p>&nbsp;<\/p>\n<p><img decoding=\"async\" class=\"img-responsive img-fluid aligncenter wp-image-13254\" src=\"https:\/\/fjsp.org.br\/fjsp\/wp-content\/uploads\/2020\/10\/010-wagakki-media.jpg\" alt=\"\" width=\"450\" height=\"284\" srcset=\"https:\/\/fjsp.org.br\/fjsp\/wp-content\/uploads\/2020\/10\/010-wagakki-media.jpg 1000w, https:\/\/fjsp.org.br\/fjsp\/wp-content\/uploads\/2020\/10\/010-wagakki-media-280x176.jpg 280w, https:\/\/fjsp.org.br\/fjsp\/wp-content\/uploads\/2020\/10\/010-wagakki-media-768x484.jpg 768w, https:\/\/fjsp.org.br\/fjsp\/wp-content\/uploads\/2020\/10\/010-wagakki-media-340x214.jpg 340w, https:\/\/fjsp.org.br\/fjsp\/wp-content\/uploads\/2020\/10\/010-wagakki-media-220x139.jpg 220w, https:\/\/fjsp.org.br\/fjsp\/wp-content\/uploads\/2020\/10\/010-wagakki-media-100x63.jpg 100w, https:\/\/fjsp.org.br\/fjsp\/wp-content\/uploads\/2020\/10\/010-wagakki-media-130x82.jpg 130w, https:\/\/fjsp.org.br\/fjsp\/wp-content\/uploads\/2020\/10\/010-wagakki-media-460x290.jpg 460w\" sizes=\"(max-width: 450px) 100vw, 450px\" \/><\/p>\n<p>&nbsp;<\/p>\n<p>Nitab\u014d teve v\u00e1rios alunos cegos, como Kinobo e Ch\u014dsakubo, que contribu\u00edram para o desenvolvimento do estilo. O \u00faltimo aluno de Nitab\u014d, Shirakawa Gunpachir\u014d, se apresentou fora da regi\u00e3o de Tsugaru, como parte de um grupo de apresenta\u00e7\u00f5es folcl\u00f3ricas. Gunpachir\u014d tamb\u00e9m se apresentou em ambientes profissionais, como em salas de concerto em T\u00f3quio. Como resultado de seu sucesso, o Tsugaru shamisen se tornou popular na d\u00e9cada de 1920, mas sua popularidade diminuiu com o in\u00edcio da Segunda Guerra Sino-Japonesa no final da d\u00e9cada.<\/p>\n<p>Entre 1955 e 1965, muitos artistas do g\u00eanero se mudaram para centros urbanos no Jap\u00e3o, como T\u00f3quio. Esta migra\u00e7\u00e3o foi parte de um movimento maior, devido ao sucesso das artes tradicionais no Jap\u00e3o. O Tsugaru shamisen desfrutou de outro per\u00edodo de sucesso e popularidade quando Gunpachir\u014d se apresentou com a estrela do enka, estilo de m\u00fasica popular japonesa, Michiya Mihashi, no Teatro Nacional de T\u00f3quio, em 1959. Como resultado dessa exposi\u00e7\u00e3o em massa ao g\u00eanero, come\u00e7aram a surgir jovens praticantes do g\u00eanero.<\/p>\n<p>Takahashi Chikuzan, tamb\u00e9m um <em>bosama<\/em>, artista altamente considerado do g\u00eanero, come\u00e7ou a viajar pelo Jap\u00e3o em 1964. Em fevereiro de 2004, foi lan\u00e7ado o filme <a href=\"https:\/\/www.nitaboh.com\/english\/\" target=\"_blank\" rel=\"noopener noreferrer\"><em>Nitaboh<\/em><\/a>, sobre a hist\u00f3ria desse mestre em Tsugaru shamisen, dirigido pelo diretor Akio Nishizawa.<\/p>\n<p>&nbsp;<\/p>\n<div id=\"attachment_13256\" style=\"width: 235px\" class=\"wp-caption aligncenter\"><img loading=\"lazy\" decoding=\"async\" aria-describedby=\"caption-attachment-13256\" class=\"img-responsive img-fluid wp-image-13256 size-full\" src=\"https:\/\/fjsp.org.br\/fjsp\/wp-content\/uploads\/2020\/10\/nitaboh-waoworld.jpg\" alt=\"\" width=\"225\" height=\"314\" srcset=\"https:\/\/fjsp.org.br\/fjsp\/wp-content\/uploads\/2020\/10\/nitaboh-waoworld.jpg 225w, https:\/\/fjsp.org.br\/fjsp\/wp-content\/uploads\/2020\/10\/nitaboh-waoworld-220x307.jpg 220w, https:\/\/fjsp.org.br\/fjsp\/wp-content\/uploads\/2020\/10\/nitaboh-waoworld-100x140.jpg 100w, https:\/\/fjsp.org.br\/fjsp\/wp-content\/uploads\/2020\/10\/nitaboh-waoworld-130x181.jpg 130w\" sizes=\"(max-width: 225px) 100vw, 225px\" \/><p id=\"caption-attachment-13256\" class=\"wp-caption-text\">\u00a9 WAO! World<\/p><\/div>\n<p>&nbsp;<\/p>\n<p>O Tsugaru shamisen \u00e9 tocado em um shamisen maior, chamado \u201cfutazao\u201d, com um bra\u00e7o e cordas mais grossas do que aqueles usados \u200b\u200bna maioria dos outros estilos. \u00c9 f\u00e1cil de reconhecer por sua caracter\u00edstica percussiva: a palheta golpeando o corpo do instrumento e a cad\u00eancia dos ritmos executados.<\/p>\n<p>Esse estilo de tocar \u00e9 composto por muitas frases e estilos distintos. Na t\u00e9cnica acrob\u00e1tica (kyokubiki), improvisar \u00e9 a caracter\u00edstica principal. O m\u00fasico golpeia as cordas e a pele com o bachi (plecto) com muita for\u00e7a e rapidez usando apenas o indicador esquerdo, dedo m\u00e9dio e o dedo anelar. A escala \u00e9 basicamente pentat\u00f4nica.<\/p>\n<p>Outra t\u00e9cnica exclusiva do estilo Tsugaru shamisen nos \u00faltimos anos \u00e9 o tremolo, um tipo de vibrato tocado com as costas do bachi, sem atingir a pele.<\/p>\n<p>Ao contr\u00e1rio da maioria das outras m\u00fasicas japonesas, algumas pe\u00e7as de Tsugaru shamisen est\u00e3o em compasso tern\u00e1rio 3\/4, embora as tr\u00eas batidas dos tempos n\u00e3o sejam acentuadas na maneira da m\u00fasica ocidental, ou seja, n\u00e3o tem o acento de uma valsa, por exemplo.<\/p>\n<p>O repert\u00f3rio do Tsugaru shamisen \u00e9 grande e em constante crescimento. Entrevistas com artistas not\u00e1veis, \u200b\u200bcomo Takahashi Chikuzan e Yamada Chisato, e grava\u00e7\u00f5es feitas por estrelas do passado permitem que se produzam duas formas. A forma de can\u00e7\u00e3o, que consiste em uma linha vocal com acompanhamento de shamisen e taiko, ou como uma pe\u00e7a solo de shamisen.<\/p>\n<p>&nbsp;<\/p>\n<p><img loading=\"lazy\" decoding=\"async\" class=\"img-responsive img-fluid aligncenter wp-image-13259\" src=\"https:\/\/fjsp.org.br\/fjsp\/wp-content\/uploads\/2020\/10\/07-wagakki-media.jpg\" alt=\"\" width=\"300\" height=\"449\" srcset=\"https:\/\/fjsp.org.br\/fjsp\/wp-content\/uploads\/2020\/10\/07-wagakki-media.jpg 668w, https:\/\/fjsp.org.br\/fjsp\/wp-content\/uploads\/2020\/10\/07-wagakki-media-280x419.jpg 280w, https:\/\/fjsp.org.br\/fjsp\/wp-content\/uploads\/2020\/10\/07-wagakki-media-340x509.jpg 340w, https:\/\/fjsp.org.br\/fjsp\/wp-content\/uploads\/2020\/10\/07-wagakki-media-220x329.jpg 220w, https:\/\/fjsp.org.br\/fjsp\/wp-content\/uploads\/2020\/10\/07-wagakki-media-100x150.jpg 100w, https:\/\/fjsp.org.br\/fjsp\/wp-content\/uploads\/2020\/10\/07-wagakki-media-130x195.jpg 130w, https:\/\/fjsp.org.br\/fjsp\/wp-content\/uploads\/2020\/10\/07-wagakki-media-460x689.jpg 460w\" sizes=\"(max-width: 300px) 100vw, 300px\" \/><\/p>\n<p>&nbsp;<\/p>\n<p>Recentemente, m\u00fasicos mais jovens t\u00eam tentado combinar estilos ou motivos de tocar Tsugaru shamisen com jazz, rock e outras formas de m\u00fasica mais comercial. Com exce\u00e7\u00e3o dos arranjos classificados como \u201cshin min&#8217;y\u014d\u201d (novo folclore), essas pe\u00e7as s\u00e3o geralmente consideradas tradicionais ou folcl\u00f3ricas.<\/p>\n<div class=\"mceTemp\"><\/div>\n<p>&nbsp;<\/p>\n<h3><strong>Chie Hanawa (Tsugaru shamisen)<\/strong><\/h3>\n<p>&nbsp;<\/p>\n<p><img loading=\"lazy\" decoding=\"async\" class=\"img-responsive img-fluid wp-image-13244 aligncenter\" src=\"https:\/\/fjsp.org.br\/fjsp\/wp-content\/uploads\/2020\/10\/01-nikko-fotografia.jpg\" alt=\"\" width=\"450\" height=\"300\" srcset=\"https:\/\/fjsp.org.br\/fjsp\/wp-content\/uploads\/2020\/10\/01-nikko-fotografia.jpg 1000w, https:\/\/fjsp.org.br\/fjsp\/wp-content\/uploads\/2020\/10\/01-nikko-fotografia-280x187.jpg 280w, https:\/\/fjsp.org.br\/fjsp\/wp-content\/uploads\/2020\/10\/01-nikko-fotografia-768x512.jpg 768w, https:\/\/fjsp.org.br\/fjsp\/wp-content\/uploads\/2020\/10\/01-nikko-fotografia-340x227.jpg 340w, https:\/\/fjsp.org.br\/fjsp\/wp-content\/uploads\/2020\/10\/01-nikko-fotografia-220x147.jpg 220w, https:\/\/fjsp.org.br\/fjsp\/wp-content\/uploads\/2020\/10\/01-nikko-fotografia-100x67.jpg 100w, https:\/\/fjsp.org.br\/fjsp\/wp-content\/uploads\/2020\/10\/01-nikko-fotografia-130x87.jpg 130w, https:\/\/fjsp.org.br\/fjsp\/wp-content\/uploads\/2020\/10\/01-nikko-fotografia-460x307.jpg 460w\" sizes=\"(max-width: 450px) 100vw, 450px\" \/><\/p>\n<p>&nbsp;<\/p>\n<p>Nascida na cidade de Hitachi, prov\u00edncia de Ibaraki, aos 9 anos de idade iniciou o aprendizado de Tsugaru shamisen, com o mestre Mitsuyoshi Sasaki. Em 2000, aos 17 anos, tornou-se a mais jovem a conquistar o pr\u00eamio do <strong>N\u00edvel A<\/strong> na categoria feminina do Concurso Nacional de Tsugaru shamisen.<\/p>\n<p>Em 2004, durante a gradua\u00e7\u00e3o no Curso de M\u00fasica Tradicional Japonesa do Departamento de M\u00fasica da Universidade de Belas Artes de T\u00f3quio, lan\u00e7ou seu primeiro \u00e1lbum, Tsuki no Usagi (Coelho da Lua), pela Nippon Columbia. A partir da\u00ed, passou a se apresentar em casas de espet\u00e1culos da regi\u00e3o, dando in\u00edcio a uma carreira solo e de grupo.<\/p>\n<p>Al\u00e9m do trio YUI, integra o duo Hanamas, ao lado da violinista Natsumi Okimasu. Com a repercuss\u00e3o de sua atua\u00e7\u00e3o, apresentou-se no Tokagakudo Concert Hall, no Pal\u00e1cio Imperial, e no exterior, em pa\u00edses como Alemanha, Argentina, B\u00e9lgica, Brunei, Chile, Estados Unidos, Fran\u00e7a, Ge\u00f3rgia, Hong Kong, It\u00e1lia, Mal\u00e1sia, entre outros.<\/p>\n<p>&nbsp;<\/p>\n<p><img loading=\"lazy\" decoding=\"async\" class=\"img-responsive img-fluid wp-image-13246 aligncenter\" src=\"https:\/\/fjsp.org.br\/fjsp\/wp-content\/uploads\/2020\/10\/03-nikko-fotografia.jpg\" alt=\"\" width=\"450\" height=\"300\" srcset=\"https:\/\/fjsp.org.br\/fjsp\/wp-content\/uploads\/2020\/10\/03-nikko-fotografia.jpg 1000w, https:\/\/fjsp.org.br\/fjsp\/wp-content\/uploads\/2020\/10\/03-nikko-fotografia-280x187.jpg 280w, https:\/\/fjsp.org.br\/fjsp\/wp-content\/uploads\/2020\/10\/03-nikko-fotografia-768x512.jpg 768w, https:\/\/fjsp.org.br\/fjsp\/wp-content\/uploads\/2020\/10\/03-nikko-fotografia-340x227.jpg 340w, https:\/\/fjsp.org.br\/fjsp\/wp-content\/uploads\/2020\/10\/03-nikko-fotografia-220x147.jpg 220w, https:\/\/fjsp.org.br\/fjsp\/wp-content\/uploads\/2020\/10\/03-nikko-fotografia-100x67.jpg 100w, https:\/\/fjsp.org.br\/fjsp\/wp-content\/uploads\/2020\/10\/03-nikko-fotografia-130x87.jpg 130w, https:\/\/fjsp.org.br\/fjsp\/wp-content\/uploads\/2020\/10\/03-nikko-fotografia-460x307.jpg 460w\" sizes=\"(max-width: 450px) 100vw, 450px\" \/><\/p>\n<p>&nbsp;<\/p>\n<p>J\u00e1 com forte reconhecimento no universo da m\u00fasica japonesa tradicional, tamb\u00e9m como musicista de Tsugaru shamisen, participou de comerciais para televis\u00e3o. Em fevereiro de 2014, lan\u00e7ou seu segundo \u00e1lbum, CoLoRful, pela King Records.<\/p>\n<p>&nbsp;<\/p>\n<h3><strong>M\u00fasicas<\/strong><\/h3>\n<p><strong>Tsugaru-Yosare Bushi<br \/>\n<\/strong>Podemos considerar esta composi\u00e7\u00e3o como uma m\u00fasica para esquecer algum desejo. Por exemplo, estar com fome e tocando, o desejo \u00e9 de esquecer e continuar tocando sem se importar com a situa\u00e7\u00e3o.<\/p>\n<p><strong>Tosa-no-sunayama<br \/>\n<\/strong>A cidade portu\u00e1ria de Tosa foi destru\u00edda pela enchente em uma noite, criando-se uma montanha de areia. Esta can\u00e7\u00e3o traz o desejo de que essa montanha de areia seja transformada em uma montanha de arroz, para alimentar os atingidos pela enchente.<\/p>\n<p><strong>Tsugaru-Jongara Bushi<br \/>\n<\/strong>Can\u00e7\u00e3o folcl\u00f3rica mais famosa do Tsugaru shamisen, uma vers\u00e3o improvisada, como jazz. Inser\u00e7\u00e3o de uma frase da m\u00fasica \u201cSakura Sakura\u201d, com arranjo original de Chie.<\/p>\n<p><strong>Akita-Nikata Bushi<br \/>\n<\/strong>A can\u00e7\u00e3o folcl\u00f3rica da prefeitura de Akita, tem um sentido de ritmo compassado e cont\u00ednuo.<\/p>\n<p><strong>Experience<br \/>\n<\/strong>Composi\u00e7\u00e3o de Chie para o comercial de TV da SONY \u201cXperia\u201d, em que gravou e participou com atriz. A ideia foi a fus\u00e3o do tradicional com a inova\u00e7\u00e3o.<\/p>\n<p>&nbsp;<\/p>\n<h4 style=\"text-align: center;\"><strong><a href=\"https:\/\/www.youtube.com\/watch?v=VAVoJiznip8\" target=\"_blank\" rel=\"noopener noreferrer\">Assista a apresenta\u00e7\u00e3o de Chie Hanawa no projeto M\u00fasica no Castelo.<\/a><\/strong><\/h4>\n<p>&nbsp;<\/p>\n<p><img loading=\"lazy\" decoding=\"async\" class=\"img-responsive img-fluid aligncenter wp-image-13248\" src=\"https:\/\/fjsp.org.br\/fjsp\/wp-content\/uploads\/2020\/10\/05-wagakki-media.jpg\" alt=\"\" width=\"600\" height=\"352\" srcset=\"https:\/\/fjsp.org.br\/fjsp\/wp-content\/uploads\/2020\/10\/05-wagakki-media.jpg 1280w, https:\/\/fjsp.org.br\/fjsp\/wp-content\/uploads\/2020\/10\/05-wagakki-media-280x164.jpg 280w, https:\/\/fjsp.org.br\/fjsp\/wp-content\/uploads\/2020\/10\/05-wagakki-media-768x450.jpg 768w, https:\/\/fjsp.org.br\/fjsp\/wp-content\/uploads\/2020\/10\/05-wagakki-media-340x199.jpg 340w, https:\/\/fjsp.org.br\/fjsp\/wp-content\/uploads\/2020\/10\/05-wagakki-media-220x129.jpg 220w, https:\/\/fjsp.org.br\/fjsp\/wp-content\/uploads\/2020\/10\/05-wagakki-media-100x59.jpg 100w, https:\/\/fjsp.org.br\/fjsp\/wp-content\/uploads\/2020\/10\/05-wagakki-media-130x76.jpg 130w, https:\/\/fjsp.org.br\/fjsp\/wp-content\/uploads\/2020\/10\/05-wagakki-media-460x270.jpg 460w\" sizes=\"(max-width: 600px) 100vw, 600px\" \/><\/p>\n<p style=\"text-align: center;\"><a href=\"http:\/\/www.chiehanawa.munique.co.jp\/\" target=\"_blank\" rel=\"noopener noreferrer\"><strong>SITE OFICIAL CHIE HANAWA<\/strong><\/a><\/p>\n<h3 style=\"text-align: center;\"><a href=\"https:\/\/fjsp.org.br\/fjsp\/agenda\/musica-no-castelo\/\"><strong>M\u00fasica no Castelo<\/strong><\/a><\/h3>\n<script type=\"text\/javascript\"> toolTips('.classtoolTips34','A primeira obra escrita da literatura japonesa \u00e9 o <em>Kojiki <\/em>(\u201cRegistro de Fatos Antigos\u201d), comp\u00eandio de mitos datado do ano 712 d.C.'); <\/script>","protected":false},"excerpt":{"rendered":"<p>\u65e5\u672c\u8a9e\u00a0|\u00a0English\u00a0|\u00a0Espa\u00f1ol &nbsp; &nbsp; Neste sexto programa da s\u00e9rie de concertos solo M\u00fasica no Castelo, realizado pela Funda\u00e7\u00e3o Jap\u00e3o, apresentaremos o shamisen. O instrumento ser\u00e1 apresentado pela musicista Chie Hanawa, no estilo Tsugaru shamisen, que \u00e9 diferente daquele tocado pela professora Tamie Kitahara, no segundo concerto desta s\u00e9rie. &nbsp; Tsugaru Shamisen Tsugaru jamisen (kanji: \u6d25 \u8efd [&hellip;]<\/p>\n","protected":false},"author":34,"featured_media":0,"parent":0,"menu_order":0,"comment_status":"closed","ping_status":"closed","template":"","meta":{"_acf_changed":false,"footnotes":""},"class_list":["post-13231","page","type-page","status-publish","hentry"],"acf":[],"_links":{"self":[{"href":"https:\/\/fjsp.org.br\/fjsp\/wp-json\/wp\/v2\/pages\/13231","targetHints":{"allow":["GET"]}}],"collection":[{"href":"https:\/\/fjsp.org.br\/fjsp\/wp-json\/wp\/v2\/pages"}],"about":[{"href":"https:\/\/fjsp.org.br\/fjsp\/wp-json\/wp\/v2\/types\/page"}],"author":[{"embeddable":true,"href":"https:\/\/fjsp.org.br\/fjsp\/wp-json\/wp\/v2\/users\/34"}],"replies":[{"embeddable":true,"href":"https:\/\/fjsp.org.br\/fjsp\/wp-json\/wp\/v2\/comments?post=13231"}],"version-history":[{"count":2,"href":"https:\/\/fjsp.org.br\/fjsp\/wp-json\/wp\/v2\/pages\/13231\/revisions"}],"predecessor-version":[{"id":16771,"href":"https:\/\/fjsp.org.br\/fjsp\/wp-json\/wp\/v2\/pages\/13231\/revisions\/16771"}],"wp:attachment":[{"href":"https:\/\/fjsp.org.br\/fjsp\/wp-json\/wp\/v2\/media?parent=13231"}],"curies":[{"name":"wp","href":"https:\/\/api.w.org\/{rel}","templated":true}]}}