{"id":13265,"date":"2020-10-21T17:08:01","date_gmt":"2020-10-21T20:08:01","guid":{"rendered":"https:\/\/fjsp.org.br\/fjsp\/?page_id=13265"},"modified":"2020-10-23T09:44:34","modified_gmt":"2020-10-23T12:44:34","slug":"dossie_yoko_ogawa_1_yoko_ogawa","status":"publish","type":"page","link":"https:\/\/fjsp.org.br\/fjsp\/dossie_yoko_ogawa_1_yoko_ogawa\/","title":{"rendered":"1. Y\u014dko Ogawa"},"content":{"rendered":"<p style=\"text-align: right\"><strong><a href=\"https:\/\/fjsp.org.br\/fjsp\/dossie_literario\/\">Dossi\u00ea Liter\u00e1rio<\/a> &gt; <a href=\"https:\/\/fjsp.org.br\/fjsp\/dossie_yoko_ogawa\/\">Dossi\u00ea Y\u014dko Ogawa <\/a>&gt; 1. Natsume Soseki<\/strong><\/p>\n<p><img fetchpriority=\"high\" decoding=\"async\" class=\"img-responsive alignnone wp-image-11642 size-full\" src=\"https:\/\/fjsp.org.br\/fjsp\/wp-content\/uploads\/2020\/07\/pattern-v1-03-1.png\" alt=\"\" width=\"4032\" height=\"223\" srcset=\"https:\/\/fjsp.org.br\/fjsp\/wp-content\/uploads\/2020\/07\/pattern-v1-03-1.png 4032w, https:\/\/fjsp.org.br\/fjsp\/wp-content\/uploads\/2020\/07\/pattern-v1-03-1-280x15.png 280w, https:\/\/fjsp.org.br\/fjsp\/wp-content\/uploads\/2020\/07\/pattern-v1-03-1-768x42.png 768w, https:\/\/fjsp.org.br\/fjsp\/wp-content\/uploads\/2020\/07\/pattern-v1-03-1-340x19.png 340w, https:\/\/fjsp.org.br\/fjsp\/wp-content\/uploads\/2020\/07\/pattern-v1-03-1-220x12.png 220w, https:\/\/fjsp.org.br\/fjsp\/wp-content\/uploads\/2020\/07\/pattern-v1-03-1-100x6.png 100w, https:\/\/fjsp.org.br\/fjsp\/wp-content\/uploads\/2020\/07\/pattern-v1-03-1-130x7.png 130w, https:\/\/fjsp.org.br\/fjsp\/wp-content\/uploads\/2020\/07\/pattern-v1-03-1-460x25.png 460w\" sizes=\"(max-width: 4032px) 100vw, 4032px\" \/><\/p>\n<p>Hoje vamos falar um pouco sobre uma das escritoras mais prestigiadas da atualidade no Jap\u00e3o, Y\u014dko Ogawa.<\/p>\n<p>Nascida na cidade de Okayama, no dia 30 de mar\u00e7o de 1962, graduou-se na Universidade de Waseda, T\u00f3quio, e atualmente vive em Ashiya, prov\u00edncia de Hy\u014dgo, com seu marido e filho. Desde 1988, publicou mais de quarenta obras de fic\u00e7\u00e3o e n\u00e3o-fic\u00e7\u00e3o, muitas das quais foram agraciadas com os mais prestigiosos pr\u00eamios liter\u00e1rios japoneses e internacionais.<\/p>\n<p>Embora tenha uma vasta bibliografia, s\u00e3o poucas ainda as tradu\u00e7\u00f5es feitas para o portugu\u00eas, num total de 3 livros: \u201c<a href=\"https:\/\/www.estacaoliberdade.com.br\/livraria\/museu-do-silencio\" target=\"_blank\" rel=\"noopener noreferrer\">O Museu do Sil\u00eancio<\/a>\u201d e \u201c<a href=\"https:\/\/www.estacaoliberdade.com.br\/livraria\/formula-preferida-do-professor\" target=\"_blank\" rel=\"noopener noreferrer\">A f\u00f3rmula preferida do Professor<\/a>\u201d, pela Esta\u00e7\u00e3o Liberdade, ambos com tradu\u00e7\u00e3o direta do japon\u00eas; e \u201cHotel \u00cdris\u201d, pela <a href=\"http:\/\/leya.com.br\/\" target=\"_blank\" rel=\"noopener noreferrer\">Editora LeYa<\/a>, uma tradu\u00e7\u00e3o indireta do franc\u00eas.<\/p>\n<p>Segundo o artigo \u201c<a href=\"https:\/\/www.smh.com.au\/entertainment\/books\/the-strange-case-of-yoko-ogawa-and-anne-frank-20190816-p52hsj.html\" target=\"_blank\" rel=\"noopener noreferrer\">The strange case of Yoko Ogawa and Anne Frank<\/a>\u201d [O estranho caso de Yoko Ogawa e Anne Frank], do jornal The Sidney Morning Herald, Ogawa \u00e9 admiradora confessa da obra \u201cO di\u00e1rio de Anne Frank\u201d, com a qual teve seu primeiro contato em sua adolesc\u00eancia solit\u00e1ria no Jap\u00e3o. Ela ficou t\u00e3o impressionada com a obra que ela pr\u00f3pria come\u00e7ou a manter um di\u00e1rio. Ogawa diz que \u201cO cora\u00e7\u00e3o e mente de Anne eram t\u00e3o ricos\u201d, e continua \u201cSeu di\u00e1rio prova que pessoas podem crescer mesmo em situa\u00e7\u00f5es de confinamento como aquela. E escrever poderia dar \u00e0s elas liberdade\u201d (tradu\u00e7\u00e3o nossa).<\/p>\n<p>N\u00e3o \u00e0 toa o \u201cO di\u00e1rio de Anne Frank\u201d aparece em muitos de seus livros, seja de forma literal como em \u201cO Museu do Sil\u00eancio\u201d, fazendo inclusive parte do enredo; seja em forma de inspira\u00e7\u00e3o como em \u201cMemory Police\u201d, ainda sem tradu\u00e7\u00e3o para o portugu\u00eas, sobre o qual Ogawa diz: \u201cEu queria digerir a experi\u00eancia de Anne do meu pr\u00f3prio jeito e depois recomp\u00f4-la em meu trabalho&#8221;.\u00a0 Muitos de seus livros se passam em ambientes de confinamento f\u00edsico, lugares restritos, mas tamb\u00e9m de confinamento psicol\u00f3gico ou os revisitam.<\/p>\n<p>Neste sentido, fica a dica de leitura para compreender um pouco mais o mundo liter\u00e1rio de Y\u014dko Ogawa: \u201cO di\u00e1rio de Anne Frank\u201d, escrito por Anne Frank entre 12 de junho de 1942 e 1\u00ba de agosto de 1944, com in\u00fameras edi\u00e7\u00f5es brasileiras bastante acess\u00edveis.<\/p>\n<p>As obras de Ogawa costumam dar \u00eanfase mais em emo\u00e7\u00f5es do que em a\u00e7\u00f5es, dissecando as rela\u00e7\u00f5es humanas, dando especial aten\u00e7\u00e3o \u00e0 constru\u00e7\u00e3o das personagens, seu crescimento diante de situa\u00e7\u00f5es adversas, analisando o seu exterior e interior, num estilo liter\u00e1rio muito denso e descritivo, com grande esmero na escolha do vocabul\u00e1rio em japon\u00eas. Por isso, sua leitura \u00e9 recomendada \u00e0queles a procura de bons exemplos de literatura japonesa moderna, e que apreciam um estilo de escrita h\u00e1bil, mas que se concentra mais na descri\u00e7\u00e3o do que na a\u00e7\u00e3o dram\u00e1tica em si.<\/p>\n<p>Em particular em \u201cO Museu do Sil\u00eancio\u201d, criou-se um mundo paralelo, que por vezes gravita no limite entre realidade e imagina\u00e7\u00e3o, onde habitam seres fict\u00edcios, como o bis\u00e3o-dos-rochedos-brancos, e suas personagens n\u00e3o t\u00eam nome, s\u00e3o simplesmente designadas por suas fun\u00e7\u00f5es ou por suas caracter\u00edsticas f\u00edsicas e psicol\u00f3gicas. Assim, temos o muse\u00f3logo, a velha, a menina, o jardineiro, o homem cego, os mission\u00e1rios do sil\u00eancio, etc.<\/p>\n<p>O local e o tempo da trama tamb\u00e9m n\u00e3o s\u00e3o identificados, fazendo com que a obra tenha alcance universal, embora seja poss\u00edvel aqui e ali identificar uma ou outra pitadinha de Jap\u00e3o. Para aqueles que procuram na literatura o retrato mais direto da cultura e sociedade japonesa de uma determinada \u00e9poca, o \u201cO Museu do Sil\u00eancio\u201d definitivamente n\u00e3o \u00e9 o livro mais recomendado, assim como muitas de suas obras.<\/p>\n<p>Ogawa constr\u00f3i personagens complexos e \u00fanicos, com tra\u00e7os psicol\u00f3gicos bem definidos, que nos convida a refletir sobre a condi\u00e7\u00e3o humana. Lendo seus livros, a sensa\u00e7\u00e3o \u00e9 de que cada personagem vai sendo constru\u00eddo de forma met\u00f3dica, camada por camada.<\/p>\n<p>Se fossemos destacar algumas palavras-chave de suas obras, poder\u00edamos certamente enumerar: mem\u00f3ria, recorda\u00e7\u00e3o, rela\u00e7\u00e3o humana, fragilidade humana, morte, grotesco, <em>dark<\/em>, suspense, distopia, resigna\u00e7\u00e3o, erotismo, entre outras. Temas que s\u00e3o revisitados de tempos em tempos na sua bibliografia.<\/p>\n<p>Enfim, <span class='tooltipsall tooltipsincontent classtoolTips20'>como diz Kenzaburo \u014ce<\/span>, Pr\u00eamio Nobel de Literatura, Y\u014dko Ogawa <em>\u00e9 capaz de dar express\u00e3o \u00e0s maquina\u00e7\u00f5es mais sutis da psique humana, em uma prosa que \u00e9 delicada, mas penetrante.<\/em><\/p>\n<p>&nbsp;<\/p>\n<p><a href=\"https:\/\/www.estacaoliberdade.com.br\/livraria\/bloco-literario-ogawa\" target=\"_blank\" rel=\"noopener noreferrer\"><img decoding=\"async\" class=\"img-responsive img-fluid aligncenter wp-image-13271\" src=\"https:\/\/fjsp.org.br\/fjsp\/wp-content\/uploads\/2020\/10\/botao-dica-biblioteca-01.png\" alt=\"\" width=\"750\" height=\"156\" srcset=\"https:\/\/fjsp.org.br\/fjsp\/wp-content\/uploads\/2020\/10\/botao-dica-biblioteca-01.png 1704w, https:\/\/fjsp.org.br\/fjsp\/wp-content\/uploads\/2020\/10\/botao-dica-biblioteca-01-280x58.png 280w, https:\/\/fjsp.org.br\/fjsp\/wp-content\/uploads\/2020\/10\/botao-dica-biblioteca-01-768x160.png 768w, https:\/\/fjsp.org.br\/fjsp\/wp-content\/uploads\/2020\/10\/botao-dica-biblioteca-01-1536x319.png 1536w, https:\/\/fjsp.org.br\/fjsp\/wp-content\/uploads\/2020\/10\/botao-dica-biblioteca-01-340x71.png 340w, https:\/\/fjsp.org.br\/fjsp\/wp-content\/uploads\/2020\/10\/botao-dica-biblioteca-01-220x46.png 220w, https:\/\/fjsp.org.br\/fjsp\/wp-content\/uploads\/2020\/10\/botao-dica-biblioteca-01-100x21.png 100w, https:\/\/fjsp.org.br\/fjsp\/wp-content\/uploads\/2020\/10\/botao-dica-biblioteca-01-130x27.png 130w, https:\/\/fjsp.org.br\/fjsp\/wp-content\/uploads\/2020\/10\/botao-dica-biblioteca-01-460x96.png 460w\" sizes=\"(max-width: 750px) 100vw, 750px\" \/><\/a><\/p>\n<p>&nbsp;<\/p>\n<p><strong>NOTAS IMPORTANTES<br \/>\n<\/strong>\u30fbT\u00edtulos entre [ ] de artigos e livros s\u00e3o de tradu\u00e7\u00e3o nossa, ainda sem publica\u00e7\u00e3o no Brasil.<br \/>\n\u30fbTodos nomes japoneses s\u00e3o utilizados na ordem convencional brasileira, Nome Sobrenome, ex. Y\u014dko Ogawa.<br \/>\n\u30fbA romaniza\u00e7\u00e3o de termos japoneses utiliza o acento macron para representar vogais longas, ex. Y\u014dko.<br \/>\n\u30fbOs t\u00edtulos japoneses romanizados s\u00e3o escritos em it\u00e1lico, ex. <em>Agehacho ga kowareru toki<\/em>.<\/p>\n<p>&nbsp;<\/p>\n<hr \/>\n<p>&nbsp;<\/p>\n<p style=\"text-align: center\"><strong><a href=\"https:\/\/fjsp.org.br\/fjsp\/dossie_yoko_ogawa\/\">&lt;&lt; Dossi\u00ea Y\u014dko Ogawai<\/a> \/\/ <a href=\"https:\/\/fjsp.org.br\/fjsp\/dossie_yoko_ogawa_2_premios_literarios\/\"> 2. Pr\u00eamios liter\u00e1rios &gt;&gt;<\/a><\/strong><\/p>\n<script type=\"text\/javascript\"> toolTips('.classtoolTips1','\u201cThe strange case of Yoko Ogawa and Anne Frank\u201d [O estranho caso de Yoko Ogawa e Anne Frank], do jornal The Sidney Morning Herald. Dispon\u00edvel em: <a href=\"https:\/\/www.smh.com.au\/entertainment\/books\/the-strange-case-of-yoko-ogawa-and-anne-frank-20190816-p52hsj.html\">https:\/\/www.smh.com.au\/entertainment\/books\/the-strange-case-of-yoko-ogawa-and-anne-frank-20190816-p52hsj.html<\/a>'); <\/script><script type=\"text\/javascript\"> toolTips('.classtoolTips20','Blog Esta\u00e7\u00e3o Liberdade<br\/><br\/>Bloco Liter\u00e1rio: Yoko Ogawa. Dispon\u00edvel em:<br\/><br\/><a href=\"https:\/\/www.estacaoliberdade.com.br\/livraria\/bloco-literario-ogawa\">https:\/\/www.estacaoliberdade.com.br\/livraria\/bloco-literario-ogawa<\/a>'); <\/script>","protected":false},"excerpt":{"rendered":"<p>Dossi\u00ea Liter\u00e1rio &gt; Dossi\u00ea Y\u014dko Ogawa &gt; 1. Natsume Soseki Hoje vamos falar um pouco sobre uma das escritoras mais prestigiadas da atualidade no Jap\u00e3o, Y\u014dko Ogawa. Nascida na cidade de Okayama, no dia 30 de mar\u00e7o de 1962, graduou-se na Universidade de Waseda, T\u00f3quio, e atualmente vive em Ashiya, prov\u00edncia de Hy\u014dgo, com seu [&hellip;]<\/p>\n","protected":false},"author":34,"featured_media":0,"parent":0,"menu_order":0,"comment_status":"closed","ping_status":"closed","template":"","meta":{"_acf_changed":false,"footnotes":""},"class_list":["post-13265","page","type-page","status-publish","hentry"],"acf":[],"_links":{"self":[{"href":"https:\/\/fjsp.org.br\/fjsp\/wp-json\/wp\/v2\/pages\/13265","targetHints":{"allow":["GET"]}}],"collection":[{"href":"https:\/\/fjsp.org.br\/fjsp\/wp-json\/wp\/v2\/pages"}],"about":[{"href":"https:\/\/fjsp.org.br\/fjsp\/wp-json\/wp\/v2\/types\/page"}],"author":[{"embeddable":true,"href":"https:\/\/fjsp.org.br\/fjsp\/wp-json\/wp\/v2\/users\/34"}],"replies":[{"embeddable":true,"href":"https:\/\/fjsp.org.br\/fjsp\/wp-json\/wp\/v2\/comments?post=13265"}],"version-history":[{"count":2,"href":"https:\/\/fjsp.org.br\/fjsp\/wp-json\/wp\/v2\/pages\/13265\/revisions"}],"predecessor-version":[{"id":13320,"href":"https:\/\/fjsp.org.br\/fjsp\/wp-json\/wp\/v2\/pages\/13265\/revisions\/13320"}],"wp:attachment":[{"href":"https:\/\/fjsp.org.br\/fjsp\/wp-json\/wp\/v2\/media?parent=13265"}],"curies":[{"name":"wp","href":"https:\/\/api.w.org\/{rel}","templated":true}]}}