{"id":13273,"date":"2020-10-21T17:08:08","date_gmt":"2020-10-21T20:08:08","guid":{"rendered":"https:\/\/fjsp.org.br\/fjsp\/?page_id=13273"},"modified":"2020-10-23T10:08:41","modified_gmt":"2020-10-23T13:08:41","slug":"dossie_yoko_ogawa_2_premios_literarios","status":"publish","type":"page","link":"https:\/\/fjsp.org.br\/fjsp\/dossie_yoko_ogawa_2_premios_literarios\/","title":{"rendered":"2. Pr\u00eamios Liter\u00e1rios"},"content":{"rendered":"<p style=\"text-align: right\"><strong><a href=\"https:\/\/fjsp.org.br\/fjsp\/dossie_literario\/\">Dossi\u00ea Liter\u00e1rio<\/a> &gt; <a href=\"https:\/\/fjsp.org.br\/fjsp\/dossie_yoko_ogawa\/\">Dossi\u00ea Y\u014dko Ogawa <\/a>&gt; 2. Pr\u00eamios Liter\u00e1rios<\/strong><\/p>\n<p><img fetchpriority=\"high\" decoding=\"async\" class=\"img-responsive alignnone wp-image-11642 size-full\" src=\"https:\/\/fjsp.org.br\/fjsp\/wp-content\/uploads\/2020\/07\/pattern-v1-03-1.png\" alt=\"\" width=\"4032\" height=\"223\" srcset=\"https:\/\/fjsp.org.br\/fjsp\/wp-content\/uploads\/2020\/07\/pattern-v1-03-1.png 4032w, https:\/\/fjsp.org.br\/fjsp\/wp-content\/uploads\/2020\/07\/pattern-v1-03-1-280x15.png 280w, https:\/\/fjsp.org.br\/fjsp\/wp-content\/uploads\/2020\/07\/pattern-v1-03-1-768x42.png 768w, https:\/\/fjsp.org.br\/fjsp\/wp-content\/uploads\/2020\/07\/pattern-v1-03-1-340x19.png 340w, https:\/\/fjsp.org.br\/fjsp\/wp-content\/uploads\/2020\/07\/pattern-v1-03-1-220x12.png 220w, https:\/\/fjsp.org.br\/fjsp\/wp-content\/uploads\/2020\/07\/pattern-v1-03-1-100x6.png 100w, https:\/\/fjsp.org.br\/fjsp\/wp-content\/uploads\/2020\/07\/pattern-v1-03-1-130x7.png 130w, https:\/\/fjsp.org.br\/fjsp\/wp-content\/uploads\/2020\/07\/pattern-v1-03-1-460x25.png 460w\" sizes=\"(max-width: 4032px) 100vw, 4032px\" \/><\/p>\n<p>Y\u014dko Ogawa recebeu in\u00fameros pr\u00eamios liter\u00e1rios <a href=\"https:\/\/prizesworld.com\/prizes\/name\/%E5%B0%8F%E5%B7%9D%E6%B4%8B%E5%AD%90\" target=\"_blank\" rel=\"noopener noreferrer\">japoneses<\/a> e internacionais. Alguns destaques s\u00e3o:<\/p>\n<p>&nbsp;<\/p>\n<h4><span style=\"color: #84bf04\"><strong>1988<\/strong><\/span><\/h4>\n<p><strong>Vencedora<\/strong><br \/>\nPr\u00eamio <span class='tooltipsall tooltipsincontent classtoolTips12'>KAIEN Newcomer Writers Prize<\/span> (1982-1996)<br \/>\n<em>Agehacho ga kowareru toki<\/em> \u300e\u63da\u7fbd\u8776\u304c\u58ca\u308c\u308b\u6642\u300f [A decomposi\u00e7\u00e3o da borboleta]<\/p>\n<p>&nbsp;<\/p>\n<h4><span style=\"color: #84bf04\"><strong>1990<\/strong><\/span><\/h4>\n<p><strong>Vencedora<\/strong><br \/>\n<span class='tooltipsall tooltipsincontent classtoolTips36'>Pr\u00eamio AKUTAGAWA<\/span><br \/>\n<em>Ninshin karenda<\/em>\u300e\u598a\u5a20\u30ab\u30ec\u30f3\u30c0\u30fc\u300f[Di\u00e1rio da gravidez]<\/p>\n<p>&nbsp;<\/p>\n<h4 style=\"text-align: left\"><span style=\"color: #84bf04\"><strong>2004<\/strong><\/span><\/h4>\n<p style=\"text-align: left\"><strong>Vencedora<\/strong><br \/>\nPr\u00eamio <span class='tooltipsall tooltipsincontent classtoolTips66'>YOMIURI<\/span><br \/>\n<em>Hakase no aishita s<\/em><em>\u016bshiki <\/em>\u300e\u535a\u58eb\u306e\u611b\u3057\u305f\u6570\u5f0f\u300f\u201dA f\u00f3rmula preferida do professor\u201d<\/p>\n<p>&nbsp;<\/p>\n<h4><span style=\"color: #84bf04\"><strong>2004<\/strong><\/span><\/h4>\n<p><strong>Vencedora<\/strong><br \/>\nPr\u00eamio <span class='tooltipsall tooltipsincontent classtoolTips52'>KY\u014cKA IZUMI<\/span><br \/>\n<em>Burafuman no mais\u014d<\/em>\u300e\u30d6\u30e9\u30d5\u30de\u30f3\u306e\u57cb\u846c\u300f[O enterro de Brahman]<\/p>\n<p>&nbsp;<\/p>\n<h4><span style=\"color: #84bf04\"><strong>2006<\/strong><\/span><\/h4>\n<p><strong>Vencedora<\/strong><br \/>\nPr\u00eamio <span class='tooltipsall tooltipsincontent classtoolTips29'>JUNICHIR\u014c TANIZAKI<\/span><br \/>\n<em>M\u012bna no k\u014dshin<\/em>\u300e\u30df\u30fc\u30ca\u306e\u884c\u9032\u300f[A marcha de Mina]<\/p>\n<p>&nbsp;<\/p>\n<h4><span style=\"color: #84bf04\"><strong>2008<\/strong><\/span><\/h4>\n<p><strong>Vencedora<\/strong><br \/>\nPr\u00eamio <span class='tooltipsall tooltipsincontent classtoolTips14'>THE AWARD JACKSON SHIRLEY<\/span><br \/>\n<em>Daibingu p\u016bru<\/em>\u300e \u30c0\u30a4\u30f4\u30a3\u30f3\u30b0\u30fb\u30d7\u30fc\u30eb\u300f[A piscina de mergulho]<br \/>\nTradu\u00e7\u00e3o para o ingl\u00eas de Stephen Snyder <em>The Diving Pool: Three Novellas<\/em>.<\/p>\n<p>&nbsp;<\/p>\n<h4><span style=\"color: #84bf04\"><strong>2014<\/strong><\/span><\/h4>\n<p><strong>Finalista<\/strong><br \/>\nPr\u00eamio <span class='tooltipsall tooltipsincontent classtoolTips7'>INDEPENDENT FOREIGN FICTION PRIZE<\/span> (1990-2015)<br \/>\n<em>Kamoku na shigai midara na tomurai<\/em>\u300e\u5be1\u9ed9\u306a\u6b7b\u9ab8\u307f\u3060\u3089\u306a\u5f14\u3044\u300f<br \/>\nTradu\u00e7\u00e3o para o ingl\u00eas de Stephen Snyder <em>Revenge: Eleven Dark Tales<\/em>.<\/p>\n<p>&nbsp;<\/p>\n<h4><span style=\"color: #84bf04\"><strong>2019<\/strong><\/span><\/h4>\n<p><strong>Finalista<\/strong><br \/>\nPr\u00eamio <span class='tooltipsall tooltipsincontent classtoolTips26'>NATIONAL BOOK AWARDS<\/span> for Translated Literature<br \/>\n<em>Hisoyaka na kessh\u014d<\/em>\u300e\u5bc6\u3084\u304b\u306a\u7d50\u6676\u300f[Memory Police]<br \/>\nTradu\u00e7\u00e3o para o ingl\u00eas de Stephen Snyder <em>Memory Police<\/em>.<br \/>\nOriginalmente publicado em 1994 no Jap\u00e3o.<\/p>\n<p>&nbsp;<\/p>\n<h4><span style=\"color: #84bf04\"><strong>2020<\/strong><\/span><\/h4>\n<p><strong>Finalista<\/strong><br \/>\nPr\u00eamio <span class='tooltipsall tooltipsincontent classtoolTips10'>THE INTERNATIONAL BOOKER PRIZE<\/span><br \/>\n<em>Hisoyaka na kessh\u014d<\/em>\u300e\u5bc6\u3084\u304b\u306a\u7d50\u6676\u300f[Memory Police]<br \/>\nTradu\u00e7\u00e3o para o ingl\u00eas de Stephen Snyder <em>Memory Police<\/em>.<br \/>\nOriginalmente publicado em 1994 no Jap\u00e3o.<\/p>\n<p>&nbsp;<\/p>\n<p>&nbsp;<\/p>\n<h3><span style=\"color: #84bf04\"><strong>ASSISTA! VEJA UM POUCO MAIS SOBRE Y\u014dko Ogawa<\/strong><\/span><\/h3>\n<p>V\u00eddeos disponibilizados pela The Booker Prize Foundation em seu canal do YouTube, para divulga\u00e7\u00e3o dos finalistas do International Booker Prize de 2020.<\/p>\n<p>&nbsp;<\/p>\n<p style=\"text-align: center\"><a href=\"https:\/\/youtu.be\/kw1fWUTJk3g\" target=\"_blank\" rel=\"noopener noreferrer\"><span style=\"color: #84bf04\"><strong>V\u00eddeo 1 <\/strong><\/span><\/a><br \/>\n<strong>Leitura de um breve trecho de <em>Memory Police<\/em>, por Y\u014dko Ogawa. \u00c1udio em japon\u00eas, legendas em ingl\u00eas.<\/strong><\/p>\n<p><a href=\"https:\/\/youtu.be\/kw1fWUTJk3g\" target=\"_blank\" rel=\"noopener noreferrer\"><img decoding=\"async\" class=\"img-responsive img-fluid wp-image-13310 aligncenter\" src=\"https:\/\/fjsp.org.br\/fjsp\/wp-content\/uploads\/2020\/10\/video-1.png\" alt=\"\" width=\"450\" height=\"285\" srcset=\"https:\/\/fjsp.org.br\/fjsp\/wp-content\/uploads\/2020\/10\/video-1.png 876w, https:\/\/fjsp.org.br\/fjsp\/wp-content\/uploads\/2020\/10\/video-1-280x177.png 280w, https:\/\/fjsp.org.br\/fjsp\/wp-content\/uploads\/2020\/10\/video-1-768x486.png 768w, https:\/\/fjsp.org.br\/fjsp\/wp-content\/uploads\/2020\/10\/video-1-340x215.png 340w, https:\/\/fjsp.org.br\/fjsp\/wp-content\/uploads\/2020\/10\/video-1-220x139.png 220w, https:\/\/fjsp.org.br\/fjsp\/wp-content\/uploads\/2020\/10\/video-1-100x63.png 100w, https:\/\/fjsp.org.br\/fjsp\/wp-content\/uploads\/2020\/10\/video-1-130x82.png 130w, https:\/\/fjsp.org.br\/fjsp\/wp-content\/uploads\/2020\/10\/video-1-460x291.png 460w\" sizes=\"(max-width: 450px) 100vw, 450px\" \/><\/a><\/p>\n<p>&nbsp;<\/p>\n<p style=\"text-align: center\"><strong><a href=\"https:\/\/youtu.be\/kw1fWUTJk3g\" target=\"_blank\" rel=\"noopener noreferrer\"><span style=\"color: #84bf04\">V\u00eddeo 2<\/span><\/a><br \/>\nApresenta\u00e7\u00e3o da autora e tradutor finalistas do International Booker Prize.\u00a0 \u00c1udio em ingl\u00eas e japon\u00eas, com legendas<\/strong> <strong>em ingl\u00eas.<\/strong><\/p>\n<p><a href=\"https:\/\/youtu.be\/mYuALc5LWy8\" target=\"_blank\" rel=\"noopener noreferrer\"><img decoding=\"async\" class=\"img-responsive img-fluid wp-image-13311 aligncenter\" src=\"https:\/\/fjsp.org.br\/fjsp\/wp-content\/uploads\/2020\/10\/video-2.png\" alt=\"\" width=\"450\" height=\"283\" srcset=\"https:\/\/fjsp.org.br\/fjsp\/wp-content\/uploads\/2020\/10\/video-2.png 880w, https:\/\/fjsp.org.br\/fjsp\/wp-content\/uploads\/2020\/10\/video-2-280x176.png 280w, https:\/\/fjsp.org.br\/fjsp\/wp-content\/uploads\/2020\/10\/video-2-768x483.png 768w, https:\/\/fjsp.org.br\/fjsp\/wp-content\/uploads\/2020\/10\/video-2-340x214.png 340w, https:\/\/fjsp.org.br\/fjsp\/wp-content\/uploads\/2020\/10\/video-2-220x138.png 220w, https:\/\/fjsp.org.br\/fjsp\/wp-content\/uploads\/2020\/10\/video-2-100x63.png 100w, https:\/\/fjsp.org.br\/fjsp\/wp-content\/uploads\/2020\/10\/video-2-130x82.png 130w, https:\/\/fjsp.org.br\/fjsp\/wp-content\/uploads\/2020\/10\/video-2-460x289.png 460w\" sizes=\"(max-width: 450px) 100vw, 450px\" \/><\/a><\/p>\n<p>&nbsp;<\/p>\n<p>&nbsp;<\/p>\n<p><a href=\"https:\/\/tab.uol.com.br\/faq\/um-mundo-de-sofrimento-e-autoritarismo-o-que-e-uma-distopia.htm\" target=\"_blank\" rel=\"noopener noreferrer\"><img loading=\"lazy\" decoding=\"async\" class=\"img-responsive img-fluid wp-image-13304 aligncenter\" src=\"https:\/\/fjsp.org.br\/fjsp\/wp-content\/uploads\/2020\/10\/botao-dica-biblioteca-02.png\" alt=\"\" width=\"750\" height=\"291\" srcset=\"https:\/\/fjsp.org.br\/fjsp\/wp-content\/uploads\/2020\/10\/botao-dica-biblioteca-02.png 1705w, https:\/\/fjsp.org.br\/fjsp\/wp-content\/uploads\/2020\/10\/botao-dica-biblioteca-02-280x109.png 280w, https:\/\/fjsp.org.br\/fjsp\/wp-content\/uploads\/2020\/10\/botao-dica-biblioteca-02-768x298.png 768w, https:\/\/fjsp.org.br\/fjsp\/wp-content\/uploads\/2020\/10\/botao-dica-biblioteca-02-1536x596.png 1536w, https:\/\/fjsp.org.br\/fjsp\/wp-content\/uploads\/2020\/10\/botao-dica-biblioteca-02-340x132.png 340w, https:\/\/fjsp.org.br\/fjsp\/wp-content\/uploads\/2020\/10\/botao-dica-biblioteca-02-220x85.png 220w, https:\/\/fjsp.org.br\/fjsp\/wp-content\/uploads\/2020\/10\/botao-dica-biblioteca-02-100x39.png 100w, https:\/\/fjsp.org.br\/fjsp\/wp-content\/uploads\/2020\/10\/botao-dica-biblioteca-02-130x50.png 130w, https:\/\/fjsp.org.br\/fjsp\/wp-content\/uploads\/2020\/10\/botao-dica-biblioteca-02-460x179.png 460w\" sizes=\"(max-width: 750px) 100vw, 750px\" \/><\/a><\/p>\n<hr \/>\n<p>&nbsp;<\/p>\n<p style=\"text-align: center\"><strong><a href=\"https:\/\/fjsp.org.br\/fjsp\/dossie_yoko_ogawa_1_yoko_ogawa\/\">&lt;&lt; 1. Y\u014dko Ogawa<\/a>\u00a0\/\/ <a href=\"https:\/\/fjsp.org.br\/fjsp\/dossie_yoko_ogawa_3_traducoes_portugues\/\">3. Tradu\u00e7\u00f5es para portugu\u00eas &gt;&gt;<\/a><\/strong><\/p>\n<script type=\"text\/javascript\"> toolTips('.classtoolTips7','Foi um pr\u00eamio liter\u00e1rio brit\u00e2nico, criado pelo jornal <em>The Independent<\/em> para homenagear a fic\u00e7\u00e3o contempor\u00e2nea traduzida no Reino Unido.'); <\/script><script type=\"text\/javascript\"> toolTips('.classtoolTips10','Criado em 1968, \u00e9 um dos mais reconhecidos pr\u00eamios liter\u00e1rios do Reino Unido. Organizado pela The Booker Prize Foundation.<br\/><br\/><a href=\"https:\/\/thebookerprizes.com\/international-booker\/2020\" target=\"_blank\" rel=\"noopener noreferrer\">https:\/\/thebookerprizes.com\/international-booker\/2020<\/a>'); <\/script><script type=\"text\/javascript\"> toolTips('.classtoolTips12','Criado pela Fukutake Shoten (atualmente Benesse Corporation) para prestigiar novos escritores. Nome do pr\u00eamio vem da revista liter\u00e1ria \"Kaien\" publicada pela Fukutake Shoten.'); <\/script><script type=\"text\/javascript\"> toolTips('.classtoolTips14','Criado em 2007, em reconhecimento as realiza\u00e7\u00f5es not\u00e1veis na literatura de suspense psicol\u00f3gico, horror e o fant\u00e1stico sombrio.<br\/><br\/><a href=\"https:\/\/www.shirleyjacksonawards.org\/award-winners\/2008-shirley-jackson-awards-winners\/\" target=\"_blank\" rel=\"noopener noreferrer\">https:\/\/www.shirleyjacksonawards.org\/award-winners\/2008-shirley-jackson-awards-winners\/<\/a>'); <\/script><script type=\"text\/javascript\"> toolTips('.classtoolTips26','Criado em 1950, \u00e9 um dos mais importantes pr\u00eamios liter\u00e1rios dos Estados Unidos. Organizado pela National Book Foundation.<br\/><br\/><a href=\"https:\/\/www.nationalbook.org\/the-2019-national-book-awards-finalists-announced\/\" target=\"_blank\" rel=\"noopener noreferrer\">https:\/\/www.nationalbook.org\/the-2019-national-book-awards-finalists-announced\/<\/a>'); <\/script><script type=\"text\/javascript\"> toolTips('.classtoolTips29','Criado em 1965 pela Editora Ch\u016b\u014dk\u014dron em comemora\u00e7\u00e3o ao seu 80\u00ba anivers\u00e1rio e em homenagem ao escritor Junichir\u014d Tanizaki.<br\/><br\/><a href=\"http:\/\/www.chuko.co.jp\/aword\/tanizaki\/\" target=\"_blank\" rel=\"noopener noreferrer\">http:\/\/www.chuko.co.jp\/aword\/tanizaki\/<\/a>'); <\/script><script type=\"text\/javascript\"> toolTips('.classtoolTips36','Criado em 1935 por Kan Kikuchi, ent\u00e3o editor da revista\u00a0 Bungeishunj\u016b, em mem\u00f3ria ao escritor Ry\u016bnosuke Akutagawa. \u00c9 considerado um dos mais prestigiados pr\u00eamios liter\u00e1rios japoneses.<br\/><br\/><a href=\"https:\/\/www.bunshun.co.jp\/shinkoukai\/award\/akutagawa\/\" target=\"_blank\" rel=\"noopener noreferrer\">https:\/\/www.bunshun.co.jp\/shinkoukai\/award\/akutagawa\/<\/a>'); <\/script><script type=\"text\/javascript\"> toolTips('.classtoolTips52','Criado em 1973 para comemorar o centen\u00e1rio de nascimento de Ky\u014dka Izumi. Organizado pela cidade de Kanazawa, onde Izumi nasceu.<br\/><br\/><a href=\"https:\/\/www4.city.kanazawa.lg.jp\/11020\/bungaku\/kyouka\/index.html\" target=\"_blank\" rel=\"noopener noreferrer\">https:\/\/www4.city.kanazawa.lg.jp\/11020\/bungaku\/kyouka\/index.html<\/a>'); <\/script><script type=\"text\/javascript\"> toolTips('.classtoolTips66','Criado em 1949 pelo Jornal <span class='tooltipsall tooltipsincontent classtoolTips66'>YOMIURI<\/span> para auxiliar na reconstru\u00e7\u00e3o das artes liter\u00e1rias no p\u00f3s-guerra.<br\/><br\/>https:\/\/info.yomiuri.co.jp\/contest\/clspgl\/bungaku.html'); <\/script>","protected":false},"excerpt":{"rendered":"<p>Dossi\u00ea Liter\u00e1rio &gt; Dossi\u00ea Y\u014dko Ogawa &gt; 2. Pr\u00eamios Liter\u00e1rios Y\u014dko Ogawa recebeu in\u00fameros pr\u00eamios liter\u00e1rios japoneses e internacionais. Alguns destaques s\u00e3o: &nbsp; 1988 Vencedora Pr\u00eamio KAIEN Newcomer Writers Prize (1982-1996) Agehacho ga kowareru toki \u300e\u63da\u7fbd\u8776\u304c\u58ca\u308c\u308b\u6642\u300f [A decomposi\u00e7\u00e3o da borboleta] &nbsp; 1990 Vencedora Pr\u00eamio AKUTAGAWA Ninshin karenda\u300e\u598a\u5a20\u30ab\u30ec\u30f3\u30c0\u30fc\u300f[Di\u00e1rio da gravidez] &nbsp; 2004 Vencedora Pr\u00eamio YOMIURI Hakase [&hellip;]<\/p>\n","protected":false},"author":34,"featured_media":0,"parent":0,"menu_order":0,"comment_status":"closed","ping_status":"closed","template":"","meta":{"_acf_changed":false,"footnotes":""},"class_list":["post-13273","page","type-page","status-publish","hentry"],"acf":[],"_links":{"self":[{"href":"https:\/\/fjsp.org.br\/fjsp\/wp-json\/wp\/v2\/pages\/13273","targetHints":{"allow":["GET"]}}],"collection":[{"href":"https:\/\/fjsp.org.br\/fjsp\/wp-json\/wp\/v2\/pages"}],"about":[{"href":"https:\/\/fjsp.org.br\/fjsp\/wp-json\/wp\/v2\/types\/page"}],"author":[{"embeddable":true,"href":"https:\/\/fjsp.org.br\/fjsp\/wp-json\/wp\/v2\/users\/34"}],"replies":[{"embeddable":true,"href":"https:\/\/fjsp.org.br\/fjsp\/wp-json\/wp\/v2\/comments?post=13273"}],"version-history":[{"count":2,"href":"https:\/\/fjsp.org.br\/fjsp\/wp-json\/wp\/v2\/pages\/13273\/revisions"}],"predecessor-version":[{"id":13426,"href":"https:\/\/fjsp.org.br\/fjsp\/wp-json\/wp\/v2\/pages\/13273\/revisions\/13426"}],"wp:attachment":[{"href":"https:\/\/fjsp.org.br\/fjsp\/wp-json\/wp\/v2\/media?parent=13273"}],"curies":[{"name":"wp","href":"https:\/\/api.w.org\/{rel}","templated":true}]}}