{"id":13322,"date":"2020-10-21T17:08:10","date_gmt":"2020-10-21T20:08:10","guid":{"rendered":"https:\/\/fjsp.org.br\/fjsp\/?page_id=13322"},"modified":"2020-10-23T10:44:11","modified_gmt":"2020-10-23T13:44:11","slug":"dossie_yoko_ogawa_3_traducoes_portugues","status":"publish","type":"page","link":"https:\/\/fjsp.org.br\/fjsp\/dossie_yoko_ogawa_3_traducoes_portugues\/","title":{"rendered":"3. Tradu\u00e7\u00f5es para portugu\u00eas"},"content":{"rendered":"<p style=\"text-align: right\"><strong><a href=\"https:\/\/fjsp.org.br\/fjsp\/dossie_literario\/\">Dossi\u00ea Liter\u00e1rio<\/a> &gt; <a href=\"https:\/\/fjsp.org.br\/fjsp\/dossie_yoko_ogawa\/\">Dossi\u00ea Y\u014dko Ogawa <\/a>&gt; 3. Tradu\u00e7\u00f5es para Portugu\u00eas<\/strong><\/p>\n<p><img fetchpriority=\"high\" decoding=\"async\" class=\"img-responsive alignnone wp-image-11642 size-full\" src=\"https:\/\/fjsp.org.br\/fjsp\/wp-content\/uploads\/2020\/07\/pattern-v1-03-1.png\" alt=\"\" width=\"4032\" height=\"223\" srcset=\"https:\/\/fjsp.org.br\/fjsp\/wp-content\/uploads\/2020\/07\/pattern-v1-03-1.png 4032w, https:\/\/fjsp.org.br\/fjsp\/wp-content\/uploads\/2020\/07\/pattern-v1-03-1-280x15.png 280w, https:\/\/fjsp.org.br\/fjsp\/wp-content\/uploads\/2020\/07\/pattern-v1-03-1-768x42.png 768w, https:\/\/fjsp.org.br\/fjsp\/wp-content\/uploads\/2020\/07\/pattern-v1-03-1-340x19.png 340w, https:\/\/fjsp.org.br\/fjsp\/wp-content\/uploads\/2020\/07\/pattern-v1-03-1-220x12.png 220w, https:\/\/fjsp.org.br\/fjsp\/wp-content\/uploads\/2020\/07\/pattern-v1-03-1-100x6.png 100w, https:\/\/fjsp.org.br\/fjsp\/wp-content\/uploads\/2020\/07\/pattern-v1-03-1-130x7.png 130w, https:\/\/fjsp.org.br\/fjsp\/wp-content\/uploads\/2020\/07\/pattern-v1-03-1-460x25.png 460w\" sizes=\"(max-width: 4032px) 100vw, 4032px\" \/><\/p>\n<p><img decoding=\"async\" class=\"img-responsive img-fluid  wp-image-13432 alignleft\" src=\"https:\/\/fjsp.org.br\/fjsp\/wp-content\/uploads\/2020\/10\/obras-v2-b-prancheta-1.png\" alt=\"\" width=\"500\" height=\"344\" srcset=\"https:\/\/fjsp.org.br\/fjsp\/wp-content\/uploads\/2020\/10\/obras-v2-b-prancheta-1.png 600w, https:\/\/fjsp.org.br\/fjsp\/wp-content\/uploads\/2020\/10\/obras-v2-b-prancheta-1-280x193.png 280w, https:\/\/fjsp.org.br\/fjsp\/wp-content\/uploads\/2020\/10\/obras-v2-b-prancheta-1-340x234.png 340w, https:\/\/fjsp.org.br\/fjsp\/wp-content\/uploads\/2020\/10\/obras-v2-b-prancheta-1-220x151.png 220w, https:\/\/fjsp.org.br\/fjsp\/wp-content\/uploads\/2020\/10\/obras-v2-b-prancheta-1-100x69.png 100w, https:\/\/fjsp.org.br\/fjsp\/wp-content\/uploads\/2020\/10\/obras-v2-b-prancheta-1-130x89.png 130w, https:\/\/fjsp.org.br\/fjsp\/wp-content\/uploads\/2020\/10\/obras-v2-b-prancheta-1-460x317.png 460w\" sizes=\"(max-width: 500px) 100vw, 500px\" \/><\/p>\n<p>&nbsp;<\/p>\n<h4><strong>O MUSEU DO SIL\u00caNCIO<\/strong><\/h4>\n<p><strong>Sinopse da Editora<\/strong><\/p>\n<p>\u201cOs museus t\u00eam como pressuposto guardar objetos de valor hist\u00f3rico ou cient\u00edfico para fins de exibi\u00e7\u00e3o p\u00fablica, de modo a registrar \u00e0 posteridade a import\u00e2ncia que eles tiveram para a humanidade num per\u00edodo determinado. Mas como seria no caso de um museu que tivesse como objetivo preservar lembran\u00e7as de pessoas que morreram?\u201d<\/p>\n<p>&nbsp;<\/p>\n<p>Leia trecho disponibilizado pela Editora Esta\u00e7\u00e3o Liberdade:<\/p>\n<p><a href=\"https:\/\/issuu.com\/estacaoliberdade\/docs\/o-museu-do-silencio\" target=\"_blank\" rel=\"noopener noreferrer\">https:\/\/issuu.com\/estacaoliberdade\/docs\/o-museu-do-silencio<\/a><\/p>\n<p>&nbsp;<\/p>\n<hr \/>\n<h4><span style=\"color: #ff0000\"><strong>OU\u00c7A! PROGRAMA EM DESTAQUE<\/strong><\/span><\/h4>\n<p><strong>JORNAL DA USP<\/strong><\/p>\n<p><strong>Biblioteca Sonora da R\u00e1dio USP<\/strong>, 3\/1\/2017. Blocos 1 e 2.<\/p>\n<p>A linha de liga\u00e7\u00e3o da vida e da morte expressa em romance japon\u00eas.<\/p>\n<p>&nbsp;<\/p>\n<p><a href=\"https:\/\/jornal.usp.br\/radio-usp\/radioagencia-usp\/a-linha-de-ligacao-da-vida-e-da-morte-expressa-em-romance-japones\/\" target=\"_blank\" rel=\"noopener noreferrer\"><img decoding=\"async\" class=\"img-responsive img-fluid aligncenter wp-image-13381\" src=\"https:\/\/fjsp.org.br\/fjsp\/wp-content\/uploads\/2020\/10\/imagem-som.png\" alt=\"\" width=\"400\" height=\"345\" srcset=\"https:\/\/fjsp.org.br\/fjsp\/wp-content\/uploads\/2020\/10\/imagem-som.png 680w, https:\/\/fjsp.org.br\/fjsp\/wp-content\/uploads\/2020\/10\/imagem-som-280x241.png 280w, https:\/\/fjsp.org.br\/fjsp\/wp-content\/uploads\/2020\/10\/imagem-som-340x293.png 340w, https:\/\/fjsp.org.br\/fjsp\/wp-content\/uploads\/2020\/10\/imagem-som-220x190.png 220w, https:\/\/fjsp.org.br\/fjsp\/wp-content\/uploads\/2020\/10\/imagem-som-100x86.png 100w, https:\/\/fjsp.org.br\/fjsp\/wp-content\/uploads\/2020\/10\/imagem-som-130x112.png 130w, https:\/\/fjsp.org.br\/fjsp\/wp-content\/uploads\/2020\/10\/imagem-som-460x396.png 460w\" sizes=\"(max-width: 400px) 100vw, 400px\" \/><\/a><\/p>\n<p>&nbsp;<\/p>\n<p>\u201cNesta edi\u00e7\u00e3o, conversamos com Rita Kohl, que traduziu diretamente do japon\u00eas o romance\u00a0<em>O Museu do Sil\u00eancio<\/em>, de Yoko Ogawa. O livro tem como protagonista \u00a0 um muse\u00f3logo, o narrador da hist\u00f3ria, que \u00e9 contratado por uma rabugenta velha senhora para a cria\u00e7\u00e3o de um museu em sua propriedade. O assunto principal \u00e9 a mem\u00f3ria, mas os temas s\u00e3o muitos e interligados de modo a que nos percamos, como o protagonista ao percorrer a linha de liga\u00e7\u00e3o da vida e da morte. Este livro foi publicado pela editora Esta\u00e7\u00e3o Liberdade.\u201d<\/p>\n<p>&nbsp;<\/p>\n<hr \/>\n<p>&nbsp;<\/p>\n<p><img loading=\"lazy\" decoding=\"async\" class=\"img-responsive img-fluid  wp-image-13433 alignright\" src=\"https:\/\/fjsp.org.br\/fjsp\/wp-content\/uploads\/2020\/10\/obras-v2-b-02.png\" alt=\"\" width=\"500\" height=\"344\" srcset=\"https:\/\/fjsp.org.br\/fjsp\/wp-content\/uploads\/2020\/10\/obras-v2-b-02.png 601w, https:\/\/fjsp.org.br\/fjsp\/wp-content\/uploads\/2020\/10\/obras-v2-b-02-280x192.png 280w, https:\/\/fjsp.org.br\/fjsp\/wp-content\/uploads\/2020\/10\/obras-v2-b-02-340x234.png 340w, https:\/\/fjsp.org.br\/fjsp\/wp-content\/uploads\/2020\/10\/obras-v2-b-02-220x151.png 220w, https:\/\/fjsp.org.br\/fjsp\/wp-content\/uploads\/2020\/10\/obras-v2-b-02-100x69.png 100w, https:\/\/fjsp.org.br\/fjsp\/wp-content\/uploads\/2020\/10\/obras-v2-b-02-130x89.png 130w, https:\/\/fjsp.org.br\/fjsp\/wp-content\/uploads\/2020\/10\/obras-v2-b-02-460x316.png 460w\" sizes=\"(max-width: 500px) 100vw, 500px\" \/><\/p>\n<p>&nbsp;<\/p>\n<h4><strong>A F\u00d3RMULA PREFERIDA DO PROFESSOR<\/strong><\/h4>\n<p><strong>Sinopse da Editora<\/strong><\/p>\n<p>\u201cO Professor \u00e9 um matem\u00e1tico brilhante que, por conta de um problema que danificou sua mem\u00f3ria recente, n\u00e3o pode levar uma vida normal. Morando na ed\u00edcula da casa de sua cunhada, que o sustenta, ele passa os dias recluso. As empregadas dom\u00e9sticas contratadas para tentar facilitar a vida do Professor nunca conseguem agrad\u00e1-lo. Tudo muda com a contrata\u00e7\u00e3o da nova empregada, a narradora do livro. Quando o Professor descobre que ela tem um filho de dez anos, insiste para conhecer o pequeno. Aos poucos, da conviv\u00eancia e das aventuras do trio surge uma inusitada amizade, pontuada pela sabedoria do Professor e seu dom\u00ednio quase m\u00e1gico da matem\u00e1tica.\u201d<\/p>\n<p>&nbsp;<\/p>\n<p>Leia trecho disponibilizado pela Editora Esta\u00e7\u00e3o Liberdade:<\/p>\n<p><a href=\"https:\/\/issuu.com\/estacaoliberdade\/docs\/___a_formula_preferida_do_professor\">https:\/\/issuu.com\/estacaoliberdade\/docs\/___a_formula_preferida_do_professor<\/a><\/p>\n<p>Dica para os apaixonados pela Matem\u00e1tica. Ap\u00f3s o grande sucesso do \u201cA F\u00f3rmula Preferida do Professor\u201d, Y\u014dko Ogawa em coautoria com o matem\u00e1tico Masahiko Fujiwara escreveu, em 2005, o livro <em>Yo ni mo utsukushii s<\/em><em>\u016bgaku ny\u016bmon <\/em>\u300e\u4e16\u306b\u3082\u7f8e\u3057\u3044\u6570\u5b66\u5165\u9580\u300f[Uma introdu\u00e7\u00e3o \u00e0 Matem\u00e1tica mais elegante do mundo], uma s\u00e9rie de di\u00e1logos sobre a beleza da matem\u00e1tica. Ainda sem tradu\u00e7\u00e3o para o portugu\u00eas, o livro tem vers\u00e3o <em>espanhol <\/em><em>Introducci\u00f3n a la belleza de las matem\u00e1ticas<\/em> (Editorial Funambulista S.L., 2017).<\/p>\n<p>&nbsp;<\/p>\n<p>&nbsp;<\/p>\n<p><img loading=\"lazy\" decoding=\"async\" class=\"img-responsive img-fluid  alignleft wp-image-13431\" src=\"https:\/\/fjsp.org.br\/fjsp\/wp-content\/uploads\/2020\/10\/obras-v2-b-03.png\" alt=\"\" width=\"500\" height=\"344\" srcset=\"https:\/\/fjsp.org.br\/fjsp\/wp-content\/uploads\/2020\/10\/obras-v2-b-03.png 601w, https:\/\/fjsp.org.br\/fjsp\/wp-content\/uploads\/2020\/10\/obras-v2-b-03-280x192.png 280w, https:\/\/fjsp.org.br\/fjsp\/wp-content\/uploads\/2020\/10\/obras-v2-b-03-340x234.png 340w, https:\/\/fjsp.org.br\/fjsp\/wp-content\/uploads\/2020\/10\/obras-v2-b-03-220x151.png 220w, https:\/\/fjsp.org.br\/fjsp\/wp-content\/uploads\/2020\/10\/obras-v2-b-03-100x69.png 100w, https:\/\/fjsp.org.br\/fjsp\/wp-content\/uploads\/2020\/10\/obras-v2-b-03-130x89.png 130w, https:\/\/fjsp.org.br\/fjsp\/wp-content\/uploads\/2020\/10\/obras-v2-b-03-460x316.png 460w\" sizes=\"(max-width: 500px) 100vw, 500px\" \/><\/p>\n<p>&nbsp;<\/p>\n<h4><strong>HOTEL IRIS<\/strong><\/h4>\n<p><strong>Sinopse da Editora<\/strong><\/p>\n<p>\u201cMari e sua m\u00e3e s\u00e3o propriet\u00e1rias do Hotel \u00cdris. Modesto mas bem administrado, o estabelecimento em geral tem lota\u00e7\u00e3o completa. Como em todas as noites, a jovem Mari toma conta da recep\u00e7\u00e3o, e o hotel dorme tranquilamente at\u00e9 que sua paz \u00e9 interrompida por gritos de uma mulher que sai de um dos quartos insultando o homem que a acompanha. Um cara mais velho, tradutor de romances russos, que mora em uma ilha pr\u00f3xima e \u00e9 cercado de rumores sobre ter matado a pr\u00f3pria esposa. Inocente, ou extremamente consciente, a jovem penetra na arena do desejo e se apaixona por ele.\u201d<\/p>\n<p>&nbsp;<\/p>\n<p>&nbsp;<\/p>\n<p>&nbsp;<\/p>\n<hr \/>\n<p>&nbsp;<\/p>\n<p style=\"text-align: center\"><strong><a href=\"https:\/\/fjsp.org.br\/fjsp\/dossie_yoko_ogawa_2_premios_literarios\/\">&lt;&lt; 2. Pr\u00eamios Liter\u00e1rios<\/a> \/\/ <\/strong><a href=\"https:\/\/fjsp.org.br\/fjsp\/dossie_yoko_ogawa_4_yoko_ogawa_cinema\/\"><strong><u>4. Y\u014dko Ogawa &amp; Cinema &gt;&gt;<\/u><\/strong><\/a><\/p>\n","protected":false},"excerpt":{"rendered":"<p>Dossi\u00ea Liter\u00e1rio &gt; Dossi\u00ea Y\u014dko Ogawa &gt; 3. Tradu\u00e7\u00f5es para Portugu\u00eas &nbsp; O MUSEU DO SIL\u00caNCIO Sinopse da Editora \u201cOs museus t\u00eam como pressuposto guardar objetos de valor hist\u00f3rico ou cient\u00edfico para fins de exibi\u00e7\u00e3o p\u00fablica, de modo a registrar \u00e0 posteridade a import\u00e2ncia que eles tiveram para a humanidade num per\u00edodo determinado. Mas como [&hellip;]<\/p>\n","protected":false},"author":34,"featured_media":0,"parent":0,"menu_order":0,"comment_status":"closed","ping_status":"closed","template":"","meta":{"_acf_changed":false,"footnotes":""},"class_list":["post-13322","page","type-page","status-publish","hentry"],"acf":[],"_links":{"self":[{"href":"https:\/\/fjsp.org.br\/fjsp\/wp-json\/wp\/v2\/pages\/13322","targetHints":{"allow":["GET"]}}],"collection":[{"href":"https:\/\/fjsp.org.br\/fjsp\/wp-json\/wp\/v2\/pages"}],"about":[{"href":"https:\/\/fjsp.org.br\/fjsp\/wp-json\/wp\/v2\/types\/page"}],"author":[{"embeddable":true,"href":"https:\/\/fjsp.org.br\/fjsp\/wp-json\/wp\/v2\/users\/34"}],"replies":[{"embeddable":true,"href":"https:\/\/fjsp.org.br\/fjsp\/wp-json\/wp\/v2\/comments?post=13322"}],"version-history":[{"count":2,"href":"https:\/\/fjsp.org.br\/fjsp\/wp-json\/wp\/v2\/pages\/13322\/revisions"}],"predecessor-version":[{"id":13427,"href":"https:\/\/fjsp.org.br\/fjsp\/wp-json\/wp\/v2\/pages\/13322\/revisions\/13427"}],"wp:attachment":[{"href":"https:\/\/fjsp.org.br\/fjsp\/wp-json\/wp\/v2\/media?parent=13322"}],"curies":[{"name":"wp","href":"https:\/\/api.w.org\/{rel}","templated":true}]}}