{"id":13332,"date":"2020-10-21T17:08:14","date_gmt":"2020-10-21T20:08:14","guid":{"rendered":"https:\/\/fjsp.org.br\/fjsp\/?page_id=13332"},"modified":"2020-10-23T09:44:43","modified_gmt":"2020-10-23T12:44:43","slug":"dossie_yoko_ogawa_5_livros_yoko_ogawa_biblioteca","status":"publish","type":"page","link":"https:\/\/fjsp.org.br\/fjsp\/dossie_yoko_ogawa_5_livros_yoko_ogawa_biblioteca\/","title":{"rendered":"5. Livros Y\u014dko Ogawa dispon\u00edveis na biblioteca"},"content":{"rendered":"<p style=\"text-align: right\"><strong><a href=\"https:\/\/fjsp.org.br\/fjsp\/dossie_literario\/\">Dossi\u00ea Liter\u00e1rio<\/a> &gt; <a href=\"https:\/\/fjsp.org.br\/fjsp\/dossie_yoko_ogawa\/\">Dossi\u00ea Y\u014dko Ogawa <\/a>&gt; 5. Livros Y\u014dko Ogawa dispon\u00edveis na biblioteca<\/strong><\/p>\n<p><img fetchpriority=\"high\" decoding=\"async\" class=\"img-responsive alignnone wp-image-11642 size-full\" src=\"https:\/\/fjsp.org.br\/fjsp\/wp-content\/uploads\/2020\/07\/pattern-v1-03-1.png\" alt=\"\" width=\"4032\" height=\"223\" srcset=\"https:\/\/fjsp.org.br\/fjsp\/wp-content\/uploads\/2020\/07\/pattern-v1-03-1.png 4032w, https:\/\/fjsp.org.br\/fjsp\/wp-content\/uploads\/2020\/07\/pattern-v1-03-1-280x15.png 280w, https:\/\/fjsp.org.br\/fjsp\/wp-content\/uploads\/2020\/07\/pattern-v1-03-1-768x42.png 768w, https:\/\/fjsp.org.br\/fjsp\/wp-content\/uploads\/2020\/07\/pattern-v1-03-1-340x19.png 340w, https:\/\/fjsp.org.br\/fjsp\/wp-content\/uploads\/2020\/07\/pattern-v1-03-1-220x12.png 220w, https:\/\/fjsp.org.br\/fjsp\/wp-content\/uploads\/2020\/07\/pattern-v1-03-1-100x6.png 100w, https:\/\/fjsp.org.br\/fjsp\/wp-content\/uploads\/2020\/07\/pattern-v1-03-1-130x7.png 130w, https:\/\/fjsp.org.br\/fjsp\/wp-content\/uploads\/2020\/07\/pattern-v1-03-1-460x25.png 460w\" sizes=\"(max-width: 4032px) 100vw, 4032px\" \/><\/p>\n<p><em>\u30fb<strong>Burafuman no maiso<\/strong><\/em><strong>\u300e\u30d6\u30e9\u30d5\u30de\u30f3\u306e\u57cb\u846c\u300f[O enterro de Brahman].<\/strong> T\u00f3quio: K\u014ddansha, 2004. 146 p.<\/p>\n<p><em>\u30fb<strong>A f\u00f3rmula preferida do Professor<\/strong><\/em><strong>.<\/strong> S\u00e3o Paulo: Esta\u00e7\u00e3o Liberdade, 2017. 228 p.<\/p>\n<p><em>\u30fb<strong>Fukaki kokoro no soko yori<\/strong><\/em><strong>\u300e\u6df1\u304d\u5fc3\u306e\u5e95\u3088\u308a\u300f[Do fundo do cora\u00e7\u00e3o].<\/strong> T\u00f3quio: PHP Kenky\u016bjo, 2006. 247 p.<\/p>\n<p><em>\u30fb<strong>Hakase no aishita s\u016bshiki<\/strong><\/em><strong>\u300e\u535a\u58eb\u306e\u611b\u3057\u305f\u6570\u5f0f\u300f(A f\u00f3rmula preferida do Professor)<\/strong>. T\u00f3quio: Shinch\u014dsha, 2005. 291 p.<\/p>\n<p><em>\u30fb<strong>Hisoyakana kessh\u014d<\/strong><\/em><strong>\u300e\u5bc6\u3084\u304b\u306a\u7d50\u6676\u300f[Memory Police]<\/strong>. T\u00f3quio: K\u014ddansha, 1999. 401 p.<\/p>\n<p><em>\u30fb<strong>Hotel \u00cdris<\/strong>.<\/em> S\u00e3o Paulo: LeYa, 2011. 208 p.<\/p>\n<p><em>\u30fb<strong>Hoteru Airisu<\/strong><\/em><strong>\u300e\u30db\u30c6\u30eb\u30fb\u30a2\u30a4\u30ea\u30b9\u300f(Hotel \u00cdris)<\/strong>. T\u00f3quio: Gent\u014dsha, 2005. 249 p.<\/p>\n<p><em>\u30fb<strong>Kanpeki na by\u014dshitsu<\/strong><\/em><strong>\u300e\u5b8c\u74a7\u306a\u75c5\u5ba4\u300f[Quarto hospitalar perfeito]<\/strong>. Tokyo: Ch\u016b\u014dk\u014dron, 2004. 244 p.<\/p>\n<p><em>\u30fb<strong>Kotoba to kotori<\/strong><\/em><strong>\u300c\u8a00\u8449\u3068\u5c0f\u9ce5\u300d[Palavras e p\u00e1ssaros]<\/strong>. In: <em>Besuto Essei 2013<\/em>\u300e\u30d9\u30b9\u30c8\u30fb\u30a8\u30c3\u30bb\u30a42013\u300f[Melhores ensaios 2013]. T\u00f3quio: Mitsumura Tosho Shuppan, 2013.<\/p>\n<p><em>\u30fb<strong>Mabuta<\/strong><\/em><strong>\u300e\u307e\u3076\u305f\u300f[P\u00e1lpebra]<\/strong>. T\u00f3quio: Shinch\u014dsha, 2004. 221 p.<\/p>\n<p><em>\u30fb<strong>Mina no koshin<\/strong><\/em><strong>\u300e\u30df\u30fc\u30ca\u306e\u884c\u9032\u300f[A marcha de Mina]<\/strong>. Tokyo: Ch\u016b\u014dk\u014dron, 2009. 348 p.<\/p>\n<p><em>\u30fb<strong>O Museu do Sil\u00eancio.<\/strong><\/em> S\u00e3o Paulo: Esta\u00e7\u00e3o Liberdade, 2016. 304 p.<\/p>\n<p><em>\u30fb<strong>Neko o daite z\u014d to oyogu<\/strong><\/em><strong>\u300e\u732b\u3092\u62b1\u3044\u3066\u8c61\u3068\u6cf3\u3050\u300f[Nadando com um elefante abra\u00e7ado a um gato].<\/strong> T\u00f3quio: Bungei Shunj\u016b, 2009. 359 p.<\/p>\n<p><em>\u30fb<strong>Umi<\/strong><\/em><strong>\u300e\u6d77\u300f[Mar]<\/strong>. Tokyo: Shinch\u014dsha, 2009. 184 p.<\/p>\n<p><em>\u30fb<strong>Yamori to rabu<\/strong><\/em><strong>\u300c\u30e4\u30e2\u30ea\u3068\u30e9\u30d6\u300d[Lagartixa-leopardo e love]<\/strong>. In: <em>Besuto Essei 2016<\/em>\u300e\u30d9\u30b9\u30c8\u30fb\u30a8\u30c3\u30bb\u30a42016\u300f. Tokyo: Mitsumura Tosho Shuppan, 2016.<\/p>\n<p>&nbsp;<\/p>\n<hr \/>\n<p>&nbsp;<\/p>\n<p style=\"text-align: center\"><strong><a href=\"https:\/\/fjsp.org.br\/fjsp\/dossie_yoko_ogawa_3_traducoes_portugues\/\">&lt;&lt; 4. <\/a><a href=\"https:\/\/fjsp.org.br\/fjsp\/dossie_yoko_ogawa_5_livros_yoko_ogawa_biblioteca\/\">Y\u014dko Ogawa e Cinema<\/a> \/\/ <a href=\"https:\/\/fjsp.org.br\/fjsp\/dossie_yoko_ogawa\/\">Dossie Y\u014dko Ogawa &gt;&gt;<\/a><\/strong><\/p>\n","protected":false},"excerpt":{"rendered":"<p>Dossi\u00ea Liter\u00e1rio &gt; Dossi\u00ea Y\u014dko Ogawa &gt; 5. Livros Y\u014dko Ogawa dispon\u00edveis na biblioteca \u30fbBurafuman no maiso\u300e\u30d6\u30e9\u30d5\u30de\u30f3\u306e\u57cb\u846c\u300f[O enterro de Brahman]. T\u00f3quio: K\u014ddansha, 2004. 146 p. \u30fbA f\u00f3rmula preferida do Professor. S\u00e3o Paulo: Esta\u00e7\u00e3o Liberdade, 2017. 228 p. \u30fbFukaki kokoro no soko yori\u300e\u6df1\u304d\u5fc3\u306e\u5e95\u3088\u308a\u300f[Do fundo do cora\u00e7\u00e3o]. T\u00f3quio: PHP Kenky\u016bjo, 2006. 247 p. \u30fbHakase no aishita s\u016bshiki\u300e\u535a\u58eb\u306e\u611b\u3057\u305f\u6570\u5f0f\u300f(A [&hellip;]<\/p>\n","protected":false},"author":34,"featured_media":0,"parent":0,"menu_order":0,"comment_status":"closed","ping_status":"closed","template":"","meta":{"_acf_changed":false,"footnotes":""},"class_list":["post-13332","page","type-page","status-publish","hentry"],"acf":[],"_links":{"self":[{"href":"https:\/\/fjsp.org.br\/fjsp\/wp-json\/wp\/v2\/pages\/13332","targetHints":{"allow":["GET"]}}],"collection":[{"href":"https:\/\/fjsp.org.br\/fjsp\/wp-json\/wp\/v2\/pages"}],"about":[{"href":"https:\/\/fjsp.org.br\/fjsp\/wp-json\/wp\/v2\/types\/page"}],"author":[{"embeddable":true,"href":"https:\/\/fjsp.org.br\/fjsp\/wp-json\/wp\/v2\/users\/34"}],"replies":[{"embeddable":true,"href":"https:\/\/fjsp.org.br\/fjsp\/wp-json\/wp\/v2\/comments?post=13332"}],"version-history":[{"count":2,"href":"https:\/\/fjsp.org.br\/fjsp\/wp-json\/wp\/v2\/pages\/13332\/revisions"}],"predecessor-version":[{"id":13343,"href":"https:\/\/fjsp.org.br\/fjsp\/wp-json\/wp\/v2\/pages\/13332\/revisions\/13343"}],"wp:attachment":[{"href":"https:\/\/fjsp.org.br\/fjsp\/wp-json\/wp\/v2\/media?parent=13332"}],"curies":[{"name":"wp","href":"https:\/\/api.w.org\/{rel}","templated":true}]}}