{"id":13411,"date":"2020-10-22T23:47:15","date_gmt":"2020-10-23T02:47:15","guid":{"rendered":"https:\/\/fjsp.org.br\/fjsp\/?page_id=13411"},"modified":"2021-03-16T10:39:59","modified_gmt":"2021-03-16T13:39:59","slug":"vamos_de_kamishibai","status":"publish","type":"page","link":"https:\/\/fjsp.org.br\/fjsp\/vamos_de_kamishibai\/","title":{"rendered":"Vamos de Kamishibai!"},"content":{"rendered":"<p>&nbsp;<\/p>\n<p><img fetchpriority=\"high\" decoding=\"async\" class=\"img-responsive img-fluid size-full wp-image-13883 aligncenter\" src=\"https:\/\/fjsp.org.br\/fjsp\/wp-content\/uploads\/2020\/11\/slider-vamos-de-kamishibai-3.jpg\" alt=\"\" width=\"850\" height=\"462\" srcset=\"https:\/\/fjsp.org.br\/fjsp\/wp-content\/uploads\/2020\/11\/slider-vamos-de-kamishibai-3.jpg 850w, https:\/\/fjsp.org.br\/fjsp\/wp-content\/uploads\/2020\/11\/slider-vamos-de-kamishibai-3-280x152.jpg 280w, https:\/\/fjsp.org.br\/fjsp\/wp-content\/uploads\/2020\/11\/slider-vamos-de-kamishibai-3-768x417.jpg 768w, https:\/\/fjsp.org.br\/fjsp\/wp-content\/uploads\/2020\/11\/slider-vamos-de-kamishibai-3-340x185.jpg 340w, https:\/\/fjsp.org.br\/fjsp\/wp-content\/uploads\/2020\/11\/slider-vamos-de-kamishibai-3-220x120.jpg 220w, https:\/\/fjsp.org.br\/fjsp\/wp-content\/uploads\/2020\/11\/slider-vamos-de-kamishibai-3-100x54.jpg 100w, https:\/\/fjsp.org.br\/fjsp\/wp-content\/uploads\/2020\/11\/slider-vamos-de-kamishibai-3-130x71.jpg 130w, https:\/\/fjsp.org.br\/fjsp\/wp-content\/uploads\/2020\/11\/slider-vamos-de-kamishibai-3-460x250.jpg 460w\" sizes=\"(max-width: 850px) 100vw, 850px\" \/><\/p>\n<p>&nbsp;<\/p>\n<p><span data-contrast=\"none\">A Funda\u00e7\u00e3o Jap\u00e3o apresenta \u201cVamos de\u00a0Kamishibai!\u201d, projeto que pretende aproximar o Jap\u00e3o das pessoas por meio do\u00a0<\/span><i><span data-contrast=\"none\">kamishibai<\/span><\/i><span data-contrast=\"none\">\u00a0e servir de refer\u00eancia para professores de l\u00edngua japonesa do Brasil, de como utiliz\u00e1-lo em suas pr\u00e1ticas em sala de aula.<\/span><span data-ccp-props=\"{&quot;134233117&quot;:true,&quot;134233118&quot;:true,&quot;201341983&quot;:0,&quot;335551550&quot;:6,&quot;335551620&quot;:6,&quot;335559740&quot;:240}\">\u00a0<\/span><\/p>\n<p><span data-contrast=\"none\">O projeto ter\u00e1 uma s\u00e9rie de conta\u00e7\u00f5es e os especialistas dar\u00e3o dicas da utiliza\u00e7\u00e3o do\u00a0<\/span><i><span data-contrast=\"none\">kamishibai<\/span><\/i><span data-contrast=\"none\">\u00a0no ensino da l\u00edngua japonesa, compartilhando as hist\u00f3rias de como ele \u00e9 utilizado no Brasil, Jap\u00e3o, Estados Unidos e M\u00e9xico.<\/span><span data-ccp-props=\"{&quot;134233117&quot;:true,&quot;134233118&quot;:true,&quot;201341983&quot;:0,&quot;335551550&quot;:6,&quot;335551620&quot;:6,&quot;335559739&quot;:160,&quot;335559740&quot;:240}\">\u00a0<\/span><\/p>\n<p>&nbsp;<\/p>\n<h3 style=\"text-align: center\"><strong>Clique na imagem e vamos assistir o <em>kamishibai<\/em> !<\/strong><\/h3>\n<p>&nbsp;<\/p>\n<p><a href=\"https:\/\/fjsp.org.br\/fjsp\/vamos_de_kamishibai_ogros_bolinha_comiloes\/\"><img decoding=\"async\" class=\"img-responsive img-fluid wp-image-13724 alignnone\" src=\"https:\/\/fjsp.org.br\/fjsp\/wp-content\/uploads\/2020\/11\/botao-historias-prancheta-1.png\" alt=\"\" width=\"362\" height=\"306\" srcset=\"https:\/\/fjsp.org.br\/fjsp\/wp-content\/uploads\/2020\/11\/botao-historias-prancheta-1.png 1043w, https:\/\/fjsp.org.br\/fjsp\/wp-content\/uploads\/2020\/11\/botao-historias-prancheta-1-280x237.png 280w, https:\/\/fjsp.org.br\/fjsp\/wp-content\/uploads\/2020\/11\/botao-historias-prancheta-1-768x649.png 768w, https:\/\/fjsp.org.br\/fjsp\/wp-content\/uploads\/2020\/11\/botao-historias-prancheta-1-340x287.png 340w, https:\/\/fjsp.org.br\/fjsp\/wp-content\/uploads\/2020\/11\/botao-historias-prancheta-1-220x186.png 220w, https:\/\/fjsp.org.br\/fjsp\/wp-content\/uploads\/2020\/11\/botao-historias-prancheta-1-100x84.png 100w, https:\/\/fjsp.org.br\/fjsp\/wp-content\/uploads\/2020\/11\/botao-historias-prancheta-1-130x110.png 130w, https:\/\/fjsp.org.br\/fjsp\/wp-content\/uploads\/2020\/11\/botao-historias-prancheta-1-460x389.png 460w\" sizes=\"(max-width: 362px) 100vw, 362px\" \/><\/a><a href=\"https:\/\/fjsp.org.br\/fjsp\/vamos_de_kamishibai_cozinheiro_mal_humorado\/\"><img decoding=\"async\" class=\"img-responsive img-fluid alignnone wp-image-13725\" src=\"https:\/\/fjsp.org.br\/fjsp\/wp-content\/uploads\/2020\/11\/botao-historias-02-1.png\" alt=\"\" width=\"362\" height=\"306\" srcset=\"https:\/\/fjsp.org.br\/fjsp\/wp-content\/uploads\/2020\/11\/botao-historias-02-1.png 1042w, https:\/\/fjsp.org.br\/fjsp\/wp-content\/uploads\/2020\/11\/botao-historias-02-1-280x237.png 280w, https:\/\/fjsp.org.br\/fjsp\/wp-content\/uploads\/2020\/11\/botao-historias-02-1-768x649.png 768w, https:\/\/fjsp.org.br\/fjsp\/wp-content\/uploads\/2020\/11\/botao-historias-02-1-340x287.png 340w, https:\/\/fjsp.org.br\/fjsp\/wp-content\/uploads\/2020\/11\/botao-historias-02-1-220x186.png 220w, https:\/\/fjsp.org.br\/fjsp\/wp-content\/uploads\/2020\/11\/botao-historias-02-1-100x85.png 100w, https:\/\/fjsp.org.br\/fjsp\/wp-content\/uploads\/2020\/11\/botao-historias-02-1-130x110.png 130w, https:\/\/fjsp.org.br\/fjsp\/wp-content\/uploads\/2020\/11\/botao-historias-02-1-460x389.png 460w\" sizes=\"(max-width: 362px) 100vw, 362px\" \/><\/a><a href=\"https:\/\/fjsp.org.br\/fjsp\/vamos_de_kamishibai_yoisho_yoisho\/\"><img loading=\"lazy\" decoding=\"async\" class=\"img-responsive img-fluid alignnone wp-image-14664\" src=\"https:\/\/fjsp.org.br\/fjsp\/wp-content\/uploads\/2021\/01\/botao-historias-03.png\" alt=\"\" width=\"362\" height=\"306\" srcset=\"https:\/\/fjsp.org.br\/fjsp\/wp-content\/uploads\/2021\/01\/botao-historias-03.png 1042w, https:\/\/fjsp.org.br\/fjsp\/wp-content\/uploads\/2021\/01\/botao-historias-03-280x237.png 280w, https:\/\/fjsp.org.br\/fjsp\/wp-content\/uploads\/2021\/01\/botao-historias-03-768x649.png 768w, https:\/\/fjsp.org.br\/fjsp\/wp-content\/uploads\/2021\/01\/botao-historias-03-340x287.png 340w, https:\/\/fjsp.org.br\/fjsp\/wp-content\/uploads\/2021\/01\/botao-historias-03-220x186.png 220w, https:\/\/fjsp.org.br\/fjsp\/wp-content\/uploads\/2021\/01\/botao-historias-03-100x85.png 100w, https:\/\/fjsp.org.br\/fjsp\/wp-content\/uploads\/2021\/01\/botao-historias-03-130x110.png 130w, https:\/\/fjsp.org.br\/fjsp\/wp-content\/uploads\/2021\/01\/botao-historias-03-460x389.png 460w\" sizes=\"(max-width: 362px) 100vw, 362px\" \/><\/a><a href=\"https:\/\/fjsp.org.br\/fjsp\/vamos_de_kamishibai_oni_no_setsubun\/\"><img loading=\"lazy\" decoding=\"async\" class=\"img-responsive img-fluid alignnone wp-image-15331\" src=\"https:\/\/fjsp.org.br\/fjsp\/wp-content\/uploads\/2021\/02\/botao-historias-05.png\" alt=\"\" width=\"362\" height=\"306\" srcset=\"https:\/\/fjsp.org.br\/fjsp\/wp-content\/uploads\/2021\/02\/botao-historias-05.png 1043w, https:\/\/fjsp.org.br\/fjsp\/wp-content\/uploads\/2021\/02\/botao-historias-05-280x237.png 280w, https:\/\/fjsp.org.br\/fjsp\/wp-content\/uploads\/2021\/02\/botao-historias-05-768x649.png 768w, https:\/\/fjsp.org.br\/fjsp\/wp-content\/uploads\/2021\/02\/botao-historias-05-340x287.png 340w, https:\/\/fjsp.org.br\/fjsp\/wp-content\/uploads\/2021\/02\/botao-historias-05-220x186.png 220w, https:\/\/fjsp.org.br\/fjsp\/wp-content\/uploads\/2021\/02\/botao-historias-05-100x84.png 100w, https:\/\/fjsp.org.br\/fjsp\/wp-content\/uploads\/2021\/02\/botao-historias-05-130x110.png 130w, https:\/\/fjsp.org.br\/fjsp\/wp-content\/uploads\/2021\/02\/botao-historias-05-460x389.png 460w\" sizes=\"(max-width: 362px) 100vw, 362px\" \/><\/a><a href=\"https:\/\/fjsp.org.br\/fjsp\/vamos_de_kamishibai_omusubi_kororin\/\"><img loading=\"lazy\" decoding=\"async\" class=\"img-responsive img-fluid alignnone wp-image-15505\" src=\"https:\/\/fjsp.org.br\/fjsp\/wp-content\/uploads\/2021\/02\/botao-historias-04.png\" alt=\"\" width=\"362\" height=\"306\" srcset=\"https:\/\/fjsp.org.br\/fjsp\/wp-content\/uploads\/2021\/02\/botao-historias-04.png 1043w, https:\/\/fjsp.org.br\/fjsp\/wp-content\/uploads\/2021\/02\/botao-historias-04-280x237.png 280w, https:\/\/fjsp.org.br\/fjsp\/wp-content\/uploads\/2021\/02\/botao-historias-04-768x649.png 768w, https:\/\/fjsp.org.br\/fjsp\/wp-content\/uploads\/2021\/02\/botao-historias-04-340x287.png 340w, https:\/\/fjsp.org.br\/fjsp\/wp-content\/uploads\/2021\/02\/botao-historias-04-220x186.png 220w, https:\/\/fjsp.org.br\/fjsp\/wp-content\/uploads\/2021\/02\/botao-historias-04-100x84.png 100w, https:\/\/fjsp.org.br\/fjsp\/wp-content\/uploads\/2021\/02\/botao-historias-04-130x110.png 130w, https:\/\/fjsp.org.br\/fjsp\/wp-content\/uploads\/2021\/02\/botao-historias-04-460x389.png 460w\" sizes=\"(max-width: 362px) 100vw, 362px\" \/><\/a><a href=\"https:\/\/fjsp.org.br\/fjsp\/vamos_de_kamishibai_tanabata\/\"><img loading=\"lazy\" decoding=\"async\" class=\"img-responsive img-fluid alignnone wp-image-15892\" src=\"https:\/\/fjsp.org.br\/fjsp\/wp-content\/uploads\/2021\/03\/botao-historias-06-2.png\" alt=\"\" width=\"362\" height=\"306\" srcset=\"https:\/\/fjsp.org.br\/fjsp\/wp-content\/uploads\/2021\/03\/botao-historias-06-2.png 500w, https:\/\/fjsp.org.br\/fjsp\/wp-content\/uploads\/2021\/03\/botao-historias-06-2-280x236.png 280w, https:\/\/fjsp.org.br\/fjsp\/wp-content\/uploads\/2021\/03\/botao-historias-06-2-340x287.png 340w, https:\/\/fjsp.org.br\/fjsp\/wp-content\/uploads\/2021\/03\/botao-historias-06-2-220x186.png 220w, https:\/\/fjsp.org.br\/fjsp\/wp-content\/uploads\/2021\/03\/botao-historias-06-2-100x84.png 100w, https:\/\/fjsp.org.br\/fjsp\/wp-content\/uploads\/2021\/03\/botao-historias-06-2-130x110.png 130w, https:\/\/fjsp.org.br\/fjsp\/wp-content\/uploads\/2021\/03\/botao-historias-06-2-460x388.png 460w\" sizes=\"(max-width: 362px) 100vw, 362px\" \/><\/a><\/p>\n<p>&nbsp;<\/p>\n<h4 style=\"text-align: center\"><strong>Para assistir o webin\u00e1rio, clique na imagem abaixo.<\/strong><\/h4>\n<p><a href=\"https:\/\/fjsp.org.br\/fjsp\/agenda\/vamos_de_kamishibai_webinario\/\" target=\"_blank\" rel=\"noopener\"><img loading=\"lazy\" decoding=\"async\" class=\"img-responsive img-fluid aligncenter wp-image-15508\" src=\"https:\/\/fjsp.org.br\/fjsp\/wp-content\/uploads\/2021\/02\/botao-vamos-kamishibai-webinar.jpg\" alt=\"\" width=\"600\" height=\"153\" srcset=\"https:\/\/fjsp.org.br\/fjsp\/wp-content\/uploads\/2021\/02\/botao-vamos-kamishibai-webinar.jpg 850w, https:\/\/fjsp.org.br\/fjsp\/wp-content\/uploads\/2021\/02\/botao-vamos-kamishibai-webinar-280x71.jpg 280w, https:\/\/fjsp.org.br\/fjsp\/wp-content\/uploads\/2021\/02\/botao-vamos-kamishibai-webinar-768x196.jpg 768w, https:\/\/fjsp.org.br\/fjsp\/wp-content\/uploads\/2021\/02\/botao-vamos-kamishibai-webinar-340x87.jpg 340w, https:\/\/fjsp.org.br\/fjsp\/wp-content\/uploads\/2021\/02\/botao-vamos-kamishibai-webinar-220x56.jpg 220w, https:\/\/fjsp.org.br\/fjsp\/wp-content\/uploads\/2021\/02\/botao-vamos-kamishibai-webinar-100x26.jpg 100w, https:\/\/fjsp.org.br\/fjsp\/wp-content\/uploads\/2021\/02\/botao-vamos-kamishibai-webinar-130x33.jpg 130w, https:\/\/fjsp.org.br\/fjsp\/wp-content\/uploads\/2021\/02\/botao-vamos-kamishibai-webinar-460x117.jpg 460w\" sizes=\"(max-width: 600px) 100vw, 600px\" \/><\/a><\/p>\n<p>&nbsp;<\/p>\n<script type=\"text\/javascript\"> toolTips('.classtoolTips76','A palavra <em><span class='tooltipsall tooltipsincontent classtoolTips76'>kami<\/span><\/em> significa \u201cm\u00edstico\u201d, \u201csuperior\u201d, \u201cdivino\u201d, estando normalmente ligada ao poder sagrado ou divino.'); <\/script>","protected":false},"excerpt":{"rendered":"<p>&nbsp; &nbsp; A Funda\u00e7\u00e3o Jap\u00e3o apresenta \u201cVamos de\u00a0Kamishibai!\u201d, projeto que pretende aproximar o Jap\u00e3o das pessoas por meio do\u00a0kamishibai\u00a0e servir de refer\u00eancia para professores de l\u00edngua japonesa do Brasil, de como utiliz\u00e1-lo em suas pr\u00e1ticas em sala de aula.\u00a0 O projeto ter\u00e1 uma s\u00e9rie de conta\u00e7\u00f5es e os especialistas dar\u00e3o dicas da utiliza\u00e7\u00e3o do\u00a0kamishibai\u00a0no ensino [&hellip;]<\/p>\n","protected":false},"author":34,"featured_media":14045,"parent":0,"menu_order":0,"comment_status":"closed","ping_status":"closed","template":"","meta":{"_acf_changed":false,"footnotes":""},"class_list":["post-13411","page","type-page","status-publish","has-post-thumbnail","hentry"],"acf":[],"_links":{"self":[{"href":"https:\/\/fjsp.org.br\/fjsp\/wp-json\/wp\/v2\/pages\/13411","targetHints":{"allow":["GET"]}}],"collection":[{"href":"https:\/\/fjsp.org.br\/fjsp\/wp-json\/wp\/v2\/pages"}],"about":[{"href":"https:\/\/fjsp.org.br\/fjsp\/wp-json\/wp\/v2\/types\/page"}],"author":[{"embeddable":true,"href":"https:\/\/fjsp.org.br\/fjsp\/wp-json\/wp\/v2\/users\/34"}],"replies":[{"embeddable":true,"href":"https:\/\/fjsp.org.br\/fjsp\/wp-json\/wp\/v2\/comments?post=13411"}],"version-history":[{"count":3,"href":"https:\/\/fjsp.org.br\/fjsp\/wp-json\/wp\/v2\/pages\/13411\/revisions"}],"predecessor-version":[{"id":16022,"href":"https:\/\/fjsp.org.br\/fjsp\/wp-json\/wp\/v2\/pages\/13411\/revisions\/16022"}],"wp:featuredmedia":[{"embeddable":true,"href":"https:\/\/fjsp.org.br\/fjsp\/wp-json\/wp\/v2\/media\/14045"}],"wp:attachment":[{"href":"https:\/\/fjsp.org.br\/fjsp\/wp-json\/wp\/v2\/media?parent=13411"}],"curies":[{"name":"wp","href":"https:\/\/api.w.org\/{rel}","templated":true}]}}