{"id":13442,"date":"2020-10-27T15:52:10","date_gmt":"2020-10-27T18:52:10","guid":{"rendered":"https:\/\/fjsp.org.br\/fjsp\/?page_id=13442"},"modified":"2021-01-26T04:54:31","modified_gmt":"2021-01-26T07:54:31","slug":"destaques-da-biblioteca-outubro-2020","status":"publish","type":"page","link":"https:\/\/fjsp.org.br\/fjsp\/destaques-da-biblioteca-outubro-2020\/","title":{"rendered":"DESTAQUES DA BIBLIOTECA &#8211; Outubro\/2020"},"content":{"rendered":"<p>Neste m\u00eas de outubro, no Brasil, comemoramos o dia das crian\u00e7as, e por isso vamos apresentar livros infantojuvenis, de sua Alteza Imperial a Princesa Takamado, e do escritor e ilustrado Taro Gomi.<\/p>\n<p>Na sugest\u00e3o de leitura destacaremos livros da escritora e ilustradora nipo-brasileira L\u00facia Hiratsuka.<\/p>\n<p>&nbsp;<\/p>\n<h2><span style=\"color: #ff0000;\"><strong>\u25cf <\/strong><strong>LIVRO<\/strong><\/span><\/h2>\n<p><img fetchpriority=\"high\" decoding=\"async\" class=\"img-responsive img-fluid alignnone wp-image-13445\" src=\"https:\/\/fjsp.org.br\/fjsp\/wp-content\/uploads\/2020\/10\/0001.jpg\" alt=\"\" width=\"340\" height=\"469\" srcset=\"https:\/\/fjsp.org.br\/fjsp\/wp-content\/uploads\/2020\/10\/0001.jpg 435w, https:\/\/fjsp.org.br\/fjsp\/wp-content\/uploads\/2020\/10\/0001-280x386.jpg 280w, https:\/\/fjsp.org.br\/fjsp\/wp-content\/uploads\/2020\/10\/0001-340x469.jpg 340w, https:\/\/fjsp.org.br\/fjsp\/wp-content\/uploads\/2020\/10\/0001-220x303.jpg 220w, https:\/\/fjsp.org.br\/fjsp\/wp-content\/uploads\/2020\/10\/0001-100x138.jpg 100w, https:\/\/fjsp.org.br\/fjsp\/wp-content\/uploads\/2020\/10\/0001-130x179.jpg 130w\" sizes=\"(max-width: 340px) 100vw, 340px\" \/><\/p>\n<p><strong><span style=\"color: #0000ff;\">KATIE E O DEVORADOR DE SONHOS<\/span><br \/>\n(<\/strong><strong>\u5922\u306e\u56fd\u306e\u3061\u3073\u3063\u3053\u30d0\u30af<\/strong><strong>\/ Yume no kuni no chibikko Baku)<\/strong><\/p>\n<p>Sua Alteza Imperial a Princesa Hisako Takamado; ilustra\u00e7\u00f5es de Brian Wildsmith; tradu\u00e7\u00e3o de Profa. Doutora Maria Cl\u00e1udia Silva Afonso e \u00c1lvares<br \/>\nPortugal: Lidel-Edi\u00e7\u00f5es T\u00e9cnicas, c1996<br \/>\nISBN 978-972-757-724-8<br \/>\nEm portugu\u00eas. [895.639282 Ta\/ t.20820]<\/p>\n<blockquote><p>\u201cL\u00e1 muito, muito longe, para al\u00e9m do arco-\u00edris e por tr\u00e1s das nuvens, h\u00e1 uma terra onde vivem todas as criaturas fant\u00e1sticas: unic\u00f3rnios, drag\u00f5es e muitas outras. Aqui, tamb\u00e9m, vivem os baku, os seres t\u00edmidos que devoram os sonhos maus. Todas as noites, os baku descem ao mundo em grande n\u00famero para zelar pelo sono de todos os homens.\u201d<\/p><\/blockquote>\n<p>Assim come\u00e7a a hist\u00f3ria de um pequeno baku, devorador de sonhos, que foi em socorro de uma menina chamada Katie. Ele lutou contra todos os monstros e devorou todos os sonhos maus dela. Mas, no fim, foi apanhado no lado errado do sonho, e acabou no quarto de Katie.<\/p>\n<p>O que ela fez com ele? E como ser\u00e1 que o pequeno baku ir\u00e1 regressar para o outro lado do sonho?<\/p>\n<p>Segundo a autora, esta hist\u00f3ria resume tudo o que costumava contar \u00e0s sua tr\u00eas filhas, com o desejo de que tiv\u00e9ssemos um amigo como o pequeno baku, que devorasse todos os nossos pesadelos.<\/p>\n<p>&nbsp;<\/p>\n<h4><strong>Sobre a autora<\/strong><\/h4>\n<p>Sua Majestade Imperial a Princesa Hisako Takamado (Hisako Tottori) nasceu em T\u00f3quio, formou-se pela Universidade de Cambridge onde estudou as disciplinas de Estudos Chineses, Arqueologia e Antropologia. Tornou-se membro da Fam\u00edlia Imperial Japonesa ao se casar com sua Alteza Imperial Pr\u00edncipe Norihito, em 1984, com quem teve tr\u00eas filhas. Vi\u00fava desde 2002, n\u00e3o parou de desempenhar seus deveres p\u00fablicos, sendo uma das princesas mais ativas da Fam\u00edlia Imperial. \u00c9 presidente de mais de 20 organiza\u00e7\u00f5es ligadas a esportes, a interc\u00e2mbios culturais e ao meio ambiente. Veio ao Brasil, em 2014, na Copa do Mundo de Futebol para apoiar a sele\u00e7\u00e3o japonesa. \u00c9 autora de outros livros infantis como <em>Luli, o Iceberg<\/em> (Kodansha International), <em>A Viagem de Netsuke<\/em> (Kodansha), <em>Yori-Dori, Mi-Dori<\/em>, de \u00e1lbum de fotografias de p\u00e1ssaros, entre outros.<\/p>\n<p>&nbsp;<\/p>\n<h4><strong>Sobre o ilustrador<br \/>\n<\/strong><\/h4>\n<p>Brian Wildsmith nasceu em Penistone, no condado de Yorkshire, na Inglaterra. Depois de frequentar a Escola de Arte de Barnsley, estudou na Slade School of Fine Art durante tr\u00eas anos. Foi pioneiro na \u00e1rea de ilustra\u00e7\u00e3o a cores de livros infantis, tendo influenciado muitos artistas. Em 1962, o seu livro ilustrado \u201cABC\u201d recebeu o pr\u00eamio brit\u00e2nico The Kate Greenaway Medal, o maior pr\u00eamio na \u00e1rea da literatura infantil. Em 1994 foi inaugurado o Museu de Arte Brian Wildsmith em Izu Koen, na prov\u00edncia de Shizuoka, Jap\u00e3o.<\/p>\n<p>&nbsp;<\/p>\n<h4><strong>Sites relacionados<\/strong><\/h4>\n<ul>\n<li><a href=\"https:\/\/pt.wikipedia.org\/wiki\/Hisako_Takamado\" target=\"_blank\" rel=\"noopener noreferrer\">Wikipedia portugu\u00eas<\/a><\/li>\n<li><a href=\"https:\/\/www.kunaicho.go.jp\/e-about\/history\/history08.html\" target=\"_blank\" rel=\"noopener noreferrer\">The Imperial Household Agency<\/a><\/li>\n<li><a href=\"https:\/\/mundo-nipo.com\/esportes\/mais-esportes\/19\/06\/2014\/princesa-hisako-desembarca-em-natal-para-apoiar-a-selecao-japonesa-na-copa\/\" target=\"_blank\" rel=\"noopener noreferrer\">Mundo-Nipo<\/a><\/li>\n<li><a href=\"https:\/\/www.amazon.co.jp\/Devorador-Sonhos-Princesa-Hisako-Takamado\/dp\/9727577245\" target=\"_blank\" rel=\"noopener noreferrer\">Amazon Jap\u00e3o<\/a><\/li>\n<li><a href=\"https:\/\/www.brianwildsmith.com\/exhibitions\" target=\"_blank\" rel=\"noopener noreferrer\">Brian Wildsmith<\/a><\/li>\n<li><a href=\"https:\/\/en.wikipedia.org\/wiki\/Brian_Wildsmith\" target=\"_blank\" rel=\"noopener noreferrer\">Wikipedia ingl\u00eas<\/a><\/li>\n<li><a href=\"http:\/\/www.metm.co.jp\" target=\"_blank\" rel=\"noopener noreferrer\">Brian Wilsdsmith Museum of Art<\/a><\/li>\n<\/ul>\n<p><a href=\"https:\/\/www.youtube.com\/watch?v=3wW5BLUuEMw\" target=\"_blank\" rel=\"noopener noreferrer\">Breve introdu\u00e7\u00e3o sobre baku em portugu\u00eas (v\u00eddeo)<\/a><\/p>\n<p>&nbsp;<\/p>\n<hr \/>\n<p>&nbsp;<\/p>\n<p><img decoding=\"async\" class=\"img-responsive img-fluid alignnone wp-image-13446\" src=\"https:\/\/fjsp.org.br\/fjsp\/wp-content\/uploads\/2020\/10\/0002.jpg\" alt=\"\" width=\"340\" height=\"399\" srcset=\"https:\/\/fjsp.org.br\/fjsp\/wp-content\/uploads\/2020\/10\/0002.jpg 511w, https:\/\/fjsp.org.br\/fjsp\/wp-content\/uploads\/2020\/10\/0002-280x329.jpg 280w, https:\/\/fjsp.org.br\/fjsp\/wp-content\/uploads\/2020\/10\/0002-340x399.jpg 340w, https:\/\/fjsp.org.br\/fjsp\/wp-content\/uploads\/2020\/10\/0002-220x258.jpg 220w, https:\/\/fjsp.org.br\/fjsp\/wp-content\/uploads\/2020\/10\/0002-100x117.jpg 100w, https:\/\/fjsp.org.br\/fjsp\/wp-content\/uploads\/2020\/10\/0002-130x153.jpg 130w, https:\/\/fjsp.org.br\/fjsp\/wp-content\/uploads\/2020\/10\/0002-460x540.jpg 460w\" sizes=\"(max-width: 340px) 100vw, 340px\" \/><\/p>\n<p><strong><span style=\"color: #0000ff;\">Esconde-Esconde<\/span><br \/>\n(<\/strong><strong>\u304b\u304f\u308c\u3093\u307c\u3000\u304b\u304f\u308c\u3093\u307c<\/strong><strong>\/Kakurembo kakurembo)<\/strong><\/p>\n<p>Taro Gomi; tradu\u00e7\u00e3o de St\u00e9phanie Havir<br \/>\nBerlendis &amp; Vertechia, 2013<br \/>\nISBN 978-85-7723-053-2<br \/>\nEm portugu\u00eas. [896.639282 Go\/ t.652]<\/p>\n<p>Dois ratinhos est\u00e3o brincando de esconde-esconde. Um deles decide se esconder atr\u00e1s de um monte de feno, mas que surpresa, era uma raposa que tamb\u00e9m estava brincando. Os dois decidem se esconder atr\u00e1s de uma \u00e1rvore, ora vejam, \u00e9 um hipop\u00f3tamo, que tamb\u00e9m estava brincando de esconde-esconde. Que outras surpresas eles v\u00e3o encontrar at\u00e9 o fim da brincadeira?<\/p>\n<p>&nbsp;<\/p>\n<hr \/>\n<p>&nbsp;<\/p>\n<p><img decoding=\"async\" class=\"img-responsive img-fluid alignnone wp-image-13448\" src=\"https:\/\/fjsp.org.br\/fjsp\/wp-content\/uploads\/2020\/10\/0003.jpg\" alt=\"\" width=\"340\" height=\"343\" srcset=\"https:\/\/fjsp.org.br\/fjsp\/wp-content\/uploads\/2020\/10\/0003.jpg 595w, https:\/\/fjsp.org.br\/fjsp\/wp-content\/uploads\/2020\/10\/0003-280x282.jpg 280w, https:\/\/fjsp.org.br\/fjsp\/wp-content\/uploads\/2020\/10\/0003-340x343.jpg 340w, https:\/\/fjsp.org.br\/fjsp\/wp-content\/uploads\/2020\/10\/0003-220x222.jpg 220w, https:\/\/fjsp.org.br\/fjsp\/wp-content\/uploads\/2020\/10\/0003-100x101.jpg 100w, https:\/\/fjsp.org.br\/fjsp\/wp-content\/uploads\/2020\/10\/0003-130x131.jpg 130w, https:\/\/fjsp.org.br\/fjsp\/wp-content\/uploads\/2020\/10\/0003-460x464.jpg 460w, https:\/\/fjsp.org.br\/fjsp\/wp-content\/uploads\/2020\/10\/0003-150x150.jpg 150w\" sizes=\"(max-width: 340px) 100vw, 340px\" \/><\/p>\n<p><strong><span style=\"color: #0000ff;\">O crocodilo e o dentista<\/span><br \/>\n(<\/strong><strong>\u308f\u306b\u3055\u3093\u3069\u304d\u3063\u3000\u306f\u3044\u3057\u3083\u3055\u3093\u3069\u304d\u3063<\/strong><strong>\/Wani-san doki haisha-san doki)<\/strong><\/p>\n<p>Taro Gomi; tradu\u00e7\u00e3o de St\u00e9phanie Havir<br \/>\nBerlendis &amp; Vertechia, 2013<br \/>\nISBN 978-85-7723-055-6<br \/>\nEm portugu\u00eas. [895.639282 Go\/ t.654]<\/p>\n<p>O crocodilo n\u00e3o queria parar de brincar, mas precisava ir ao dentista, pois estava com dor de dente. O dentista estava se divertindo, mas precisava parar para atender o crocodilo. No consult\u00f3rio, os dois se trombam, com medo e respeito. N\u00e3o se sabe por que, desde o in\u00edcio, o que um diz o outro repete. As palavras s\u00e3o iguais, mas as sensa\u00e7\u00f5es s\u00e3o diferentes. Como ficar\u00e1 a rela\u00e7\u00e3o entre os dois?<\/p>\n<p>&nbsp;<\/p>\n<h4><strong>Sobre o autor<\/strong><\/h4>\n<p>Taro Gomi nasceu em T\u00f3quio em 1945. Graduou-se no Instituto Kuwasawa de Design. Por alguns anos trabalhou na \u00e1rea de desenho industrial e design gr\u00e1fico. Com a publica\u00e7\u00e3o de seu primeiro livro \u201c<em>Michi<\/em>\u201d, em 1973, entrou definitivamente no mundo da literatura infantil. \u00c9 um dos escritores mais prol\u00edficos do Jap\u00e3o na atualidade. Publicou mais de 450 livros no Jap\u00e3o e seu trabalho \u00e9 amplamente traduzido em outras l\u00ednguas. Seu campo de atua\u00e7\u00e3o n\u00e3o se restringe \u00e0 literatura infantil, tamb\u00e9m escreveu m\u00fasicas infantis, ensaios para adultos e anima\u00e7\u00f5es. Recebeu v\u00e1rios pr\u00eamios por suas obras, entre elas, o Graphic Prize at The Bologna Children\u2019s Book Fair, o Sankei Children\u2019s Publishing Culture Award e o Kodansha Publishing Culture Award.<\/p>\n<p>&nbsp;<\/p>\n<h4><strong>Sobre a tradutora<br \/>\n<\/strong><\/h4>\n<p>St\u00e9phanie Havir de Almeida \u00e9 descendente de arm\u00eanios, tchecos, italianos e portugueses, bacharel em Letras\/Japon\u00eas, pela USP, optou posteriormente pela advocacia como profiss\u00e3o. Mas \u00a0guarda, e leva consigo, a riqueza e a humanidade que s\u00f3 o contato com outras l\u00ednguas, culturas e pessoas \u00e9 capaz de propiciar ao esp\u00edrito. Em 2013 e 2015 surgiu a oportunidade de traduzir as obras infantis de Taro Gomi e Taro Miura. Leia mais sobre a tradutora em <strong>Tradu\u00e7\u00e3o em Foco<\/strong>, na \u00e1rea especial do site da Funda\u00e7\u00e3o Jap\u00e3o em S\u00e3o Paulo.<\/p>\n<p>&nbsp;<\/p>\n<h4><strong>Sites relacionados<\/strong><\/h4>\n<ul>\n<li><a href=\"https:\/\/ja.wikipedia.org\/wiki\/%E4%BA%94%E5%91%B3%E5%A4%AA%E9%83%8E\" target=\"_blank\" rel=\"noopener noreferrer\">Wikipedia japon\u00eas<\/a><\/li>\n<li><a href=\"http:\/\/www.gomitaro.com\/index.html\" target=\"_blank\" rel=\"noopener noreferrer\">Gomi Taro<\/a><\/li>\n<li><a href=\"https:\/\/www.ehonnavi.net\/author.asp?n=46\" target=\"_blank\" rel=\"noopener noreferrer\">Ehon navi<\/a><\/li>\n<li><a href=\"https:\/\/www.youtube.com\/channel\/UCC7HXVrL6QfsG_ptTySmgsA\" target=\"_blank\" rel=\"noopener noreferrer\">Gomi Taro Animation World (YouTube)<\/a><\/li>\n<li><a href=\"http:\/\/fjsp.org.br\/traducaoemfoco_stephaniehavir\/\">Tradu\u00e7\u00e3o em Foco<\/a><\/li>\n<\/ul>\n<p>&nbsp;<\/p>\n<h2><span style=\"color: #ff0000;\"><strong>\u25cf SUGEST\u00c3O DE LEITURA<\/strong><\/span><\/h2>\n<p>Nesta edi\u00e7\u00e3o a nossa sugest\u00e3o de leitura s\u00e3o os livros para o p\u00fablico infantojuvenil da escritora e ilustradora nipo-brasileira L\u00facia Hiratsuka. As suas obras s\u00e3o inspiradas em suas mem\u00f3rias de inf\u00e2ncia, no interior do estado de S\u00e3o Paulo, e das hist\u00f3rias contadas por sua av\u00f3 que, segundo a autora, era excelente contadora de hist\u00f3rias. Dentre seus livros selecionamos os premiados, <em>Orie<\/em> e <em>Ch\u00e3o de peixes<\/em>.<\/p>\n<p>Em <em>Orie<\/em> (nome de sua av\u00f3), uma pequena menina anseia pela viagem de barco com seus pais para ir \u00e0 cidade. O texto po\u00e9tico, com versos curtos, livres e sonoros, traduz o movimento da vida, um \u201cvai e vem\u201d como a \u00e1gua do rio, o movimento dos remos de bambu, os peixinhos. \u00a0A chegada trazia os sons e cheiros novos, as conversas, as roupas e os diferentes costumes. As ilustra\u00e7\u00f5es feitas em papel craft, os desenhos com l\u00e1pis, carv\u00e3o e pastel seco, s\u00e3o imagens dessas travessias. A diagrama\u00e7\u00e3o do texto na p\u00e1gina tamb\u00e9m traz uma sensa\u00e7\u00e3o de idas e vindas, com o alinhamento ora feito \u00e0 esquerda, ora na margem superior, ou na inferior, ora no centro da p\u00e1gina. E nesse balan\u00e7o das palavras e desenhos, <em>Orie<\/em> vai descobrindo o mundo que a cerca e compreendendo o significado de crescer.<\/p>\n<p>O livro foi premiado em 2015 com o Pr\u00eamio FNLIJ (Funda\u00e7\u00e3o Nacional do Livro Infantil e Juvenil) como melhor livro na categoria crian\u00e7a, e escolhido para o Cat\u00e1logo White Ravem 2015 da Biblioteca de Munique.<\/p>\n<p>Em <em>Ch\u00e3o de peixes<\/em>, Hiratsuka revive suas lembran\u00e7as atrav\u00e9s de poesia entre palavras e ilustra\u00e7\u00f5es. \u00a0Inspirada nos haicais japoneses a autora pesca sons, imagens e sensa\u00e7\u00f5es guardadas bem l\u00e1 no fundo da mem\u00f3ria.Com a delicadeza das pinceladas em tinta sumi, faz surgir a poesia que est\u00e1 na simplicidade do cotidiano. O livro nos convida a dar um novo sentido para a natureza que nos cerca. Entremeadas aos saltos do grilo no quintal, aos passos das formigas andando em fila, palavras somem, outras surgem e se misturam aos riscos e rabiscos do capim. Riscos que formam peixes, o ch\u00e3o vira mar, lagartixa que vira lua, e at\u00e9 o tempo se torna outro. O t\u00edtulo do livro vem em refer\u00eancia \u00e0 mem\u00f3ria da autora quando, no s\u00edtio, se encantou com o peixinho desenhado no ch\u00e3o por sua av\u00f3.<\/p>\n<p>Recebeu o Pr\u00eamio Jabuti 2019 na categoria ilustra\u00e7\u00e3o, e o Pr\u00eamio FNLIJ 2019 \u2013 produ\u00e7\u00e3o 2018 \u2013 categoria poesia.<\/p>\n<p>&nbsp;<\/p>\n<h4><strong>Ficha t\u00e9cnica<\/strong><\/h4>\n<p><img loading=\"lazy\" decoding=\"async\" class=\"img-responsive img-fluid alignnone wp-image-13451\" src=\"https:\/\/fjsp.org.br\/fjsp\/wp-content\/uploads\/2020\/10\/0004.jpg\" alt=\"\" width=\"340\" height=\"276\" srcset=\"https:\/\/fjsp.org.br\/fjsp\/wp-content\/uploads\/2020\/10\/0004.jpg 739w, https:\/\/fjsp.org.br\/fjsp\/wp-content\/uploads\/2020\/10\/0004-280x227.jpg 280w, https:\/\/fjsp.org.br\/fjsp\/wp-content\/uploads\/2020\/10\/0004-340x276.jpg 340w, https:\/\/fjsp.org.br\/fjsp\/wp-content\/uploads\/2020\/10\/0004-220x179.jpg 220w, https:\/\/fjsp.org.br\/fjsp\/wp-content\/uploads\/2020\/10\/0004-100x81.jpg 100w, https:\/\/fjsp.org.br\/fjsp\/wp-content\/uploads\/2020\/10\/0004-130x106.jpg 130w, https:\/\/fjsp.org.br\/fjsp\/wp-content\/uploads\/2020\/10\/0004-460x373.jpg 460w\" sizes=\"(max-width: 340px) 100vw, 340px\" \/><\/p>\n<p><strong><span style=\"color: #0000ff;\">Orie<\/span><br \/>\n<\/strong>L\u00facia Hiratsuka<br \/>\nPequena Zahar, 2014<br \/>\nISBN 978-85-66642-17-9<br \/>\nEm portugu\u00eas. [869.39282 Hi\/ t. 5417]<\/p>\n<p>&nbsp;<\/p>\n<p><img loading=\"lazy\" decoding=\"async\" class=\"img-responsive img-fluid alignnone wp-image-13452\" src=\"https:\/\/fjsp.org.br\/fjsp\/wp-content\/uploads\/2020\/10\/0005.jpg\" alt=\"\" width=\"340\" height=\"396\" srcset=\"https:\/\/fjsp.org.br\/fjsp\/wp-content\/uploads\/2020\/10\/0005.jpg 515w, https:\/\/fjsp.org.br\/fjsp\/wp-content\/uploads\/2020\/10\/0005-280x326.jpg 280w, https:\/\/fjsp.org.br\/fjsp\/wp-content\/uploads\/2020\/10\/0005-340x396.jpg 340w, https:\/\/fjsp.org.br\/fjsp\/wp-content\/uploads\/2020\/10\/0005-220x256.jpg 220w, https:\/\/fjsp.org.br\/fjsp\/wp-content\/uploads\/2020\/10\/0005-100x117.jpg 100w, https:\/\/fjsp.org.br\/fjsp\/wp-content\/uploads\/2020\/10\/0005-130x151.jpg 130w, https:\/\/fjsp.org.br\/fjsp\/wp-content\/uploads\/2020\/10\/0005-460x536.jpg 460w\" sizes=\"(max-width: 340px) 100vw, 340px\" \/><\/p>\n<p><strong><span style=\"color: #0000ff;\">Ch\u00e3o de peixes<\/span><br \/>\n<\/strong>L\u00facia Hiratsuka<br \/>\nPequena Zahar, 2018<br \/>\nISBN 978-85-66642-58-2<br \/>\nEm portugu\u00eas. [869.39282 Hi\/ t. 5341]<\/p>\n<p>&nbsp;<\/p>\n<h4><strong>Sobre a autora<\/strong><\/h4>\n<p>L\u00facia Hiratsuka nasceu no s\u00edtio Asahi em Duartina, interior de S\u00e3o Paulo. Cresceu em meio \u00e0 natureza, cercada de poesia e de livros que vinham do Jap\u00e3o, pa\u00eds de origem de sua av\u00f3, que lhe contava hist\u00f3rias de sua inf\u00e2ncia. Estudou na Faculdade de Belas Artes em S\u00e3o Paulo, mas foi s\u00f3 quando conheceu os trabalhos de Eva Furnari, Ci\u00e7a Fittipaldi, Angela Lago e Ricardo Azevedo que encontrou o caminho da ilustra\u00e7\u00e3o. Ganhou uma bolsa de estudos para a Universidade de Fukuoka no Jap\u00e3o onde pesquisou sobre o desenho na literatura infantil. Ap\u00f3s o seu retorno come\u00e7ou a recontar e ilustrar os contos e as lendas japonesas que ouvia quando crian\u00e7a.\u00a0 Buscou inspira\u00e7\u00e3o nas composi\u00e7\u00f5es japonesas e estudou a t\u00e9cnica do sumi\u00ea, freq\u00fcentou v\u00e1rias oficinas de escrita para ajud\u00e1-la na constru\u00e7\u00e3o de uma hist\u00f3ria ou na melhor explora\u00e7\u00e3o de uma ideia simples.<\/p>\n<p>\u00c9 amplamente reconhecida por seu trabalho, recebeu o selo Altamente Recomend\u00e1vel concedido pela Funda\u00e7\u00e3o Nacional do Livro Infantojuvenil (FNLIJ) por suas obras \u201cCole\u00e7\u00e3o Contos e Lendas do Jap\u00e3o\u201d e \u201cContos da montanha; e ganhou v\u00e1rios pr\u00eamios Jabuti.<\/p>\n<p>&nbsp;<\/p>\n<h4><strong>Sites relacionados<\/strong><\/h4>\n<ul>\n<li><a href=\"https:\/\/www.amazon.com.br\/Livros-Lucia-Hiratsuka\/s?rh=n%3A6740748011%2Cp_27%3ALucia+Hiratsuka\" target=\"_blank\" rel=\"noopener noreferrer\">Amazon Brasil<\/a><\/li>\n<li>Livreirinha: <a href=\"https:\/\/www.livreirinha.com.br\/post\/_orie\" target=\"_blank\" rel=\"noopener noreferrer\">Orie<\/a> \/ <a href=\"https:\/\/www.livreirinha.com.br\/post\/chaodepeixes\" target=\"_blank\" rel=\"noopener noreferrer\">Ch\u00e3o de peixes<\/a><\/li>\n<li>Google Books: <a href=\"https:\/\/books.google.com.br\/books\/about\/Orie.html?id=r94zvgAACAAJ&amp;source=kp_book_description&amp;redir_esc=y\" target=\"_blank\" rel=\"noopener noreferrer\">Orie<\/a> \/ <a href=\"https:\/\/books.google.com.br\/books\/about\/Ch%C3%A3o_de_peixes.html?id=3yoKtAEACAAJ&amp;source=kp_book_description&amp;redir_esc=y\" target=\"_blank\" rel=\"noopener noreferrer\">Ch\u00e3o de peixes<\/a><\/li>\n<li><a href=\"https:\/\/www.antroposofica.com.br\/listaprodutos.asp?idproduto=6375536&amp;q=ORIE+%2D+L%FAcia+Hiratsuka\" target=\"_blank\" rel=\"noopener noreferrer\">Antropos\u00f3fica<\/a><\/li>\n<li><a href=\"https:\/\/globaleditora.com.br\/autores\/biografia\/?id=992\" target=\"_blank\" rel=\"noopener noreferrer\">Global Editora<\/a><\/li>\n<li><a href=\"https:\/\/www.lugardeler.com\/lucia-hiratsuka\" target=\"_blank\" rel=\"noopener noreferrer\">Lugar de ler<\/a><\/li>\n<li><a href=\"https:\/\/mulheresdeluta.com.br\/lucia-hiratsuka\/\" target=\"_blank\" rel=\"noopener noreferrer\">Mulheres de luta<\/a><\/li>\n<li><a href=\"https:\/\/www.japanhousesp.com.br\/artigo\/sumie-com-lucia-hiratsuka\/\" target=\"_blank\" rel=\"noopener noreferrer\">JAPAN HOUSE S\u00e3o Paulo &#8211; Sumi\u00ea<\/a><\/li>\n<li><a href=\"https:\/\/www.japanhousesp.com.br\/artigo\/a-lenda-de-tanabata\/\" target=\"_blank\" rel=\"noopener noreferrer\">JAPAN HOUSE S\u00e3o Paulo &#8211; Tanabata<\/a><\/li>\n<\/ul>\n<p>&nbsp;<\/p>\n<p><a href=\"https:\/\/fjsp.org.br\/fjsp\/destaques-da-biblioteca\/\"><img loading=\"lazy\" decoding=\"async\" class=\"img-responsive img-fluid size-full wp-image-14773 aligncenter\" src=\"https:\/\/fjsp.org.br\/fjsp\/wp-content\/uploads\/2021\/01\/botao-site-destaquebbca-rodape-voltar.jpg\" alt=\"\" width=\"320\" height=\"134\" srcset=\"https:\/\/fjsp.org.br\/fjsp\/wp-content\/uploads\/2021\/01\/botao-site-destaquebbca-rodape-voltar.jpg 320w, https:\/\/fjsp.org.br\/fjsp\/wp-content\/uploads\/2021\/01\/botao-site-destaquebbca-rodape-voltar-280x117.jpg 280w, https:\/\/fjsp.org.br\/fjsp\/wp-content\/uploads\/2021\/01\/botao-site-destaquebbca-rodape-voltar-220x92.jpg 220w, https:\/\/fjsp.org.br\/fjsp\/wp-content\/uploads\/2021\/01\/botao-site-destaquebbca-rodape-voltar-100x42.jpg 100w, https:\/\/fjsp.org.br\/fjsp\/wp-content\/uploads\/2021\/01\/botao-site-destaquebbca-rodape-voltar-130x54.jpg 130w\" sizes=\"(max-width: 320px) 100vw, 320px\" \/><\/a><\/p>\n<script type=\"text\/javascript\"> toolTips('.classtoolTips69','<span class=\"TextRun SCXW9938904 BCX0\" lang=\"PT-BR\" xml:lang=\"PT-BR\" data-contrast=\"auto\"><span class=\"NormalTextRun SCXW9938904 BCX0\"><strong><span class='tooltipsall tooltipsincontent classtoolTips69'>haicai<\/span><\/strong>\u00a0<\/span><\/span><span class=\"TextRun SCXW9938904 BCX0\" lang=\"PT-BR\" xml:lang=\"PT-BR\" data-contrast=\"auto\"><span class=\"NormalTextRun SCXW9938904 BCX0\">(tamb\u00e9m\u00a0<\/span><\/span><span class=\"TextRun SCXW9938904 BCX0\" lang=\"PT-BR\" xml:lang=\"PT-BR\" data-contrast=\"auto\"><span class=\"NormalTextRun SCXW9938904 BCX0\"><strong><span class='tooltipsall tooltipsincontent classtoolTips70'>haikai<\/span><\/strong>\u00a0<\/span><\/span><span class=\"TextRun SCXW9938904 BCX0\" lang=\"PT-BR\" xml:lang=\"PT-BR\" data-contrast=\"auto\"><span class=\"NormalTextRun SCXW9938904 BCX0\">ou\u00a0<\/span><\/span><strong><span class=\"TextRun SCXW9938904 BCX0\" lang=\"PT-BR\" xml:lang=\"PT-BR\" data-contrast=\"auto\"><span class=\"NormalTextRun SpellingErrorV2 SCXW9938904 BCX0\">hai-kai<\/span><\/span><\/strong><span class=\"TextRun SCXW9938904 BCX0\" lang=\"PT-BR\" xml:lang=\"PT-BR\" data-contrast=\"auto\"><span class=\"NormalTextRun SCXW9938904 BCX0\">). Do franc\u00eas\u00a0<\/span><\/span><span class=\"TextRun SCXW9938904 BCX0\" lang=\"PT-BR\" xml:lang=\"PT-BR\" data-contrast=\"auto\"><em><span class=\"NormalTextRun SpellingErrorV2 SCXW9938904 BCX0\">ha\u00efka\u00ef<\/span><\/em><span class=\"NormalTextRun SCXW9938904 BCX0\">.\u00a0<\/span><\/span><span class=\"TextRun SCXW9938904 BCX0\" lang=\"PT-BR\" xml:lang=\"PT-BR\" data-contrast=\"auto\"><span class=\"NormalTextRun SCXW9938904 BCX0\">Palavra que, em portugu\u00eas, usamos para designar o<em>\u00a0<\/em><\/span><\/span><em><span class=\"TextRun SCXW9938904 BCX0\" lang=\"PT-BR\" xml:lang=\"PT-BR\" data-contrast=\"auto\"><span class=\"NormalTextRun SpellingErrorV2 SCXW9938904 BCX0\"><span class='tooltipsall tooltipsincontent classtoolTips72'>haiku<\/span><\/span><\/span><\/em><span class=\"TextRun SCXW9938904 BCX0\" lang=\"PT-BR\" xml:lang=\"PT-BR\" data-contrast=\"auto\"><span class=\"NormalTextRun SCXW9938904 BCX0\"><em>\u00a0<\/em>e o\u00a0<\/span><\/span><em><span class=\"TextRun SCXW9938904 BCX0\" lang=\"PT-BR\" xml:lang=\"PT-BR\" data-contrast=\"auto\"><span class=\"NormalTextRun SpellingErrorV2 SCXW9938904 BCX0\"><span class='tooltipsall tooltipsincontent classtoolTips73'>hokku<\/span><\/span><\/span><\/em><span class=\"TextRun SCXW9938904 BCX0\" lang=\"PT-BR\" xml:lang=\"PT-BR\" data-contrast=\"auto\"><span class=\"NormalTextRun SCXW9938904 BCX0\">. Designa ainda a poesia brasileira inspirada no estilo\u00a0<\/span><\/span><em><span class=\"TextRun SCXW9938904 BCX0\" lang=\"PT-BR\" xml:lang=\"PT-BR\" data-contrast=\"auto\"><span class=\"NormalTextRun SCXW9938904 BCX0\"><span class='tooltipsall tooltipsincontent classtoolTips70'>haikai<\/span><\/span><\/span><\/em><span class=\"TextRun SCXW9938904 BCX0\" lang=\"PT-BR\" xml:lang=\"PT-BR\" data-contrast=\"auto\"><span class=\"NormalTextRun SCXW9938904 BCX0\">\u00a0ou ainda na forma\u00a0<\/span><\/span><em><span class=\"TextRun SCXW9938904 BCX0\" lang=\"PT-BR\" xml:lang=\"PT-BR\" data-contrast=\"auto\"><span class=\"NormalTextRun SpellingErrorV2 SCXW9938904 BCX0\"><span class='tooltipsall tooltipsincontent classtoolTips72'>haiku<\/span><\/span><\/span><\/em><span class=\"TextRun SCXW9938904 BCX0\" lang=\"PT-BR\" xml:lang=\"PT-BR\" data-contrast=\"auto\"><span class=\"NormalTextRun SCXW9938904 BCX0\">. Voc\u00e1bulo adotado pela comunidade nipo-brasileira como tradu\u00e7\u00e3o da palavra japonesa\u00a0<\/span><\/span><span class=\"TextRun SCXW9938904 BCX0\" lang=\"PT-BR\" xml:lang=\"PT-BR\" data-contrast=\"auto\"><em><span class=\"NormalTextRun SpellingErrorV2 SCXW9938904 BCX0\"><span class='tooltipsall tooltipsincontent classtoolTips72'>haiku<\/span><\/span><\/em><span class=\"NormalTextRun SCXW9938904 BCX0\">.<\/span><\/span><span class=\"EOP SCXW9938904 BCX0\" data-ccp-props=\"{&quot;134233279&quot;:true,&quot;201341983&quot;:0,&quot;335551550&quot;:1,&quot;335551620&quot;:1,&quot;335559731&quot;:284,&quot;335559739&quot;:0,&quot;335559740&quot;:240}\">\u00a0<\/span>'); <\/script>","protected":false},"excerpt":{"rendered":"<p>Neste m\u00eas de outubro, no Brasil, comemoramos o dia das crian\u00e7as, e por isso vamos apresentar livros infantojuvenis, de sua Alteza Imperial a Princesa Takamado, e do escritor e ilustrado Taro Gomi. Na sugest\u00e3o de leitura destacaremos livros da escritora e ilustradora nipo-brasileira L\u00facia Hiratsuka. &nbsp; \u25cf LIVRO KATIE E O DEVORADOR DE SONHOS (\u5922\u306e\u56fd\u306e\u3061\u3073\u3063\u3053\u30d0\u30af\/ [&hellip;]<\/p>\n","protected":false},"author":33,"featured_media":0,"parent":0,"menu_order":0,"comment_status":"closed","ping_status":"closed","template":"","meta":{"_acf_changed":false,"footnotes":""},"class_list":["post-13442","page","type-page","status-publish","hentry"],"acf":[],"_links":{"self":[{"href":"https:\/\/fjsp.org.br\/fjsp\/wp-json\/wp\/v2\/pages\/13442","targetHints":{"allow":["GET"]}}],"collection":[{"href":"https:\/\/fjsp.org.br\/fjsp\/wp-json\/wp\/v2\/pages"}],"about":[{"href":"https:\/\/fjsp.org.br\/fjsp\/wp-json\/wp\/v2\/types\/page"}],"author":[{"embeddable":true,"href":"https:\/\/fjsp.org.br\/fjsp\/wp-json\/wp\/v2\/users\/33"}],"replies":[{"embeddable":true,"href":"https:\/\/fjsp.org.br\/fjsp\/wp-json\/wp\/v2\/comments?post=13442"}],"version-history":[{"count":2,"href":"https:\/\/fjsp.org.br\/fjsp\/wp-json\/wp\/v2\/pages\/13442\/revisions"}],"predecessor-version":[{"id":14781,"href":"https:\/\/fjsp.org.br\/fjsp\/wp-json\/wp\/v2\/pages\/13442\/revisions\/14781"}],"wp:attachment":[{"href":"https:\/\/fjsp.org.br\/fjsp\/wp-json\/wp\/v2\/media?parent=13442"}],"curies":[{"name":"wp","href":"https:\/\/api.w.org\/{rel}","templated":true}]}}