{"id":13561,"date":"2021-01-21T09:39:15","date_gmt":"2021-01-21T12:39:15","guid":{"rendered":"https:\/\/fjsp.org.br\/fjsp\/?page_id=13561"},"modified":"2021-03-16T10:40:54","modified_gmt":"2021-03-16T13:40:54","slug":"vamos_de_kamishibai_yoisho_yoisho","status":"publish","type":"page","link":"https:\/\/fjsp.org.br\/fjsp\/vamos_de_kamishibai_yoisho_yoisho\/","title":{"rendered":"Vamos de Kamishibai! &#8211; Yoisho yoisho"},"content":{"rendered":"<p style=\"text-align: right\"><a href=\"https:\/\/fjsp.org.br\/fjsp\/vamos_de_kamishibai\/\">Vamos de Kamishibai!<\/a> &gt; Yoisho yoisho<\/p>\n<div class='cleaner'><\/div>\n<div class='videoWrapper embed-responsive embed-responsive-16by9 ratio ratio-4x3'><iframe title=\"Vamos de Kamishibai! \u2013 Yoisho yoisho \u2013 SAKIKO YOKOO\" width=\"700\" height=\"525\" src=\"https:\/\/www.youtube.com\/embed\/t0bRiMM5ZmQ?feature=oembed\" frameborder=\"0\" allow=\"accelerometer; autoplay; clipboard-write; encrypted-media; gyroscope; picture-in-picture\" allowfullscreen><\/iframe><\/div>\n<p>&nbsp;<\/p>\n<h3><strong>Ideias e coment\u00e1rios sobre o uso do <i>Kamishibai<\/i> para a apresenta\u00e7\u00e3o da cultura japonesa e para a aplica\u00e7\u00e3o no ensino de l\u00edngua japonesa<\/strong><\/h3>\n<p>&nbsp;<\/p>\n<p><span style=\"font-weight: 400\">Certo dia, ap\u00f3s uma apresenta\u00e7\u00e3o, um pai veio conversar comigo.<\/span><\/p>\n<p><span style=\"font-weight: 400\">\u2014 Minha filha vai fazer 8 anos, mas at\u00e9 agora n\u00e3o tinha interesse em ler e escrever.<\/span><\/p>\n<p><span style=\"font-weight: 400\">Mas hoje, depois de ver a pe\u00e7a de <\/span><i><span style=\"font-weight: 400\">Kamishibai<\/span><\/i><span style=\"font-weight: 400\">, disse que quer se tornar capaz de ler um livro! Obrigado!<\/span><\/p>\n<p><span style=\"font-weight: 400\">Fiquei arrepiada. Foi o instante em que uma pequena apresenta\u00e7\u00e3o produziu uma grande energia propulsora.\u00a0<\/span><\/p>\n<p><span style=\"font-weight: 400\">O <\/span><i><span style=\"font-weight: 400\">Kamishibai<\/span><\/i><span style=\"font-weight: 400\"> requer um conjunto de tr\u00eas elementos: \u201croteiro, desenhos e narra\u00e7\u00e3o\u201d.\u00a0<\/span><\/p>\n<p><span style=\"font-weight: 400\">Tem um formato que condensa diversas artes: ao mesmo tempo, possui a facilidade de poder ser executado por qualquer pessoa, a qualquer momento e em qualquer lugar. Al\u00e9m disso, como tamb\u00e9m cont\u00e9m elementos de compreens\u00e3o intercultural, vem atraindo cada vez mais aten\u00e7\u00e3o.<\/span><\/p>\n<p><span style=\"font-weight: 400\">A quantidade de pessoas envolvidas com educa\u00e7\u00e3o e cultura, que demonstram interesse em aprender e realizar apresenta\u00e7\u00f5es de <\/span><i><span style=\"font-weight: 400\">Kamishibai<\/span><\/i><span style=\"font-weight: 400\">, vem crescendo cada vez mais.<\/span><\/p>\n<p><span style=\"font-weight: 400\">Pelo fato de atrair n\u00e3o s\u00f3 crian\u00e7as, mas tamb\u00e9m adultos, \u00e9 poss\u00edvel utilizar o <\/span><i><span style=\"font-weight: 400\">Kamishibai<\/span><\/i><span style=\"font-weight: 400\"> em apresenta\u00e7\u00f5es ou explica\u00e7\u00f5es sobre diversos temas.\u00a0<\/span><\/p>\n<p><span style=\"font-weight: 400\">Para produzir um efeito ainda maior, os seguintes pontos s\u00e3o muito importantes: dominar a caracter\u00edstica peculiar do <\/span><i><span style=\"font-weight: 400\">Kamishibai<\/span><\/i><span style=\"font-weight: 400\"> \u2014 que \u00e9 a de se parecer com uma sequ\u00eancia de imagens de um filme \u2014; elaborar o roteiro da pe\u00e7a; assimilar a t\u00e9cnica de narra\u00e7\u00e3o.<\/span><\/p>\n<p><span style=\"font-weight: 400\">A palavra-chave na elabora\u00e7\u00e3o da pe\u00e7a \u00e9 decididamente a \u201csimplicidade\u201d.<\/span><\/p>\n<p><span style=\"font-weight: 400\">Por\u00e9m, tudo isso depende de como se avan\u00e7a com a hist\u00f3ria, sintetizando os pontos principais e mantendo um eixo claro de narrativa.\u00a0<\/span><\/p>\n<p><span style=\"font-weight: 400\">E o mais importante: \u201co desejo de compartilhar os sentimentos\u201d.\u00a0\u00a0\u00a0<\/span><\/p>\n<p>&nbsp;<\/p>\n<p>&nbsp;<\/p>\n<h3><strong>Sakiko Yokoo<\/strong><\/h3>\n<p>&nbsp;<\/p>\n<p><img decoding=\"async\" class=\"img-responsive img-fluid wp-image-13570 alignleft\" src=\"https:\/\/fjsp.org.br\/fjsp\/wp-content\/uploads\/2020\/11\/copia-de-sakiko-profile.jpg\" alt=\"\" width=\"200\" height=\"220\" srcset=\"https:\/\/fjsp.org.br\/fjsp\/wp-content\/uploads\/2020\/11\/copia-de-sakiko-profile.jpg 465w, https:\/\/fjsp.org.br\/fjsp\/wp-content\/uploads\/2020\/11\/copia-de-sakiko-profile-280x308.jpg 280w, https:\/\/fjsp.org.br\/fjsp\/wp-content\/uploads\/2020\/11\/copia-de-sakiko-profile-340x374.jpg 340w, https:\/\/fjsp.org.br\/fjsp\/wp-content\/uploads\/2020\/11\/copia-de-sakiko-profile-220x242.jpg 220w, https:\/\/fjsp.org.br\/fjsp\/wp-content\/uploads\/2020\/11\/copia-de-sakiko-profile-100x110.jpg 100w, https:\/\/fjsp.org.br\/fjsp\/wp-content\/uploads\/2020\/11\/copia-de-sakiko-profile-130x143.jpg 130w, https:\/\/fjsp.org.br\/fjsp\/wp-content\/uploads\/2020\/11\/copia-de-sakiko-profile-460x506.jpg 460w\" sizes=\"(max-width: 200px) 100vw, 200px\" \/><\/p>\n<p><span style=\"font-weight: 400\">Nascida na Prov\u00edncia de Yamagata, em 1979.\u00a0<\/span><\/p>\n<p><span style=\"font-weight: 400\">Cursou gradua\u00e7\u00e3o e p\u00f3s-gradua\u00e7\u00e3o em Dan\u00e7a na Ochanomizu University (Mestrado em Ci\u00eancias Humanas).<\/span><\/p>\n<p><span style=\"font-weight: 400\">Em 2010, fundou a \u201cteotsunagu\u201d (NPO relacionada ao Jap\u00e3o e ao M\u00e9xico).\u00a0<\/span><\/p>\n<p><span style=\"font-weight: 400\">A partir de 2011, estabeleceu uma base no M\u00e9xico e, desde ent\u00e3o, planeja e realiza projetos de interc\u00e2mbio, atuando como uma ponte entre as culturas de ambos os pa\u00edses. J\u00e1 realizou diversas apresenta\u00e7\u00f5es e orienta\u00e7\u00f5es sobre <\/span><i><span style=\"font-weight: 400\">Kamishibai<\/span><\/i><span style=\"font-weight: 400\"> e dan\u00e7a com a colabora\u00e7\u00e3o do Minist\u00e9rio da Cultura do M\u00e9xico, Funda\u00e7\u00e3o Jap\u00e3o e outras entidades.<\/span><\/p>\n<p><span style=\"font-weight: 400\">Atualmente, atua em conjunto com o Centro Cultural Keikou, na Cidade do M\u00e9xico, tendo como tema \u201ca constru\u00e7\u00e3o da paz atrav\u00e9s da cultura\u201d.<\/span><\/p>\n<p>&nbsp;<\/p>\n<hr \/>\n<h3 style=\"text-align: center\"><strong><br \/>\nVamos ver mais hist\u00f3rias ?<\/strong><\/h3>\n<p><a href=\"https:\/\/fjsp.org.br\/fjsp\/vamos_de_kamishibai_ogros_bolinha_comiloes\/\"><img decoding=\"async\" class=\"img-responsive img-fluid alignnone wp-image-13696\" src=\"https:\/\/fjsp.org.br\/fjsp\/wp-content\/uploads\/2020\/11\/botao-final-07.png\" alt=\"\" width=\"175\" height=\"120\" srcset=\"https:\/\/fjsp.org.br\/fjsp\/wp-content\/uploads\/2020\/11\/botao-final-07.png 1043w, https:\/\/fjsp.org.br\/fjsp\/wp-content\/uploads\/2020\/11\/botao-final-07-280x192.png 280w, https:\/\/fjsp.org.br\/fjsp\/wp-content\/uploads\/2020\/11\/botao-final-07-768x526.png 768w, https:\/\/fjsp.org.br\/fjsp\/wp-content\/uploads\/2020\/11\/botao-final-07-340x233.png 340w, https:\/\/fjsp.org.br\/fjsp\/wp-content\/uploads\/2020\/11\/botao-final-07-220x151.png 220w, https:\/\/fjsp.org.br\/fjsp\/wp-content\/uploads\/2020\/11\/botao-final-07-100x68.png 100w, https:\/\/fjsp.org.br\/fjsp\/wp-content\/uploads\/2020\/11\/botao-final-07-130x89.png 130w, https:\/\/fjsp.org.br\/fjsp\/wp-content\/uploads\/2020\/11\/botao-final-07-460x315.png 460w\" sizes=\"(max-width: 175px) 100vw, 175px\" \/><\/a> \u00a0<a href=\"https:\/\/fjsp.org.br\/fjsp\/vamos_de_kamishibai_cozinheiro_mal_humorado\/\"><img decoding=\"async\" class=\"img-responsive img-fluid alignnone wp-image-13697\" src=\"https:\/\/fjsp.org.br\/fjsp\/wp-content\/uploads\/2020\/11\/botao-final-08.png\" alt=\"\" width=\"175\" height=\"120\" srcset=\"https:\/\/fjsp.org.br\/fjsp\/wp-content\/uploads\/2020\/11\/botao-final-08.png 1043w, https:\/\/fjsp.org.br\/fjsp\/wp-content\/uploads\/2020\/11\/botao-final-08-280x192.png 280w, https:\/\/fjsp.org.br\/fjsp\/wp-content\/uploads\/2020\/11\/botao-final-08-768x526.png 768w, https:\/\/fjsp.org.br\/fjsp\/wp-content\/uploads\/2020\/11\/botao-final-08-340x233.png 340w, https:\/\/fjsp.org.br\/fjsp\/wp-content\/uploads\/2020\/11\/botao-final-08-220x151.png 220w, https:\/\/fjsp.org.br\/fjsp\/wp-content\/uploads\/2020\/11\/botao-final-08-100x68.png 100w, https:\/\/fjsp.org.br\/fjsp\/wp-content\/uploads\/2020\/11\/botao-final-08-130x89.png 130w, https:\/\/fjsp.org.br\/fjsp\/wp-content\/uploads\/2020\/11\/botao-final-08-460x315.png 460w\" sizes=\"(max-width: 175px) 100vw, 175px\" \/><\/a> <img loading=\"lazy\" decoding=\"async\" class=\"img-responsive img-fluid alignnone wp-image-13704\" src=\"https:\/\/fjsp.org.br\/fjsp\/wp-content\/uploads\/2020\/11\/botao-final-03.png\" alt=\"\" width=\"183\" height=\"126\" srcset=\"https:\/\/fjsp.org.br\/fjsp\/wp-content\/uploads\/2020\/11\/botao-final-03.png 1042w, https:\/\/fjsp.org.br\/fjsp\/wp-content\/uploads\/2020\/11\/botao-final-03-280x192.png 280w, https:\/\/fjsp.org.br\/fjsp\/wp-content\/uploads\/2020\/11\/botao-final-03-768x527.png 768w, https:\/\/fjsp.org.br\/fjsp\/wp-content\/uploads\/2020\/11\/botao-final-03-340x233.png 340w, https:\/\/fjsp.org.br\/fjsp\/wp-content\/uploads\/2020\/11\/botao-final-03-220x151.png 220w, https:\/\/fjsp.org.br\/fjsp\/wp-content\/uploads\/2020\/11\/botao-final-03-100x69.png 100w, https:\/\/fjsp.org.br\/fjsp\/wp-content\/uploads\/2020\/11\/botao-final-03-130x89.png 130w, https:\/\/fjsp.org.br\/fjsp\/wp-content\/uploads\/2020\/11\/botao-final-03-460x316.png 460w\" sizes=\"(max-width: 183px) 100vw, 183px\" \/> <a href=\"https:\/\/fjsp.org.br\/fjsp\/vamos_de_kamishibai_oni_no_setsubun\/\"><img loading=\"lazy\" decoding=\"async\" class=\"img-responsive img-fluid alignnone wp-image-15327\" src=\"https:\/\/fjsp.org.br\/fjsp\/wp-content\/uploads\/2021\/02\/botao-final-11.png\" alt=\"\" width=\"175\" height=\"120\" srcset=\"https:\/\/fjsp.org.br\/fjsp\/wp-content\/uploads\/2021\/02\/botao-final-11.png 1043w, https:\/\/fjsp.org.br\/fjsp\/wp-content\/uploads\/2021\/02\/botao-final-11-280x192.png 280w, https:\/\/fjsp.org.br\/fjsp\/wp-content\/uploads\/2021\/02\/botao-final-11-768x526.png 768w, https:\/\/fjsp.org.br\/fjsp\/wp-content\/uploads\/2021\/02\/botao-final-11-340x233.png 340w, https:\/\/fjsp.org.br\/fjsp\/wp-content\/uploads\/2021\/02\/botao-final-11-220x151.png 220w, https:\/\/fjsp.org.br\/fjsp\/wp-content\/uploads\/2021\/02\/botao-final-11-100x68.png 100w, https:\/\/fjsp.org.br\/fjsp\/wp-content\/uploads\/2021\/02\/botao-final-11-130x89.png 130w, https:\/\/fjsp.org.br\/fjsp\/wp-content\/uploads\/2021\/02\/botao-final-11-460x315.png 460w\" sizes=\"(max-width: 175px) 100vw, 175px\" \/><\/a><a href=\"https:\/\/fjsp.org.br\/fjsp\/vamos_de_kamishibai_omusubi_kororin\/\"><img loading=\"lazy\" decoding=\"async\" class=\"img-responsive img-fluid alignnone wp-image-15500\" src=\"https:\/\/fjsp.org.br\/fjsp\/wp-content\/uploads\/2021\/02\/botao-final-10.png\" alt=\"\" width=\"175\" height=\"120\" srcset=\"https:\/\/fjsp.org.br\/fjsp\/wp-content\/uploads\/2021\/02\/botao-final-10.png 1043w, https:\/\/fjsp.org.br\/fjsp\/wp-content\/uploads\/2021\/02\/botao-final-10-280x192.png 280w, https:\/\/fjsp.org.br\/fjsp\/wp-content\/uploads\/2021\/02\/botao-final-10-768x526.png 768w, https:\/\/fjsp.org.br\/fjsp\/wp-content\/uploads\/2021\/02\/botao-final-10-340x233.png 340w, https:\/\/fjsp.org.br\/fjsp\/wp-content\/uploads\/2021\/02\/botao-final-10-220x151.png 220w, https:\/\/fjsp.org.br\/fjsp\/wp-content\/uploads\/2021\/02\/botao-final-10-100x68.png 100w, https:\/\/fjsp.org.br\/fjsp\/wp-content\/uploads\/2021\/02\/botao-final-10-130x89.png 130w, https:\/\/fjsp.org.br\/fjsp\/wp-content\/uploads\/2021\/02\/botao-final-10-460x315.png 460w\" sizes=\"(max-width: 175px) 100vw, 175px\" \/><\/a><a href=\"https:\/\/fjsp.org.br\/fjsp\/vamos_de_kamishibai_tanabata\/\"><img loading=\"lazy\" decoding=\"async\" class=\"img-responsive img-fluid alignnone wp-image-15894\" src=\"https:\/\/fjsp.org.br\/fjsp\/wp-content\/uploads\/2021\/03\/botao-final-12.png\" alt=\"\" width=\"175\" height=\"120\" srcset=\"https:\/\/fjsp.org.br\/fjsp\/wp-content\/uploads\/2021\/03\/botao-final-12.png 1042w, https:\/\/fjsp.org.br\/fjsp\/wp-content\/uploads\/2021\/03\/botao-final-12-280x192.png 280w, https:\/\/fjsp.org.br\/fjsp\/wp-content\/uploads\/2021\/03\/botao-final-12-768x526.png 768w, https:\/\/fjsp.org.br\/fjsp\/wp-content\/uploads\/2021\/03\/botao-final-12-340x233.png 340w, https:\/\/fjsp.org.br\/fjsp\/wp-content\/uploads\/2021\/03\/botao-final-12-220x151.png 220w, https:\/\/fjsp.org.br\/fjsp\/wp-content\/uploads\/2021\/03\/botao-final-12-100x69.png 100w, https:\/\/fjsp.org.br\/fjsp\/wp-content\/uploads\/2021\/03\/botao-final-12-130x89.png 130w, https:\/\/fjsp.org.br\/fjsp\/wp-content\/uploads\/2021\/03\/botao-final-12-460x315.png 460w\" sizes=\"(max-width: 175px) 100vw, 175px\" \/><\/a><\/p>\n<p>&nbsp;<\/p>\n<h4 style=\"text-align: center\"><strong>Para assistir o webin\u00e1rio, clique na imagem abaixo.<\/strong><\/h4>\n<p><a href=\"https:\/\/fjsp.org.br\/fjsp\/agenda\/vamos_de_kamishibai_webinario\/\" target=\"_blank\" rel=\"noopener\"><img loading=\"lazy\" decoding=\"async\" class=\"img-responsive img-fluid aligncenter wp-image-15508\" src=\"https:\/\/fjsp.org.br\/fjsp\/wp-content\/uploads\/2021\/02\/botao-vamos-kamishibai-webinar.jpg\" alt=\"\" width=\"600\" height=\"153\" srcset=\"https:\/\/fjsp.org.br\/fjsp\/wp-content\/uploads\/2021\/02\/botao-vamos-kamishibai-webinar.jpg 850w, https:\/\/fjsp.org.br\/fjsp\/wp-content\/uploads\/2021\/02\/botao-vamos-kamishibai-webinar-280x71.jpg 280w, https:\/\/fjsp.org.br\/fjsp\/wp-content\/uploads\/2021\/02\/botao-vamos-kamishibai-webinar-768x196.jpg 768w, https:\/\/fjsp.org.br\/fjsp\/wp-content\/uploads\/2021\/02\/botao-vamos-kamishibai-webinar-340x87.jpg 340w, https:\/\/fjsp.org.br\/fjsp\/wp-content\/uploads\/2021\/02\/botao-vamos-kamishibai-webinar-220x56.jpg 220w, https:\/\/fjsp.org.br\/fjsp\/wp-content\/uploads\/2021\/02\/botao-vamos-kamishibai-webinar-100x26.jpg 100w, https:\/\/fjsp.org.br\/fjsp\/wp-content\/uploads\/2021\/02\/botao-vamos-kamishibai-webinar-130x33.jpg 130w, https:\/\/fjsp.org.br\/fjsp\/wp-content\/uploads\/2021\/02\/botao-vamos-kamishibai-webinar-460x117.jpg 460w\" sizes=\"(max-width: 600px) 100vw, 600px\" \/><\/a><\/p>\n<p>&nbsp;<\/p>\n<hr \/>\n<h4 style=\"text-align: center\"><a href=\"https:\/\/fjsp.org.br\/fjsp\/vamos_de_kamishibai\/\"><strong><img loading=\"lazy\" decoding=\"async\" class=\"img-responsive img-fluid alignnone wp-image-13714\" src=\"https:\/\/fjsp.org.br\/fjsp\/wp-content\/uploads\/2020\/11\/logo-final-fullhd-partes-madeira-final.png\" alt=\"\" width=\"200\" height=\"113\" srcset=\"https:\/\/fjsp.org.br\/fjsp\/wp-content\/uploads\/2020\/11\/logo-final-fullhd-partes-madeira-final.png 1920w, https:\/\/fjsp.org.br\/fjsp\/wp-content\/uploads\/2020\/11\/logo-final-fullhd-partes-madeira-final-280x158.png 280w, https:\/\/fjsp.org.br\/fjsp\/wp-content\/uploads\/2020\/11\/logo-final-fullhd-partes-madeira-final-768x432.png 768w, https:\/\/fjsp.org.br\/fjsp\/wp-content\/uploads\/2020\/11\/logo-final-fullhd-partes-madeira-final-1536x864.png 1536w, https:\/\/fjsp.org.br\/fjsp\/wp-content\/uploads\/2020\/11\/logo-final-fullhd-partes-madeira-final-340x191.png 340w, https:\/\/fjsp.org.br\/fjsp\/wp-content\/uploads\/2020\/11\/logo-final-fullhd-partes-madeira-final-220x124.png 220w, https:\/\/fjsp.org.br\/fjsp\/wp-content\/uploads\/2020\/11\/logo-final-fullhd-partes-madeira-final-100x56.png 100w, https:\/\/fjsp.org.br\/fjsp\/wp-content\/uploads\/2020\/11\/logo-final-fullhd-partes-madeira-final-130x73.png 130w, https:\/\/fjsp.org.br\/fjsp\/wp-content\/uploads\/2020\/11\/logo-final-fullhd-partes-madeira-final-460x259.png 460w\" sizes=\"(max-width: 200px) 100vw, 200px\" \/><br \/>\nP\u00e1gina inicial<\/strong><\/a><\/h4>\n<p>&nbsp;<\/p>\n<script type=\"text\/javascript\"> toolTips('.classtoolTips76','A palavra <em><span class='tooltipsall tooltipsincontent classtoolTips76'>kami<\/span><\/em> significa \u201cm\u00edstico\u201d, \u201csuperior\u201d, \u201cdivino\u201d, estando normalmente ligada ao poder sagrado ou divino.'); <\/script>","protected":false},"excerpt":{"rendered":"<p>Vamos de Kamishibai! &gt; Yoisho yoisho &nbsp; Ideias e coment\u00e1rios sobre o uso do Kamishibai para a apresenta\u00e7\u00e3o da cultura japonesa e para a aplica\u00e7\u00e3o no ensino de l\u00edngua japonesa &nbsp; Certo dia, ap\u00f3s uma apresenta\u00e7\u00e3o, um pai veio conversar comigo. \u2014 Minha filha vai fazer 8 anos, mas at\u00e9 agora n\u00e3o tinha interesse em [&hellip;]<\/p>\n","protected":false},"author":34,"featured_media":0,"parent":0,"menu_order":0,"comment_status":"closed","ping_status":"closed","template":"","meta":{"_acf_changed":false,"footnotes":""},"class_list":["post-13561","page","type-page","status-publish","hentry"],"acf":[],"_links":{"self":[{"href":"https:\/\/fjsp.org.br\/fjsp\/wp-json\/wp\/v2\/pages\/13561","targetHints":{"allow":["GET"]}}],"collection":[{"href":"https:\/\/fjsp.org.br\/fjsp\/wp-json\/wp\/v2\/pages"}],"about":[{"href":"https:\/\/fjsp.org.br\/fjsp\/wp-json\/wp\/v2\/types\/page"}],"author":[{"embeddable":true,"href":"https:\/\/fjsp.org.br\/fjsp\/wp-json\/wp\/v2\/users\/34"}],"replies":[{"embeddable":true,"href":"https:\/\/fjsp.org.br\/fjsp\/wp-json\/wp\/v2\/comments?post=13561"}],"version-history":[{"count":3,"href":"https:\/\/fjsp.org.br\/fjsp\/wp-json\/wp\/v2\/pages\/13561\/revisions"}],"predecessor-version":[{"id":16028,"href":"https:\/\/fjsp.org.br\/fjsp\/wp-json\/wp\/v2\/pages\/13561\/revisions\/16028"}],"wp:attachment":[{"href":"https:\/\/fjsp.org.br\/fjsp\/wp-json\/wp\/v2\/media?parent=13561"}],"curies":[{"name":"wp","href":"https:\/\/api.w.org\/{rel}","templated":true}]}}