{"id":13605,"date":"2020-11-25T08:30:38","date_gmt":"2020-11-25T11:30:38","guid":{"rendered":"https:\/\/fjsp.org.br\/fjsp\/?page_id=13605"},"modified":"2020-11-24T14:35:18","modified_gmt":"2020-11-24T17:35:18","slug":"traducaoemfoco_jaqueline_nabeta","status":"publish","type":"page","link":"https:\/\/fjsp.org.br\/fjsp\/traducaoemfoco_jaqueline_nabeta\/","title":{"rendered":"Jaqueline Mami Nabeta &#8211; 50 anos sem Yukio Mishima"},"content":{"rendered":"<h5 style=\"text-align: right\"><a href=\"https:\/\/fjsp.org.br\/fjsp\/traducaoemfoco\/\">Tradu\u00e7\u00e3o em Foco<\/a> &gt; Jaqueline Mami Nabeta<\/h5>\n<p><img fetchpriority=\"high\" decoding=\"async\" class=\"img-responsive img-fluid alignnone size-full wp-image-13607\" src=\"https:\/\/fjsp.org.br\/fjsp\/wp-content\/uploads\/2020\/11\/banner-site-01.jpg\" alt=\"\" width=\"2501\" height=\"447\" srcset=\"https:\/\/fjsp.org.br\/fjsp\/wp-content\/uploads\/2020\/11\/banner-site-01.jpg 2501w, https:\/\/fjsp.org.br\/fjsp\/wp-content\/uploads\/2020\/11\/banner-site-01-280x50.jpg 280w, https:\/\/fjsp.org.br\/fjsp\/wp-content\/uploads\/2020\/11\/banner-site-01-768x137.jpg 768w, https:\/\/fjsp.org.br\/fjsp\/wp-content\/uploads\/2020\/11\/banner-site-01-1536x275.jpg 1536w, https:\/\/fjsp.org.br\/fjsp\/wp-content\/uploads\/2020\/11\/banner-site-01-2048x366.jpg 2048w, https:\/\/fjsp.org.br\/fjsp\/wp-content\/uploads\/2020\/11\/banner-site-01-340x61.jpg 340w, https:\/\/fjsp.org.br\/fjsp\/wp-content\/uploads\/2020\/11\/banner-site-01-220x39.jpg 220w, https:\/\/fjsp.org.br\/fjsp\/wp-content\/uploads\/2020\/11\/banner-site-01-100x18.jpg 100w, https:\/\/fjsp.org.br\/fjsp\/wp-content\/uploads\/2020\/11\/banner-site-01-130x23.jpg 130w, https:\/\/fjsp.org.br\/fjsp\/wp-content\/uploads\/2020\/11\/banner-site-01-460x82.jpg 460w\" sizes=\"(max-width: 2501px) 100vw, 2501px\" \/><\/p>\n<p>&nbsp;<\/p>\n<h3><strong>50 anos sem Yukio Mishima<\/strong><\/h3>\n<p>Dia 26 de novembro de 1970. Como era costume em casa, o r\u00e1dio estava ligado para o notici\u00e1rio matutino. De repente, o locutor anuncia com dramaticidade: \u201cmorreu ontem o escritor japon\u00eas Yukio Mishima, cometendo suic\u00eddio por <em>harakiri.<\/em><\/p>\n<p>Eu tinha 7 anos de idade, mas me lembro como se fosse hoje. Perplexa, fiquei est\u00e1tica diante do aparelho por alguns bons segundos. N\u00e3o sabia quem era Yukio Mishima, provavelmente como tantos outros brasileiros, mas sabia o que era <em>harakiri<\/em>. Qual seria a raz\u00e3o que levaria algu\u00e9m a rasgar o pr\u00f3prio ventre com uma adaga ao estilo dos samurais \u2013 era a pergunta cuja resposta n\u00e3o obtive na \u00e9poca.<\/p>\n<p>&nbsp;<\/p>\n<div id=\"attachment_13817\" style=\"width: 310px\" class=\"wp-caption aligncenter\"><img decoding=\"async\" aria-describedby=\"caption-attachment-13817\" class=\"img-responsive img-fluid wp-image-13817\" src=\"https:\/\/fjsp.org.br\/fjsp\/wp-content\/uploads\/2020\/11\/imagem-1-mishima-yukio-1970.jpg\" alt=\"\" width=\"300\" height=\"415\" srcset=\"https:\/\/fjsp.org.br\/fjsp\/wp-content\/uploads\/2020\/11\/imagem-1-mishima-yukio-1970.jpg 1200w, https:\/\/fjsp.org.br\/fjsp\/wp-content\/uploads\/2020\/11\/imagem-1-mishima-yukio-1970-280x387.jpg 280w, https:\/\/fjsp.org.br\/fjsp\/wp-content\/uploads\/2020\/11\/imagem-1-mishima-yukio-1970-768x1060.jpg 768w, https:\/\/fjsp.org.br\/fjsp\/wp-content\/uploads\/2020\/11\/imagem-1-mishima-yukio-1970-1112x1536.jpg 1112w, https:\/\/fjsp.org.br\/fjsp\/wp-content\/uploads\/2020\/11\/imagem-1-mishima-yukio-1970-340x469.jpg 340w, https:\/\/fjsp.org.br\/fjsp\/wp-content\/uploads\/2020\/11\/imagem-1-mishima-yukio-1970-220x304.jpg 220w, https:\/\/fjsp.org.br\/fjsp\/wp-content\/uploads\/2020\/11\/imagem-1-mishima-yukio-1970-100x138.jpg 100w, https:\/\/fjsp.org.br\/fjsp\/wp-content\/uploads\/2020\/11\/imagem-1-mishima-yukio-1970-130x180.jpg 130w, https:\/\/fjsp.org.br\/fjsp\/wp-content\/uploads\/2020\/11\/imagem-1-mishima-yukio-1970-460x635.jpg 460w\" sizes=\"(max-width: 300px) 100vw, 300px\" \/><p id=\"caption-attachment-13817\" class=\"wp-caption-text\">Imagem 1 &#8211; Discurso em T\u00f3quio, antes de cometer suic\u00eddio (25 nov.1970)<\/p><\/div>\n<p>&nbsp;<\/p>\n<h3><strong>O escritor e suas obras<\/strong><\/h3>\n<p>E o tempo passou. E fiquei sabendo que Yukio Mishima era na realidade Kimitake Hiraoka. O pseud\u00f4nimo foi escolhido ainda na adolesc\u00eancia, quando escreveu sua primeira obra. Nasceu em 14 de janeiro de 1925 em T\u00f3quio. Passou sua inf\u00e2ncia e juventude, portanto, no per\u00edodo de entreguerras. Filho de um funcion\u00e1rio de um minist\u00e9rio e de m\u00e3e cuja fam\u00edlia era de pedagogos. Mas logo que nasceu foi criado por sua av\u00f3 paterna, cujos ascendentes eram oriundos de uma boa fam\u00edlia de samurais. A sa\u00fade fr\u00e1gil e estado depressivo dessa av\u00f3 obrigavam-no a ficar recluso no mesmo quarto. Por outro lado, foi por meio desse conv\u00edvio que teve contato com o Jap\u00e3o cl\u00e1ssico, como o teatro <em>n\u00f4<\/em> e<em> kabuki<\/em>.<\/p>\n<p>Estudou direito na Universidade de T\u00f3quio e trabalhou por apenas nove meses no Minist\u00e9rio da Fazenda, resignando a seu cargo de funcion\u00e1rio p\u00fablico para se dedicar integralmente \u00e0 literatura. Foi quando terminou de escrever seu primeiro romance de sucesso, <em>Confiss\u00f5es de uma m\u00e1scara<\/em> (1949).<\/p>\n<p>Desde ent\u00e3o, ap\u00f3s se revelar como um jovem escritor de talento, Yukio Mishima n\u00e3o parou mais, deixando fecundo trabalho: \u201cromances, contos, pe\u00e7as teatrais, cr\u00edticas, ensaios liter\u00e1rios, filos\u00f3ficos, culturais e pol\u00edticos. As obras completas de Yukio Mishima, pela Editora Shinch\u00f4sha, perfazem trinta e oito volumes espessos.\u201d (KUSANO, 2006, p. 3)<\/p>\n<p>Al\u00e9m de\u00a0 <em>Confiss\u00f5es de uma m\u00e1scara<\/em> (1949), seus romances mais representativos s\u00e3o <em>Cores proibidas<\/em> (1951), <em>Mar inquieto<\/em> (1954), <em>Templo do<\/em> <em>pavilh\u00e3o dourado <\/em>(1956) e a tetralogia <em>Mar da fertilidade<\/em> (1966 \u2013 1970).<\/p>\n<p>Foi indicado tr\u00eas vezes ao Pr\u00eamio Nobel de Literatura, mas quem o levou em 1968 foi Yasunari Kawabata \u2013 mestre e amigo mais velho que reconhecia em Mishima uma genialidade \u00edmpar.<\/p>\n<p>&nbsp;<\/p>\n<p>&nbsp;<\/p>\n<hr \/>\n<p>&nbsp;<\/p>\n<p><img decoding=\"async\" class=\"img-responsive img-fluid size-full wp-image-13610 alignleft\" src=\"https:\/\/fjsp.org.br\/fjsp\/wp-content\/uploads\/2020\/11\/jaqueline-mami-nabeta.png\" alt=\"\" width=\"186\" height=\"222\" srcset=\"https:\/\/fjsp.org.br\/fjsp\/wp-content\/uploads\/2020\/11\/jaqueline-mami-nabeta.png 186w, https:\/\/fjsp.org.br\/fjsp\/wp-content\/uploads\/2020\/11\/jaqueline-mami-nabeta-100x119.png 100w, https:\/\/fjsp.org.br\/fjsp\/wp-content\/uploads\/2020\/11\/jaqueline-mami-nabeta-130x155.png 130w\" sizes=\"(max-width: 186px) 100vw, 186px\" \/><\/p>\n<p><span style=\"color: #940a0a\"><strong>\u00c9 paulistana, neta de japoneses. Diferentemente de muitos descendentes de sua gera\u00e7\u00e3o n\u00e3o estudou japon\u00eas desde a inf\u00e2ncia nas <em>nihongo gakko<\/em> (escolas de japon\u00eas). Foi estudar o idioma pela primeira vez aos 19 anos de idade em T\u00f3quio, inicialmente no Sendagaya Japanese Language Institute e depois na Sophia University (Jochi Daigaku). Bacharel em Letras Hebraico \u2013 Portugu\u00eas pela Universidade de S\u00e3o Paulo (USP). Participou do <em>Graduate Program on Japanese Language and Culture (Master\u2019s Course)<\/em> da Japan Foundation. Seu primeiro emprego foi trabalhar como assistente de um tradutor juramentado (japon\u00eas\/ingl\u00eas). Leciona japon\u00eas h\u00e1 30 anos. Trabalhou na Alian\u00e7a Cultural Brasil-Jap\u00e3o de 1990 a 2017, sendo que de janeiro de 2008 a mar\u00e7o de 2017 foi coordenadora de cursos. Hoje tem seu curso pr\u00f3prio, o J.MARU Idiomas, e \u00e9 a representante no Brasil do J.TEST \u2013 Test of Practical Japanese.<\/strong><\/span><\/p>\n<p>&nbsp;<\/p>\n<hr \/>\n<p>&nbsp;<\/p>\n<h4 style=\"text-align: center\"><strong>\u00a0<a href=\"https:\/\/fjsp.org.br\/fjsp\/traducaoemfoco_jaqueline_nabeta_mishima_brasil\/\">2. Mishima no Brasil &gt;&gt;<\/a><\/strong><\/h4>\n<p style=\"text-align: center\"><strong>[ 1 ]<\/strong> \u30fb\u00a0 <a href=\"https:\/\/fjsp.org.br\/fjsp\/traducaoemfoco_jaqueline_nabeta_mishima_brasil\/\">2<\/a>\u00a0 \u30fb <a href=\"https:\/\/fjsp.org.br\/fjsp\/traducaoemfoco_jaqueline_nabeta_trabalho_do_tradutor\/\">3<\/a> \u30fb <a href=\"https:\/\/fjsp.org.br\/fjsp\/traducaoemfoco_jaqueline_nabeta_entrelinhas_da_traducao\/\">4<\/a>\u30fb <a href=\"https:\/\/fjsp.org.br\/fjsp\/traducaoemfoco_jaqueline_nabeta_palavras_finais\/\">5<\/a><\/p>\n<h6 style=\"text-align: left\"><span style=\"color: #000000\">*Os usos de imagens e conte\u00fados desta p\u00e1gina s\u00e3o exclusivamente para fins educacionais e de divulga\u00e7\u00e3o de cultura japonesa, sem fins comerciais.<\/span><\/h6>\n","protected":false},"excerpt":{"rendered":"<p>Tradu\u00e7\u00e3o em Foco &gt; Jaqueline Mami Nabeta &nbsp; 50 anos sem Yukio Mishima Dia 26 de novembro de 1970. Como era costume em casa, o r\u00e1dio estava ligado para o notici\u00e1rio matutino. De repente, o locutor anuncia com dramaticidade: \u201cmorreu ontem o escritor japon\u00eas Yukio Mishima, cometendo suic\u00eddio por harakiri. Eu tinha 7 anos de [&hellip;]<\/p>\n","protected":false},"author":34,"featured_media":0,"parent":0,"menu_order":0,"comment_status":"closed","ping_status":"closed","template":"","meta":{"_acf_changed":false,"footnotes":""},"class_list":["post-13605","page","type-page","status-publish","hentry"],"acf":[],"_links":{"self":[{"href":"https:\/\/fjsp.org.br\/fjsp\/wp-json\/wp\/v2\/pages\/13605","targetHints":{"allow":["GET"]}}],"collection":[{"href":"https:\/\/fjsp.org.br\/fjsp\/wp-json\/wp\/v2\/pages"}],"about":[{"href":"https:\/\/fjsp.org.br\/fjsp\/wp-json\/wp\/v2\/types\/page"}],"author":[{"embeddable":true,"href":"https:\/\/fjsp.org.br\/fjsp\/wp-json\/wp\/v2\/users\/34"}],"replies":[{"embeddable":true,"href":"https:\/\/fjsp.org.br\/fjsp\/wp-json\/wp\/v2\/comments?post=13605"}],"version-history":[{"count":3,"href":"https:\/\/fjsp.org.br\/fjsp\/wp-json\/wp\/v2\/pages\/13605\/revisions"}],"predecessor-version":[{"id":13847,"href":"https:\/\/fjsp.org.br\/fjsp\/wp-json\/wp\/v2\/pages\/13605\/revisions\/13847"}],"wp:attachment":[{"href":"https:\/\/fjsp.org.br\/fjsp\/wp-json\/wp\/v2\/media?parent=13605"}],"curies":[{"name":"wp","href":"https:\/\/api.w.org\/{rel}","templated":true}]}}